{"id":14291,"date":"2017-07-19T08:36:32","date_gmt":"2017-07-19T07:36:32","guid":{"rendered":"https:\/\/perfectvenue.eu\/?page_id=14291"},"modified":"2020-05-20T09:54:37","modified_gmt":"2020-05-20T08:54:37","slug":"submissions","status":"publish","type":"page","link":"https:\/\/perfectvenue.eu\/es\/submissions\/","title":{"rendered":"SUBMISSIONS"},"content":{"rendered":"<p><\/p>\n<p style=\"text-align: justify;\"><span style=\"font-weight: 400;\">En Perfect Venue proporcionamos espacios exclusivos para bodas y eventos a nuestros clientes extranjeros (Europa, Rusia y USA), pero no s\u00f3lo somos un buscador de espacios, sino que nuestro objetivo es ser un portal referente de inspiraci\u00f3n para todos aquellos novios que busquen la excelencia en su gran d\u00eda. Por eso, en nuestra web podr\u00e9is ver los mejores editoriales, bodas y sesiones de fotos en las que cada detalle est\u00e1 cuidado al m\u00e1ximo.<\/span><\/p>\n<h2 style=\"text-align: justify;\">Env\u00edanos tu trabajo y lo daremos a conocer<\/h2>\n<p style=\"text-align: justify;\">\u00bfEres wedding planner, fot\u00f3grafo, vide\u00f3grafo o profesional del sector? Nos encantar\u00e1 ver tu trabajo y darlo a conocer. Si sois novios y quer\u00e9is que vuestra preciosa boda sea publicada, no dud\u00e9is en mandarnos el material.<\/p>\n<p style=\"text-align: justify;\">Escr\u00edbenos a <a href=\"mailto:info@perfectvenue.eu\">info@perfectvenue.eu<\/a>. \u00a1Te esperamos!<\/p>\n<h3 style=\"text-align: justify;\">Condiciones para la publicaci\u00f3n:<\/h3>\n<ul style=\"text-align: justify;\">\n<li>Los trabajos y bodas que nos envi\u00e9is deben haberse celebrado en uno de los espacios publicados en Perfect Venue.<\/li>\n<li>En el email que nos envi\u00e9is deber\u00e1 ir detallada la descripci\u00f3n del trabajo o boda y las razones de la elecci\u00f3n del espacio, as\u00ed como la informaci\u00f3n de todos los proveedores implicados (nombre, web y RRSS).<\/li>\n<li>Las fotograf\u00edas deber\u00e1n tener el consentimiento de las personas que aparecen en la imagen (novios, invitados, menores&#8230;) y de las que han trabajado en ellas (fot\u00f3grafo, estilista&#8230;). En el correo deb\u00e9is indicarnos todos los proveedores (nombre, p\u00e1gina web y link a Instagram).<\/li>\n<li>Especificaciones de las fotograf\u00edas:\n<ul>\n<li>N\u00famero: 25-100 fotos<\/li>\n<li>Tama\u00f1o: 750 p\u00edxeles<\/li>\n<li>Trasferencia v\u00eda Dropbox<\/li>\n<\/ul>\n<\/li>\n<\/ul>\n<p style=\"text-align: justify;\">\n<p><\/p>","protected":false},"excerpt":{"rendered":"<p>En Perfect Venue proporcionamos espacios exclusivos para bodas y eventos a nuestros clientes extranjeros (Europa, Rusia y USA), pero no s\u00f3lo somos un buscador de espacios, sino que nuestro objetivo es ser un portal referente de inspiraci\u00f3n para todos aquellos novios que busquen la excelencia en su gran d\u00eda. Por eso, en nuestra web podr\u00e9is [&hellip;]<\/p>\n","protected":false},"author":1,"featured_media":0,"parent":0,"menu_order":0,"comment_status":"closed","ping_status":"closed","template":"","meta":{"_mo_disable_npp":"","footnotes":""},"class_list":["post-14291","page","type-page","status-publish","hentry"],"_links":{"self":[{"href":"https:\/\/perfectvenue.eu\/es\/wp-json\/wp\/v2\/pages\/14291","targetHints":{"allow":["GET"]}}],"collection":[{"href":"https:\/\/perfectvenue.eu\/es\/wp-json\/wp\/v2\/pages"}],"about":[{"href":"https:\/\/perfectvenue.eu\/es\/wp-json\/wp\/v2\/types\/page"}],"author":[{"embeddable":true,"href":"https:\/\/perfectvenue.eu\/es\/wp-json\/wp\/v2\/users\/1"}],"replies":[{"embeddable":true,"href":"https:\/\/perfectvenue.eu\/es\/wp-json\/wp\/v2\/comments?post=14291"}],"version-history":[{"count":0,"href":"https:\/\/perfectvenue.eu\/es\/wp-json\/wp\/v2\/pages\/14291\/revisions"}],"wp:attachment":[{"href":"https:\/\/perfectvenue.eu\/es\/wp-json\/wp\/v2\/media?parent=14291"}],"curies":[{"name":"wp","href":"https:\/\/api.w.org\/{rel}","templated":true}]}}