{"id":33367,"date":"2026-02-23T12:15:03","date_gmt":"2026-02-23T11:15:03","guid":{"rendered":"https:\/\/perfectvenue.eu\/?post_type=product&#038;p=33367"},"modified":"2026-02-23T10:26:22","modified_gmt":"2026-02-23T09:26:22","slug":"french-alps-winter-proposal","status":"publish","type":"product","link":"https:\/\/perfectvenue.eu\/es\/product\/pedida-de-mano-invernal-en-los-alpes-franceses-amor-y-tranquilidad-en-la-nieve\/","title":{"rendered":"Pedida de mano invernal en los Alpes franceses: amor y tranquilidad en la nieve"},"content":{"rendered":"<p><\/p>\n<p style=\"text-align: justify;\">Si bien el verano tiene su atractivo, hay algo verdaderamente m\u00e1gico en una pedida de mano invernal \u00a0en los Alpes franceses. Si usted y su pareja son entusiastas de la nieve y disfrutan de la belleza de las laderas nevadas y los paisajes impresionantes, \u00bfpor qu\u00e9 no embarcarse en una escapada de ensue\u00f1o a los Alpes franceses?<\/p>\n<p style=\"text-align: justify;\">Imag\u00ednese una propuesta con el tel\u00f3n de fondo de la grandeza alpina, en medio de emocionantes descensos por las pistas. Imag\u00ednese arrodillado en la nieve, respirando el aire fresco del invierno y declarando su amor. O, despu\u00e9s de un emocionante d\u00eda de esqu\u00ed, imagine un momento de acogedor romance en su chalet privado, acurrucado junto al fuego, bebiendo vino caliente y viendo bailar los copos de nieve afuera.<\/p>\n<p style=\"text-align: justify;\">Este es el tipo de pedida de mano invernal en los Alpes franceses: amor en la nieve que complementa perfectamente la grandeza de los Alpes franceses, una experiencia que quedar\u00e1 grabada en vuestros corazones para siempre. En nuestra empresa, nos especializamos en crear momentos de belleza natural y romance sereno, tejiendo su historia de amor en el tapiz nevado de los Alpes.<\/p>\n<p style=\"text-align: justify;\">Perm\u00edtanos ser sus gu\u00edas hacia una propuesta alpina inolvidable. Cont\u00e1ctenos hoy y creemos un para\u00edso invernal donde convergen el amor, la nieve y las monta\u00f1as. Tu propuesta de los Alpes franceses te est\u00e1 esperando, donde la pasi\u00f3n por la nieve se convierte en pasi\u00f3n por el amor.<\/p>\n<p><\/p>","protected":false},"excerpt":{"rendered":"<p style=\"text-align: justify;\">Tu propuesta de los Alpes franceses te est\u00e1 esperando, donde la pasi\u00f3n por la nieve se convierte en pasi\u00f3n por el amor. <strong>Precio a consultar. Reservar con antelaci\u00f3n.<\/strong><\/p>\n","protected":false},"featured_media":41115,"comment_status":"open","ping_status":"closed","template":"","meta":{"_mo_disable_npp":""},"product_brand":[],"product_cat":[3003],"product_tag":[3290,3288,3289,3394],"class_list":{"0":"post-33367","1":"product","2":"type-product","3":"status-publish","4":"has-post-thumbnail","6":"product_cat-marriage-proposal-packages-in-europe","7":"product_tag-pedida-de-mano-invernal","8":"product_tag-pedida-de-mano-invernal-en-los-alpes-franceses","9":"product_tag-pedida-de-mano-invernal-en-los-alpes-franceses-amor-en-la-nieve","10":"product_tag-proposal-french-alps","12":"first","13":"instock","14":"taxable","15":"shipping-taxable","16":"product-type-simple"},"_links":{"self":[{"href":"https:\/\/perfectvenue.eu\/es\/wp-json\/wp\/v2\/product\/33367","targetHints":{"allow":["GET"]}}],"collection":[{"href":"https:\/\/perfectvenue.eu\/es\/wp-json\/wp\/v2\/product"}],"about":[{"href":"https:\/\/perfectvenue.eu\/es\/wp-json\/wp\/v2\/types\/product"}],"replies":[{"embeddable":true,"href":"https:\/\/perfectvenue.eu\/es\/wp-json\/wp\/v2\/comments?post=33367"}],"wp:featuredmedia":[{"embeddable":true,"href":"https:\/\/perfectvenue.eu\/es\/wp-json\/wp\/v2\/media\/41115"}],"wp:attachment":[{"href":"https:\/\/perfectvenue.eu\/es\/wp-json\/wp\/v2\/media?parent=33367"}],"wp:term":[{"taxonomy":"product_brand","embeddable":true,"href":"https:\/\/perfectvenue.eu\/es\/wp-json\/wp\/v2\/product_brand?post=33367"},{"taxonomy":"product_cat","embeddable":true,"href":"https:\/\/perfectvenue.eu\/es\/wp-json\/wp\/v2\/product_cat?post=33367"},{"taxonomy":"product_tag","embeddable":true,"href":"https:\/\/perfectvenue.eu\/es\/wp-json\/wp\/v2\/product_tag?post=33367"}],"curies":[{"name":"wp","href":"https:\/\/api.w.org\/{rel}","templated":true}]}}