{"id":35592,"date":"2024-11-15T14:59:03","date_gmt":"2024-11-15T13:59:03","guid":{"rendered":"https:\/\/perfectvenue.eu\/?post_type=product&#038;p=35592"},"modified":"2025-07-02T14:58:55","modified_gmt":"2025-07-02T13:58:55","slug":"proposal-in-a-vineyard-in-france","status":"publish","type":"product","link":"https:\/\/perfectvenue.eu\/es\/product\/proposal-in-a-vineyard-in-france\/","title":{"rendered":"Pedida de mano en un vi\u00f1edo en Francia"},"content":{"rendered":"<p><\/p>\n<p style=\"text-align: justify;\"><span style=\"font-weight: 400;\">El escenario perfecto para una pedida de mano inolvidable es un encantador vi\u00f1edo en Francia. Este lugar id\u00edlico ofrece un ambiente rom\u00e1ntico y exclusivo, ideal para un momento tan especial como el compromiso. Con un hermoso ramo de flores a tu disposici\u00f3n, podr\u00e1s sorprender a tu pareja con un gesto lleno de amor y dedicaci\u00f3n durante vuestra pedida de mano en un vi\u00f1edo en Francia de ensue\u00f1o.<\/span><\/p>\n<p style=\"text-align: justify;\"><span style=\"font-weight: 400;\">Al llegar a los vi\u00f1edos, ser\u00e9is recibidos por un camino de p\u00e9talos de rosa que os llevar\u00e1 hacia una encantadora decoraci\u00f3n que incluye letras en el suelo que dicen: \u00abWill you marry me?\u00bb. Este detalle cuidadosamente preparado aportar\u00e1 un toque de magia y sofisticaci\u00f3n al momento, creando una atm\u00f3sfera rom\u00e1ntica que permanecer\u00e1 en vuestros corazones para siempre.<\/span><\/p>\n<p style=\"text-align: justify;\"><span style=\"font-weight: 400;\">Un fot\u00f3grafo profesional estar\u00e1 a cargo de inmortalizar cada instante de vuestra pedida de mano en un vi\u00f1edo en Francia, capturando la sorpresa y la alegr\u00eda en el rostro de tu pareja. Desde el primer vistazo a la decoraci\u00f3n hasta el emocionante momento en que escuche el tan esperado \u00abs\u00ed\u00bb, cada emoci\u00f3n quedar\u00e1 plasmada en im\u00e1genes bellas que contar\u00e9is con cari\u00f1o en los a\u00f1os venideros. \u00a1Como el buen vino, el amor con los a\u00f1os mejora!<\/span><\/p>\n<p style=\"text-align: justify;\"><span style=\"font-weight: 400;\">Nos encargamos de toda la organizaci\u00f3n y planificaci\u00f3n para que puedas concentrarte en disfrutar este instante \u00fanico junto a tu pareja. Haz de tu pedida de mano un recuerdo inolvidable en uno de los lugares m\u00e1s rom\u00e1nticos y pintorescos de Francia, un vi\u00f1edo que har\u00e1 que este momento sea verdaderamente excepcional.<\/span><\/p>\n<h3 style=\"text-align: justify;\"><span style=\"font-weight: 400;\">Lo que incluye tu pedida de mano en un vi\u00f1edo en Francia:<\/span><\/h3>\n<ul>\n<li><b><span style=\"font-weight: 400;\">Fot\u00f3grafo<\/span><\/b><\/li>\n<li><span style=\"font-weight: 400;\">Ramo de flores<\/span><\/li>\n<li><span style=\"font-weight: 400;\">P\u00e9talos de rosa y letras Will You Marry Me<\/span><\/li>\n<li><b><span style=\"font-weight: 400;\">Organizaci\u00f3n y planificaci\u00f3n de la pedida de mano<\/span><\/b><\/li>\n<\/ul>\n<p style=\"text-align: justify;\"><b>Precio: a consultar<\/b><\/p>\n<h3 style=\"text-align: justify;\"><span style=\"font-weight: 400;\">Se puede a\u00f1adir:<\/span><\/h3>\n<ul style=\"text-align: justify;\">\n<li style=\"font-weight: 400;\" aria-level=\"1\"><span style=\"font-weight: 400;\">V\u00eddeo (consultar precio)<\/span><\/li>\n<li style=\"font-weight: 400;\" aria-level=\"1\"><span style=\"font-weight: 400;\">M\u00fasica en directo (consultar precio)<\/span><\/li>\n<li style=\"font-weight: 400;\" aria-level=\"1\"><span style=\"font-weight: 400;\">Transporte (consultar precio)<\/span><\/li>\n<li style=\"font-weight: 400;\" aria-level=\"1\"><span style=\"font-weight: 400;\">\u00a1Configuralo como t\u00fa quieras!<\/span><\/li>\n<\/ul>\n<h3 style=\"text-align: justify;\"><span style=\"font-weight: 400;\">Facilidad de pago<\/span><\/h3>\n<p style=\"text-align: justify;\"><span style=\"font-weight: 400;\">\u00a1S\u00ed! Y es que no es necesario pagar \u00edntegramente el importe de la pedida de mano en un vi\u00f1edo en Francia. Simplemente es necesario reservar con un adelanto y el resto darla en el d\u00eda del evento.<\/span><\/p>\n<p style=\"text-align: justify;\"><span style=\"font-weight: 400;\">\u00a1Comodidad para ti!<\/span><\/p>\n<p style=\"text-align: justify;\"><span style=\"font-weight: 400;\">*Las tarifas no son reembolsables si el evento se cancela por cualquier motivo.<\/span><\/p>\n<p><\/p>","protected":false},"excerpt":{"rendered":"<p style=\"text-align: justify;\"><span style=\"font-weight: 400;\">Un encantador vi\u00f1edo en Francia es el escenario perfecto para una pedida de mano inolvidable, con p\u00e9talos de rosa, decoraci\u00f3n y un fot\u00f3grafo profesional. <\/span><b>Precio a consultar. Es necesario formalizar la reserva con un adelanto.<\/b><\/p>\n","protected":false},"featured_media":36129,"comment_status":"open","ping_status":"closed","template":"","meta":{"_mo_disable_npp":""},"product_brand":[],"product_cat":[3003],"product_tag":[3287,3285,3286],"class_list":{"0":"post-35592","1":"product","2":"type-product","3":"status-publish","4":"has-post-thumbnail","6":"product_cat-marriage-proposal-packages-in-europe","7":"product_tag-pedida-de-mano-elegante-en-un-vinedo-en-francia","8":"product_tag-pedida-de-mano-en-un-vinedo-en-francia","9":"product_tag-pedida-de-mano-en-un-vinedo-en-francia-2026","11":"first","12":"instock","13":"taxable","14":"shipping-taxable","15":"product-type-simple"},"_links":{"self":[{"href":"https:\/\/perfectvenue.eu\/es\/wp-json\/wp\/v2\/product\/35592","targetHints":{"allow":["GET"]}}],"collection":[{"href":"https:\/\/perfectvenue.eu\/es\/wp-json\/wp\/v2\/product"}],"about":[{"href":"https:\/\/perfectvenue.eu\/es\/wp-json\/wp\/v2\/types\/product"}],"replies":[{"embeddable":true,"href":"https:\/\/perfectvenue.eu\/es\/wp-json\/wp\/v2\/comments?post=35592"}],"wp:featuredmedia":[{"embeddable":true,"href":"https:\/\/perfectvenue.eu\/es\/wp-json\/wp\/v2\/media\/36129"}],"wp:attachment":[{"href":"https:\/\/perfectvenue.eu\/es\/wp-json\/wp\/v2\/media?parent=35592"}],"wp:term":[{"taxonomy":"product_brand","embeddable":true,"href":"https:\/\/perfectvenue.eu\/es\/wp-json\/wp\/v2\/product_brand?post=35592"},{"taxonomy":"product_cat","embeddable":true,"href":"https:\/\/perfectvenue.eu\/es\/wp-json\/wp\/v2\/product_cat?post=35592"},{"taxonomy":"product_tag","embeddable":true,"href":"https:\/\/perfectvenue.eu\/es\/wp-json\/wp\/v2\/product_tag?post=35592"}],"curies":[{"name":"wp","href":"https:\/\/api.w.org\/{rel}","templated":true}]}}