{"id":35593,"date":"2026-02-17T14:40:43","date_gmt":"2026-02-17T13:40:43","guid":{"rendered":"https:\/\/perfectvenue.eu\/?post_type=product&#038;p=35593"},"modified":"2026-03-30T04:24:40","modified_gmt":"2026-03-30T03:24:40","slug":"elopement-in-a-vineyard-in-france","status":"publish","type":"product","link":"https:\/\/perfectvenue.eu\/es\/product\/paquete-de-boda-elopement-en-unos-vinedos-en-francia\/","title":{"rendered":"Paquete de boda elopement en unos vi\u00f1edos en Francia"},"content":{"rendered":"<p><\/p>\n<p style=\"text-align: justify;\"><span style=\"font-weight: 400;\">Este paquete de boda elopement en unos vi\u00f1edos en Francia te invita a celebrar una ceremonia \u00edntima rodeada de la belleza y el encanto del campo franc\u00e9s. Los vi\u00f1edos, con sus paisajes id\u00edlicos, ofrecen un ambiente rom\u00e1ntico y exclusivo, convirti\u00e9ndose en el escenario perfecto para una boda elopement que refleje vuestro amor.<\/span><\/p>\n<p style=\"text-align: justify;\"><span style=\"font-weight: 400;\">Con este paquete, disfrutar\u00e1s de una ceremonia privada decorada con gusto para realzar la belleza del entorno. Un maestro de ceremonias formalizar\u00e1 vuestro enlace en un ambiente \u00edntimo y especial, asegurando que cada detalle sea perfecto.<\/span><\/p>\n<p style=\"text-align: justify;\"><span style=\"font-weight: 400;\">Un fot\u00f3grafo profesional estar\u00e1 a vuestro lado durante 3 horas, capturando cada instante significativo de este d\u00eda tan especial: desde los momentos previos hasta el intercambio de votos y las emociones compartidas tras la ceremonia. Nos encargamos de la organizaci\u00f3n y coordinaci\u00f3n completa del d\u00eda para que pod\u00e1is concentraros solo en disfrutar de este momento \u00fanico.<\/span><\/p>\n<p style=\"text-align: justify;\"><span style=\"font-weight: 400;\">Adem\u00e1s, puedes personalizar tu boda elopement en unos vi\u00f1edos en Francia a\u00f1adiendo extras como un servicio de v\u00eddeo, para revivir cada momento, un m\u00fasico en directo que aporte un toque m\u00e1gico con m\u00fasica en vivo, o transporte para llegar c\u00f3modamente a este espectacular destino sin preocupaciones log\u00edsticas.\u00a0<\/span><\/p>\n<p style=\"text-align: justify;\"><span style=\"font-weight: 400;\">\u00a1Ten una boda como la que siempre so\u00f1aste y haz de este d\u00eda un recuerdo inolvidable!<\/span><\/p>\n<h3 style=\"text-align: justify;\"><span style=\"font-weight: 400;\">Lo que incluye tu boda elopement en unos vi\u00f1edos en Francia:<\/span><\/h3>\n<ul>\n<li><b><span style=\"font-weight: 400;\">Fot\u00f3grafo durante 3 horas<\/span><\/b><\/li>\n<li><b><span style=\"font-weight: 400;\">Decoraci\u00f3n de la ceremonia<\/span><\/b><\/li>\n<li><span style=\"font-weight: 400;\">Maestro de ceremonia<\/span><\/li>\n<li><span style=\"font-weight: 400;\">Organizaci\u00f3n y coordinaci\u00f3n del d\u00eda<\/span><\/li>\n<\/ul>\n<p style=\"text-align: justify;\"><b>Precio: a consultar<\/b><\/p>\n<h3 style=\"text-align: justify;\"><span style=\"font-weight: 400;\">Se puede a\u00f1adir:<\/span><\/h3>\n<ul style=\"text-align: justify;\">\n<li style=\"font-weight: 400;\" aria-level=\"1\"><span style=\"font-weight: 400;\">V\u00eddeo (consultar precio)<\/span><\/li>\n<li style=\"font-weight: 400;\" aria-level=\"1\"><span style=\"font-weight: 400;\">M\u00fasico en directo (consultar precio)<\/span><\/li>\n<li style=\"font-weight: 400;\" aria-level=\"1\"><span style=\"font-weight: 400;\">Transporte (consultar precio)<\/span><\/li>\n<li style=\"font-weight: 400;\" aria-level=\"1\"><span style=\"font-weight: 400;\">\u00a1Configuralo como t\u00fa quieras!<\/span><\/li>\n<\/ul>\n<h3 style=\"text-align: justify;\"><span style=\"font-weight: 400;\">Facilidad de pago<\/span><\/h3>\n<p style=\"text-align: justify;\"><span style=\"font-weight: 400;\">\u00a1S\u00ed! Y es que no es necesario pagar \u00edntegramente el importe del paquete de boda elopement en unos vi\u00f1edos en Francia. Simplemente es necesario reservar con un adelanto y el resto darla en el d\u00eda del evento.<\/span><\/p>\n<p style=\"text-align: justify;\"><span style=\"font-weight: 400;\">\u00a1Comodidad para ti!<\/span><\/p>\n<p style=\"text-align: justify;\"><span style=\"font-weight: 400;\">*Las tarifas no son reembolsables si el evento se cancela por cualquier motivo.<\/span><\/p>\n<p><\/p>","protected":false},"excerpt":{"rendered":"<p style=\"text-align: justify;\">Celebra una boda elopement en unos vi\u00f1edos en Francia con ceremonia \u00edntima, decoraci\u00f3n cuidada, fot\u00f3grafo y organizaci\u00f3n completa en un entorno \u00fanico. <strong>Precio <b>a consultar<\/b>. Es necesario formalizar la reserva con un adelanto.<\/strong><\/p>\n","protected":false},"featured_media":41127,"comment_status":"open","ping_status":"closed","template":"","meta":{"_mo_disable_npp":""},"product_brand":[],"product_cat":[3004],"product_tag":[3666,3667,3668],"class_list":{"0":"post-35593","1":"product","2":"type-product","3":"status-publish","4":"has-post-thumbnail","6":"product_cat-elopement-packages-in-europe","7":"product_tag-boda-elopement-en-unos-vinedos-en-francia","8":"product_tag-boda-elopement-en-unos-vinedos-en-francia-2026","9":"product_tag-boda-elopement-en-unos-vinedos-en-francia-elegante","11":"first","12":"instock","13":"taxable","14":"shipping-taxable","15":"product-type-simple"},"_links":{"self":[{"href":"https:\/\/perfectvenue.eu\/es\/wp-json\/wp\/v2\/product\/35593","targetHints":{"allow":["GET"]}}],"collection":[{"href":"https:\/\/perfectvenue.eu\/es\/wp-json\/wp\/v2\/product"}],"about":[{"href":"https:\/\/perfectvenue.eu\/es\/wp-json\/wp\/v2\/types\/product"}],"replies":[{"embeddable":true,"href":"https:\/\/perfectvenue.eu\/es\/wp-json\/wp\/v2\/comments?post=35593"}],"wp:featuredmedia":[{"embeddable":true,"href":"https:\/\/perfectvenue.eu\/es\/wp-json\/wp\/v2\/media\/41127"}],"wp:attachment":[{"href":"https:\/\/perfectvenue.eu\/es\/wp-json\/wp\/v2\/media?parent=35593"}],"wp:term":[{"taxonomy":"product_brand","embeddable":true,"href":"https:\/\/perfectvenue.eu\/es\/wp-json\/wp\/v2\/product_brand?post=35593"},{"taxonomy":"product_cat","embeddable":true,"href":"https:\/\/perfectvenue.eu\/es\/wp-json\/wp\/v2\/product_cat?post=35593"},{"taxonomy":"product_tag","embeddable":true,"href":"https:\/\/perfectvenue.eu\/es\/wp-json\/wp\/v2\/product_tag?post=35593"}],"curies":[{"name":"wp","href":"https:\/\/api.w.org\/{rel}","templated":true}]}}