{"id":35599,"date":"2024-10-24T12:57:34","date_gmt":"2024-10-24T11:57:34","guid":{"rendered":"https:\/\/perfectvenue.eu\/?post_type=product&#038;p=35599"},"modified":"2026-03-30T04:31:05","modified_gmt":"2026-03-30T03:31:05","slug":"photoshoot-with-a-floating-dress-in-venice-a-perfect-plan-for-a-true-goddess","status":"publish","type":"product","link":"https:\/\/perfectvenue.eu\/es\/product\/photoshoot-with-a-floating-dress-in-venice-a-perfect-plan-for-a-true-goddess\/","title":{"rendered":"Sesi\u00f3n de fotos con vestido flotante en Venecia: un Perfect Plan para una aut\u00e9ntica diosa"},"content":{"rendered":"<p><\/p>\n<p style=\"text-align: justify;\"><span style=\"font-weight: 400;\">Realizar una sesi\u00f3n de fotos con un vestido flotante en Venecia es una experiencia \u00fanica que te har\u00e1 sentir como una antigua diosa en un lugar tan precioso. <\/span><b>Esta experiencia es perfecta para quienes viajan solas, parejas, instagrammers, para una pedida de mano, premam\u00e1s, modelos o sesiones de fotos de moda. <\/b><span style=\"font-weight: 400;\">Sea cual sea el motivo de tu sesi\u00f3n, sin duda ser\u00e1s una aut\u00e9ntica diosa.<\/span><\/p>\n<p style=\"text-align: justify;\"><span style=\"font-weight: 400;\">En este art\u00edculo te contamos todo lo que incluye este Perfect Plan para que tengas una sesi\u00f3n de fotos \u00fanica en un entorno de ensue\u00f1o y presumas de im\u00e1genes en redes sociales. \u00a1Sigue leyendo para saber m\u00e1s!<\/span><\/p>\n<h3 style=\"text-align: justify;\"><span style=\"font-weight: 400;\">Una ciudad de ensue\u00f1o para tu sesi\u00f3n de fotos con vestidos flotantes<\/span><\/h3>\n<p style=\"text-align: justify;\"><span style=\"font-weight: 400;\">Venecia es una ciudad de ensue\u00f1o para una sesi\u00f3n de fotos con vestidos flotantes, ya que ofrece espacios incre\u00edbles y un ambiente rom\u00e1ntico. En tu sesi\u00f3n de fotos con vestido flotante en Venecia, podr\u00e1s capturar la magia de los canales, los ic\u00f3nicos puentes y las callejuelas empedradas. Los reflejos en el agua, la luz del sol que brilla sobre las fachadas hist\u00f3ricas y los atardeceres rom\u00e1nticos crear\u00e1n el escenario perfecto.<\/span><\/p>\n<p style=\"text-align: justify;\"><b>Imagina posar en lugares emblem\u00e1ticos como la Plaza de San Marcos, el Puente de Rialto o junto a las g\u00f4ndolas en el Gran Canal.<\/b><span style=\"font-weight: 400;\"> Cada rinc\u00f3n de esta ciudad te har\u00e1 sentir como una aut\u00e9ntica diosa en un entorno de ensue\u00f1o.<\/span><\/p>\n<p style=\"text-align: justify;\"><span style=\"font-weight: 400;\">Si deseas que tu sesi\u00f3n de fotos con vestidos flotantes sea en otra ciudad, solo tienes que consultarnos y te proporcionaremos un listado de las mejores localizaciones para este tipo de sesi\u00f3n de fotos. \u00a1Tu aventura fotogr\u00e1fica te espera!<\/span><\/p>\n<h3 style=\"text-align: justify;\"><span style=\"font-weight: 400;\">Un vestido volador espectacular inclu\u00eddo en tu plan<\/span><\/h3>\n<p style=\"text-align: justify;\"><span style=\"font-weight: 400;\">Esto es lo primordial, y puedes elegir el color que te guste. El vestido volador est\u00e1 hecho de <\/span><b>sat\u00e9n s\u00faper ligero y brillante que atrapa el viento de forma natural<\/b><span style=\"font-weight: 400;\"> y causa una gran impresi\u00f3n en la c\u00e1mara.<\/span><\/p>\n<p style=\"text-align: justify;\"><b>En tonos burdeos, melocot\u00f3n, azul cielo, verdes menta\u2026 conseguimos por ti el vestido que m\u00e1s te guste, mejor se adapte a tu figura, del color y con el escote y abertura que desees, \u00a1estar\u00e1s incre\u00edble!<\/b><\/p>\n<p style=\"text-align: justify;\"><span style=\"font-weight: 400;\">Ten en cuenta que <\/span><b>los modelos est\u00e1n pensados \u200b\u200bpara un ajuste perfecto a cualquier figura. <\/b><span style=\"font-weight: 400;\">\u00a1As\u00ed que estudia el cat\u00e1logo, elige tu vestido elegante y estamos listos para una sesi\u00f3n brillante!<\/span><\/p>\n<h3 style=\"text-align: justify;\"><span style=\"font-weight: 400;\">Un fot\u00f3grafo profesional a tu entera disposici\u00f3n<\/span><\/h3>\n<p style=\"text-align: justify;\"><span style=\"font-weight: 400;\">Para tu sesi\u00f3n de fotos con vestido flotante en Venecia tendr\u00e1s al mejor fot\u00f3grafo para ti durante una hora entera, adem\u00e1s nosotros tenemos a los mejores, s\u00ed, has le\u00eddo bien. <\/span><b>En una sesi\u00f3n de fotos tan espectacular como esta es sumamente importante que tengas a verdaderos profesionales.<\/b><\/p>\n<p style=\"text-align: justify;\"><span style=\"font-weight: 400;\">Lo mejor es que nosotros, en Perfect Venue, solo trabajamos con <\/span><b>los mejores profesionales de la c\u00e1mara<\/b><span style=\"font-weight: 400;\">, para que las fotos con las sue\u00f1as las tengas en el d\u00eda de tu sesi\u00f3n de fotos con vestidos flotantes.<\/span><\/p>\n<h3 style=\"text-align: justify;\"><span style=\"font-weight: 400;\">Edici\u00f3n fotogr\u00e1fica incluida en tu sesi\u00f3n de fotos<\/span><\/h3>\n<p style=\"text-align: justify;\"><span style=\"font-weight: 400;\">S\u00ed, tras la experiencia el fot\u00f3grafo se pondr\u00e1 a retocar tus fotos para entregartelas completamente editadas y <\/span><b>que el resultado sea a\u00fan m\u00e1s espectacular.\u00a0<\/b><\/p>\n<p style=\"text-align: justify;\"><span style=\"font-weight: 400;\">Con la edici\u00f3n conseguiremos potenciar la imagen, ajustando elementos como luces, contraste, colores y dem\u00e1s ajustes que van a favorecer tu imagen. <\/span><b>La edici\u00f3n juega un papel importante<\/b><span style=\"font-weight: 400;\"> para mejorarla y dar por terminado el proceso.<\/span><\/p>\n<h3 style=\"text-align: justify;\"><span style=\"font-weight: 400;\">Extras para tu sesi\u00f3n de fotos con vestido flotante en Venecia<\/span><\/h3>\n<p style=\"text-align: justify;\"><span style=\"font-weight: 400;\">Si lo deseas tambi\u00e9n podemos a\u00f1adir a un <\/span><b>vide\u00f3grafo<\/b><span style=\"font-weight: 400;\"> para que filme los mejores momentos y el vuelo de tu vestido. \u00a1Tambi\u00e9n trabajamos con los mejores!<\/span><\/p>\n<p style=\"text-align: justify;\"><span style=\"font-weight: 400;\">Adem\u00e1s, conocemos los mejores <\/span><b>peluqueros y maquilladores <\/b><span style=\"font-weight: 400;\">de cada ciudad para que te dejen radiante antes de la sesi\u00f3n de fotos.<\/span><\/p>\n<p style=\"text-align: justify;\"><span style=\"font-weight: 400;\">Y si quieres tambi\u00e9n ofrecemos <\/span><b>servicio de transporte<\/b><span style=\"font-weight: 400;\"> para llevarte a cada lugar de la sesi\u00f3n de fotos.<\/span><\/p>\n<p style=\"text-align: justify;\"><span style=\"font-weight: 400;\">Para que tengas un pack al completo, \u00a1que no te falte nada!<\/span><\/p>\n<h3 style=\"text-align: justify;\"><span style=\"font-weight: 400;\">Los precios, a consultar<\/span><\/h3>\n<p style=\"text-align: justify;\"><b>El precio de una sesi\u00f3n de fotos con vestidos flotantes siempre depender\u00e1 de diferentes factores<\/b><span style=\"font-weight: 400;\"> como, por ejemplo, la ubicaci\u00f3n del espacio, la fecha en la que se vaya a preparar y los elementos con los que exactamente necesit\u00e9is contar:, transporte, videografo, decoraci\u00f3n, maquillaje y peluquer\u00eda\u2026\u00a0<\/span><\/p>\n<p style=\"text-align: justify;\"><span style=\"font-weight: 400;\">Por eso, lo mejor que puedes hacer es <\/span><b>contactarnos para poder darte un precio cerrado.<\/b><\/p>\n<p style=\"text-align: justify;\"><span style=\"font-weight: 400;\">En Perfect Venue tenemos tu Perfect Plan, as\u00ed que, <\/span><b>si quieres vivir la experiencia de hacerte una sesi\u00f3n de fotos con vestidos flotantes organizamos todo por ti.<\/b><\/p>\n<p style=\"text-align: justify;\"><span style=\"font-weight: 400;\">T\u00fa solo tienes que reservar con un solo clic, despu\u00e9s encargarte de disfrutar.<\/span><\/p>\n<p style=\"text-align: justify;\"><span style=\"font-weight: 400;\">\u00a1Te esperamos!<\/span><\/p>\n<p style=\"text-align: justify;\"><b>*El pago no se devuelve si se cancela el evento.<\/b><\/p>\n<p><\/p>","protected":false},"excerpt":{"rendered":"<p style=\"text-align: justify;\"><span style=\"font-weight: 400;\">Te contamos como es el Perfect Plan de una sesi\u00f3n de fotos con vestido flotante en Venecia para que tengas un recuerdo incre\u00edble. <\/span><b>Precio a consultar. Se necesita reservar con un adelanto.<\/b><\/p>\n","protected":false},"featured_media":35609,"comment_status":"open","ping_status":"closed","template":"","meta":{"_mo_disable_npp":""},"product_brand":[],"product_cat":[3006],"product_tag":[],"class_list":{"0":"post-35599","1":"product","2":"type-product","3":"status-publish","4":"has-post-thumbnail","6":"product_cat-perfect-plans-in-europe","8":"first","9":"instock","10":"taxable","11":"shipping-taxable","12":"product-type-simple"},"_links":{"self":[{"href":"https:\/\/perfectvenue.eu\/es\/wp-json\/wp\/v2\/product\/35599","targetHints":{"allow":["GET"]}}],"collection":[{"href":"https:\/\/perfectvenue.eu\/es\/wp-json\/wp\/v2\/product"}],"about":[{"href":"https:\/\/perfectvenue.eu\/es\/wp-json\/wp\/v2\/types\/product"}],"replies":[{"embeddable":true,"href":"https:\/\/perfectvenue.eu\/es\/wp-json\/wp\/v2\/comments?post=35599"}],"wp:featuredmedia":[{"embeddable":true,"href":"https:\/\/perfectvenue.eu\/es\/wp-json\/wp\/v2\/media\/35609"}],"wp:attachment":[{"href":"https:\/\/perfectvenue.eu\/es\/wp-json\/wp\/v2\/media?parent=35599"}],"wp:term":[{"taxonomy":"product_brand","embeddable":true,"href":"https:\/\/perfectvenue.eu\/es\/wp-json\/wp\/v2\/product_brand?post=35599"},{"taxonomy":"product_cat","embeddable":true,"href":"https:\/\/perfectvenue.eu\/es\/wp-json\/wp\/v2\/product_cat?post=35599"},{"taxonomy":"product_tag","embeddable":true,"href":"https:\/\/perfectvenue.eu\/es\/wp-json\/wp\/v2\/product_tag?post=35599"}],"curies":[{"name":"wp","href":"https:\/\/api.w.org\/{rel}","templated":true}]}}