{"id":35873,"date":"2026-02-17T15:00:29","date_gmt":"2026-02-17T14:00:29","guid":{"rendered":"https:\/\/perfectvenue.eu\/?post_type=product&#038;p=35873"},"modified":"2026-03-30T04:23:54","modified_gmt":"2026-03-30T03:23:54","slug":"elopement-wedding-paris-tuileries-garden","status":"publish","type":"product","link":"https:\/\/perfectvenue.eu\/es\/product\/boda-elopement-en-paris-en-el-jardin-de-las-tullerias\/","title":{"rendered":"Boda elopement en Par\u00eds en el Jard\u00edn de las Tuller\u00edas"},"content":{"rendered":"<p><\/p>\n<p style=\"text-align: justify;\"><span style=\"font-weight: 400;\">Este paquete de boda elopement en Par\u00eds, en el precioso Jard\u00edn de las Tuller\u00edas, es la oportunidad perfecta para celebrar una ceremonia \u00edntima rodeados de la belleza de uno de los parques m\u00e1s ic\u00f3nicos de la ciudad. Con sus caminos encantadores, fuentes relajantes y vistas incre\u00edbles del Louvre, este lugar es el escenario ideal para una boda elopement que refleje todo lo que sienten el uno por el otro.<\/span><\/p>\n<p style=\"text-align: justify;\"><span style=\"font-weight: 400;\">Con este paquete, disfrutar\u00e1s de una ceremonia privada, decorada con estilo para resaltar la belleza natural del jard\u00edn. Un maestro de ceremonias se encargar\u00e1 de formalizar vuestro enlace en un ambiente c\u00e1lido y acogedor, asegur\u00e1ndose de que todo est\u00e9 a la perfecci\u00f3n.<\/span><\/p>\n<p style=\"text-align: justify;\"><span style=\"font-weight: 400;\">Adem\u00e1s, contar\u00e1s con un fot\u00f3grafo profesional que estar\u00e1 contigo durante 3 horas, capturando cada momento especial de este gran d\u00eda: desde los preparativos hasta el intercambio de votos y las emociones que surgen despu\u00e9s de la ceremonia. Nos ocupamos de organizar y coordinar todo para que solo tengan que disfrutar de cada instante.<\/span><\/p>\n<p style=\"text-align: justify;\"><span style=\"font-weight: 400;\">Y si quieres hacerlo a\u00fan m\u00e1s especial, puedes personalizar tu boda elopement en el Jard\u00edn de las Tuller\u00edas con extras como un servicio de v\u00eddeo para revivir cada detalle, un m\u00fasico en vivo que le d\u00e9 un toque m\u00e1gico a la ceremonia, o incluso transporte para llegar sin preocupaciones.<\/span><\/p>\n<p style=\"text-align: justify;\"><span style=\"font-weight: 400;\">\u00a1Haz de tu boda elopement en Par\u00eds en el Jard\u00edn de las Tuller\u00edas un d\u00eda inolvidable!<\/span><\/p>\n<h3 style=\"text-align: justify;\"><span style=\"font-weight: 400;\">Lo que incluye tu boda elopement en Par\u00eds en el Jard\u00edn de las Tuller\u00edas:<\/span><\/h3>\n<ul>\n<li><b><span style=\"font-weight: 400;\">Fot\u00f3grafo durante 3 horas<\/span><\/b><\/li>\n<li><span style=\"font-weight: 400;\">Decoraci\u00f3n de la ceremonia<\/span><\/li>\n<li><span style=\"font-weight: 400;\">Maestro de ceremonia<\/span><\/li>\n<li><span style=\"font-weight: 400;\">Organizaci\u00f3n y coordinaci\u00f3n del d\u00eda<\/span><\/li>\n<\/ul>\n<p style=\"text-align: justify;\"><b>Precio: a consultar<\/b><\/p>\n<h3 style=\"text-align: justify;\"><span style=\"font-weight: 400;\">Se puede a\u00f1adir:<\/span><\/h3>\n<ul style=\"text-align: justify;\">\n<li style=\"font-weight: 400;\" aria-level=\"1\"><span style=\"font-weight: 400;\">V\u00eddeo (consultar precio)<\/span><\/li>\n<li style=\"font-weight: 400;\" aria-level=\"1\"><span style=\"font-weight: 400;\">M\u00fasico en directo (consultar precio)<\/span><\/li>\n<li style=\"font-weight: 400;\" aria-level=\"1\"><span style=\"font-weight: 400;\">Transporte (consultar precio)<\/span><\/li>\n<li style=\"font-weight: 400;\" aria-level=\"1\"><span style=\"font-weight: 400;\">\u00a1Configuralo como t\u00fa quieras!<\/span><\/li>\n<\/ul>\n<h3 style=\"text-align: justify;\"><span style=\"font-weight: 400;\">Facilidad de pago<\/span><\/h3>\n<p style=\"text-align: justify;\"><span style=\"font-weight: 400;\">\u00a1S\u00ed! Y es que no es necesario pagar \u00edntegramente el importe del paquete de boda elopement en Par\u00eds en el Jard\u00edn de las Tuller\u00edas. Simplemente es necesario reservar con un adelanto y el resto darla en el d\u00eda del evento.<\/span><\/p>\n<p style=\"text-align: justify;\"><span style=\"font-weight: 400;\">\u00a1Comodidad para ti!<\/span><\/p>\n<p style=\"text-align: justify;\"><span style=\"font-weight: 400;\">*Las tarifas no son reembolsables si el evento se cancela por cualquier motivo.<\/span><\/p>\n<p><\/p>","protected":false},"excerpt":{"rendered":"<p style=\"text-align: justify;\"><span style=\"font-weight: 400;\">Celebra tu boda elopement en Par\u00eds en el Jard\u00edn de las Tuller\u00edas, uno de los parques m\u00e1s ic\u00f3nicos de la ciudad con fuentes, caminos y vistas de ensue\u00f1o. <\/span><b>Precio a consultar. Es necesario formalizar la reserva con un adelanto.<\/b><\/p>\n","protected":false},"featured_media":41129,"comment_status":"open","ping_status":"closed","template":"","meta":{"_mo_disable_npp":""},"product_brand":[],"product_cat":[3004],"product_tag":[3361,3669,3670],"class_list":{"0":"post-35873","1":"product","2":"type-product","3":"status-publish","4":"has-post-thumbnail","6":"product_cat-elopement-packages-in-europe","7":"product_tag-boda-elopement-en-paris","8":"product_tag-boda-elopement-en-paris-en-el-jardin-de-las-tullerias","9":"product_tag-boda-elopement-en-paris-en-el-jardin-de-las-tullerias-elegante","11":"first","12":"instock","13":"taxable","14":"shipping-taxable","15":"product-type-simple"},"_links":{"self":[{"href":"https:\/\/perfectvenue.eu\/es\/wp-json\/wp\/v2\/product\/35873","targetHints":{"allow":["GET"]}}],"collection":[{"href":"https:\/\/perfectvenue.eu\/es\/wp-json\/wp\/v2\/product"}],"about":[{"href":"https:\/\/perfectvenue.eu\/es\/wp-json\/wp\/v2\/types\/product"}],"replies":[{"embeddable":true,"href":"https:\/\/perfectvenue.eu\/es\/wp-json\/wp\/v2\/comments?post=35873"}],"wp:featuredmedia":[{"embeddable":true,"href":"https:\/\/perfectvenue.eu\/es\/wp-json\/wp\/v2\/media\/41129"}],"wp:attachment":[{"href":"https:\/\/perfectvenue.eu\/es\/wp-json\/wp\/v2\/media?parent=35873"}],"wp:term":[{"taxonomy":"product_brand","embeddable":true,"href":"https:\/\/perfectvenue.eu\/es\/wp-json\/wp\/v2\/product_brand?post=35873"},{"taxonomy":"product_cat","embeddable":true,"href":"https:\/\/perfectvenue.eu\/es\/wp-json\/wp\/v2\/product_cat?post=35873"},{"taxonomy":"product_tag","embeddable":true,"href":"https:\/\/perfectvenue.eu\/es\/wp-json\/wp\/v2\/product_tag?post=35873"}],"curies":[{"name":"wp","href":"https:\/\/api.w.org\/{rel}","templated":true}]}}