{"id":35905,"date":"2026-02-18T12:24:27","date_gmt":"2026-02-18T11:24:27","guid":{"rendered":"https:\/\/perfectvenue.eu\/?post_type=product&#038;p=35905"},"modified":"2026-02-18T12:23:49","modified_gmt":"2026-02-18T11:23:49","slug":"proposal-in-paris","status":"publish","type":"product","link":"https:\/\/perfectvenue.eu\/es\/product\/pedida-de-mano-en-paris-con-grandes-letras-marry-me-y-la-torre-eiffel-de-fondo\/","title":{"rendered":"Pedida de mano en Par\u00eds con grandes letras Marry Me y la Torre Eiffel de fondo"},"content":{"rendered":"<p><\/p>\n<p style=\"text-align: justify;\"><span style=\"font-weight: 400;\">El paquete de pedida de mano en Par\u00eds con grandes letras \u201cMarry Me\u201d es una experiencia \u00fanica para quienes desean hacer una propuesta memorable en un lugar p\u00fablico y emblem\u00e1tico. Con la ic\u00f3nica Torre Eiffel como tel\u00f3n de fondo, este espacio cuidadosamente decorado capta todas las miradas y garantiza que cada detalle se sienta especial. Es el escenario perfecto para sorprender a tu pareja y hacer que el gran momento sea inolvidable.<\/span><\/p>\n<p style=\"text-align: justify;\"><span style=\"font-weight: 400;\">En un lugar exclusivo, una alfombra que gu\u00eda hasta las grandes letras \u201cMarry Me\u201d marca el camino hacia un espacio decorado con p\u00e9talos de rosa y velas, creando un ambiente rom\u00e1ntico y m\u00e1gico. Cada paso hacia el lugar de la propuesta est\u00e1 pensado para hacer que ambos se sientan en un mundo de ensue\u00f1o. Con el resplandor de las velas y la majestuosidad de Par\u00eds como fondo, el escenario es simplemente espectacular.<\/span><\/p>\n<p style=\"text-align: justify;\"><span style=\"font-weight: 400;\">Al llegar el instante perfecto, podr\u00e1s arrodillarte ante las grandes letras \u201cMarry Me\u201d y hacer la propuesta con la Torre Eiffel en el horizonte, rodeados de una atm\u00f3sfera cargada de amor y emoci\u00f3n. Este momento es ideal para los enamorados que buscan combinar la grandeza y la elegancia parisina en su compromiso, creando un recuerdo inolvidable para ambos.<\/span><\/p>\n<p style=\"text-align: justify;\"><span style=\"font-weight: 400;\">Si quieres, puedes a\u00f1adir servicios como m\u00fasica en vivo o un brindis con champ\u00e1n para celebrar el \u201cs\u00ed\u201d con un toque adicional de lujo y estilo. \u00a1Haz que tu compromiso en Par\u00eds sea un recuerdo \u00fanico y especial!<\/span><\/p>\n<h3 style=\"text-align: justify;\"><span style=\"font-weight: 400;\">Lo que incluye tu pedida de mano en Par\u00eds con grandes letras Marry Me y la Torre Eiffel de fondo:<\/span><\/h3>\n<ul style=\"text-align: justify;\">\n<li style=\"font-weight: 400;\" aria-level=\"1\"><span style=\"font-weight: 400;\">Fot\u00f3grafo<\/span><\/li>\n<li style=\"font-weight: 400;\" aria-level=\"1\"><span style=\"font-weight: 400;\">Letras Marry Me\u00a0<\/span><\/li>\n<li style=\"font-weight: 400;\" aria-level=\"1\"><span style=\"font-weight: 400;\">Decoraci\u00f3n con p\u00e9talos de rosa y velas<\/span><\/li>\n<li style=\"font-weight: 400;\" aria-level=\"1\"><span style=\"font-weight: 400;\">Ramo de flores<\/span><\/li>\n<li style=\"font-weight: 400;\" aria-level=\"1\"><span style=\"font-weight: 400;\">Planificaci\u00f3n de la propuesta de matrimonio<\/span><\/li>\n<\/ul>\n<p style=\"text-align: justify;\"><b>Precio: a consultar<\/b><\/p>\n<h3 style=\"text-align: justify;\"><span style=\"font-weight: 400;\">Se puede a\u00f1adir:<\/span><\/h3>\n<ul style=\"text-align: justify;\">\n<li style=\"font-weight: 400;\" aria-level=\"1\"><span style=\"font-weight: 400;\">Video<\/span><\/li>\n<li style=\"font-weight: 400;\" aria-level=\"1\"><span style=\"font-weight: 400;\">M\u00fasica en directo (guitarra o viol\u00edn)\u00a0<\/span><\/li>\n<li style=\"font-weight: 400;\" aria-level=\"1\"><span style=\"font-weight: 400;\">Transporte.\u00a0<\/span><\/li>\n<li style=\"font-weight: 400;\" aria-level=\"1\"><span style=\"font-weight: 400;\">Champ\u00e1n o cava<\/span><\/li>\n<li style=\"font-weight: 400;\" aria-level=\"1\"><span style=\"font-weight: 400;\">\u00a1Configuralo como t\u00fa quieras!<\/span><\/li>\n<\/ul>\n<h3 style=\"text-align: justify;\"><span style=\"font-weight: 400;\">Facilidad de pago<\/span><\/h3>\n<p style=\"text-align: justify;\"><span style=\"font-weight: 400;\">\u00a1S\u00ed! Y es que no es necesario pagar \u00edntegramente el importe de la pedida de mano en Par\u00eds con grandes letras Marry Me y la Torre Eiffel de fondo. Simplemente es necesario reservar con un adelanto y el resto darla en el d\u00eda del evento.<\/span><\/p>\n<p style=\"text-align: justify;\"><span style=\"font-weight: 400;\">\u00a1Comodidad para ti!<\/span><\/p>\n<p style=\"text-align: justify;\"><span style=\"font-weight: 400;\">*Las tarifas no son reembolsables si el evento se cancela por cualquier motivo.<\/span><\/p>\n<p><\/p>","protected":false},"excerpt":{"rendered":"<p style=\"text-align: justify;\"><span style=\"font-weight: 400;\">Una pedida de mano en Par\u00eds con grandes letras \u201cMarry Me\u201d, decorada con p\u00e9talos, velas y una alfombra roja hacia la Torre Eiffel, crea un momento \u00fanico e inolvidable. <\/span><b>Precio a consultar. Es necesario formalizar la reserva con un adelanto.<\/b><\/p>\n","protected":false},"featured_media":41163,"comment_status":"open","ping_status":"closed","template":"","meta":{"_mo_disable_npp":""},"product_brand":[],"product_cat":[3003],"product_tag":[3041,3034],"class_list":{"0":"post-35905","1":"product","2":"type-product","3":"status-publish","4":"has-post-thumbnail","6":"product_cat-marriage-proposal-packages-in-europe","7":"product_tag-marriage-proposal-in-europe","8":"product_tag-marriage-proposal-in-france","10":"first","11":"instock","12":"taxable","13":"shipping-taxable","14":"product-type-simple"},"_links":{"self":[{"href":"https:\/\/perfectvenue.eu\/es\/wp-json\/wp\/v2\/product\/35905","targetHints":{"allow":["GET"]}}],"collection":[{"href":"https:\/\/perfectvenue.eu\/es\/wp-json\/wp\/v2\/product"}],"about":[{"href":"https:\/\/perfectvenue.eu\/es\/wp-json\/wp\/v2\/types\/product"}],"replies":[{"embeddable":true,"href":"https:\/\/perfectvenue.eu\/es\/wp-json\/wp\/v2\/comments?post=35905"}],"wp:featuredmedia":[{"embeddable":true,"href":"https:\/\/perfectvenue.eu\/es\/wp-json\/wp\/v2\/media\/41163"}],"wp:attachment":[{"href":"https:\/\/perfectvenue.eu\/es\/wp-json\/wp\/v2\/media?parent=35905"}],"wp:term":[{"taxonomy":"product_brand","embeddable":true,"href":"https:\/\/perfectvenue.eu\/es\/wp-json\/wp\/v2\/product_brand?post=35905"},{"taxonomy":"product_cat","embeddable":true,"href":"https:\/\/perfectvenue.eu\/es\/wp-json\/wp\/v2\/product_cat?post=35905"},{"taxonomy":"product_tag","embeddable":true,"href":"https:\/\/perfectvenue.eu\/es\/wp-json\/wp\/v2\/product_tag?post=35905"}],"curies":[{"name":"wp","href":"https:\/\/api.w.org\/{rel}","templated":true}]}}