{"id":37728,"date":"2026-03-06T11:35:33","date_gmt":"2026-03-06T10:35:33","guid":{"rendered":"https:\/\/perfectvenue.eu\/?post_type=product&#038;p=37728"},"modified":"2026-03-06T16:41:17","modified_gmt":"2026-03-06T15:41:17","slug":"marriage-proposal-in-paris-bleriot","status":"publish","type":"product","link":"https:\/\/perfectvenue.eu\/es\/product\/pedida-de-mano-en-paris-en-la-terraza-bleriot-en-el-ultimo-piso-de-un-edificio\/","title":{"rendered":"Pedida de mano en Par\u00eds en la Terraza Bleriot, en el \u00faltimo piso de un edificio"},"content":{"rendered":"<p><\/p>\n<p style=\"text-align: justify;\"><span style=\"font-weight: 400;\">Haz de tu pedida de mano en Par\u00eds un momento verdaderamente \u00fanico. Tras una caminata rom\u00e1ntica por el Sena, te dirigir\u00e1s a un lugar secreto: una terraza privada perfectamente decorada y lista para recibir vuestra historia de amor.<\/span><\/p>\n<p style=\"text-align: justify;\"><span style=\"font-weight: 400;\">Luces tenues, p\u00e9talos de rosa fresca, un letrero de ne\u00f3n con mensaje rom\u00e1ntico, flores que adornan cada rinc\u00f3n, y copas de champ\u00e1n listas para brindar. Todo pensado para que tu propuesta sea digna de pel\u00edcula. Adem\u00e1s, una suave m\u00fasica de fondo te acompa\u00f1ar\u00e1 mientras haces la gran pregunta.<\/span><\/p>\n<p style=\"text-align: justify;\"><span style=\"font-weight: 400;\">No hay multitudes, ni prisas, solo el skyline parisino y el amor como protagonistas de tu pedida de mano en Par\u00eds.<\/span><\/p>\n<h3 style=\"text-align: justify;\"><span style=\"font-weight: 400;\">Lo que incluye tu pedida de mano en Par\u00eds en la terraza Bleriot:<\/span><\/h3>\n<p style=\"text-align: justify;\"><span style=\"font-weight: 400;\">Alquiler privado de la terraza durante 1 hora.<\/span><\/p>\n<p style=\"text-align: justify;\"><span style=\"font-weight: 400;\">Decoraci\u00f3n rom\u00e1ntica:<\/span><\/p>\n<ul style=\"text-align: justify;\">\n<li style=\"font-weight: 400;\" aria-level=\"1\"><span style=\"font-weight: 400;\">Velas.<\/span><\/li>\n<li style=\"font-weight: 400;\" aria-level=\"1\"><span style=\"font-weight: 400;\">6 dise\u00f1os florales artificiales.<\/span><\/li>\n<li style=\"font-weight: 400;\" aria-level=\"1\"><span style=\"font-weight: 400;\">2 soportes transparentes.<\/span><\/li>\n<li style=\"font-weight: 400;\" aria-level=\"1\"><span style=\"font-weight: 400;\">P\u00e9talos de rosa naturales.<\/span><\/li>\n<li style=\"font-weight: 400;\" aria-level=\"1\"><span style=\"font-weight: 400;\">Letrero de ne\u00f3n.<\/span><\/li>\n<li style=\"font-weight: 400;\" aria-level=\"1\"><span style=\"font-weight: 400;\">6 soliflores con rosa.<\/span><\/li>\n<li style=\"font-weight: 400;\" aria-level=\"1\"><span style=\"font-weight: 400;\">Luces de cuerda.<\/span><\/li>\n<\/ul>\n<p style=\"text-align: justify;\"><span style=\"font-weight: 400;\">2 copas de champ\u00e1n.<\/span><\/p>\n<p style=\"text-align: justify;\"><span style=\"font-weight: 400;\">M\u00fasica ambiente a trav\u00e9s de altavoces.<\/span><\/p>\n<p style=\"text-align: justify;\"><b>Precio: a consultar<\/b><\/p>\n<h3 style=\"text-align: justify;\"><span style=\"font-weight: 400;\">Se puede a\u00f1adir:<\/span><\/h3>\n<ul style=\"text-align: justify;\">\n<li style=\"font-weight: 400;\" aria-level=\"1\"><span style=\"font-weight: 400;\">V\u00eddeo (consultar precio)<\/span><\/li>\n<li style=\"font-weight: 400;\" aria-level=\"1\"><span style=\"font-weight: 400;\">Viol\u00edn (consultar precio)<\/span><\/li>\n<li style=\"font-weight: 400;\" aria-level=\"1\"><span style=\"font-weight: 400;\">Transporte (consultar precio)<\/span><\/li>\n<li style=\"font-weight: 400;\" aria-level=\"1\"><span style=\"font-weight: 400;\">Decoraci\u00f3n con p\u00e9talos de rosas<\/span><\/li>\n<li style=\"font-weight: 400;\" aria-level=\"1\"><span style=\"font-weight: 400;\">Decoraci\u00f3n premium<\/span><\/li>\n<li style=\"font-weight: 400;\" aria-level=\"1\"><span style=\"font-weight: 400;\">\u00a1Config\u00faralo como t\u00fa quieras!<\/span><\/li>\n<\/ul>\n<h3 style=\"text-align: justify;\"><span style=\"font-weight: 400;\">Facilidad de pago<\/span><\/h3>\n<p style=\"text-align: justify;\"><span style=\"font-weight: 400;\">\u00a1S\u00ed! Y es que no es necesario pagar \u00edntegramente el importe de la pedida de mano en Par\u00eds en la terraza Bleriot. Simplemente es necesario reservar con un adelanto de 300<\/span><b>\u20ac <\/b><span style=\"font-weight: 400;\">el resto darla en el d\u00eda del evento.<\/span><\/p>\n<p style=\"text-align: justify;\"><span style=\"font-weight: 400;\">\u00a1Comodidad para ti!<\/span><\/p>\n<p style=\"text-align: justify;\"><span style=\"font-weight: 400;\">*Las tarifas no son reembolsables si el evento se cancela por cualquier motivo.<\/span><\/p>\n<p><\/p>","protected":false},"excerpt":{"rendered":"<p style=\"text-align: justify;\"><span style=\"font-weight: 400;\">Sorprende a tu pareja con una inolvidable pedida de mano en Par\u00eds, en una de las ciudades m\u00e1s rom\u00e1nticas del mundo. Da un paseo al atardecer por las orillas del Sena, seguido de una propuesta en la Terraza Bleriot, ubicada en un \u00faltimo piso. <\/span><b>Precio a consultar. Para reservar, es necesario un adelanto.<\/b><\/p>\n","protected":false},"featured_media":41290,"comment_status":"open","ping_status":"closed","template":"","meta":{"_mo_disable_npp":""},"product_brand":[],"product_cat":[2756],"product_tag":[],"class_list":{"0":"post-37728","1":"product","2":"type-product","3":"status-publish","4":"has-post-thumbnail","6":"product_cat-marriage-proposal-packages-in-france","8":"first","9":"instock","10":"taxable","11":"shipping-taxable","12":"product-type-simple"},"_links":{"self":[{"href":"https:\/\/perfectvenue.eu\/es\/wp-json\/wp\/v2\/product\/37728","targetHints":{"allow":["GET"]}}],"collection":[{"href":"https:\/\/perfectvenue.eu\/es\/wp-json\/wp\/v2\/product"}],"about":[{"href":"https:\/\/perfectvenue.eu\/es\/wp-json\/wp\/v2\/types\/product"}],"replies":[{"embeddable":true,"href":"https:\/\/perfectvenue.eu\/es\/wp-json\/wp\/v2\/comments?post=37728"}],"wp:featuredmedia":[{"embeddable":true,"href":"https:\/\/perfectvenue.eu\/es\/wp-json\/wp\/v2\/media\/41290"}],"wp:attachment":[{"href":"https:\/\/perfectvenue.eu\/es\/wp-json\/wp\/v2\/media?parent=37728"}],"wp:term":[{"taxonomy":"product_brand","embeddable":true,"href":"https:\/\/perfectvenue.eu\/es\/wp-json\/wp\/v2\/product_brand?post=37728"},{"taxonomy":"product_cat","embeddable":true,"href":"https:\/\/perfectvenue.eu\/es\/wp-json\/wp\/v2\/product_cat?post=37728"},{"taxonomy":"product_tag","embeddable":true,"href":"https:\/\/perfectvenue.eu\/es\/wp-json\/wp\/v2\/product_tag?post=37728"}],"curies":[{"name":"wp","href":"https:\/\/api.w.org\/{rel}","templated":true}]}}