{"id":37839,"date":"2026-03-09T10:00:32","date_gmt":"2026-03-09T09:00:32","guid":{"rendered":"https:\/\/perfectvenue.eu\/?post_type=product&#038;p=37839"},"modified":"2026-03-30T04:28:07","modified_gmt":"2026-03-30T03:28:07","slug":"marriage-proposal-in-paris-night","status":"publish","type":"product","link":"https:\/\/perfectvenue.eu\/es\/product\/pedida-de-mano-en-el-lago-di-como-con-noche-romantica-en-villa-vittoria\/","title":{"rendered":"Pedida de mano en el Lago di Como con noche rom\u00e1ntica en Villa Vittoria"},"content":{"rendered":"<p><\/p>\n<p style=\"text-align: justify;\"><span style=\"font-weight: 400;\">Disfruta de una pedida de mano en el Lago di Como m\u00e1gica en una de las villas m\u00e1s rom\u00e1nticas del Lago di Como: Villa Vittoria. Este enclave exclusivo, con vistas directas al lago y una arquitectura llena de encanto, ofrece el escenario ideal para vivir un momento \u00edntimo y lleno de emoci\u00f3n.<\/span><\/p>\n<p style=\"text-align: justify;\"><span style=\"font-weight: 400;\">La experiencia incluye el alquiler privado del espacio durante una noche, lo que garantiza privacidad total para ti y tu pareja. Desde una cena especial hasta un brindis al atardecer o una propuesta bajo las estrellas, t\u00fa decides c\u00f3mo vivir este instante \u00fanico.<\/span><\/p>\n<p style=\"text-align: justify;\"><span style=\"font-weight: 400;\">A diferencia de otros espacios, se permite la decoraci\u00f3n, lo que te brinda la libertad de crear un ambiente personalizado con flores, velas, p\u00e9talos de rosa o una estructura rom\u00e1ntica al gusto, en su maravillosa terraza con vistas directas al algo. Todo puede adaptarse a tu estilo, ya sea algo sencillo y elegante, o una puesta en escena m\u00e1s elaborada, nosotros nos encargamos.<\/span><\/p>\n<p style=\"text-align: justify;\"><span style=\"font-weight: 400;\">Con la planificaci\u00f3n cuidada al detalle y el acompa\u00f1amiento de un fot\u00f3grafo profesional, cada instante de tu pedida de mano en el Lago di Como quedar\u00e1 inmortalizado para siempre.<\/span><\/p>\n<h3 style=\"text-align: justify;\"><span style=\"font-weight: 400;\">Lo que incluye tu pedida de mano en el Lago di Como con noche rom\u00e1ntica<\/span><\/h3>\n<ul style=\"text-align: justify;\">\n<li aria-level=\"1\"><span style=\"font-weight: 400;\">Alquiler privado del lugar por una noche<\/span><\/li>\n<\/ul>\n<ul style=\"text-align: justify;\">\n<li aria-level=\"1\"><span style=\"font-weight: 400;\">Fot\u00f3grafo profesional<\/span><\/li>\n<\/ul>\n<ul style=\"text-align: justify;\">\n<li aria-level=\"1\"><span style=\"font-weight: 400;\">Planificaci\u00f3n personalizada de la propuesta de matrimonio<\/span><\/li>\n<\/ul>\n<ul style=\"text-align: justify;\">\n<li aria-level=\"1\"><span style=\"font-weight: 400;\">Asistencia durante toda la experiencia<\/span><\/li>\n<\/ul>\n<p style=\"text-align: justify;\"><b>Precio: a consultar<\/b><\/p>\n<h3 style=\"text-align: justify;\"><span style=\"font-weight: 400;\">Se puede a\u00f1adir:<\/span><\/h3>\n<ul style=\"text-align: justify;\">\n<li style=\"font-weight: 400;\" aria-level=\"1\"><span style=\"font-weight: 400;\">Video profesional<\/span><\/li>\n<li style=\"font-weight: 400;\" aria-level=\"1\"><span style=\"font-weight: 400;\">M\u00fasica en directo (guitarra o viol\u00edn)<\/span><\/li>\n<li style=\"font-weight: 400;\" aria-level=\"1\"><span style=\"font-weight: 400;\">Transporte privado<\/span><\/li>\n<li style=\"font-weight: 400;\" aria-level=\"1\"><span style=\"font-weight: 400;\">Brindis con champ\u00e1n o cava<\/span><\/li>\n<li style=\"font-weight: 400;\" aria-level=\"1\"><span style=\"font-weight: 400;\">Decoraci\u00f3n personalizada<\/span><\/li>\n<\/ul>\n<p style=\"text-align: justify;\"><span style=\"font-weight: 400;\">\u00a1Config\u00faralo como t\u00fa quieras!<\/span><\/p>\n<h3 style=\"text-align: justify;\"><span style=\"font-weight: 400;\">Facilidad de pago<\/span><\/h3>\n<p style=\"text-align: justify;\"><span style=\"font-weight: 400;\">Puedes reservar la fecha con un adelanto y abonar el resto el d\u00eda de tu pedida de mano en el Lago di Como. No es necesario pagar todo al momento.<\/span><\/p>\n<p style=\"text-align: justify;\"><span style=\"font-weight: 400;\">Flexibilidad y tranquilidad para ti.<\/span><\/p>\n<p style=\"text-align: justify;\"><span style=\"font-weight: 400;\">*Nota importante: Las tarifas no son reembolsables si el evento se cancela por cualquier motivo.<\/span><\/p>\n<p><\/p>","protected":false},"excerpt":{"rendered":"<p style=\"text-align: justify;\"><span style=\"font-weight: 400;\">Un \u00abs\u00ed, quiero\u00bb inolvidable frente al lago, con una noche privada en una villa encantadora y vistas de ensue\u00f1o. <\/span><b>Precio a consultar. Es necesario formalizar la reserva con un adelanto.<\/b><\/p>\n","protected":false},"featured_media":41274,"comment_status":"open","ping_status":"closed","template":"","meta":{"_mo_disable_npp":""},"product_brand":[],"product_cat":[3003],"product_tag":[3391,3392],"class_list":{"0":"post-37839","1":"product","2":"type-product","3":"status-publish","4":"has-post-thumbnail","6":"product_cat-marriage-proposal-packages-in-europe","7":"product_tag-lake-como-proposal","8":"product_tag-pedida-de-mano-lago-como","10":"first","11":"instock","12":"taxable","13":"shipping-taxable","14":"product-type-simple"},"_links":{"self":[{"href":"https:\/\/perfectvenue.eu\/es\/wp-json\/wp\/v2\/product\/37839","targetHints":{"allow":["GET"]}}],"collection":[{"href":"https:\/\/perfectvenue.eu\/es\/wp-json\/wp\/v2\/product"}],"about":[{"href":"https:\/\/perfectvenue.eu\/es\/wp-json\/wp\/v2\/types\/product"}],"replies":[{"embeddable":true,"href":"https:\/\/perfectvenue.eu\/es\/wp-json\/wp\/v2\/comments?post=37839"}],"wp:featuredmedia":[{"embeddable":true,"href":"https:\/\/perfectvenue.eu\/es\/wp-json\/wp\/v2\/media\/41274"}],"wp:attachment":[{"href":"https:\/\/perfectvenue.eu\/es\/wp-json\/wp\/v2\/media?parent=37839"}],"wp:term":[{"taxonomy":"product_brand","embeddable":true,"href":"https:\/\/perfectvenue.eu\/es\/wp-json\/wp\/v2\/product_brand?post=37839"},{"taxonomy":"product_cat","embeddable":true,"href":"https:\/\/perfectvenue.eu\/es\/wp-json\/wp\/v2\/product_cat?post=37839"},{"taxonomy":"product_tag","embeddable":true,"href":"https:\/\/perfectvenue.eu\/es\/wp-json\/wp\/v2\/product_tag?post=37839"}],"curies":[{"name":"wp","href":"https:\/\/api.w.org\/{rel}","templated":true}]}}