{"id":37919,"date":"2025-06-05T12:05:08","date_gmt":"2025-06-05T11:05:08","guid":{"rendered":"https:\/\/perfectvenue.eu\/?post_type=product&#038;p=37919"},"modified":"2026-03-30T04:27:22","modified_gmt":"2026-03-30T03:27:22","slug":"flying-dress-photoshoot-on-lake-como","status":"publish","type":"product","link":"https:\/\/perfectvenue.eu\/es\/product\/sesion-de-fotos-con-vestido-flotante-en-el-lago-di-como-un-perfect-plan-para-una-autentica-modelo\/","title":{"rendered":"Sesi\u00f3n de fotos con vestido flotante en el Lago di Como: un Perfect Plan para una aut\u00e9ntica modelo"},"content":{"rendered":"<p><\/p>\n<p style=\"text-align: justify;\" align=\"justify\">Realizar una Sesi\u00f3n de fotos con vestido flotante en el Lago di Como es una experiencia \u00fanica que te har\u00e1 sentir como una antigua diosa en un lugar tan precioso. <b>Esta experiencia es perfecta para quienes viajan solas, parejas, instagrammers, para una pedida de mano, premam\u00e1s, modelos o sesiones de fotos de moda. <\/b>Sea cual sea el motivo de tu sesi\u00f3n, sin duda ser\u00e1s una aut\u00e9ntica diosa.<\/p>\n<p style=\"text-align: justify;\" align=\"justify\">En este art\u00edculo te contamos todo lo que incluye este Perfect Plan para que tengas una sesi\u00f3n de fotos \u00fanica en un entorno de ensue\u00f1o y presumas de im\u00e1genes en redes sociales. \u00a1Sigue leyendo para saber m\u00e1s!<\/p>\n<h3 class=\"western\" style=\"text-align: justify;\" align=\"justify\">Una ciudad de ensue\u00f1o para tu sesi\u00f3n de fotos con vestidos flotantes<\/h3>\n<p style=\"text-align: justify;\" align=\"justify\">Como es una ciudad de ensue\u00f1o para una sesi\u00f3n de fotos con vestidos flotantes, ya que ofrece espacios incre\u00edbles y un ambiente \u00fanico italiano. En tu sesi\u00f3n de fotos con vestido flotante en el Lago di Como, podr\u00e1s capturar la magia de los famosos pueblos como Lecco, Varenna o Bellagio con sus maravillosas calles y villas, adem\u00e1s del ic\u00f3nico Lago Di Como. Los reflejos en el agua, la luz del sol que brilla sobre las fachadas hist\u00f3ricas y los atardeceres rom\u00e1nticos crear\u00e1n el escenario perfecto.<\/p>\n<p style=\"text-align: justify;\" align=\"justify\"><b>Imagina posar en lugares emblem\u00e1ticos como <\/b><b>el lago di Como, Lecco o villa Carlotta<\/b><b>.<\/b> Cada rinc\u00f3n de esta ciudad te har\u00e1 sentir como una aut\u00e9ntica diosa en un entorno de ensue\u00f1o.<\/p>\n<p style=\"text-align: justify;\" align=\"justify\">Si deseas que tu sesi\u00f3n de fotos con vestidos flotantes sea en otra ciudad, solo tienes que consultarnos y te proporcionaremos un listado de las mejores localizaciones para este tipo de sesi\u00f3n de fotos. \u00a1Tu aventura fotogr\u00e1fica te espera!<\/p>\n<h3 class=\"western\" style=\"text-align: justify;\" align=\"justify\">Un vestido volador espectacular inclu\u00eddo en tu plan<\/h3>\n<p style=\"text-align: justify;\" align=\"justify\">Esto es lo primordial, y puedes elegir el color que te guste. El vestido volador est\u00e1 hecho de <b>sat\u00e9n s\u00faper ligero y brillante que atrapa el viento de forma natural<\/b> y causa una gran impresi\u00f3n en la c\u00e1mara.<\/p>\n<p style=\"text-align: justify;\" align=\"justify\"><b>En tonos burdeos, melocot\u00f3n, azul cielo, verdes menta\u2026 conseguimos por ti el vestido que m\u00e1s te guste, mejor se adapte a tu figura, del color y con el escote y abertura que desees, \u00a1estar\u00e1s incre\u00edble!<\/b><\/p>\n<p style=\"text-align: justify;\" align=\"justify\">Ten en cuenta que <b>los modelos est\u00e1n pensados \u200b\u200bpara un ajuste perfecto a cualquier figura. <\/b>\u00a1As\u00ed que estudia el cat\u00e1logo, elige tu vestido elegante y estamos listos para una sesi\u00f3n brillante!<\/p>\n<h3 class=\"western\" style=\"text-align: justify;\" align=\"justify\">Un fot\u00f3grafo profesional a tu entera disposici\u00f3n<\/h3>\n<p style=\"text-align: justify;\" align=\"justify\">Para tu sesi\u00f3n de fotos con vestido flotante en el Lago di Como tendr\u00e1s al mejor fot\u00f3grafo para ti durante una hora entera, adem\u00e1s nosotros tenemos a los mejores, s\u00ed, has le\u00eddo bien. <b>En una sesi\u00f3n de fotos tan espectacular como esta es sumamente importante que tengas a verdaderos profesionales.<\/b><\/p>\n<p style=\"text-align: justify;\" align=\"justify\">Lo mejor es que nosotros, en Perfect Venue, solo trabajamos con <b>los mejores profesionales de la c\u00e1mara<\/b>, para que las fotos con las sue\u00f1as las tengas en el d\u00eda de tu sesi\u00f3n de fotos con vestidos flotantes.<\/p>\n<h3 class=\"western\" style=\"text-align: justify;\" align=\"justify\">Edici\u00f3n fotogr\u00e1fica incluida en tu sesi\u00f3n de fotos<\/h3>\n<p style=\"text-align: justify;\" align=\"justify\">S\u00ed, tras la experiencia el fot\u00f3grafo se pondr\u00e1 a retocar tus fotos para entreg\u00e1rtelas completamente editadas y <b>que el resultado sea a\u00fan m\u00e1s espectacular.\u00a0<\/b><\/p>\n<p style=\"text-align: justify;\" align=\"justify\">Con la edici\u00f3n conseguiremos potenciar la imagen, ajustando elementos como luces, contraste, colores y dem\u00e1s ajustes que van a favorecer tu imagen. <b>La edici\u00f3n juega un papel importante<\/b> para mejorarla y dar por terminado el proceso.<\/p>\n<h3 class=\"western\" style=\"text-align: justify;\" align=\"justify\">Extras para tu sesi\u00f3n de fotos con vestido flotante en el lago di Como<\/h3>\n<p style=\"text-align: justify;\" align=\"justify\">Si lo deseas tambi\u00e9n podemos a\u00f1adir a un <b>vide\u00f3grafo<\/b> para que filme los mejores momentos y el vuelo de tu vestido. \u00a1Tambi\u00e9n trabajamos con los mejores!<\/p>\n<p style=\"text-align: justify;\" align=\"justify\">Adem\u00e1s, conocemos los mejores <b>peluqueros y maquilladores <\/b>de cada ciudad para que te dejen radiante antes de la sesi\u00f3n de fotos.<\/p>\n<p style=\"text-align: justify;\" align=\"justify\">Y si quieres tambi\u00e9n ofrecemos <b>servicio de transporte<\/b> para llevarte a cada lugar de la sesi\u00f3n de fotos.<\/p>\n<p style=\"text-align: justify;\" align=\"justify\">Para que tengas un pack al completo, \u00a1que no te falte nada!<\/p>\n<h3 class=\"western\" style=\"text-align: justify;\" align=\"justify\">Los precios, a consultar<\/h3>\n<p style=\"text-align: justify;\" align=\"justify\"><b>El precio de una sesi\u00f3n de fotos con vestidos flotantes siempre depender\u00e1 de diferentes factores<\/b> como, por ejemplo, la ubicaci\u00f3n del espacio, la fecha en la que se vaya a preparar y los elementos con los que exactamente necesit\u00e9is contar:, transporte, videografo, decoraci\u00f3n, maquillaje y peluquer\u00eda\u2026<\/p>\n<p style=\"text-align: justify;\" align=\"justify\">Por eso, lo mejor que puedes hacer es <b>contactarnos para poder darte un precio cerrado.<\/b><\/p>\n<p style=\"text-align: justify;\" align=\"justify\">En Perfect Venue tenemos tu Perfect Plan, as\u00ed que, <b>si quieres vivir la experiencia de hacerte una sesi\u00f3n de fotos con vestidos flotantes organizamos todo por ti.<\/b><\/p>\n<p style=\"text-align: justify;\" align=\"justify\">T\u00fa solo tienes que reservar con un solo clic, despu\u00e9s encargarte de disfrutar.<\/p>\n<p style=\"text-align: justify;\" align=\"justify\">\u00a1Te esperamos!<\/p>\n<p style=\"text-align: justify;\" align=\"justify\"><b>*El pago no se devuelve si se cancela el evento.<\/b><\/p>\n<p><\/p>","protected":false},"excerpt":{"rendered":"<p style=\"text-align: justify;\">Te contamos como es el Perfect Plan de una sesi\u00f3n de fotos con vestido flotante en el Lago di Como para que tengas un recuerdo incre\u00edble. <b>Precio a consultar. Se necesita reservar con un adelanto.<\/b><\/p>\n","protected":false},"featured_media":37920,"comment_status":"open","ping_status":"closed","template":"","meta":{"_mo_disable_npp":""},"product_brand":[],"product_cat":[3006],"product_tag":[3352,3353,3354],"class_list":{"0":"post-37919","1":"product","2":"type-product","3":"status-publish","4":"has-post-thumbnail","6":"product_cat-perfect-plans-in-europe","7":"product_tag-vestido-flotante-en-el-lago-di-como","8":"product_tag-vestido-flotante-en-el-lago-di-como-2026","9":"product_tag-vestido-flotante-en-el-lago-di-como-chic","11":"first","12":"instock","13":"taxable","14":"shipping-taxable","15":"product-type-simple"},"_links":{"self":[{"href":"https:\/\/perfectvenue.eu\/es\/wp-json\/wp\/v2\/product\/37919","targetHints":{"allow":["GET"]}}],"collection":[{"href":"https:\/\/perfectvenue.eu\/es\/wp-json\/wp\/v2\/product"}],"about":[{"href":"https:\/\/perfectvenue.eu\/es\/wp-json\/wp\/v2\/types\/product"}],"replies":[{"embeddable":true,"href":"https:\/\/perfectvenue.eu\/es\/wp-json\/wp\/v2\/comments?post=37919"}],"wp:featuredmedia":[{"embeddable":true,"href":"https:\/\/perfectvenue.eu\/es\/wp-json\/wp\/v2\/media\/37920"}],"wp:attachment":[{"href":"https:\/\/perfectvenue.eu\/es\/wp-json\/wp\/v2\/media?parent=37919"}],"wp:term":[{"taxonomy":"product_brand","embeddable":true,"href":"https:\/\/perfectvenue.eu\/es\/wp-json\/wp\/v2\/product_brand?post=37919"},{"taxonomy":"product_cat","embeddable":true,"href":"https:\/\/perfectvenue.eu\/es\/wp-json\/wp\/v2\/product_cat?post=37919"},{"taxonomy":"product_tag","embeddable":true,"href":"https:\/\/perfectvenue.eu\/es\/wp-json\/wp\/v2\/product_tag?post=37919"}],"curies":[{"name":"wp","href":"https:\/\/api.w.org\/{rel}","templated":true}]}}