{"id":38058,"date":"2025-06-08T13:58:38","date_gmt":"2025-06-08T12:58:38","guid":{"rendered":"https:\/\/perfectvenue.eu\/?post_type=product&#038;p=38058"},"modified":"2025-09-10T10:00:06","modified_gmt":"2025-09-10T09:00:06","slug":"marriage-proposal-at-lake-como-scene","status":"publish","type":"product","link":"https:\/\/perfectvenue.eu\/es\/product\/pedida-de-mano-en-el-lago-di-como-en-el-emblematico-escenario-de-villa-balbianello\/","title":{"rendered":"Pedida de mano en el Lago di Como en el emblem\u00e1tico escenario de Villa Balbianello"},"content":{"rendered":"<p><\/p>\n<p style=\"text-align: justify;\"><span style=\"font-weight: 400;\">Elegida como escenario de pel\u00edculas como Star Wars o Casino Royale, Villa del Balbianello es uno de los lugares m\u00e1s emblem\u00e1ticos y espectaculares del Lago di Como. Situada sobre una pen\u00ednsula en Lenno, rodeada de jardines, esculturas y vistas infinitas al agua, ofrece un entorno incomparable para una pedida de mano en el Lago di Como inolvidable.<\/span><\/p>\n<p style=\"text-align: justify;\"><span style=\"font-weight: 400;\">Existen varias opciones de alquiler, seg\u00fan el nivel de privacidad y experiencia que desees:<\/span><\/p>\n<ul style=\"text-align: justify;\">\n<li style=\"font-weight: 400;\" aria-level=\"1\"><span style=\"font-weight: 400;\">Sin privatizaci\u00f3n: Acceso entre las 10:00 y las 18:00, compartiendo el espacio con turistas. Ideal para propuestas espont\u00e1neas y discretas.<\/span><\/li>\n<li style=\"font-weight: 400;\" aria-level=\"1\"><span style=\"font-weight: 400;\">Rinc\u00f3n privado en el jard\u00edn: Incluye mesa para dos con botella de prosecco, en una zona reservada del jard\u00edn (10:00\u201318:00).<\/span><\/li>\n<li style=\"font-weight: 400;\" aria-level=\"1\"><span style=\"font-weight: 400;\">Sesi\u00f3n privada fuera del horario de apertura: Villa y jardines disponibles exclusivamente para ti durante 2 horas desde las 18:00. M\u00e1x. 10 personas (pareja + proveedores\/invitados).<\/span><\/li>\n<li style=\"font-weight: 400;\" aria-level=\"1\"><span style=\"font-weight: 400;\">Visita guiada al interior (sin posibilidad de fotos)<\/span><\/li>\n<\/ul>\n<p style=\"text-align: justify;\"><span style=\"font-weight: 400;\">Fot\u00f3grafos externos est\u00e1n permitidos. Decoraciones, m\u00fasica en directo y otros elementos especiales requieren aprobaci\u00f3n previa y presupuesto adicional, pero se pueden gestionar para adaptar la propuesta a tu visi\u00f3n.<\/span><\/p>\n<p style=\"text-align: justify;\"><span style=\"font-weight: 400;\">La pedida de mano en el Lago di Como incluye la planificaci\u00f3n integral del momento, la gesti\u00f3n del espacio y un fot\u00f3grafo profesional que documentar\u00e1 cada segundo con discreci\u00f3n y estilo.<\/span><\/p>\n<h3 style=\"text-align: justify;\"><span style=\"font-weight: 400;\">Lo que incluye tu pedida de mano en el Lago di Como en la famosa Villa Balbianello<\/span><\/h3>\n<ul style=\"text-align: justify;\">\n<li><span style=\"font-weight: 400;\">Alquiler de espacio (seg\u00fan opci\u00f3n elegida)<\/span><\/li>\n<li aria-level=\"1\"><span style=\"font-weight: 400;\">Planificaci\u00f3n personalizada de la propuesta de matrimonio<\/span><\/li>\n<li aria-level=\"1\"><span style=\"font-weight: 400;\">Fot\u00f3grafo profesional<\/span><\/li>\n<\/ul>\n<p style=\"text-align: justify;\"><b>Precio: a consultar<\/b><\/p>\n<h3 style=\"text-align: justify;\"><span style=\"font-weight: 400;\">Se puede a\u00f1adir:<\/span><\/h3>\n<ul style=\"text-align: justify;\">\n<li style=\"font-weight: 400;\" aria-level=\"1\"><span style=\"font-weight: 400;\">Video profesional<\/span><\/li>\n<li style=\"font-weight: 400;\" aria-level=\"1\"><span style=\"font-weight: 400;\">M\u00fasica en directo (guitarra o viol\u00edn)<\/span><\/li>\n<li style=\"font-weight: 400;\" aria-level=\"1\"><span style=\"font-weight: 400;\">Transporte privado en barco o coche<\/span><\/li>\n<li style=\"font-weight: 400;\" aria-level=\"1\"><span style=\"font-weight: 400;\">Brindis con champ\u00e1n o cava<\/span><\/li>\n<li style=\"font-weight: 400;\" aria-level=\"1\"><span style=\"font-weight: 400;\">Decoraci\u00f3n personalizada (previa aprobaci\u00f3n)<\/span><\/li>\n<\/ul>\n<p style=\"text-align: justify;\"><span style=\"font-weight: 400;\">\u00a1Config\u00faralo como t\u00fa quieras!<\/span><\/p>\n<h3 style=\"text-align: justify;\"><span style=\"font-weight: 400;\">Facilidad de pago<\/span><\/h3>\n<p style=\"text-align: justify;\"><span style=\"font-weight: 400;\">Puedes reservar tu pedida de mano en el Lago di Como con un adelanto y abonar el resto el d\u00eda del evento.<\/span><\/p>\n<p style=\"text-align: justify;\"><span style=\"font-weight: 400;\">Flexibilidad y acceso a uno de los escenarios m\u00e1s ic\u00f3nicos del mundo.<\/span><\/p>\n<p style=\"text-align: justify;\"><span style=\"font-weight: 400;\">*Nota importante: Las tarifas no son reembolsables si el evento se cancela por cualquier motivo.<\/span><span style=\"font-weight: 400;\"><br \/>\n<\/span><span style=\"font-weight: 400;\">Decoraciones y extras est\u00e1n sujetos a aprobaci\u00f3n por parte de la administraci\u00f3n de la villa.<\/span><\/p>\n<p><\/p>","protected":false},"excerpt":{"rendered":"<p style=\"text-align: justify;\"><span style=\"font-weight: 400;\">Un lugar de leyenda para una pedida de mano \u00fanica. Historia, cine y romance se unen en uno de los rincones m\u00e1s famosos del mundo. <\/span><b>Precio a consultar. Es necesario formalizar la reserva con un adelanto.<\/b><\/p>\n","protected":false},"featured_media":38062,"comment_status":"open","ping_status":"closed","template":"","meta":{"_mo_disable_npp":""},"product_brand":[],"product_cat":[3003],"product_tag":[3291,3292,3342],"class_list":{"0":"post-38058","1":"product","2":"type-product","3":"status-publish","4":"has-post-thumbnail","6":"product_cat-marriage-proposal-packages-in-europe","7":"product_tag-pedida-de-mano-en-el-lago-di-como","8":"product_tag-pedida-de-mano-en-el-lago-di-como-2026","9":"product_tag-pedida-de-mano-en-el-lago-di-como-romantica","11":"first","12":"instock","13":"taxable","14":"shipping-taxable","15":"product-type-simple"},"_links":{"self":[{"href":"https:\/\/perfectvenue.eu\/es\/wp-json\/wp\/v2\/product\/38058","targetHints":{"allow":["GET"]}}],"collection":[{"href":"https:\/\/perfectvenue.eu\/es\/wp-json\/wp\/v2\/product"}],"about":[{"href":"https:\/\/perfectvenue.eu\/es\/wp-json\/wp\/v2\/types\/product"}],"replies":[{"embeddable":true,"href":"https:\/\/perfectvenue.eu\/es\/wp-json\/wp\/v2\/comments?post=38058"}],"wp:featuredmedia":[{"embeddable":true,"href":"https:\/\/perfectvenue.eu\/es\/wp-json\/wp\/v2\/media\/38062"}],"wp:attachment":[{"href":"https:\/\/perfectvenue.eu\/es\/wp-json\/wp\/v2\/media?parent=38058"}],"wp:term":[{"taxonomy":"product_brand","embeddable":true,"href":"https:\/\/perfectvenue.eu\/es\/wp-json\/wp\/v2\/product_brand?post=38058"},{"taxonomy":"product_cat","embeddable":true,"href":"https:\/\/perfectvenue.eu\/es\/wp-json\/wp\/v2\/product_cat?post=38058"},{"taxonomy":"product_tag","embeddable":true,"href":"https:\/\/perfectvenue.eu\/es\/wp-json\/wp\/v2\/product_tag?post=38058"}],"curies":[{"name":"wp","href":"https:\/\/api.w.org\/{rel}","templated":true}]}}