{"id":38211,"date":"2025-06-30T09:35:53","date_gmt":"2025-06-30T08:35:53","guid":{"rendered":"https:\/\/perfectvenue.eu\/?post_type=product&#038;p=38211"},"modified":"2025-09-09T16:13:08","modified_gmt":"2025-09-09T15:13:08","slug":"marriage-proposal-in-lisbon-petals","status":"publish","type":"product","link":"https:\/\/perfectvenue.eu\/es\/product\/pedida-de-mano-en-lisboa-con-decoracion-de-petalos-de-rosa-en-un-escenario-romantico-y-memorable\/","title":{"rendered":"Pedida de mano en Lisboa con decoraci\u00f3n de p\u00e9talos de rosa en un escenario rom\u00e1ntico y memorable"},"content":{"rendered":"<p><\/p>\n<p style=\"text-align: justify;\"><span style=\"font-weight: 400;\">Esta pedida de mano en Lisboa est\u00e1 dise\u00f1ada para crear un instante m\u00e1gico, con un ambiente lleno de romanticismo y elegancia. El montaje incluye un coraz\u00f3n de p\u00e9talos de rosa y letras grandes que forman la frase \u201cMARRY ME\u201d, creando un espacio visualmente impactante y emocionalmente potente para que el momento sea absolutamente inolvidable.<\/span><\/p>\n<p style=\"text-align: justify;\"><span style=\"font-weight: 400;\">Si deseas conservar cada segundo para siempre, un fot\u00f3grafo profesional capturar\u00e1 el instante justo en que haces la gran pregunta. Pero no se detiene ah\u00ed: tras la propuesta, continuar\u00e1s con una sesi\u00f3n de fotos de compromiso por los alrededores. Ya sea en las calles empedradas del casco hist\u00f3rico, en un jard\u00edn con vistas al r\u00edo Tajo o en alguno de los miradores m\u00e1s bellos de la ciudad, la sesi\u00f3n permitir\u00e1 obtener recuerdos \u00fanicos en una de las ciudades m\u00e1s fotog\u00e9nicas de Europa.<\/span><\/p>\n<p style=\"text-align: justify;\"><span style=\"font-weight: 400;\">Esta pedida de mano en Lisboa es ideal para parejas que buscan un momento especial, \u00edntimo, y que valoran tanto la est\u00e9tica como la emoci\u00f3n.<\/span><\/p>\n<h3 style=\"text-align: justify;\"><span style=\"font-weight: 400;\">Lo que incluye tu pedida de mano en Lisboa con decoraci\u00f3n de p\u00e9talos de rosa:<\/span><\/h3>\n<ul style=\"text-align: justify;\">\n<li aria-level=\"1\"><span style=\"font-weight: 400;\">Fot\u00f3grafo profesional<\/span><\/li>\n<\/ul>\n<ul style=\"text-align: justify;\">\n<li aria-level=\"1\"><span style=\"font-weight: 400;\">Ramo de flores<\/span><\/li>\n<\/ul>\n<ul style=\"text-align: justify;\">\n<li aria-level=\"1\"><span style=\"font-weight: 400;\">Decoraci\u00f3n con p\u00e9talos de rosa y letras \u201cMARRY ME\u201d<\/span><\/li>\n<\/ul>\n<ul style=\"text-align: justify;\">\n<li aria-level=\"1\"><span style=\"font-weight: 400;\">Organizaci\u00f3n completa de la propuesta de matrimonio<\/span><\/li>\n<\/ul>\n<p style=\"text-align: justify;\"><b>Precio: a consultar<\/b><\/p>\n<h3 style=\"text-align: justify;\"><span style=\"font-weight: 400;\">Se puede a\u00f1adir:<\/span><\/h3>\n<ul style=\"text-align: justify;\">\n<li style=\"font-weight: 400;\" aria-level=\"1\"><span style=\"font-weight: 400;\">Video profesional<\/span><\/li>\n<li style=\"font-weight: 400;\" aria-level=\"1\"><span style=\"font-weight: 400;\">M\u00fasica en directo (guitarra o viol\u00edn)<\/span><\/li>\n<li style=\"font-weight: 400;\" aria-level=\"1\"><span style=\"font-weight: 400;\">Transporte privado<\/span><\/li>\n<li style=\"font-weight: 400;\" aria-level=\"1\"><span style=\"font-weight: 400;\">Ramo de flores adicional<\/span><\/li>\n<\/ul>\n<p style=\"text-align: justify;\"><span style=\"font-weight: 400;\">\u00a1Config\u00faralo como t\u00fa quieras!<\/span><\/p>\n<h3 style=\"text-align: justify;\"><span style=\"font-weight: 400;\">Facilidad de pago<\/span><\/h3>\n<p style=\"text-align: justify;\"><span style=\"font-weight: 400;\">Esta pedida de mano en Lisboa es completamente personalizable y puede adaptarse a tus deseos, estilo y presupuesto. Solo tienes que decirnos c\u00f3mo imaginas ese instante, y nosotros nos encargamos del resto. Reserva sin complicaciones, con facilidad de pago y atenci\u00f3n personalizada.<\/span><\/p>\n<p style=\"text-align: justify;\"><span style=\"font-weight: 400;\">Haz que tu pedida de mano en Lisboa con decoraci\u00f3n de p\u00e9talos de rosa sea tan \u00fanica como tu historia de amor.<\/span><\/p>\n<p style=\"text-align: justify;\"><span style=\"font-weight: 400;\">Nota importante: Las tarifas no son reembolsables en caso de cancelaci\u00f3n del evento por cualquier motivo.<\/span><\/p>\n<p><\/p>","protected":false},"excerpt":{"rendered":"<p style=\"text-align: justify;\"><span style=\"font-weight: 400;\">Una pedida de mano en Lisboa con decoraci\u00f3n de p\u00e9talos de rosa es perfecta para quienes sue\u00f1an con un momento lleno de emoci\u00f3n, est\u00e9tica y significado. Lisboa, con sus paisajes encantadores es el escenario ideal.<\/span><b> Precio a consultar. Puedes reservar con un adelanto y abonar el resto el d\u00eda del evento.<\/b><\/p>\n","protected":false},"featured_media":38216,"comment_status":"open","ping_status":"closed","template":"","meta":{"_mo_disable_npp":""},"product_brand":[],"product_cat":[3003],"product_tag":[3346,3347,3349],"class_list":{"0":"post-38211","1":"product","2":"type-product","3":"status-publish","4":"has-post-thumbnail","6":"product_cat-marriage-proposal-packages-in-europe","7":"product_tag-pedida-de-mano-en-lisboa","8":"product_tag-pedida-de-mano-en-lisboa-2026","9":"product_tag-pedida-de-mano-en-lisboa-con-petalos-de-rosa","11":"first","12":"instock","13":"taxable","14":"shipping-taxable","15":"product-type-simple"},"_links":{"self":[{"href":"https:\/\/perfectvenue.eu\/es\/wp-json\/wp\/v2\/product\/38211","targetHints":{"allow":["GET"]}}],"collection":[{"href":"https:\/\/perfectvenue.eu\/es\/wp-json\/wp\/v2\/product"}],"about":[{"href":"https:\/\/perfectvenue.eu\/es\/wp-json\/wp\/v2\/types\/product"}],"replies":[{"embeddable":true,"href":"https:\/\/perfectvenue.eu\/es\/wp-json\/wp\/v2\/comments?post=38211"}],"wp:featuredmedia":[{"embeddable":true,"href":"https:\/\/perfectvenue.eu\/es\/wp-json\/wp\/v2\/media\/38216"}],"wp:attachment":[{"href":"https:\/\/perfectvenue.eu\/es\/wp-json\/wp\/v2\/media?parent=38211"}],"wp:term":[{"taxonomy":"product_brand","embeddable":true,"href":"https:\/\/perfectvenue.eu\/es\/wp-json\/wp\/v2\/product_brand?post=38211"},{"taxonomy":"product_cat","embeddable":true,"href":"https:\/\/perfectvenue.eu\/es\/wp-json\/wp\/v2\/product_cat?post=38211"},{"taxonomy":"product_tag","embeddable":true,"href":"https:\/\/perfectvenue.eu\/es\/wp-json\/wp\/v2\/product_tag?post=38211"}],"curies":[{"name":"wp","href":"https:\/\/api.w.org\/{rel}","templated":true}]}}