{"id":38225,"date":"2025-06-30T09:18:09","date_gmt":"2025-06-30T08:18:09","guid":{"rendered":"https:\/\/perfectvenue.eu\/?post_type=product&#038;p=38225"},"modified":"2025-09-09T16:18:56","modified_gmt":"2025-09-09T15:18:56","slug":"marriage-proposal-in-lisbon-views","status":"publish","type":"product","link":"https:\/\/perfectvenue.eu\/es\/product\/pedida-de-mano-en-lisboa-en-una-azotea-privada-con-vistas-unicas\/","title":{"rendered":"Pedida de mano en Lisboa en una azotea privada con vistas \u00fanicas"},"content":{"rendered":"<p><\/p>\n<p style=\"text-align: justify;\"><span style=\"font-weight: 400;\">Esta pedida de mano en Lisboa est\u00e1 dise\u00f1ada para quienes desean un momento privado y sin excesos, donde lo importante es la emoci\u00f3n del instante y el entorno cuidado. La azotea se alquila exclusivamente para vosotros, garantizando privacidad y tranquilidad, fundamental para vivir una pedida de mano de ensue\u00f1o y crear un recuerdo de un momento inolvidable en vuestras vidas.<\/span><\/p>\n<p style=\"text-align: justify;\"><span style=\"font-weight: 400;\">Ten en cuenta que, por normativa del lugar, no es posible alquilar el jard\u00edn para bodas, ceremonias o fiestas, y tampoco se permiten montajes decorativos grandes, letras gigantes ni el uso de drones. Sin embargo, se ofrece una decoraci\u00f3n b\u00e1sica y elegante, perfecta para mantener un ambiente rom\u00e1ntico sin alterar el estilo original del espacio.<\/span><\/p>\n<p style=\"text-align: justify;\"><span style=\"font-weight: 400;\">Un fot\u00f3grafo profesional estar\u00e1 presente para capturar el momento exacto en que haces la gran pregunta, adem\u00e1s de realizar una breve sesi\u00f3n en el entorno de la azotea, aprovechando la luz natural y las vistas de la ciudad. Cada elemento de esta pedida de mano en Lisboa ha sido pensado para ofrecer una experiencia emocional, sencilla y significativa.<\/span><\/p>\n<h3 style=\"text-align: justify;\"><span style=\"font-weight: 400;\">Lo que incluye tu pedida de mano en Lisboa en una azotea privada:<\/span><\/h3>\n<ul style=\"text-align: justify;\">\n<li aria-level=\"1\"><span style=\"font-weight: 400;\">Alquiler privado del lugar<\/span><\/li>\n<\/ul>\n<ul style=\"text-align: justify;\">\n<li aria-level=\"1\"><span style=\"font-weight: 400;\">Fot\u00f3grafo profesional<\/span><\/li>\n<\/ul>\n<ul style=\"text-align: justify;\">\n<li aria-level=\"1\"><span style=\"font-weight: 400;\">Decoraci\u00f3n b\u00e1sica incluida<\/span><\/li>\n<\/ul>\n<ul style=\"text-align: justify;\">\n<li aria-level=\"1\"><span style=\"font-weight: 400;\">Organizaci\u00f3n completa de la propuesta de matrimonio<\/span><\/li>\n<\/ul>\n<p style=\"text-align: justify;\"><b>Precio: a consultar<\/b><\/p>\n<h3 style=\"text-align: justify;\"><span style=\"font-weight: 400;\">Se puede a\u00f1adir:<\/span><\/h3>\n<ul style=\"text-align: justify;\">\n<li style=\"font-weight: 400;\" aria-level=\"1\"><span style=\"font-weight: 400;\">Video profesional<\/span><\/li>\n<li style=\"font-weight: 400;\" aria-level=\"1\"><span style=\"font-weight: 400;\">Ramo de flores adicional<\/span><\/li>\n<li style=\"font-weight: 400;\" aria-level=\"1\"><span style=\"font-weight: 400;\">Cena rom\u00e1ntica para dos en habitaci\u00f3n privada<\/span><\/li>\n<li style=\"font-weight: 400;\" aria-level=\"1\"><span style=\"font-weight: 400;\">M\u00fasica en directo (guitarra o viol\u00edn)<\/span><\/li>\n<li style=\"font-weight: 400;\" aria-level=\"1\"><span style=\"font-weight: 400;\">Transporte privado<\/span><\/li>\n<\/ul>\n<p style=\"text-align: justify;\"><span style=\"font-weight: 400;\">\u00a1Config\u00faralo como t\u00fa quieras!<\/span><\/p>\n<h3 style=\"text-align: justify;\"><span style=\"font-weight: 400;\">Facilidad de pago<\/span><\/h3>\n<p style=\"text-align: justify;\"><span style=\"font-weight: 400;\">Esta pedida de mano en Lisboa es perfecta para quienes desean algo \u00edntimo, con vistas espectaculares y sin complicaciones. Adaptamos cada detalle a tu estilo y necesidades para que el momento sea exactamente como lo imaginaste.<\/span><\/p>\n<p style=\"text-align: justify;\"><span style=\"font-weight: 400;\">Haz de tu pedida de mano en Lisboa en una azotea privada un recuerdo que os acompa\u00f1e para siempre.<\/span><\/p>\n<p style=\"text-align: justify;\"><span style=\"font-weight: 400;\">Nota importante: Las tarifas no son reembolsables en caso de cancelaci\u00f3n del evento por cualquier motivo.<\/span><\/p>\n<p><\/p>","protected":false},"excerpt":{"rendered":"<p style=\"text-align: justify;\"><span style=\"font-weight: 400;\">Descubre una forma \u00edntima y especial de sorprender a tu pareja con una pedida de mano en Lisboa en una azotea privada, con vistas panor\u00e1micas que capturan la esencia rom\u00e1ntica de la ciudad.<\/span><b> Precio a consultar. Puedes reservar con un adelanto y abonar el resto el mismo d\u00eda del evento.<\/b><\/p>\n","protected":false},"featured_media":38228,"comment_status":"open","ping_status":"closed","template":"","meta":{"_mo_disable_npp":""},"product_brand":[],"product_cat":[3003],"product_tag":[3346,3347,3351,3400],"class_list":{"0":"post-38225","1":"product","2":"type-product","3":"status-publish","4":"has-post-thumbnail","6":"product_cat-marriage-proposal-packages-in-europe","7":"product_tag-pedida-de-mano-en-lisboa","8":"product_tag-pedida-de-mano-en-lisboa-2026","9":"product_tag-pedida-de-mano-en-lisboa-azotea","10":"product_tag-3400","12":"first","13":"instock","14":"taxable","15":"shipping-taxable","16":"product-type-simple"},"_links":{"self":[{"href":"https:\/\/perfectvenue.eu\/es\/wp-json\/wp\/v2\/product\/38225","targetHints":{"allow":["GET"]}}],"collection":[{"href":"https:\/\/perfectvenue.eu\/es\/wp-json\/wp\/v2\/product"}],"about":[{"href":"https:\/\/perfectvenue.eu\/es\/wp-json\/wp\/v2\/types\/product"}],"replies":[{"embeddable":true,"href":"https:\/\/perfectvenue.eu\/es\/wp-json\/wp\/v2\/comments?post=38225"}],"wp:featuredmedia":[{"embeddable":true,"href":"https:\/\/perfectvenue.eu\/es\/wp-json\/wp\/v2\/media\/38228"}],"wp:attachment":[{"href":"https:\/\/perfectvenue.eu\/es\/wp-json\/wp\/v2\/media?parent=38225"}],"wp:term":[{"taxonomy":"product_brand","embeddable":true,"href":"https:\/\/perfectvenue.eu\/es\/wp-json\/wp\/v2\/product_brand?post=38225"},{"taxonomy":"product_cat","embeddable":true,"href":"https:\/\/perfectvenue.eu\/es\/wp-json\/wp\/v2\/product_cat?post=38225"},{"taxonomy":"product_tag","embeddable":true,"href":"https:\/\/perfectvenue.eu\/es\/wp-json\/wp\/v2\/product_tag?post=38225"}],"curies":[{"name":"wp","href":"https:\/\/api.w.org\/{rel}","templated":true}]}}