{"id":38231,"date":"2025-06-30T09:27:18","date_gmt":"2025-06-30T08:27:18","guid":{"rendered":"https:\/\/perfectvenue.eu\/?post_type=product&#038;p=38231"},"modified":"2025-09-09T16:16:59","modified_gmt":"2025-09-09T15:16:59","slug":"marriage-proposal-in-lisbon-decoration","status":"publish","type":"product","link":"https:\/\/perfectvenue.eu\/es\/product\/pedida-de-mano-en-lisboa-en-una-habitacion-de-hotel-decorada-con-petalos-y-letras-marry-me\/","title":{"rendered":"Pedida de mano en Lisboa en una habitaci\u00f3n de hotel decorada con p\u00e9talos y letras MARRY ME"},"content":{"rendered":"<p><\/p>\n<p style=\"text-align: justify;\"><span style=\"font-weight: 400;\">Esta pedida de mano en Lisboa se desarrolla en la tranquilidad de una habitaci\u00f3n de hotel preparada especialmente para vosotros. La decoraci\u00f3n incluye letras \u201cMARRY ME\u201d y un camino o coraz\u00f3n de p\u00e9talos de rosa, creando un ambiente rom\u00e1ntico, acogedor y perfecto para la gran pregunta. Todo est\u00e1 preparado con mimo y discreci\u00f3n, cuidando cada detalle para que la atm\u00f3sfera sea m\u00e1gica desde el primer instante.<\/span><\/p>\n<p style=\"text-align: justify;\"><span style=\"font-weight: 400;\">Un fot\u00f3grafo profesional capturar\u00e1 el momento exacto de la propuesta, as\u00ed como los minutos posteriores, asegurando recuerdos inolvidables de este instante tan especial. La habitaci\u00f3n se convierte as\u00ed en un refugio \u00edntimo para vivir uno de los d\u00edas m\u00e1s importantes de vuestra historia juntos.<\/span><\/p>\n<p style=\"text-align: justify;\"><span style=\"font-weight: 400;\">Esta pedida de mano en Lisboa es ideal para quienes valoran la comodidad de un entorno privado sin renunciar al romanticismo ni a la belleza de una propuesta bien organizada.<\/span><\/p>\n<h3 style=\"text-align: justify;\"><span style=\"font-weight: 400;\">Lo que incluye tu pedida de mano en Lisboa en una habitaci\u00f3n de hotel<\/span><\/h3>\n<ul style=\"text-align: justify;\">\n<li aria-level=\"1\"><span style=\"font-weight: 400;\">Decoraci\u00f3n con letras \u201cMARRY ME\u201d y p\u00e9talos de rosa<\/span><\/li>\n<\/ul>\n<ul style=\"text-align: justify;\">\n<li aria-level=\"1\"><span style=\"font-weight: 400;\">Fot\u00f3grafo profesional<\/span><\/li>\n<\/ul>\n<ul style=\"text-align: justify;\">\n<li aria-level=\"1\"><span style=\"font-weight: 400;\">Organizaci\u00f3n completa de la propuesta de matrimonio<\/span><\/li>\n<\/ul>\n<p style=\"text-align: justify;\"><b>Precio: A consultar<\/b><\/p>\n<p style=\"text-align: justify;\"><span style=\"font-family: Hanken; font-size: 1.5rem;\">Se puede a\u00f1adir:<\/span><\/p>\n<ul style=\"text-align: justify;\">\n<li style=\"font-weight: 400;\" aria-level=\"1\"><span style=\"font-weight: 400;\">Video profesional<\/span><\/li>\n<li style=\"font-weight: 400;\" aria-level=\"1\"><span style=\"font-weight: 400;\">Ramo de flores adicional<\/span><\/li>\n<li style=\"font-weight: 400;\" aria-level=\"1\"><span style=\"font-weight: 400;\">M\u00fasica en directo (guitarra o viol\u00edn)<\/span><\/li>\n<li style=\"font-weight: 400;\" aria-level=\"1\"><span style=\"font-weight: 400;\">Transporte privado<\/span><\/li>\n<\/ul>\n<p style=\"text-align: justify;\"><span style=\"font-weight: 400;\">\u00a1Config\u00faralo como t\u00fa quieras!<\/span><\/p>\n<h3 style=\"text-align: justify;\"><span style=\"font-weight: 400;\">Facilidad de pago<\/span><\/h3>\n<p style=\"text-align: justify;\"><span style=\"font-weight: 400;\">Con esta pedida de mano en Lisboa, todo est\u00e1 preparado para que vivas un momento m\u00e1gico, \u00edntimo y lleno de significado. Dise\u00f1amos cada detalle a tu gusto para que todo salga perfecto.<\/span><\/p>\n<p style=\"text-align: justify;\"><span style=\"font-weight: 400;\">Haz que tu pedida de mano en Lisboa en una habitaci\u00f3n de hotel sea un recuerdo que os acompa\u00f1e para siempre.<\/span><\/p>\n<p style=\"text-align: justify;\"><span style=\"font-weight: 400;\">Nota importante: Las tarifas no son reembolsables en caso de cancelaci\u00f3n del evento por cualquier motivo.<\/span><\/p>\n<p><\/p>","protected":false},"excerpt":{"rendered":"<p style=\"text-align: justify;\"><span style=\"font-weight: 400;\">Si est\u00e1s buscando una propuesta \u00edntima, rom\u00e1ntica y cuidada al detalle, esta pedida de mano en Lisboa en una habitaci\u00f3n de hotel es la opci\u00f3n perfecta. Perfecta para quienes desean un entorno privado y elegante.<\/span><b> Precio a consultar. Reserva con un adelanto y paga el resto el d\u00eda del evento.<\/b><\/p>\n","protected":false},"featured_media":38235,"comment_status":"open","ping_status":"closed","template":"","meta":{"_mo_disable_npp":""},"product_brand":[],"product_cat":[3003],"product_tag":[3346,3347,3350,3400],"class_list":{"0":"post-38231","1":"product","2":"type-product","3":"status-publish","4":"has-post-thumbnail","6":"product_cat-marriage-proposal-packages-in-europe","7":"product_tag-pedida-de-mano-en-lisboa","8":"product_tag-pedida-de-mano-en-lisboa-2026","9":"product_tag-pedida-de-mano-en-lisboa-habitacion-de-hotel-decorada","10":"product_tag-3400","12":"first","13":"instock","14":"taxable","15":"shipping-taxable","16":"product-type-simple"},"_links":{"self":[{"href":"https:\/\/perfectvenue.eu\/es\/wp-json\/wp\/v2\/product\/38231","targetHints":{"allow":["GET"]}}],"collection":[{"href":"https:\/\/perfectvenue.eu\/es\/wp-json\/wp\/v2\/product"}],"about":[{"href":"https:\/\/perfectvenue.eu\/es\/wp-json\/wp\/v2\/types\/product"}],"replies":[{"embeddable":true,"href":"https:\/\/perfectvenue.eu\/es\/wp-json\/wp\/v2\/comments?post=38231"}],"wp:featuredmedia":[{"embeddable":true,"href":"https:\/\/perfectvenue.eu\/es\/wp-json\/wp\/v2\/media\/38235"}],"wp:attachment":[{"href":"https:\/\/perfectvenue.eu\/es\/wp-json\/wp\/v2\/media?parent=38231"}],"wp:term":[{"taxonomy":"product_brand","embeddable":true,"href":"https:\/\/perfectvenue.eu\/es\/wp-json\/wp\/v2\/product_brand?post=38231"},{"taxonomy":"product_cat","embeddable":true,"href":"https:\/\/perfectvenue.eu\/es\/wp-json\/wp\/v2\/product_cat?post=38231"},{"taxonomy":"product_tag","embeddable":true,"href":"https:\/\/perfectvenue.eu\/es\/wp-json\/wp\/v2\/product_tag?post=38231"}],"curies":[{"name":"wp","href":"https:\/\/api.w.org\/{rel}","templated":true}]}}