{"id":38927,"date":"2026-02-20T10:14:40","date_gmt":"2026-02-20T09:14:40","guid":{"rendered":"https:\/\/perfectvenue.eu\/?post_type=product&#038;p=38927"},"modified":"2026-02-20T10:23:04","modified_gmt":"2026-02-20T09:23:04","slug":"marriage-proposal-dubai-yacht","status":"publish","type":"product","link":"https:\/\/perfectvenue.eu\/es\/product\/pedida-de-mano-en-dubai-en-un-yate-un-sueno-de-lujo\/","title":{"rendered":"Pedida de mano en Dubai en un yate \u00a1un sue\u00f1o de lujo!"},"content":{"rendered":"<p><\/p>\n<p style=\"text-align: justify;\"><span style=\"font-weight: 400;\">\u00bfTe llama la atenci\u00f3n Dubai pero no sabes como declararte? Pues qu\u00e9 mejor opci\u00f3n que una pedida de mano en Dubai en un yate. Es una alternativa que combina el glamour y el lujo a partes iguales. Adem\u00e1s, puedes reservarlo a ciertas horas \u00a1o incluso todo el d\u00eda!<\/span><\/p>\n<p style=\"text-align: justify;\"><span style=\"font-weight: 400;\">Se trata de una experiencia \u00fanica, donde la privacidad, el romanticismo y la elegancia se combinan en perfecta armon\u00eda para crear un ambiente \u00edntimo y sofisticado. Desde las brillantes luces de la ciudad hasta las aguas cristalinas del Golfo P\u00e9rsico. \u00bfQu\u00e9 m\u00e1s se puede pedir?<\/span><\/p>\n<p style=\"text-align: justify;\"><span style=\"font-weight: 400;\">Pues igual puedes contar con un fot\u00f3grafo profesional, un ramo de flores, cava, velas, fotos \u00a1o todo aquello que se te ocurra! Es un momento \u00fanico en la vida y debe quedar plasmado de la mejor manera posible. Adem\u00e1s, que al hacer tu pedida de mano en Dubai en un yate puedes aprovechar despu\u00e9s y disfrutar del skyline de la ciudad, con sus ic\u00f3nicos rascacielos y la impresionante silueta del Burj Khalifa ilumin\u00e1ndose en la noche.<\/span><\/p>\n<p style=\"text-align: justify;\"><span style=\"font-weight: 400;\">El simple hecho de estar acompa\u00f1ados de m\u00fasica, de la brisa marina, del suave vaiv\u00e9n del yate y de la vista panor\u00e1mica de la ciudad, ya hace que cada momento valga la pena. Por eso, este escenario exclusivo ser\u00e1 el comienzo perfecto de vuestra historia de amor.<\/span><\/p>\n<p style=\"text-align: justify;\"><span style=\"font-weight: 400;\">\u00a1No lo pienses m\u00e1s y haz tu pedida de mano en Dubai en un yate!<\/span><\/p>\n<h3 style=\"text-align: justify;\"><span style=\"font-weight: 400;\">Lo que incluye tu pedida de mano en Dubai en un yate:<\/span><\/h3>\n<ul style=\"text-align: justify;\">\n<li style=\"font-weight: 400;\" aria-level=\"1\"><span style=\"font-weight: 400;\">Fot\u00f3grafo<\/span><\/li>\n<li style=\"font-weight: 400;\" aria-level=\"1\"><span style=\"font-weight: 400;\">Alquiler yate<\/span><\/li>\n<li style=\"font-weight: 400;\" aria-level=\"1\"><span style=\"font-weight: 400;\">Decoraci\u00f3n b\u00e1sica<\/span><\/li>\n<li style=\"font-weight: 400;\" aria-level=\"1\"><span style=\"font-weight: 400;\">Organizaci\u00f3n de la propuesta de matrimonio<\/span><\/li>\n<\/ul>\n<p style=\"text-align: justify;\"><b>Precio: a consultar<\/b><\/p>\n<h3 style=\"text-align: justify;\"><span style=\"font-weight: 400;\">Se puede a\u00f1adir:<\/span><\/h3>\n<ul style=\"text-align: justify;\">\n<li style=\"font-weight: 400;\" aria-level=\"1\"><span style=\"font-weight: 400;\">Video<\/span><\/li>\n<li style=\"font-weight: 400;\" aria-level=\"1\"><span style=\"font-weight: 400;\">Ramo de flores<\/span><\/li>\n<li style=\"font-weight: 400;\" aria-level=\"1\"><span style=\"font-weight: 400;\">Cena para dos\u00a0<\/span><\/li>\n<li style=\"font-weight: 400;\" aria-level=\"1\"><span style=\"font-weight: 400;\">M\u00fasica en directo (guitarra o viol\u00edn)\u00a0<\/span><\/li>\n<li style=\"font-weight: 400;\" aria-level=\"1\"><span style=\"font-weight: 400;\">Transporte<\/span><\/li>\n<li style=\"font-weight: 400;\" aria-level=\"1\"><span style=\"font-weight: 400;\">Decoraci\u00f3n personalizada<\/span><\/li>\n<li style=\"font-weight: 400;\" aria-level=\"1\"><span style=\"font-weight: 400;\">\u00a1Config\u00faralo como quieras!<\/span><\/li>\n<\/ul>\n<h3 style=\"text-align: justify;\"><span style=\"font-weight: 400;\">Facilidad de pago<\/span><\/h3>\n<p style=\"text-align: justify;\"><span style=\"font-weight: 400;\">No es necesario pagar \u00edntegramente el importe de la pedida de mano en Dubai en un yate. Simplemente es necesario reservar con un adelanto y el resto darla en el d\u00eda del evento.\u00a0<\/span><\/p>\n<p style=\"text-align: justify;\"><span style=\"font-weight: 400;\">\u00a1Despreoc\u00fapate y vive tu nueva vida con clase!<\/span><\/p>\n<p style=\"text-align: justify;\"><span style=\"font-weight: 400;\">*Las tarifas no son reembolsables si el evento se cancela por cualquier motivo.<\/span><\/p>\n<p><\/p>","protected":false},"excerpt":{"rendered":"<p style=\"text-align: justify;\"><span style=\"font-weight: 400;\">Este paquete de pedida de mano en Dubai en un yate ofrece un entorno rom\u00e1ntico y de lujo, creando una experiencia \u00fanica para declarar tu amor. <\/span><b>Precio a consultar. Es necesario formalizar la reserva con un adelanto.<\/b><\/p>\n","protected":false},"featured_media":41178,"comment_status":"open","ping_status":"closed","template":"","meta":{"_mo_disable_npp":""},"product_brand":[],"product_cat":[3003],"product_tag":[],"class_list":{"0":"post-38927","1":"product","2":"type-product","3":"status-publish","4":"has-post-thumbnail","6":"product_cat-marriage-proposal-packages-in-europe","8":"first","9":"instock","10":"taxable","11":"shipping-taxable","12":"product-type-simple"},"_links":{"self":[{"href":"https:\/\/perfectvenue.eu\/es\/wp-json\/wp\/v2\/product\/38927","targetHints":{"allow":["GET"]}}],"collection":[{"href":"https:\/\/perfectvenue.eu\/es\/wp-json\/wp\/v2\/product"}],"about":[{"href":"https:\/\/perfectvenue.eu\/es\/wp-json\/wp\/v2\/types\/product"}],"replies":[{"embeddable":true,"href":"https:\/\/perfectvenue.eu\/es\/wp-json\/wp\/v2\/comments?post=38927"}],"wp:featuredmedia":[{"embeddable":true,"href":"https:\/\/perfectvenue.eu\/es\/wp-json\/wp\/v2\/media\/41178"}],"wp:attachment":[{"href":"https:\/\/perfectvenue.eu\/es\/wp-json\/wp\/v2\/media?parent=38927"}],"wp:term":[{"taxonomy":"product_brand","embeddable":true,"href":"https:\/\/perfectvenue.eu\/es\/wp-json\/wp\/v2\/product_brand?post=38927"},{"taxonomy":"product_cat","embeddable":true,"href":"https:\/\/perfectvenue.eu\/es\/wp-json\/wp\/v2\/product_cat?post=38927"},{"taxonomy":"product_tag","embeddable":true,"href":"https:\/\/perfectvenue.eu\/es\/wp-json\/wp\/v2\/product_tag?post=38927"}],"curies":[{"name":"wp","href":"https:\/\/api.w.org\/{rel}","templated":true}]}}