{"id":38971,"date":"2026-02-17T14:21:33","date_gmt":"2026-02-17T13:21:33","guid":{"rendered":"https:\/\/perfectvenue.eu\/?post_type=product&#038;p=38971"},"modified":"2026-02-17T14:19:23","modified_gmt":"2026-02-17T13:19:23","slug":"marriage-proposal-dubai-views","status":"publish","type":"product","link":"https:\/\/perfectvenue.eu\/es\/product\/pedida-de-mano-en-dubai-con-vistas-al-burj-al-arab-en-la-playa-inigualable\/","title":{"rendered":"Pedida de mano en Dubai con vistas al Burj Al Arab en la playa \u00a1inigualable!"},"content":{"rendered":"<p><\/p>\n<p style=\"text-align: justify;\"><span style=\"font-weight: 400;\">\u00bfQuieres sorprender a esa persona especial con una pedida de mano en Dubai con vistas al Burj Al Arab en la playa? \u00a1Pues deber\u00edas! Puedes arrodillarte en una bonita cala, rodeada de belleza natural y ese ambiente lujoso que solo ofrece Dubai. Da igual que sea al amanecer que al anochecer, porque esta ciudad no defrauda.<\/span><\/p>\n<p style=\"text-align: justify;\"><span style=\"font-weight: 400;\">Sin duda se trata del escenario perfecto para hacer una pedida de mano, ya que cada detalle aporta glamour y romanticismo a partes iguales. Desde sus arenas blancas y aguas cristalinas hasta la iluminaci\u00f3n que resalta las vistas espectaculares del Burj Al Arab.<\/span><\/p>\n<p style=\"text-align: justify;\"><span style=\"font-weight: 400;\">Y es que el contraste de naturaleza y elegancia exclusiva de la ciudad hace que todo sea perfecto. Puedes a\u00f1adir tus toques personales, tal como una alfombra roja, un coraz\u00f3n de flores gigante, letras de madera que digan \u201cC\u00e1sate conmigo\u201d, fotos \u00a1y todo lo que se te ocurra! De esta forma har\u00e1s que la pedida de mano en Dubai con vistas al Burj Al Arab en la playa sea m\u00e1s memorable.<\/span><\/p>\n<p style=\"text-align: justify;\"><span style=\"font-weight: 400;\">Adem\u00e1s, tras el \u201cs\u00ed quiero\u201d, pod\u00e9is ir a cenar a un restaurante gourmet o incluso hacer un picnic rom\u00e1ntico a la luz de las velas o de la propia ciudad, acompa\u00f1ados por la suave brisa del mar e incluso de m\u00fasica. Esto har\u00e1 que\u00a0 la atm\u00f3sfera sea tranquila y llena de belleza por el entorno, consiguiendo que tu pareja se sienta realmente especial en ese instante tan significativo.<\/span><span style=\"font-weight: 400;\"><br \/>\n<\/span><span style=\"font-weight: 400;\"><br \/>\n<\/span><span style=\"font-weight: 400;\">Sin duda, esta pedida de mano en Dubai con vistas al Burj Al Arab en la playa ser\u00e1 la historia que ambos contar\u00e1n con cari\u00f1o durante toda la vida. \u00a1As\u00ed que no lo pienses m\u00e1s!<\/span><\/p>\n<h3 style=\"text-align: justify;\"><span style=\"font-weight: 400;\">Lo que incluye tu pedida de mano en Dubai con vistas al Burj Al Arab en la playa:<\/span><\/h3>\n<ul style=\"text-align: justify;\">\n<li style=\"font-weight: 400;\" aria-level=\"1\"><span style=\"font-weight: 400;\">Fot\u00f3grafo<\/span><\/li>\n<li style=\"font-weight: 400;\" aria-level=\"1\"><span style=\"font-weight: 400;\">Decoraci\u00f3n b\u00e1sica<\/span><\/li>\n<li style=\"font-weight: 400;\" aria-level=\"1\"><span style=\"font-weight: 400;\">Organizaci\u00f3n de la propuesta de matrimonio<\/span><\/li>\n<\/ul>\n<p style=\"text-align: justify;\"><b>Precio: a consultar<\/b><\/p>\n<h3 style=\"text-align: justify;\"><span style=\"font-weight: 400;\">Se puede a\u00f1adir:<\/span><\/h3>\n<ul style=\"text-align: justify;\">\n<li style=\"font-weight: 400;\" aria-level=\"1\"><span style=\"font-weight: 400;\">Video<\/span><\/li>\n<li style=\"font-weight: 400;\" aria-level=\"1\"><span style=\"font-weight: 400;\">Ramo de flores<\/span><\/li>\n<li style=\"font-weight: 400;\" aria-level=\"1\"><span style=\"font-weight: 400;\">Cena para dos\u00a0<\/span><\/li>\n<li style=\"font-weight: 400;\" aria-level=\"1\"><span style=\"font-weight: 400;\">M\u00fasica en directo (guitarra o viol\u00edn)\u00a0<\/span><\/li>\n<li style=\"font-weight: 400;\" aria-level=\"1\"><span style=\"font-weight: 400;\">Transporte<\/span><\/li>\n<li style=\"font-weight: 400;\" aria-level=\"1\"><span style=\"font-weight: 400;\">Decoraci\u00f3n personalizada<\/span><\/li>\n<li style=\"font-weight: 400;\" aria-level=\"1\"><span style=\"font-weight: 400;\">\u00a1Config\u00faralo como quieras!<\/span><\/li>\n<\/ul>\n<h3 style=\"text-align: justify;\"><span style=\"font-weight: 400;\">Facilidad de pago<\/span><\/h3>\n<p style=\"text-align: justify;\"><span style=\"font-weight: 400;\">No es necesario pagar \u00edntegramente el importe de la p<\/span><span style=\"font-weight: 400;\">edida de mano en Dubai con vistas al Burj Al Arab en la playa<\/span><span style=\"font-weight: 400;\">.\u00a0Es necesario formalizar la reserva con un pago previo.<\/span><\/p>\n<p style=\"text-align: justify;\"><span style=\"font-weight: 400;\">\u00a1Despreocupate y vive tu nueva vida con clase!<\/span><\/p>\n<p style=\"text-align: justify;\"><span style=\"font-weight: 400;\">*Las tarifas no son reembolsables si el evento se cancela por cualquier motivo.<\/span><\/p>\n<p><\/p>","protected":false},"excerpt":{"rendered":"<p style=\"text-align: justify;\"><span style=\"font-weight: 400;\">Este paquete de pedida de mano en Dubai con vistas al Burj Al Arab en la playa ofrece un entorno rom\u00e1ntico y de lujo, creando una experiencia \u00fanica para declarar tu amor. <\/span><b>Precio: a consultar. Es necesario formalizar la reserva con un pago previo.<\/b><\/p>\n","protected":false},"featured_media":41121,"comment_status":"open","ping_status":"closed","template":"","meta":{"_mo_disable_npp":""},"product_brand":[],"product_cat":[3003],"product_tag":[3385,3383,3384],"class_list":{"0":"post-38971","1":"product","2":"type-product","3":"status-publish","4":"has-post-thumbnail","6":"product_cat-marriage-proposal-packages-in-europe","7":"product_tag-dubai-proposal","8":"product_tag-3383","9":"product_tag-3384","11":"first","12":"instock","13":"taxable","14":"shipping-taxable","15":"product-type-simple"},"_links":{"self":[{"href":"https:\/\/perfectvenue.eu\/es\/wp-json\/wp\/v2\/product\/38971","targetHints":{"allow":["GET"]}}],"collection":[{"href":"https:\/\/perfectvenue.eu\/es\/wp-json\/wp\/v2\/product"}],"about":[{"href":"https:\/\/perfectvenue.eu\/es\/wp-json\/wp\/v2\/types\/product"}],"replies":[{"embeddable":true,"href":"https:\/\/perfectvenue.eu\/es\/wp-json\/wp\/v2\/comments?post=38971"}],"wp:featuredmedia":[{"embeddable":true,"href":"https:\/\/perfectvenue.eu\/es\/wp-json\/wp\/v2\/media\/41121"}],"wp:attachment":[{"href":"https:\/\/perfectvenue.eu\/es\/wp-json\/wp\/v2\/media?parent=38971"}],"wp:term":[{"taxonomy":"product_brand","embeddable":true,"href":"https:\/\/perfectvenue.eu\/es\/wp-json\/wp\/v2\/product_brand?post=38971"},{"taxonomy":"product_cat","embeddable":true,"href":"https:\/\/perfectvenue.eu\/es\/wp-json\/wp\/v2\/product_cat?post=38971"},{"taxonomy":"product_tag","embeddable":true,"href":"https:\/\/perfectvenue.eu\/es\/wp-json\/wp\/v2\/product_tag?post=38971"}],"curies":[{"name":"wp","href":"https:\/\/api.w.org\/{rel}","templated":true}]}}