{"id":39048,"date":"2026-03-09T10:10:08","date_gmt":"2026-03-09T09:10:08","guid":{"rendered":"https:\/\/perfectvenue.eu\/?post_type=product&#038;p=39048"},"modified":"2026-03-30T04:29:05","modified_gmt":"2026-03-30T03:29:05","slug":"proposal-in-dubai-on-a-boat-with-flowers","status":"publish","type":"product","link":"https:\/\/perfectvenue.eu\/es\/product\/pedida-de-mano-en-dubai-barca-flores\/","title":{"rendered":"Pedida de mano en Dubai en una barca con flores \u00a1Originalidad a flote!"},"content":{"rendered":"<p><\/p>\n<p style=\"text-align: justify;\"><span style=\"font-weight: 400;\">\u00bfTe llama la atenci\u00f3n Dubai pero no sabes como declararte? Pues qu\u00e9 mejor opci\u00f3n que una pedida de mano en Dubai en una barca con flores. Es una alternativa que combina el glamour y el lujo a partes iguales. Adem\u00e1s, puedes reservarlo a ciertas horas \u00a1o incluso todo el d\u00eda!<\/span><\/p>\n<p style=\"text-align: justify;\"><span style=\"font-weight: 400;\">La barca, decorada con arreglos florales en tonos blancos, rosados y rojos, transmite una sensaci\u00f3n de elegancia y delicadeza. P\u00e9talos de rosa adornan la superficie, creando un camino que invita a la pareja a sumergirse en un momento lleno de romanticismo. La brisa marina acaricia suavemente, mientras las vistas de Dub\u00e1i deslumbran en la distancia, reflej\u00e1ndose en el agua y a\u00f1adiendo un toque de magia a la escena.<\/span><\/p>\n<p style=\"text-align: justify;\"><span style=\"font-weight: 400;\">Para completar la experiencia, se incluye un fot\u00f3grafo profesional, que captura cada instante; el alquiler de la barca, la decoraci\u00f3n floral b\u00e1sica y la organizaci\u00f3n de la pedida de mano en Dubai en una barca con flores. Despu\u00e9s, la pareja puede celebrar con una copa de champagne en la cubierta, disfrutando de la vista espectacular y del recuerdo de esa velada \u00fanica.<\/span><\/p>\n<p style=\"text-align: justify;\"><span style=\"font-weight: 400;\">Y es que esta propuesta de matrimonio combina lujo, romanticismo y elegancia, creando as\u00ed un recuerdo imborrable, adem\u00e1s del comienzo de una nueva etapa llena de amor y sue\u00f1os por cumplir. Por eso, \u00a1no esperes m\u00e1s y haz que tu pedida de mano en Dubai en una barca con flores sea un \u00e9xito asegurado!<\/span><\/p>\n<h3 style=\"text-align: justify;\"><span style=\"font-weight: 400;\">Lo que incluye tu pedida de mano en Dubai en una barca con flores:<\/span><\/h3>\n<ul style=\"text-align: justify;\">\n<li style=\"font-weight: 400;\" aria-level=\"1\"><span style=\"font-weight: 400;\">Fot\u00f3grafo<\/span><\/li>\n<li style=\"font-weight: 400;\" aria-level=\"1\"><span style=\"font-weight: 400;\">Alquiler barca<\/span><\/li>\n<li style=\"font-weight: 400;\" aria-level=\"1\"><span style=\"font-weight: 400;\">Decoraci\u00f3n b\u00e1sica de flores<\/span><\/li>\n<li style=\"font-weight: 400;\" aria-level=\"1\"><span style=\"font-weight: 400;\">Organizaci\u00f3n de la propuesta de matrimonio<\/span><\/li>\n<\/ul>\n<p style=\"text-align: justify;\"><b>Precio: a consultar<\/b><\/p>\n<h3 style=\"text-align: justify;\"><span style=\"font-weight: 400;\">Se puede a\u00f1adir:<\/span><\/h3>\n<ul style=\"text-align: justify;\">\n<li style=\"font-weight: 400;\" aria-level=\"1\"><span style=\"font-weight: 400;\">Video<\/span><\/li>\n<li style=\"font-weight: 400;\" aria-level=\"1\"><span style=\"font-weight: 400;\">Ramo de flores<\/span><\/li>\n<li style=\"font-weight: 400;\" aria-level=\"1\"><span style=\"font-weight: 400;\">Cena para dos\u00a0<\/span><\/li>\n<li style=\"font-weight: 400;\" aria-level=\"1\"><span style=\"font-weight: 400;\">M\u00fasica en directo (guitarra o viol\u00edn)\u00a0<\/span><\/li>\n<li style=\"font-weight: 400;\" aria-level=\"1\"><span style=\"font-weight: 400;\">Transporte<\/span><\/li>\n<li style=\"font-weight: 400;\" aria-level=\"1\"><span style=\"font-weight: 400;\">Decoraci\u00f3n personalizada<\/span><\/li>\n<li style=\"font-weight: 400;\" aria-level=\"1\"><span style=\"font-weight: 400;\">\u00a1Config\u00faralo como quieras!<\/span><\/li>\n<\/ul>\n<h3 style=\"text-align: justify;\"><span style=\"font-weight: 400;\">Facilidad de pago<\/span><\/h3>\n<p style=\"text-align: justify;\"><span style=\"font-weight: 400;\">No es necesario pagar \u00edntegramente el importe de la pedida de mano en Dubai en una barca con flores. Simplemente es necesario reservar con un adelanto y el resto darla en el d\u00eda del evento.\u00a0<\/span><\/p>\n<p style=\"text-align: justify;\"><span style=\"font-weight: 400;\">\u00a1Despreocupate y vive tu nueva vida con clase!<\/span><\/p>\n<p style=\"text-align: justify;\"><span style=\"font-weight: 400;\">*Las tarifas no son reembolsables si el evento se cancela por cualquier motivo.<\/span><br style=\"font-weight: 400;\" \/><br style=\"font-weight: 400;\" \/><\/p>\n<p><\/p>","protected":false},"excerpt":{"rendered":"<p style=\"text-align: justify;\"><span style=\"font-weight: 400;\">Este paquete de pedida de mano en Dubai en una barca con flores ofrece un entorno rom\u00e1ntico y de lujo, creando una experiencia \u00fanica para declarar tu amor. <\/span><b>Precio a consultar. Es necesario formalizar la reserva con un adelanto.<\/b><\/p>\n","protected":false},"featured_media":41278,"comment_status":"open","ping_status":"closed","template":"","meta":{"_mo_disable_npp":""},"product_brand":[],"product_cat":[3003],"product_tag":[3312,3313],"class_list":{"0":"post-39048","1":"product","2":"type-product","3":"status-publish","4":"has-post-thumbnail","6":"product_cat-marriage-proposal-packages-in-europe","7":"product_tag-pedida-de-mano-en-dubai-en-una-barca-con-flores","8":"product_tag-pedida-de-mano-en-dubai-en-una-barca-con-flores-2026","10":"first","11":"instock","12":"taxable","13":"shipping-taxable","14":"product-type-simple"},"_links":{"self":[{"href":"https:\/\/perfectvenue.eu\/es\/wp-json\/wp\/v2\/product\/39048","targetHints":{"allow":["GET"]}}],"collection":[{"href":"https:\/\/perfectvenue.eu\/es\/wp-json\/wp\/v2\/product"}],"about":[{"href":"https:\/\/perfectvenue.eu\/es\/wp-json\/wp\/v2\/types\/product"}],"replies":[{"embeddable":true,"href":"https:\/\/perfectvenue.eu\/es\/wp-json\/wp\/v2\/comments?post=39048"}],"wp:featuredmedia":[{"embeddable":true,"href":"https:\/\/perfectvenue.eu\/es\/wp-json\/wp\/v2\/media\/41278"}],"wp:attachment":[{"href":"https:\/\/perfectvenue.eu\/es\/wp-json\/wp\/v2\/media?parent=39048"}],"wp:term":[{"taxonomy":"product_brand","embeddable":true,"href":"https:\/\/perfectvenue.eu\/es\/wp-json\/wp\/v2\/product_brand?post=39048"},{"taxonomy":"product_cat","embeddable":true,"href":"https:\/\/perfectvenue.eu\/es\/wp-json\/wp\/v2\/product_cat?post=39048"},{"taxonomy":"product_tag","embeddable":true,"href":"https:\/\/perfectvenue.eu\/es\/wp-json\/wp\/v2\/product_tag?post=39048"}],"curies":[{"name":"wp","href":"https:\/\/api.w.org\/{rel}","templated":true}]}}