{"id":40277,"date":"2026-03-06T12:10:03","date_gmt":"2026-03-06T11:10:03","guid":{"rendered":"https:\/\/perfectvenue.eu\/es\/?post_type=product&#038;p=40277"},"modified":"2026-03-08T03:54:21","modified_gmt":"2026-03-08T02:54:21","slug":"%d0%bf%d1%80%d0%b5%d0%b4%d0%bb%d0%be%d0%b6%d0%b5%d0%bd%d0%b8%d0%b5-%d1%80%d1%83%d0%ba%d0%b8-%d0%b8-%d1%81%d0%b5%d1%80%d0%b4%d1%86%d0%b0-%d0%b2-%d1%80%d0%be%d0%b2%d0%b0%d0%bd%d0%b8%d0%b5%d0%bc%d0%b8","status":"publish","type":"product","link":"https:\/\/perfectvenue.eu\/es\/product\/pedida-de-mano-en-rovaniemi-bajo-las-auroras-boreales\/","title":{"rendered":"Pedida de mano en Rovaniemi bajo las auroras boreales"},"content":{"rendered":"<p><\/p>\n<p style=\"text-align: justify;\"><span style=\"font-weight: 400;\">Haz que vuestro compromiso sea tan m\u00e1gico como el cielo \u00e1rtico con una pedida de mano en Rovaniemi bajo las auroras boreales, un escenario que parece creado para los enamorados. Ver las luces del norte danzar en el cielo es una experiencia \u00fanica; pedir matrimonio bajo ellas es algo que pocas personas en el mundo llegan a vivir.<\/span><\/p>\n<p style=\"text-align: justify;\"><span style=\"font-weight: 400;\">Adem\u00e1s, un gu\u00eda experto en ingl\u00e9s os acompa\u00f1ar\u00e1 durante todo el tour, conduci\u00e9ndoos a los mejores lugares para observar las auroras, lejos de la contaminaci\u00f3n lum\u00ednica y en los puntos m\u00e1s prometedores de la noche.<\/span><\/p>\n<p style=\"text-align: justify;\"><span style=\"font-weight: 400;\">Para garantizar que solo teng\u00e1is que preocuparos de disfrutar del momento, la experiencia incluye ropa de abrigo para adultos y ni\u00f1os, perfecta para enfrentar el fr\u00edo \u00e1rtico sin dejar de sentir comodidad. Tambi\u00e9n podr\u00e9is saborear comida local, que a\u00f1ade un toque aut\u00e9ntico y c\u00e1lido a la experiencia, creando un peque\u00f1o refugio en medio de la noche polar.<\/span><\/p>\n<p style=\"text-align: justify;\"><span style=\"font-weight: 400;\">Adem\u00e1s, el transporte est\u00e1 preparado para cualquier clima: viajar\u00e9is en un coche con aire acondicionado y calefacci\u00f3n, ideal para manteneros c\u00f3modos entre parada y parada mientras el gu\u00eda rastrea las mejores condiciones del cielo. Durante el tour, podr\u00e9is tomar todas las fotos que quer\u00e1is con vuestro propio dispositivo, capturando tanto la majestuosidad de las auroras como la emoci\u00f3n del gran momento.<\/span><\/p>\n<p style=\"text-align: justify;\"><span style=\"font-weight: 400;\">Y cuando las luces comiencen a brillar, di unas palabras sinceras, toma la mano de tu pareja y haz la gran pregunta. Las auroras, movi\u00e9ndose sobre vosotros, convertir\u00e1n la pedida en un recuerdo eterno.<\/span><\/p>\n<p style=\"text-align: justify;\"><span style=\"font-weight: 400;\">Una pedida de mano en Rovaniemi bajo las auroras boreales es ideal para quienes buscan magia, aventura y un escenario extraordinario, un momento que no solo se vive: se siente, se guarda y se recuerda para siempre.<\/span><\/p>\n<h3 style=\"text-align: justify;\"><span style=\"font-weight: 400;\">Lo que incluye tu pedida de mano en Rovaniemi bajo las auroras boreales:<\/span><\/h3>\n<ul style=\"text-align: justify;\">\n<li aria-level=\"1\"><span style=\"font-weight: 400;\">Equipo para motos de nieve (moto de nieve, casco y pasamonta\u00f1as)<\/span><\/li>\n<li aria-level=\"1\"><span style=\"font-weight: 400;\">Gu\u00eda tur\u00edstico de habla inglesa<\/span><\/li>\n<li aria-level=\"1\"><span style=\"font-weight: 400;\">Ropa de invierno (adultos y ni\u00f1os)<\/span><\/li>\n<li aria-level=\"1\"><span style=\"font-weight: 400;\">Comida y bebidas locales junto a la fogata en el tipi<\/span><\/li>\n<li aria-level=\"1\"><span style=\"font-weight: 400;\">Informaci\u00f3n sobre las auroras boreales<\/span><\/li>\n<li aria-level=\"1\"><span style=\"font-weight: 400;\">Las recogidas y devoluciones est\u00e1n incluidas en el precio dentro de un radio de 10 km del centro de la ciudad de Rovaniemi.<\/span><\/li>\n<li aria-level=\"1\"><span style=\"font-weight: 400;\">Fotos tomadas con tu m\u00f3vil<\/span><\/li>\n<li aria-level=\"1\"><span style=\"font-weight: 400;\">Coche con aire acondicionado<\/span><\/li>\n<li aria-level=\"1\"><span style=\"font-weight: 400;\">Paseo en trineo para ver la aurora boreal con Staylapland (<\/span><span style=\"font-weight: 400;\">119\u20ac<\/span><span style=\"font-weight: 400;\">)<\/span><\/li>\n<li aria-level=\"1\"><span style=\"font-weight: 400;\">Informaci\u00f3n sobre la vida de los renos, granjas de renos y la cultivaci\u00f3n de renos en general<\/span><\/li>\n<li aria-level=\"1\"><span style=\"font-weight: 400;\">Historias de renos<\/span><\/li>\n<li aria-level=\"1\"><span style=\"font-weight: 400;\">Paseo en reno (aproximadamente 1000 metros)<\/span><\/li>\n<li aria-level=\"1\"><span style=\"font-weight: 400;\">Zumo de bayas caliente y galletas<\/span><\/li>\n<li aria-level=\"1\"><span style=\"font-weight: 400;\">Safari de auroras boreales en reno con StayLapland (189\u20ac)<\/span><\/li>\n<li aria-level=\"1\"><span style=\"font-weight: 400;\">Tour privado para su grupo<\/span><\/li>\n<li aria-level=\"1\"><span style=\"font-weight: 400;\">Instrucciones detalladas sobre c\u00f3mo conducir una moto de nieve de forma segura<\/span><\/li>\n<li aria-level=\"1\"><span style=\"font-weight: 400;\">Tour privado de la aurora boreal en moto de nieve con StayLapland (990 \u20ac)<\/span><\/li>\n<\/ul>\n<p style=\"text-align: justify;\"><b>Precio: a consultar<\/b><\/p>\n<h3 style=\"text-align: justify;\"><span style=\"font-weight: 400;\">Se puede a\u00f1adir:<\/span><\/h3>\n<ul style=\"text-align: justify;\">\n<li aria-level=\"1\"><span style=\"font-weight: 400;\">Entrada gratis al pueblo de Pap\u00e1 Noel<\/span><\/li>\n<li aria-level=\"1\"><span style=\"font-weight: 400;\">Entrada gratis para ver a Pap\u00e1 Noel y a la se\u00f1ora Noel<\/span><\/li>\n<li aria-level=\"1\"><span style=\"font-weight: 400;\">Foto con Pap\u00e1 Noel y la se\u00f1ora Noel entre 30 y 50\u20ac<\/span><\/li>\n<li aria-level=\"1\"><span style=\"font-weight: 400;\">Actividades como trineo de renos o de huskys<\/span><\/li>\n<li aria-level=\"1\"><span style=\"font-weight: 400;\">Decoraci\u00f3n\u00a0<\/span><\/li>\n<li aria-level=\"1\"><span style=\"font-weight: 400;\">Flores<\/span><\/li>\n<li aria-level=\"1\"><span style=\"font-weight: 400;\">Fot\u00f3grafo profesional\u00a0<\/span><\/li>\n<li aria-level=\"1\"><span style=\"font-weight: 400;\">\u00a1Config\u00faralo como t\u00fa quieras!<\/span><\/li>\n<\/ul>\n<h3 style=\"text-align: justify;\"><span style=\"font-weight: 400;\">Facilidad de pago<\/span><\/h3>\n<p style=\"text-align: justify;\"><span style=\"font-weight: 400;\">Nuestro servicio de <\/span><span style=\"font-weight: 400;\">pedida de mano en Rovaniemi bajo las auroras boreales <\/span><span style=\"font-weight: 400;\">se puede pagar de manera f\u00e1cil y sencilla, \u00a1basta con hacer un adelanto y el resto pagarlo el d\u00eda del evento!<\/span><\/p>\n<p style=\"text-align: justify;\"><span style=\"font-weight: 400;\">\u00a1Haz de tu pedida de mano algo especial en el lugar m\u00e1s m\u00e1gico!<\/span><\/p>\n<p style=\"text-align: justify;\"><span style=\"font-weight: 400;\">Nota importante: Las tarifas no son reembolsables en caso de cancelaci\u00f3n del evento por cualquier motivo.<\/span><\/p>\n<p><\/p>","protected":false},"excerpt":{"rendered":"<p style=\"text-align: justify;\"><span style=\"font-weight: 400;\">Convierte tu pedida de mano en Rovaniemi bajo las auroras boreales en una experiencia inolvidable. Incluye todo lo que necesitas para tu celebraci\u00f3n m\u00e1s esperada. <\/span><b>Precio: a consultar. Puedes reservar con un adelanto.<\/b><\/p>\n","protected":false},"featured_media":41284,"comment_status":"open","ping_status":"closed","template":"","meta":{"_mo_disable_npp":""},"product_brand":[],"product_cat":[3003],"product_tag":[3511,3519,3520],"class_list":{"0":"post-40277","1":"product","2":"type-product","3":"status-publish","4":"has-post-thumbnail","6":"product_cat-marriage-proposal-packages-in-europe","7":"product_tag-pedida-de-mano-en-rovaniemi","8":"product_tag-pedida-de-mano-en-rovaniemi-bajo-las-auroras-boreales","9":"product_tag-pedida-de-mano-en-rovaniemi-bajo-las-auroras-boreales-2026","11":"first","12":"instock","13":"taxable","14":"shipping-taxable","15":"product-type-simple"},"_links":{"self":[{"href":"https:\/\/perfectvenue.eu\/es\/wp-json\/wp\/v2\/product\/40277","targetHints":{"allow":["GET"]}}],"collection":[{"href":"https:\/\/perfectvenue.eu\/es\/wp-json\/wp\/v2\/product"}],"about":[{"href":"https:\/\/perfectvenue.eu\/es\/wp-json\/wp\/v2\/types\/product"}],"replies":[{"embeddable":true,"href":"https:\/\/perfectvenue.eu\/es\/wp-json\/wp\/v2\/comments?post=40277"}],"wp:featuredmedia":[{"embeddable":true,"href":"https:\/\/perfectvenue.eu\/es\/wp-json\/wp\/v2\/media\/41284"}],"wp:attachment":[{"href":"https:\/\/perfectvenue.eu\/es\/wp-json\/wp\/v2\/media?parent=40277"}],"wp:term":[{"taxonomy":"product_brand","embeddable":true,"href":"https:\/\/perfectvenue.eu\/es\/wp-json\/wp\/v2\/product_brand?post=40277"},{"taxonomy":"product_cat","embeddable":true,"href":"https:\/\/perfectvenue.eu\/es\/wp-json\/wp\/v2\/product_cat?post=40277"},{"taxonomy":"product_tag","embeddable":true,"href":"https:\/\/perfectvenue.eu\/es\/wp-json\/wp\/v2\/product_tag?post=40277"}],"curies":[{"name":"wp","href":"https:\/\/api.w.org\/{rel}","templated":true}]}}