{"id":40332,"date":"2026-03-04T12:07:30","date_gmt":"2026-03-04T11:07:30","guid":{"rendered":"https:\/\/perfectvenue.eu\/es\/?post_type=product&#038;p=40332"},"modified":"2026-03-04T14:47:08","modified_gmt":"2026-03-04T13:47:08","slug":"%d0%bf%d1%80%d0%b5%d0%b4%d0%bb%d0%be%d0%b6%d0%b5%d0%bd%d0%b8%d0%b5-%d1%80%d1%83%d0%ba%d0%b8-%d0%b8-%d1%81%d0%b5%d1%80%d0%b4%d1%86%d0%b0-%d0%b2-%d1%8d%d0%ba%d1%81%d0%bf%d1%80%d0%b5%d1%81%d1%81%d0%b5","status":"publish","type":"product","link":"https:\/\/perfectvenue.eu\/es\/product\/pedida-de-mano-en-el-bernina-express-en-el-viaducto-de-landwasser\/","title":{"rendered":"Pedida de mano en el Bernina Express en el viaducto de Landwasser"},"content":{"rendered":"<p><\/p>\n<p style=\"text-align: justify;\"><span style=\"font-weight: 400;\">Vivid un instante m\u00e1gico en uno de los escenarios ferroviarios m\u00e1s impresionantes del mundo. La pedida de mano en el Bernina Express en el viaducto de Landwasser, justo al cruzar el emblem\u00e1tico Viaducto de Landwasser, convierte un simple viaje en tren en un recuerdo eterno. Este puente de piedra, suspendido entre monta\u00f1as y catalogado como Patrimonio de la Humanidad, ofrece un marco espectacular para un momento \u00fanico.<\/span><\/p>\n<p style=\"text-align: justify;\"><span style=\"font-weight: 400;\">El imponente Viaducto de Landwasser, con sus seis arcos de piedra tallados en la inmensidad alpina, es uno de los lugares m\u00e1s ic\u00f3nicos del mundo para vivir un instante tan especial. Entre monta\u00f1as, barrancos y la magia de los Alpes suizos, esta pedida de mano en el Bernina Express en el viaducto de Landwasser combina aventura, romanticismo y un toque cinematogr\u00e1fico imposible de replicar.<\/span><\/p>\n<p style=\"text-align: justify;\"><span style=\"font-weight: 400;\">Mientras el tren avanza por las v\u00edas panor\u00e1micas, cada curva revela un paisaje m\u00e1s sorprendente que el anterior. Y entonces llega el instante decisivo.<\/span><\/p>\n<p style=\"text-align: justify;\"><span style=\"font-weight: 400;\">Para ello, p\u00eddele a alguien que os tome una foto \u201cespont\u00e1nea\u201d y sorprende a tu pareja con la pregunta m\u00e1s especial justo cuando atraves\u00e1is el viaducto. La combinaci\u00f3n de sorpresa, altura y belleza natural hace que la escena sea tan aut\u00e9ntica como inolvidable.<\/span><\/p>\n<p style=\"text-align: justify;\"><span style=\"font-weight: 400;\">Esta experiencia puede personalizarse para que el momento sea a\u00fan m\u00e1s especial: desde peque\u00f1os detalles rom\u00e1nticos preparados con antelaci\u00f3n, hasta un brindis al terminar el trayecto o una sesi\u00f3n fotogr\u00e1fica improvisada en alguno de los miradores al llegar a destino.<\/span><\/p>\n<p style=\"text-align: justify;\"><span style=\"font-weight: 400;\">El Bernina Express &amp; Worldwide no es solo un viaje: es un escenario perfecto para declarar amor en uno de los lugares m\u00e1s impresionantes de Suiza, creando un recuerdo que os acompa\u00f1ar\u00e1 para siempre.<\/span><\/p>\n<p style=\"text-align: justify;\"><span style=\"font-weight: 400;\">Por eso, despreocupate y haz que tu pedida de mano en el Bernina Express en el viaducto de Landwasser sea el comienzo de vuestra nueva aventura.<\/span><\/p>\n<h3 style=\"text-align: justify;\"><span style=\"font-weight: 400;\">Lo que incluye tu pedida de mano en el Bernina Express en el viaducto de Landwasser:<\/span><\/h3>\n<ul style=\"text-align: justify;\">\n<li aria-level=\"1\"><span style=\"font-weight: 400;\">Viaje en tren Bernina Express<\/span><\/li>\n<li aria-level=\"1\"><span style=\"font-weight: 400;\">Disponibilidad de ventana bajo petici\u00f3n<\/span><\/li>\n<\/ul>\n<p style=\"text-align: justify;\"><b>Precio: a consultar<\/b><\/p>\n<h3 style=\"text-align: justify;\"><span style=\"font-weight: 400;\">Se puede a\u00f1adir:<\/span><\/h3>\n<ul style=\"text-align: justify;\">\n<li style=\"font-weight: 400;\" aria-level=\"1\"><span style=\"font-weight: 400;\">Decoraci\u00f3n\u00a0<\/span><\/li>\n<li style=\"font-weight: 400;\" aria-level=\"1\"><span style=\"font-weight: 400;\">Flores<\/span><\/li>\n<li style=\"font-weight: 400;\" aria-level=\"1\"><span style=\"font-weight: 400;\">Fot\u00f3grafo profesional\u00a0<\/span><\/li>\n<li style=\"font-weight: 400;\" aria-level=\"1\"><span style=\"font-weight: 400;\">Brindis con champagne<\/span><\/li>\n<li style=\"font-weight: 400;\" aria-level=\"1\"><span style=\"font-weight: 400;\">\u00a1Config\u00faralo como t\u00fa quieras!<\/span><\/li>\n<\/ul>\n<h3 style=\"text-align: justify;\"><span style=\"font-weight: 400;\">Facilidad de pago<\/span><\/h3>\n<p style=\"text-align: justify;\"><span style=\"font-weight: 400;\">Nuestro servicio de pedida de mano en el Bernina Express se puede pagar de manera f\u00e1cil y sencilla, \u00a1basta con hacer un adelanto y el resto pagarlo el d\u00eda del evento!<\/span><\/p>\n<p style=\"text-align: justify;\"><span style=\"font-weight: 400;\">Haz de tu propuesta algo especial con nuestro servicio de pedida de mano en el Bernina Express en el viaducto de Landwasser. \u00a1Hazlo memorable!<\/span><\/p>\n<p style=\"text-align: justify;\"><span style=\"font-weight: 400;\">Nota importante: Las tarifas no son reembolsables en caso de cancelaci\u00f3n del evento por cualquier motivo.<\/span><\/p>\n<p><\/p>","protected":false},"excerpt":{"rendered":"<p style=\"text-align: justify;\"><span style=\"font-weight: 400;\">Convierte tu pedida de mano en el Bernina Express en el viaducto de Landwasser en una experiencia inolvidable. Incluye todo lo que necesitas para que tu celebraci\u00f3n sea perfecta. <\/span><b>Precio: a consultar. Puedes reservar con un adelanto.<\/b><\/p>\n","protected":false},"featured_media":41352,"comment_status":"open","ping_status":"closed","template":"","meta":{"_mo_disable_npp":""},"product_brand":[],"product_cat":[3003],"product_tag":[3541,3542,3543],"class_list":{"0":"post-40332","1":"product","2":"type-product","3":"status-publish","4":"has-post-thumbnail","6":"product_cat-marriage-proposal-packages-in-europe","7":"product_tag-pedida-de-mano-en-el-bernina-express","8":"product_tag-pedida-de-mano-en-el-bernina-express-en-el-viaducto-de-landwasser","9":"product_tag-pedida-de-mano-en-el-bernina-express-en-el-viaducto-de-landwasser-2026","11":"first","12":"instock","13":"taxable","14":"shipping-taxable","15":"product-type-simple"},"_links":{"self":[{"href":"https:\/\/perfectvenue.eu\/es\/wp-json\/wp\/v2\/product\/40332","targetHints":{"allow":["GET"]}}],"collection":[{"href":"https:\/\/perfectvenue.eu\/es\/wp-json\/wp\/v2\/product"}],"about":[{"href":"https:\/\/perfectvenue.eu\/es\/wp-json\/wp\/v2\/types\/product"}],"replies":[{"embeddable":true,"href":"https:\/\/perfectvenue.eu\/es\/wp-json\/wp\/v2\/comments?post=40332"}],"wp:featuredmedia":[{"embeddable":true,"href":"https:\/\/perfectvenue.eu\/es\/wp-json\/wp\/v2\/media\/41352"}],"wp:attachment":[{"href":"https:\/\/perfectvenue.eu\/es\/wp-json\/wp\/v2\/media?parent=40332"}],"wp:term":[{"taxonomy":"product_brand","embeddable":true,"href":"https:\/\/perfectvenue.eu\/es\/wp-json\/wp\/v2\/product_brand?post=40332"},{"taxonomy":"product_cat","embeddable":true,"href":"https:\/\/perfectvenue.eu\/es\/wp-json\/wp\/v2\/product_cat?post=40332"},{"taxonomy":"product_tag","embeddable":true,"href":"https:\/\/perfectvenue.eu\/es\/wp-json\/wp\/v2\/product_tag?post=40332"}],"curies":[{"name":"wp","href":"https:\/\/api.w.org\/{rel}","templated":true}]}}