{"id":40374,"date":"2026-03-04T11:52:37","date_gmt":"2026-03-04T10:52:37","guid":{"rendered":"https:\/\/perfectvenue.eu\/es\/?post_type=product&#038;p=40374"},"modified":"2026-03-04T14:48:40","modified_gmt":"2026-03-04T13:48:40","slug":"pedida-mano-bernina-express-la-curva-panoramica","status":"publish","type":"product","link":"https:\/\/perfectvenue.eu\/es\/product\/pedida-de-mano-en-el-bernina-express-en-la-curva-panoramica\/","title":{"rendered":"Pedida de mano en el Bernina Express en la curva panor\u00e1mica"},"content":{"rendered":"<p><\/p>\n<p style=\"text-align: justify;\"><span style=\"font-weight: 400;\">Convierte un viaje por los Alpes en un recuerdo inolvidable con una pedida de mano en el Bernina Express en la curva panor\u00e1mica, uno de los trenes panor\u00e1micos m\u00e1s espectaculares del mundo. En este recorrido declarado Patrimonio de la Humanidad por la UNESCO, cada minuto revela un paisaje nuevo: glaciares brillantes, lagos turquesa, pueblos suizos de postal y monta\u00f1as que parecen acariciar el cielo.<\/span><\/p>\n<p style=\"text-align: justify;\"><span style=\"font-weight: 400;\">Entre estos escenarios inolvidables se encuentran las famosas curvas panor\u00e1micas, donde el tren se inclina suavemente y ofrece vistas amplias y cinematogr\u00e1ficas a trav\u00e9s de sus enormes ventanales. Es ah\u00ed, en ese instante en el que el paisaje se abre en toda su majestuosidad, cuando surge el momento perfecto para hacer tu pedida de mano en el Bernina Express en la curva panor\u00e1mica.<\/span><\/p>\n<p style=\"text-align: justify;\"><span style=\"font-weight: 400;\">Aprovecha una de las muchas ventanas del tren y, mientras ambos observ\u00e1is el paisaje con la emoci\u00f3n del viaje, ac\u00e9rcate a tu pareja y hazle la gran pregunta. El contraste entre el movimiento suave del tren, la grandeza de los Alpes y la intimidad del instante convierte esta pedida en una experiencia rom\u00e1ntica y aut\u00e9ntica.<\/span><\/p>\n<p style=\"text-align: justify;\"><span style=\"font-weight: 400;\">Tras la pedida, podr\u00e9is disfrutar del resto del trayecto, brindando por vuestro futuro mientras segu\u00eds descubriendo algunos de los paisajes m\u00e1s bellos de Europa. El Bernina Express se convierte as\u00ed no solo en un medio de transporte, sino en el escenario perfecto para el inicio de una nueva etapa juntos.<\/span><\/p>\n<p style=\"text-align: justify;\"><span style=\"font-weight: 400;\">Una pedida de mano sencilla, espont\u00e1nea y absolutamente inolvidable, en un lugar donde la naturaleza y la emoci\u00f3n se unen de manera perfecta. Por eso, despreoc\u00fapate y haz que tu pedida de mano en el Bernina Express en la curva panor\u00e1mica sea todo un \u00e9xito.<\/span><\/p>\n<h3 style=\"text-align: justify;\"><span style=\"font-weight: 400;\">Lo que incluye tu pedida de mano en el Bernina Express en la curva panor\u00e1mica:<\/span><\/h3>\n<ul style=\"text-align: justify;\">\n<li aria-level=\"1\"><span style=\"font-weight: 400;\">Viaje en tren Bernina Express<\/span><\/li>\n<li aria-level=\"1\"><span style=\"font-weight: 400;\">Disponibilidad de ventana bajo petici\u00f3n<\/span><\/li>\n<\/ul>\n<p style=\"text-align: justify;\"><b>Precio: a consultar<\/b><\/p>\n<h3 style=\"text-align: justify;\"><span style=\"font-weight: 400;\">Se puede a\u00f1adir:<\/span><\/h3>\n<ul style=\"text-align: justify;\">\n<li style=\"font-weight: 400;\" aria-level=\"1\"><span style=\"font-weight: 400;\">Decoraci\u00f3n\u00a0<\/span><\/li>\n<li style=\"font-weight: 400;\" aria-level=\"1\"><span style=\"font-weight: 400;\">Flores<\/span><\/li>\n<li style=\"font-weight: 400;\" aria-level=\"1\"><span style=\"font-weight: 400;\">Fot\u00f3grafo profesional\u00a0<\/span><\/li>\n<li style=\"font-weight: 400;\" aria-level=\"1\"><span style=\"font-weight: 400;\">Brindis con champagne<\/span><\/li>\n<li style=\"font-weight: 400;\" aria-level=\"1\"><span style=\"font-weight: 400;\">\u00a1Config\u00faralo como t\u00fa quieras!<\/span><\/li>\n<\/ul>\n<h3 style=\"text-align: justify;\"><span style=\"font-weight: 400;\">Facilidad de pago<\/span><\/h3>\n<p style=\"text-align: justify;\"><span style=\"font-weight: 400;\">Nuestro servicio de pedida de mano en el Bernina Express se puede pagar de manera f\u00e1cil y sencilla, \u00a1basta con hacer un adelanto y el resto pagarlo el d\u00eda del evento!<\/span><\/p>\n<p style=\"text-align: justify;\"><span style=\"font-weight: 400;\">Haz de tu propuesta algo especial con nuestro servicio de pedida de mano en el Bernina Express en la curva panor\u00e1mica. \u00a1Hazlo memorable!<\/span><\/p>\n<p style=\"text-align: justify;\"><span style=\"font-weight: 400;\">Nota importante: Las tarifas no son reembolsables en caso de cancelaci\u00f3n del evento por cualquier motivo.<\/span><\/p>\n<p><\/p>","protected":false},"excerpt":{"rendered":"<p style=\"text-align: justify;\"><span style=\"font-weight: 400;\">Convierte tu pedida de mano en el Bernina Express en la curva panor\u00e1mica en una experiencia inmejorable. Incluye todo lo que necesitas para que tu propuesta sea perfecta. <\/span><b>Precio: a consultar. Puedes reservar con un adelanto.<\/b><\/p>\n","protected":false},"featured_media":41347,"comment_status":"open","ping_status":"closed","template":"","meta":{"_mo_disable_npp":""},"product_brand":[],"product_cat":[3003],"product_tag":[3541,3549,3550],"class_list":{"0":"post-40374","1":"product","2":"type-product","3":"status-publish","4":"has-post-thumbnail","6":"product_cat-marriage-proposal-packages-in-europe","7":"product_tag-pedida-de-mano-en-el-bernina-express","8":"product_tag-pedida-de-mano-en-el-bernina-express-en-la-curva-panoramica","9":"product_tag-pedida-de-mano-en-el-bernina-express-en-la-curva-panoramica-2026","11":"first","12":"instock","13":"taxable","14":"shipping-taxable","15":"product-type-simple"},"_links":{"self":[{"href":"https:\/\/perfectvenue.eu\/es\/wp-json\/wp\/v2\/product\/40374","targetHints":{"allow":["GET"]}}],"collection":[{"href":"https:\/\/perfectvenue.eu\/es\/wp-json\/wp\/v2\/product"}],"about":[{"href":"https:\/\/perfectvenue.eu\/es\/wp-json\/wp\/v2\/types\/product"}],"replies":[{"embeddable":true,"href":"https:\/\/perfectvenue.eu\/es\/wp-json\/wp\/v2\/comments?post=40374"}],"wp:featuredmedia":[{"embeddable":true,"href":"https:\/\/perfectvenue.eu\/es\/wp-json\/wp\/v2\/media\/41347"}],"wp:attachment":[{"href":"https:\/\/perfectvenue.eu\/es\/wp-json\/wp\/v2\/media?parent=40374"}],"wp:term":[{"taxonomy":"product_brand","embeddable":true,"href":"https:\/\/perfectvenue.eu\/es\/wp-json\/wp\/v2\/product_brand?post=40374"},{"taxonomy":"product_cat","embeddable":true,"href":"https:\/\/perfectvenue.eu\/es\/wp-json\/wp\/v2\/product_cat?post=40374"},{"taxonomy":"product_tag","embeddable":true,"href":"https:\/\/perfectvenue.eu\/es\/wp-json\/wp\/v2\/product_tag?post=40374"}],"curies":[{"name":"wp","href":"https:\/\/api.w.org\/{rel}","templated":true}]}}