{"id":40442,"date":"2026-03-04T12:40:06","date_gmt":"2026-03-04T11:40:06","guid":{"rendered":"https:\/\/perfectvenue.eu\/es\/?post_type=product&#038;p=40442"},"modified":"2026-03-05T12:10:53","modified_gmt":"2026-03-05T11:10:53","slug":"pedida-mano-bernina-express-billete-especial","status":"publish","type":"product","link":"https:\/\/perfectvenue.eu\/es\/product\/pedida-de-mano-en-el-bernina-express-con-un-billete-especial\/","title":{"rendered":"Pedida de mano en el Bernina Express con un billete especial"},"content":{"rendered":"<p><\/p>\n<p style=\"text-align: justify;\"><span style=\"font-weight: 400;\">Convierte vuestro viaje en tren en un momento \u00fanico con esta pedida de mano en el Bernina Express con un billete especial. Se trata de una manera original y emotiva de sorprender a tu pareja desde el primer instante.<\/span><\/p>\n<p style=\"text-align: justify;\"><span style=\"font-weight: 400;\">Antes de subir al tren, prepara un billete falso del Bernina Express dise\u00f1ado con cari\u00f1o, cuidando cada detalle para que parezca aut\u00e9ntico pero que contenga un mensaje m\u00e1gico y personal. Puede llevar escrito algo como: \u201cPr\u00f3xima parada: nuestra vida juntos. \u00bfQuieres casarte conmigo?\u201d, o cualquier frase que tenga un significado especial para vosotros. Este peque\u00f1o gesto se convertir\u00e1 en el detonante de un momento inolvidable, as\u00ed como un recuerdo tangible.<\/span><\/p>\n<p style=\"text-align: justify;\"><span style=\"font-weight: 400;\">Puedes d\u00e1rselo durante el control de seguridad, como si fuera parte del procedimiento habitual del viaje. Cuando tu pareja lo reciba y lea el mensaje, la sorpresa ser\u00e1 total.<\/span><\/p>\n<p style=\"text-align: justify;\"><span style=\"font-weight: 400;\">Despu\u00e9s de leerlo, podr\u00e1s hacer la gran pregunta directamente, con el paisaje de los Alpes como testigo del comienzo de una nueva etapa. A partir de ah\u00ed, el resto del viaje se llenar\u00e1 de miradas emocionadas, fotos, risas y la maravillosa sensaci\u00f3n de que el futuro acaba de empezar.<\/span><\/p>\n<p style=\"text-align: justify;\"><span style=\"font-weight: 400;\">Esta pedida de mano en el Bernina Express es perfecta para quienes buscan creatividad, simbolismo y un toque personal, transformando un simple billete en el recuerdo m\u00e1s valioso del viaje.<\/span><\/p>\n<h3 style=\"text-align: justify;\"><span style=\"font-weight: 400;\">Lo que incluye tu pedida de mano en el Bernina Express con un billete especial:<\/span><\/h3>\n<ul style=\"text-align: justify;\">\n<li aria-level=\"1\"><span style=\"font-weight: 400;\">Viaje en tren Bernina Express<\/span><\/li>\n<li aria-level=\"1\"><span style=\"font-weight: 400;\">Disponibilidad de ventana bajo petici\u00f3n<\/span><\/li>\n<\/ul>\n<p style=\"text-align: justify;\"><b>Precio: a consultar<\/b><\/p>\n<h3 style=\"text-align: justify;\"><span style=\"font-weight: 400;\">Se puede a\u00f1adir:<\/span><\/h3>\n<ul style=\"text-align: justify;\">\n<li style=\"font-weight: 400;\" aria-level=\"1\"><span style=\"font-weight: 400;\">Decoraci\u00f3n\u00a0<\/span><\/li>\n<li style=\"font-weight: 400;\" aria-level=\"1\"><span style=\"font-weight: 400;\">Flores<\/span><\/li>\n<li style=\"font-weight: 400;\" aria-level=\"1\"><span style=\"font-weight: 400;\">Bombones<\/span><\/li>\n<li style=\"font-weight: 400;\" aria-level=\"1\"><span style=\"font-weight: 400;\">Fot\u00f3grafo profesional\u00a0<\/span><\/li>\n<li style=\"font-weight: 400;\" aria-level=\"1\"><span style=\"font-weight: 400;\">Brindis con champagne<\/span><\/li>\n<li style=\"font-weight: 400;\" aria-level=\"1\"><span style=\"font-weight: 400;\">\u00a1Config\u00faralo como t\u00fa quieras!<\/span><\/li>\n<\/ul>\n<h3 style=\"text-align: justify;\"><span style=\"font-weight: 400;\">Facilidad de pago<\/span><\/h3>\n<p style=\"text-align: justify;\"><span style=\"font-weight: 400;\">Nuestro servicio de pedida de mano en el Bernina Express se puede pagar de manera f\u00e1cil y sencilla, \u00a1basta con hacer un adelanto y el resto pagarlo el d\u00eda del evento!<\/span><\/p>\n<p style=\"text-align: justify;\"><span style=\"font-weight: 400;\">Haz de tu propuesta algo especial con nuestro servicio de pedida de mano en el Bernina Express con un billete especial. \u00a1Crea un momento de ensue\u00f1o!<\/span><\/p>\n<p style=\"text-align: justify;\"><span style=\"font-weight: 400;\">Nota importante: Las tarifas no son reembolsables en caso de cancelaci\u00f3n del evento por cualquier motivo.<\/span><\/p>\n<p><\/p>","protected":false},"excerpt":{"rendered":"<p style=\"text-align: justify;\"><span style=\"font-weight: 400;\">Convierte tu pedida de mano en el Bernina Express con un billete especial en una experiencia m\u00e1gica. Incluye todo lo que necesitas para que tu propuesta sea perfecta. <\/span><b>Precio: a consultar. Puedes reservar con un adelanto.<\/b><\/p>\n","protected":false},"featured_media":41365,"comment_status":"open","ping_status":"closed","template":"","meta":{"_mo_disable_npp":""},"product_brand":[],"product_cat":[3003],"product_tag":[3541,3564,3565],"class_list":{"0":"post-40442","1":"product","2":"type-product","3":"status-publish","4":"has-post-thumbnail","6":"product_cat-marriage-proposal-packages-in-europe","7":"product_tag-pedida-de-mano-en-el-bernina-express","8":"product_tag-pedida-de-mano-en-el-bernina-express-con-un-billete-especial","9":"product_tag-pedida-de-mano-en-el-bernina-express-con-un-billete-especial-2026","11":"first","12":"instock","13":"taxable","14":"shipping-taxable","15":"product-type-simple"},"_links":{"self":[{"href":"https:\/\/perfectvenue.eu\/es\/wp-json\/wp\/v2\/product\/40442","targetHints":{"allow":["GET"]}}],"collection":[{"href":"https:\/\/perfectvenue.eu\/es\/wp-json\/wp\/v2\/product"}],"about":[{"href":"https:\/\/perfectvenue.eu\/es\/wp-json\/wp\/v2\/types\/product"}],"replies":[{"embeddable":true,"href":"https:\/\/perfectvenue.eu\/es\/wp-json\/wp\/v2\/comments?post=40442"}],"wp:featuredmedia":[{"embeddable":true,"href":"https:\/\/perfectvenue.eu\/es\/wp-json\/wp\/v2\/media\/41365"}],"wp:attachment":[{"href":"https:\/\/perfectvenue.eu\/es\/wp-json\/wp\/v2\/media?parent=40442"}],"wp:term":[{"taxonomy":"product_brand","embeddable":true,"href":"https:\/\/perfectvenue.eu\/es\/wp-json\/wp\/v2\/product_brand?post=40442"},{"taxonomy":"product_cat","embeddable":true,"href":"https:\/\/perfectvenue.eu\/es\/wp-json\/wp\/v2\/product_cat?post=40442"},{"taxonomy":"product_tag","embeddable":true,"href":"https:\/\/perfectvenue.eu\/es\/wp-json\/wp\/v2\/product_tag?post=40442"}],"curies":[{"name":"wp","href":"https:\/\/api.w.org\/{rel}","templated":true}]}}