{"id":40458,"date":"2026-03-06T11:24:58","date_gmt":"2026-03-06T10:24:58","guid":{"rendered":"https:\/\/perfectvenue.eu\/es\/?post_type=product&#038;p=40458"},"modified":"2026-03-06T16:41:54","modified_gmt":"2026-03-06T15:41:54","slug":"pedida-mano-bernina-express-al-final-del-viaje","status":"publish","type":"product","link":"https:\/\/perfectvenue.eu\/es\/product\/pedida-de-mano-en-el-bernina-express-al-final-del-viaje\/","title":{"rendered":"Pedida de mano en el Bernina Express al final del viaje"},"content":{"rendered":"<p><\/p>\n<p style=\"text-align: justify;\"><span style=\"font-weight: 400;\">Haz que vuestro viaje en tren sea memorable con una pedida de mano en el Bernina Express al final del trayecto, en la \u00faltima estaci\u00f3n. Despu\u00e9s de recorrer paisajes espectaculares, viaductos impresionantes, glaciares y valles alpinos, llegar al and\u00e9n de la \u00faltima parada puede ser el momento culminante para un gesto lleno de romanticismo.<\/span><\/p>\n<p style=\"text-align: justify;\"><span style=\"font-weight: 400;\">Tras horas de disfrutar de paisajes incre\u00edbles y momentos compartidos, la pregunta al final del trayecto a\u00f1ade un toque de solemnidad, intimidad y belleza que dif\u00edcilmente se puede replicar en otro lugar y momento del viaje.<\/span><\/p>\n<p style=\"text-align: justify;\"><span style=\"font-weight: 400;\">Por eso, una pedida de mano al final del Bernina Express permite capturar la reacci\u00f3n entre el tren, los paisajes y el ambiente \u00fanico de la estaci\u00f3n, creando recuerdos que quedar\u00e1n grabados para siempre. Despu\u00e9s de la propuesta, podr\u00e9is celebrar juntos, yendo a pasear, a cenar, tomar fotos y disfrutar del inicio de una nueva etapa mientras record\u00e1is todo lo vivido.<\/span><\/p>\n<p style=\"text-align: justify;\"><span style=\"font-weight: 400;\">Esta pedida de mano en el Bernina Express al final del viaje es ideal para quienes buscan romanticismo, sorpresa y un final espectacular, transformando un viaje panor\u00e1mico en tren en el escenario perfecto para comenzar vuestra vida juntos.<\/span><\/p>\n<h3 style=\"text-align: justify;\"><span style=\"font-weight: 400;\">Lo que incluye tu pedida de mano en el Bernina Express al final del viaje:<\/span><\/h3>\n<ul style=\"text-align: justify;\">\n<li aria-level=\"1\"><span style=\"font-weight: 400;\">Viaje en tren Bernina Express<\/span><\/li>\n<li aria-level=\"1\"><span style=\"font-weight: 400;\">Disponibilidad de ventana bajo petici\u00f3n<\/span><\/li>\n<\/ul>\n<p style=\"text-align: justify;\"><b>Precio: a consultar<\/b><\/p>\n<h3 style=\"text-align: justify;\"><span style=\"font-weight: 400;\">Se puede a\u00f1adir:<\/span><\/h3>\n<ul style=\"text-align: justify;\">\n<li style=\"font-weight: 400;\" aria-level=\"1\"><span style=\"font-weight: 400;\">Reserva en un restaurante de la zona<\/span><\/li>\n<li style=\"font-weight: 400;\" aria-level=\"1\"><span style=\"font-weight: 400;\">Decoraci\u00f3n\u00a0<\/span><\/li>\n<li style=\"font-weight: 400;\" aria-level=\"1\"><span style=\"font-weight: 400;\">Flores<\/span><\/li>\n<li style=\"font-weight: 400;\" aria-level=\"1\"><span style=\"font-weight: 400;\">Bombones<\/span><\/li>\n<li style=\"font-weight: 400;\" aria-level=\"1\"><span style=\"font-weight: 400;\">Fot\u00f3grafo profesional\u00a0<\/span><\/li>\n<li style=\"font-weight: 400;\" aria-level=\"1\"><span style=\"font-weight: 400;\">Brindis con champagne<\/span><\/li>\n<li style=\"font-weight: 400;\" aria-level=\"1\"><span style=\"font-weight: 400;\">\u00a1Config\u00faralo como t\u00fa quieras!<\/span><\/li>\n<\/ul>\n<h3 style=\"text-align: justify;\"><span style=\"font-weight: 400;\">Facilidad de pago<\/span><\/h3>\n<p style=\"text-align: justify;\"><span style=\"font-weight: 400;\">Nuestro servicio de pedida de mano en el Bernina Express se puede pagar de manera f\u00e1cil y sencilla, \u00a1basta con hacer un adelanto y el resto pagarlo el d\u00eda del evento!<\/span><\/p>\n<p style=\"text-align: justify;\"><span style=\"font-weight: 400;\">Haz de tu propuesta algo especial con nuestro servicio de pedida de mano en el Bernina Express al final del viaje. \u00a1Crea un momento de ensue\u00f1o!<\/span><\/p>\n<p style=\"text-align: justify;\"><span style=\"font-weight: 400;\">Nota importante: Las tarifas no son reembolsables en caso de cancelaci\u00f3n del evento por cualquier motivo.<\/span><\/p>\n<p><\/p>","protected":false},"excerpt":{"rendered":"<p style=\"text-align: justify;\"><span style=\"font-weight: 400;\">Convierte tu pedida de mano en el Bernina Express al final del viaje es una experiencia inolvidable. Incluye todo lo que necesitas para que tu propuesta sea perfecta. <\/span><b>Precio: a consultar. Puedes reservar con un adelanto.<\/b><\/p>\n","protected":false},"featured_media":41330,"comment_status":"open","ping_status":"closed","template":"","meta":{"_mo_disable_npp":""},"product_brand":[],"product_cat":[3003],"product_tag":[3541,3571,3572],"class_list":{"0":"post-40458","1":"product","2":"type-product","3":"status-publish","4":"has-post-thumbnail","6":"product_cat-marriage-proposal-packages-in-europe","7":"product_tag-pedida-de-mano-en-el-bernina-express","8":"product_tag-pedida-de-mano-en-el-bernina-express-al-final-del-viaje","9":"product_tag-pedida-de-mano-en-el-bernina-express-al-final-del-viaje-2026","11":"first","12":"instock","13":"taxable","14":"shipping-taxable","15":"product-type-simple"},"_links":{"self":[{"href":"https:\/\/perfectvenue.eu\/es\/wp-json\/wp\/v2\/product\/40458","targetHints":{"allow":["GET"]}}],"collection":[{"href":"https:\/\/perfectvenue.eu\/es\/wp-json\/wp\/v2\/product"}],"about":[{"href":"https:\/\/perfectvenue.eu\/es\/wp-json\/wp\/v2\/types\/product"}],"replies":[{"embeddable":true,"href":"https:\/\/perfectvenue.eu\/es\/wp-json\/wp\/v2\/comments?post=40458"}],"wp:featuredmedia":[{"embeddable":true,"href":"https:\/\/perfectvenue.eu\/es\/wp-json\/wp\/v2\/media\/41330"}],"wp:attachment":[{"href":"https:\/\/perfectvenue.eu\/es\/wp-json\/wp\/v2\/media?parent=40458"}],"wp:term":[{"taxonomy":"product_brand","embeddable":true,"href":"https:\/\/perfectvenue.eu\/es\/wp-json\/wp\/v2\/product_brand?post=40458"},{"taxonomy":"product_cat","embeddable":true,"href":"https:\/\/perfectvenue.eu\/es\/wp-json\/wp\/v2\/product_cat?post=40458"},{"taxonomy":"product_tag","embeddable":true,"href":"https:\/\/perfectvenue.eu\/es\/wp-json\/wp\/v2\/product_tag?post=40458"}],"curies":[{"name":"wp","href":"https:\/\/api.w.org\/{rel}","templated":true}]}}