{"id":40988,"date":"2026-02-23T10:23:14","date_gmt":"2026-02-23T09:23:14","guid":{"rendered":"https:\/\/perfectvenue.eu\/es\/?post_type=product&#038;p=40988"},"modified":"2026-02-23T10:23:45","modified_gmt":"2026-02-23T09:23:45","slug":"%d0%bf%d1%80%d0%b5%d0%b4%d0%bb%d0%be%d0%b6%d0%b5%d0%bd%d0%b8%d0%b5-%d1%80%d1%83%d0%ba%d0%b8-%d0%b8-%d1%81%d0%b5%d1%80%d0%b4%d1%86%d0%b0-%d0%bd%d0%b0-%d1%84%d1%80%d0%b0%d0%bd%d1%86%d1%83%d0%b7%d1%81","status":"publish","type":"product","link":"https:\/\/perfectvenue.eu\/es\/product\/pedida-de-mano-en-la-riviera-francesa-en-un-yate-privado-con-vistas-zarpa-desde-monaco\/","title":{"rendered":"Pedida de mano en la Riviera Francesa en un yate privado con vistas: \u00a1zarpa desde M\u00f3naco!"},"content":{"rendered":"<p><\/p>\n<p style=\"text-align: justify;\">La pedida de mano en la Riviera Francesa en un yate privado con vistas es una de esas experiencias que parecen sacadas de una pel\u00edcula rom\u00e1ntica, donde cada detalle se alinea para crear un recuerdo imborrable. Zarpar desde M\u00f3naco, cuna del lujo y la elegancia mediterr\u00e1nea, marca el inicio de una traves\u00eda \u00edntima y sofisticada, perfecta para hacer la gran pregunta.<\/p>\n<p style=\"text-align: justify;\">A medida que el yate avanza por la costa de M\u00f3naco, las vistas se vuelven cada vez m\u00e1s espectaculares. Acantilados cubiertos de vegetaci\u00f3n, villas escondidas entre pinos y pueblos costeros que parecen colgados del mar acompa\u00f1an el recorrido. Lugares como Cap-d\u2019Ail, Beaulieu-sur-Mer o \u00c8ze aportan un tel\u00f3n de fondo natural que eleva la experiencia a otro nivel. En este contexto, una Pedida de mano en la Riviera Francesa en un yate con vistas se convierte en algo profundamente personal y exclusivo.<\/p>\n<p style=\"text-align: justify;\">Adem\u00e1s, el yate permite personalizar cada aspecto de la experiencia. Desde una cena privada preparada por un chef a bordo, hasta m\u00fasica elegida especialmente para la ocasi\u00f3n, flores, fotograf\u00edas profesionales o incluso m\u00fasica en directo. Todo suma para que la pedida no sea solo un \u201cs\u00ed\u201d, sino una vivencia completa que cuente una historia.<\/p>\n<p style=\"text-align: justify;\">Por eso, elegir una pedida de mano en la Riviera Francesa en un yate privado con vistas es apostar por la elegancia, la intimidad y el romanticismo en su m\u00e1xima expresi\u00f3n. Es unir el simbolismo del viaje con el compromiso de comenzar uno nuevo juntos.<\/p>\n<h3 style=\"text-align: justify;\">Lo que incluye tu pedida de mano en la Riviera Francesa en un yate privado con vistas:<\/h3>\n<ul style=\"text-align: justify;\">\n<li aria-level=\"1\">Paseo en yate privado<\/li>\n<li aria-level=\"1\">Fot\u00f3grafo<\/li>\n<li aria-level=\"1\">Decoraci\u00f3n b\u00e1sica<\/li>\n<li aria-level=\"1\">Ramo de flores<\/li>\n<li aria-level=\"1\">Planificaci\u00f3n de la propuesta de matrimonio<\/li>\n<\/ul>\n<p style=\"text-align: justify;\"><b>Precio: a consultar<\/b><\/p>\n<h3 style=\"text-align: justify;\">Se puede a\u00f1adir:<\/h3>\n<ul style=\"text-align: justify;\">\n<li aria-level=\"1\">Video<\/li>\n<li aria-level=\"1\">M\u00fasica en directo (guitarra o viol\u00edn)<\/li>\n<li aria-level=\"1\">Cena rom\u00e1ntica<\/li>\n<li aria-level=\"1\">Champ\u00e1n o cava<\/li>\n<li aria-level=\"1\">Letras Marry Me<\/li>\n<li aria-level=\"1\">\u00a1Configuralo como t\u00fa quieras!<\/li>\n<\/ul>\n<h3 style=\"text-align: justify;\">Facilidad de pago<\/h3>\n<p style=\"text-align: justify;\">\u00a1S\u00ed! Y es que no es necesario pagar \u00edntegramente el importe de la pedida de mano en la Riviera Francesa en un yate privado con vistas. Simplemente es necesario reservar con un adelanto y el resto darla en el d\u00eda del evento.<\/p>\n<p style=\"text-align: justify;\">\u00a1Comodidad para ti!<\/p>\n<p style=\"text-align: justify;\">*Las tarifas no son reembolsables si el evento se cancela por cualquier motivo.<\/p>\n<p><\/p>","protected":false},"excerpt":{"rendered":"<p style=\"text-align: justify;\">Este paquete de pedida de mano en la Riviera francesa en un yate privado con vistas ofrece un entorno m\u00e1gico, donde el glamour y la naturaleza se fusionan, creando una experiencia \u00fanica para declarar tu amor. <b>Precio: a consultar. Es necesario formalizar la reserva con un adelanto.<\/b><\/p>\n","protected":false},"featured_media":40991,"comment_status":"open","ping_status":"closed","template":"","meta":{"_mo_disable_npp":""},"product_brand":[],"product_cat":[2756],"product_tag":[3642,3643,3644],"class_list":{"0":"post-40988","1":"product","2":"type-product","3":"status-publish","4":"has-post-thumbnail","6":"product_cat-marriage-proposal-packages-in-france","7":"product_tag-pedida-de-mano-en-la-riviera-francesa-en-un-yate-privado","8":"product_tag-pedida-de-mano-en-la-riviera-francesa-en-un-yate-privado-con-vistas","9":"product_tag-pedida-de-mano-en-la-riviera-francesa-en-un-yate-privado-con-vistas-elegante","11":"first","12":"instock","13":"taxable","14":"shipping-taxable","15":"product-type-simple"},"_links":{"self":[{"href":"https:\/\/perfectvenue.eu\/es\/wp-json\/wp\/v2\/product\/40988","targetHints":{"allow":["GET"]}}],"collection":[{"href":"https:\/\/perfectvenue.eu\/es\/wp-json\/wp\/v2\/product"}],"about":[{"href":"https:\/\/perfectvenue.eu\/es\/wp-json\/wp\/v2\/types\/product"}],"replies":[{"embeddable":true,"href":"https:\/\/perfectvenue.eu\/es\/wp-json\/wp\/v2\/comments?post=40988"}],"wp:featuredmedia":[{"embeddable":true,"href":"https:\/\/perfectvenue.eu\/es\/wp-json\/wp\/v2\/media\/40991"}],"wp:attachment":[{"href":"https:\/\/perfectvenue.eu\/es\/wp-json\/wp\/v2\/media?parent=40988"}],"wp:term":[{"taxonomy":"product_brand","embeddable":true,"href":"https:\/\/perfectvenue.eu\/es\/wp-json\/wp\/v2\/product_brand?post=40988"},{"taxonomy":"product_cat","embeddable":true,"href":"https:\/\/perfectvenue.eu\/es\/wp-json\/wp\/v2\/product_cat?post=40988"},{"taxonomy":"product_tag","embeddable":true,"href":"https:\/\/perfectvenue.eu\/es\/wp-json\/wp\/v2\/product_tag?post=40988"}],"curies":[{"name":"wp","href":"https:\/\/api.w.org\/{rel}","templated":true}]}}