{"id":41023,"date":"2026-02-23T10:30:30","date_gmt":"2026-02-23T09:30:30","guid":{"rendered":"https:\/\/perfectvenue.eu\/es\/?post_type=product&#038;p=41023"},"modified":"2026-02-23T10:24:23","modified_gmt":"2026-02-23T09:24:23","slug":"pedida-mano-la-riviera-francesa-restaurante-vistas-celebra-amor-lo-grande","status":"publish","type":"product","link":"https:\/\/perfectvenue.eu\/es\/product\/pedida-de-mano-en-la-riviera-francesa-en-un-restaurante-con-vistas-celebra-el-amor-a-lo-grande\/","title":{"rendered":"Pedida de mano en la Riviera Francesa en un restaurante con vistas: \u00a1celebra el amor a lo grande!"},"content":{"rendered":"<p><\/p>\n<p style=\"text-align: justify;\"><span style=\"font-weight: 400;\">La pedida de mano en la Riviera Francesa en un restaurante con vistas es una opci\u00f3n perfecta para quienes sue\u00f1an con un momento rom\u00e1ntico, elegante y lleno de encanto mediterr\u00e1neo. La Riviera francesa, conocida por su sofisticaci\u00f3n, su gastronom\u00eda de primer nivel y sus paisajes de postal, ofrece el escenario ideal para hacer una pregunta que cambiar\u00e1 la vida de ambos.<\/span><\/p>\n<p style=\"text-align: justify;\"><span style=\"font-weight: 400;\">Y es que la gastronom\u00eda juega un papel clave en este tipo de pedida. Platos elaborados con ingredientes frescos, mariscos, vinos seleccionados y postres delicados convierten la cena en una experiencia sensorial completa. El instante de sacar el anillo, quiz\u00e1 acompa\u00f1ado por un postre especial o una copa de champ\u00e1n, se vuelve a\u00fan m\u00e1s emotivo gracias al entorno.<\/span><\/p>\n<p style=\"text-align: justify;\"><span style=\"font-weight: 400;\">Adem\u00e1s, una pedida de mano en la Riviera Francesa en un restaurante con vistas tambi\u00e9n permite una gran personalizaci\u00f3n. Muchos restaurantes colaboran para crear momentos \u00fanicos: mesas apartadas para mayor privacidad, m\u00fasica suave de fondo, flores, mensajes escritos o incluso la complicidad del personal para sorprender a la pareja en el momento exacto. Todo est\u00e1 pensado para que la experiencia sea tan \u00fanica como la historia de amor que la inspira.<\/span><\/p>\n<p style=\"text-align: justify;\"><span style=\"font-weight: 400;\">Por todo ello, elegir una pedida de mano en la Riviera Francesa en un restaurante con vistas es crear un recuerdo eterno en uno de los lugares m\u00e1s rom\u00e1nticos del mundo, donde cada \u201cs\u00ed\u201d se mezcla con el sonido del mar, el sabor de la alta cocina y la magia inconfundible de la Costa Azul.<\/span><\/p>\n<p style=\"text-align: justify;\"><span style=\"font-weight: 400;\">\u00bfTe lo vas a perder?<\/span><\/p>\n<h3 style=\"text-align: justify;\"><span style=\"font-weight: 400;\">Lo que incluye tu pedida de mano en la Riviera Francesa en un restaurante con vistas:<\/span><\/h3>\n<ul style=\"text-align: justify;\">\n<li aria-level=\"1\"><span style=\"font-weight: 400;\">Fot\u00f3grafo<\/span><\/li>\n<li aria-level=\"1\"><span style=\"font-weight: 400;\">Decoraci\u00f3n b\u00e1sica\u00a0<\/span><\/li>\n<li aria-level=\"1\"><span style=\"font-weight: 400;\">Ramo de flores<\/span><\/li>\n<li aria-level=\"1\"><span style=\"font-weight: 400;\">Planificaci\u00f3n de la propuesta de matrimonio<\/span><\/li>\n<\/ul>\n<p style=\"text-align: justify;\"><b>Precio: a consultar<\/b><\/p>\n<h3 style=\"text-align: justify;\"><span style=\"font-weight: 400;\">Se puede a\u00f1adir:<\/span><\/h3>\n<ul style=\"text-align: justify;\">\n<li style=\"font-weight: 400;\" aria-level=\"1\"><span style=\"font-weight: 400;\">Video<\/span><\/li>\n<li style=\"font-weight: 400;\" aria-level=\"1\"><span style=\"font-weight: 400;\">M\u00fasica en directo (guitarra o viol\u00edn)\u00a0<\/span><\/li>\n<li style=\"font-weight: 400;\" aria-level=\"1\"><span style=\"font-weight: 400;\">Espacio Vip<\/span><\/li>\n<li style=\"font-weight: 400;\" aria-level=\"1\"><span style=\"font-weight: 400;\">Letras Marry Me<\/span><\/li>\n<li style=\"font-weight: 400;\" aria-level=\"1\"><span style=\"font-weight: 400;\">\u00a1Configuralo como t\u00fa quieras!<\/span><\/li>\n<\/ul>\n<h3 style=\"text-align: justify;\"><span style=\"font-weight: 400;\">Facilidad de pago<\/span><\/h3>\n<p style=\"text-align: justify;\"><span style=\"font-weight: 400;\">\u00a1S\u00ed! Y es que no es necesario pagar \u00edntegramente el importe de la pedida de mano en la Riviera Francesa en un restaurante con vistas. Simplemente es necesario reservar con un adelanto y el resto darla en el d\u00eda del evento.<\/span><\/p>\n<p style=\"text-align: justify;\"><span style=\"font-weight: 400;\">\u00a1Comodidad para ti!<\/span><\/p>\n<p style=\"text-align: justify;\"><span style=\"font-weight: 400;\">*Las tarifas no son reembolsables si el evento se cancela por cualquier motivo.<\/span><\/p>\n<p><\/p>","protected":false},"excerpt":{"rendered":"<p style=\"text-align: justify;\"><span style=\"font-weight: 400;\">Este paquete de pedida de mano en la Riviera Francesa en un restaurante con vistas ofrece un entorno m\u00e1gico, donde la elegancia y el romanticismo se fusionan, creando una experiencia \u00fanica para declarar tu amor. <\/span><b>Precio: a consultar. Es necesario formalizar la reserva con un adelanto.<\/b><\/p>\n","protected":false},"featured_media":41034,"comment_status":"open","ping_status":"closed","template":"","meta":{"_mo_disable_npp":""},"product_brand":[],"product_cat":[2756],"product_tag":[3645,3646,3647],"class_list":{"0":"post-41023","1":"product","2":"type-product","3":"status-publish","4":"has-post-thumbnail","6":"product_cat-marriage-proposal-packages-in-france","7":"product_tag-pedida-de-mano-en-la-riviera-francesa","8":"product_tag-pedida-de-mano-en-la-riviera-francesa-en-un-restaurante","9":"product_tag-pedida-de-mano-en-la-riviera-francesa-en-un-restaurante-con-vistas","11":"first","12":"instock","13":"taxable","14":"shipping-taxable","15":"product-type-simple"},"_links":{"self":[{"href":"https:\/\/perfectvenue.eu\/es\/wp-json\/wp\/v2\/product\/41023","targetHints":{"allow":["GET"]}}],"collection":[{"href":"https:\/\/perfectvenue.eu\/es\/wp-json\/wp\/v2\/product"}],"about":[{"href":"https:\/\/perfectvenue.eu\/es\/wp-json\/wp\/v2\/types\/product"}],"replies":[{"embeddable":true,"href":"https:\/\/perfectvenue.eu\/es\/wp-json\/wp\/v2\/comments?post=41023"}],"wp:featuredmedia":[{"embeddable":true,"href":"https:\/\/perfectvenue.eu\/es\/wp-json\/wp\/v2\/media\/41034"}],"wp:attachment":[{"href":"https:\/\/perfectvenue.eu\/es\/wp-json\/wp\/v2\/media?parent=41023"}],"wp:term":[{"taxonomy":"product_brand","embeddable":true,"href":"https:\/\/perfectvenue.eu\/es\/wp-json\/wp\/v2\/product_brand?post=41023"},{"taxonomy":"product_cat","embeddable":true,"href":"https:\/\/perfectvenue.eu\/es\/wp-json\/wp\/v2\/product_cat?post=41023"},{"taxonomy":"product_tag","embeddable":true,"href":"https:\/\/perfectvenue.eu\/es\/wp-json\/wp\/v2\/product_tag?post=41023"}],"curies":[{"name":"wp","href":"https:\/\/api.w.org\/{rel}","templated":true}]}}