{"id":41038,"date":"2026-02-23T11:45:55","date_gmt":"2026-02-23T10:45:55","guid":{"rendered":"https:\/\/perfectvenue.eu\/es\/?post_type=product&#038;p=41038"},"modified":"2026-02-23T10:25:55","modified_gmt":"2026-02-23T09:25:55","slug":"pedida-mano-la-riviera-francesa-vinedo-elegancia-asegurada","status":"publish","type":"product","link":"https:\/\/perfectvenue.eu\/es\/product\/pedida-de-mano-en-la-riviera-francesa-en-un-vinedo-elegancia-asegurada\/","title":{"rendered":"Pedida de mano en la Riviera Francesa en un vi\u00f1edo: \u00a1elegancia asegurada!"},"content":{"rendered":"<p><\/p>\n<p style=\"text-align: justify;\"><span style=\"font-weight: 400;\">Realizar una pedida de mano en la Riviera Francesa en un vi\u00f1edo es una experiencia rom\u00e1ntica y elegante, ideal para las parejas que buscan un entorno natural, \u00edntimo y lleno de encanto. Rodeados de colinas verdes, hileras de vi\u00f1as perfectamente alineadas y la luz c\u00e1lida del sur de Francia, este tipo de pedida combina la belleza del paisaje con la tradici\u00f3n centenaria.<\/span><\/p>\n<p style=\"text-align: justify;\"><span style=\"font-weight: 400;\">Los vi\u00f1edos de la Riviera Francesa, especialmente en zonas cercanas a Provenza, ofrecen un escenario sereno y sofisticado, lejos del bullicio de la costa pero sin perder su esencia mediterr\u00e1nea. Desde el primer momento, el ambiente invita a la calma y a la conexi\u00f3n, creando un marco perfecto para una ocasi\u00f3n tan especial.<\/span><\/p>\n<p style=\"text-align: justify;\"><span style=\"font-weight: 400;\">Adem\u00e1s, una pedida de mano en la Riviera Francesa en un vi\u00f1edo tambi\u00e9n destaca por su capacidad de personalizaci\u00f3n. De este modo, se puede organizar una cata exclusiva, un picnic gourmet con productos locales, a\u00f1adir m\u00fasica suave o una decoraci\u00f3n sencilla pero elegante con flores y velas. Cada detalle puede adaptarse a la personalidad de la pareja, creando una experiencia \u00edntima y significativa, lejos de los formatos tradicionales.<\/span><\/p>\n<p style=\"text-align: justify;\"><span style=\"font-weight: 400;\">Por eso, elegir esta pedida de mano en la Riviera Francesa en un vi\u00f1edo es una forma de celebrar el amor de manera pausada, consciente y llena de simbolismo. En este entorno \u00fanico, donde la tierra, el paisaje y la tradici\u00f3n se unen, la pedida se transforma en una experiencia inolvidable que quedar\u00e1 grabada para siempre en la historia de la pareja.\u00a0<\/span><\/p>\n<h3 style=\"text-align: justify;\"><span style=\"font-weight: 400;\">Lo que incluye tu pedida de mano en la Riviera Francesa en un vi\u00f1edo:<\/span><\/h3>\n<ul style=\"text-align: justify;\">\n<li aria-level=\"1\"><span style=\"font-weight: 400;\">Fot\u00f3grafo<\/span><\/li>\n<li aria-level=\"1\"><span style=\"font-weight: 400;\">Decoraci\u00f3n b\u00e1sica\u00a0<\/span><\/li>\n<li aria-level=\"1\"><span style=\"font-weight: 400;\">Ramo de flores<\/span><\/li>\n<li aria-level=\"1\"><span style=\"font-weight: 400;\">Planificaci\u00f3n de la propuesta de matrimonio<\/span><\/li>\n<\/ul>\n<p style=\"text-align: justify;\"><b>Precio: a consultar<\/b><\/p>\n<h3 style=\"text-align: justify;\"><span style=\"font-weight: 400;\">Se puede a\u00f1adir:<\/span><\/h3>\n<ul style=\"text-align: justify;\">\n<li style=\"font-weight: 400;\" aria-level=\"1\"><span style=\"font-weight: 400;\">Video<\/span><\/li>\n<li style=\"font-weight: 400;\" aria-level=\"1\"><span style=\"font-weight: 400;\">M\u00fasica en directo (guitarra o viol\u00edn)\u00a0<\/span><\/li>\n<li style=\"font-weight: 400;\" aria-level=\"1\"><span style=\"font-weight: 400;\">Letras Marry Me<\/span><\/li>\n<li style=\"font-weight: 400;\" aria-level=\"1\"><span style=\"font-weight: 400;\">Copas de cava o champagne<\/span><\/li>\n<li style=\"font-weight: 400;\" aria-level=\"1\"><span style=\"font-weight: 400;\">Cata de vino<\/span><\/li>\n<li style=\"font-weight: 400;\" aria-level=\"1\"><span style=\"font-weight: 400;\">Picnic gourmet con productos locales<\/span><\/li>\n<li style=\"font-weight: 400;\" aria-level=\"1\"><span style=\"font-weight: 400;\">\u00a1Configuralo como t\u00fa quieras!<\/span><\/li>\n<\/ul>\n<h3 style=\"text-align: justify;\"><span style=\"font-weight: 400;\">Facilidad de pago<\/span><\/h3>\n<p style=\"text-align: justify;\"><span style=\"font-weight: 400;\">\u00a1S\u00ed! Y es que no es necesario pagar \u00edntegramente el importe de la pedida de mano en la Riviera Francesa en un vi\u00f1edo. Simplemente es necesario reservar con un adelanto y el resto darla en el d\u00eda del evento.<\/span><\/p>\n<p style=\"text-align: justify;\"><span style=\"font-weight: 400;\">\u00a1Comodidad para ti!<\/span><\/p>\n<p style=\"text-align: justify;\"><span style=\"font-weight: 400;\">*Las tarifas no son reembolsables si el evento se cancela por cualquier motivo.<\/span><\/p>\n<p><\/p>","protected":false},"excerpt":{"rendered":"<p style=\"text-align: justify;\"><span style=\"font-weight: 400;\">Este paquete de pedida de mano en la Riviera Francesa en un vi\u00f1edo ofrece un entorno m\u00e1gico, donde la tranquilidad, elegancia y romanticismo se fusionan, creando una experiencia \u00fanica para declarar tu amor. <\/span><b>Precio: a consultar. Es necesario formalizar la reserva con un adelanto.<\/b><\/p>\n","protected":false},"featured_media":41043,"comment_status":"open","ping_status":"closed","template":"","meta":{"_mo_disable_npp":""},"product_brand":[],"product_cat":[2756],"product_tag":[3645,3650,3651],"class_list":{"0":"post-41038","1":"product","2":"type-product","3":"status-publish","4":"has-post-thumbnail","6":"product_cat-marriage-proposal-packages-in-france","7":"product_tag-pedida-de-mano-en-la-riviera-francesa","8":"product_tag-pedida-de-mano-en-la-riviera-francesa-en-un-vinedo","9":"product_tag-pedida-de-mano-en-la-riviera-francesa-en-un-vinedo-elegante","11":"first","12":"instock","13":"taxable","14":"shipping-taxable","15":"product-type-simple"},"_links":{"self":[{"href":"https:\/\/perfectvenue.eu\/es\/wp-json\/wp\/v2\/product\/41038","targetHints":{"allow":["GET"]}}],"collection":[{"href":"https:\/\/perfectvenue.eu\/es\/wp-json\/wp\/v2\/product"}],"about":[{"href":"https:\/\/perfectvenue.eu\/es\/wp-json\/wp\/v2\/types\/product"}],"replies":[{"embeddable":true,"href":"https:\/\/perfectvenue.eu\/es\/wp-json\/wp\/v2\/comments?post=41038"}],"wp:featuredmedia":[{"embeddable":true,"href":"https:\/\/perfectvenue.eu\/es\/wp-json\/wp\/v2\/media\/41043"}],"wp:attachment":[{"href":"https:\/\/perfectvenue.eu\/es\/wp-json\/wp\/v2\/media?parent=41038"}],"wp:term":[{"taxonomy":"product_brand","embeddable":true,"href":"https:\/\/perfectvenue.eu\/es\/wp-json\/wp\/v2\/product_brand?post=41038"},{"taxonomy":"product_cat","embeddable":true,"href":"https:\/\/perfectvenue.eu\/es\/wp-json\/wp\/v2\/product_cat?post=41038"},{"taxonomy":"product_tag","embeddable":true,"href":"https:\/\/perfectvenue.eu\/es\/wp-json\/wp\/v2\/product_tag?post=41038"}],"curies":[{"name":"wp","href":"https:\/\/api.w.org\/{rel}","templated":true}]}}