{"id":41057,"date":"2026-02-23T11:30:51","date_gmt":"2026-02-23T10:30:51","guid":{"rendered":"https:\/\/perfectvenue.eu\/es\/?post_type=product&#038;p=41057"},"modified":"2026-02-23T10:25:36","modified_gmt":"2026-02-23T09:25:36","slug":"pedida-mano-la-riviera-francesa-la-playa-al-atardecer","status":"publish","type":"product","link":"https:\/\/perfectvenue.eu\/es\/product\/pedida-de-mano-en-la-riviera-francesa-en-la-playa-al-atardecer\/","title":{"rendered":"Pedida de mano en la Riviera Francesa en la playa al atardecer\u00a0"},"content":{"rendered":"<p><\/p>\n<p style=\"text-align: justify;\"><span style=\"font-weight: 400;\">Hacer una pedida de mano en la Riviera Francesa en la playa al atardecer es una de las formas m\u00e1s rom\u00e1nticas de sellar un compromiso. La combinaci\u00f3n del mar Mediterr\u00e1neo, la arena suave y la luz dorada del sol crea un escenario \u00edntimo y sofisticado, perfecto para un momento que marcar\u00e1 un antes y un despu\u00e9s en vuestra historia de amor.<\/span><\/p>\n<p style=\"text-align: justify;\"><span style=\"font-weight: 400;\">Las playas de la Riviera Francesa, ya sean calas escondidas o extensiones de arena con vistas abiertas al mar, ofrecen un ambiente elegante y sereno. Al caer la tarde, el bullicio se disipa y el entorno se vuelve m\u00e1s tranquilo, permitiendo disfrutar del momento con mayor tranquilidad.\u00a0<\/span><\/p>\n<p style=\"text-align: justify;\"><span style=\"font-weight: 400;\">Adem\u00e1s, una pedida de mano en la Riviera Francesa en la playa al atardecer permite una decoraci\u00f3n sencilla pero cargada de significado. P\u00e9talos de flores sobre la arena, velas protegidas del viento, una manta elegante o una peque\u00f1a mesa con champ\u00e1n pueden a\u00f1adir un toque especial sin restar naturalidad al entorno. Todo se integra de forma armoniosa, respetando la belleza del paisaje y reforzando la emoci\u00f3n del momento.<\/span><\/p>\n<p style=\"text-align: justify;\"><span style=\"font-weight: 400;\">Por todo ello, elegir una pedida de mano en la Riviera Francesa en la playa al atardecer es apostar por la sencillez elegante y el romanticismo m\u00e1s puro. Es dejar que el mar, la luz y el silencio hablen por s\u00ed mismos, creando un recuerdo eterno en uno de los destinos m\u00e1s rom\u00e1nticos del mundo.<\/span><\/p>\n<p style=\"text-align: justify;\"><span style=\"font-weight: 400;\">\u00bfEst\u00e1s a un paso de hacerlo realidad?<\/span><\/p>\n<h3 style=\"text-align: justify;\"><span style=\"font-weight: 400;\">Lo que incluye tu pedida de mano en la Riviera Francesa en la playa al atardecer:<\/span><\/h3>\n<ul style=\"text-align: justify;\">\n<li aria-level=\"1\"><span style=\"font-weight: 400;\">Fot\u00f3grafo<\/span><\/li>\n<li aria-level=\"1\"><span style=\"font-weight: 400;\">Decoraci\u00f3n b\u00e1sica\u00a0<\/span><\/li>\n<li aria-level=\"1\"><span style=\"font-weight: 400;\">Ramo de flores<\/span><\/li>\n<li aria-level=\"1\"><span style=\"font-weight: 400;\">Planificaci\u00f3n de la propuesta de matrimonio<\/span><\/li>\n<\/ul>\n<p style=\"text-align: justify;\"><b>Precio: a consultar<\/b><\/p>\n<h3 style=\"text-align: justify;\"><span style=\"font-weight: 400;\">Se puede a\u00f1adir:<\/span><\/h3>\n<ul style=\"text-align: justify;\">\n<li style=\"font-weight: 400;\" aria-level=\"1\"><span style=\"font-weight: 400;\">Video<\/span><\/li>\n<li style=\"font-weight: 400;\" aria-level=\"1\"><span style=\"font-weight: 400;\">M\u00fasica en directo (guitarra o viol\u00edn)\u00a0<\/span><\/li>\n<li style=\"font-weight: 400;\" aria-level=\"1\"><span style=\"font-weight: 400;\">Letras Marry Me<\/span><\/li>\n<li style=\"font-weight: 400;\" aria-level=\"1\"><span style=\"font-weight: 400;\">Copas de cava o champagne<\/span><\/li>\n<li style=\"font-weight: 400;\" aria-level=\"1\"><span style=\"font-weight: 400;\">Picnic gourmet con productos locales<\/span><\/li>\n<li style=\"font-weight: 400;\" aria-level=\"1\"><span style=\"font-weight: 400;\">\u00a1Configuralo como t\u00fa quieras!<\/span><\/li>\n<\/ul>\n<h3 style=\"text-align: justify;\"><span style=\"font-weight: 400;\">Facilidad de pago<\/span><\/h3>\n<p style=\"text-align: justify;\"><span style=\"font-weight: 400;\">\u00a1S\u00ed! Y es que no es necesario pagar \u00edntegramente el importe de la pedida de mano en la Riviera Francesa en la playa al atardecer. Simplemente es necesario reservar con un adelanto y el resto darla en el d\u00eda del evento.<\/span><\/p>\n<p style=\"text-align: justify;\"><span style=\"font-weight: 400;\">\u00a1Comodidad para ti!<\/span><\/p>\n<p style=\"text-align: justify;\"><span style=\"font-weight: 400;\">*Las tarifas no son reembolsables si el evento se cancela por cualquier motivo.<\/span><\/p>\n<p><\/p>","protected":false},"excerpt":{"rendered":"<p style=\"text-align: justify;\"><span style=\"font-weight: 400;\">Este paquete de pedida de mano en la Riviera Francesa en la playa al atardecer ofrece un entorno m\u00e1gico, donde la tranquilidad y romanticismo se fusionan, creando una experiencia \u00fanica para declarar tu amor. <\/span><b>Precio: a consultar. Es necesario formalizar la reserva con un adelanto.<\/b><\/p>\n","protected":false},"featured_media":41058,"comment_status":"open","ping_status":"closed","template":"","meta":{"_mo_disable_npp":""},"product_brand":[],"product_cat":[2756],"product_tag":[3645,3657,3658],"class_list":{"0":"post-41057","1":"product","2":"type-product","3":"status-publish","4":"has-post-thumbnail","6":"product_cat-marriage-proposal-packages-in-france","7":"product_tag-pedida-de-mano-en-la-riviera-francesa","8":"product_tag-pedida-de-mano-en-la-riviera-francesa-en-la-playa","9":"product_tag-pedida-de-mano-en-la-riviera-francesa-en-la-playa-al-atardecer","11":"first","12":"instock","13":"taxable","14":"shipping-taxable","15":"product-type-simple"},"_links":{"self":[{"href":"https:\/\/perfectvenue.eu\/es\/wp-json\/wp\/v2\/product\/41057","targetHints":{"allow":["GET"]}}],"collection":[{"href":"https:\/\/perfectvenue.eu\/es\/wp-json\/wp\/v2\/product"}],"about":[{"href":"https:\/\/perfectvenue.eu\/es\/wp-json\/wp\/v2\/types\/product"}],"replies":[{"embeddable":true,"href":"https:\/\/perfectvenue.eu\/es\/wp-json\/wp\/v2\/comments?post=41057"}],"wp:featuredmedia":[{"embeddable":true,"href":"https:\/\/perfectvenue.eu\/es\/wp-json\/wp\/v2\/media\/41058"}],"wp:attachment":[{"href":"https:\/\/perfectvenue.eu\/es\/wp-json\/wp\/v2\/media?parent=41057"}],"wp:term":[{"taxonomy":"product_brand","embeddable":true,"href":"https:\/\/perfectvenue.eu\/es\/wp-json\/wp\/v2\/product_brand?post=41057"},{"taxonomy":"product_cat","embeddable":true,"href":"https:\/\/perfectvenue.eu\/es\/wp-json\/wp\/v2\/product_cat?post=41057"},{"taxonomy":"product_tag","embeddable":true,"href":"https:\/\/perfectvenue.eu\/es\/wp-json\/wp\/v2\/product_tag?post=41057"}],"curies":[{"name":"wp","href":"https:\/\/api.w.org\/{rel}","templated":true}]}}