{"id":41622,"date":"2026-03-26T13:39:14","date_gmt":"2026-03-26T12:39:14","guid":{"rendered":"https:\/\/perfectvenue.eu\/es\/?post_type=product&#038;p=41622"},"modified":"2026-03-26T13:40:22","modified_gmt":"2026-03-26T12:40:22","slug":"deposit-organize-elopement-wedding-first-step-towards-unforgettable-intimate-wedding","status":"publish","type":"product","link":"https:\/\/perfectvenue.eu\/es\/product\/deposito-para-organizar-una-boda-elopement-el-primer-paso-hacia-una-boda-intima-inolvidable\/","title":{"rendered":"Dep\u00f3sito para organizar una boda elopement: el primer paso hacia una boda \u00edntima inolvidable"},"content":{"rendered":"<p><\/p>\n<p style=\"text-align: justify;\"><span style=\"font-weight: 400;\">Tomar la decisi\u00f3n de <\/span><b>organizar una boda elopement<\/b><span style=\"font-weight: 400;\"> significa apostar por una celebraci\u00f3n \u00edntima, personal y cuidada al detalle. Pero para que todo salga perfecto, es necesario planificar cada aspecto con tiempo y contar con profesionales que se encarguen de la organizaci\u00f3n, la log\u00edstica y la coordinaci\u00f3n del d\u00eda.<\/span><\/p>\n<p style=\"text-align: justify;\"><span style=\"font-weight: 400;\">Este dep\u00f3sito es el primer paso para <\/span><b>organizar una boda elopement<\/b><span style=\"font-weight: 400;\"> de forma tranquila y bien planificada. A partir de este momento, comenzaremos a trabajar en la idea de vuestra boda: estilo de la ceremonia, localizaci\u00f3n, proveedores necesarios, timing del d\u00eda y todos los elementos que formar\u00e1n parte de la experiencia.<\/span><\/p>\n<p style=\"text-align: justify;\"><span style=\"font-weight: 400;\">Cada boda es completamente diferente. Por eso, trabajamos de forma personalizada, proponiendo localizaciones, ideas de decoraci\u00f3n, opciones de fotograf\u00eda, m\u00fasica, transporte y cualquier servicio necesario para crear una experiencia \u00fanica.<\/span><\/p>\n<p style=\"text-align: justify;\"><span style=\"font-weight: 400;\">El dep\u00f3sito corresponde al inicio del servicio de planificaci\u00f3n y organizaci\u00f3n. Es decir, este importe cubre todo el trabajo previo necesario para <\/span><b>organizar una boda elopement<\/b><span style=\"font-weight: 400;\">, incluyendo asesoramiento, b\u00fasqueda de espacios, contacto con proveedores, dise\u00f1o de la experiencia y coordinaci\u00f3n previa al evento.<\/span><\/p>\n<p style=\"text-align: justify;\"><span style=\"font-weight: 400;\">Es importante tener en cuenta que este dep\u00f3sito no incluye servicios como decoraci\u00f3n, alquiler de espacios, fot\u00f3grafo, v\u00eddeo, m\u00fasica o transporte, ya que todos estos elementos se presupuestan de forma personalizada seg\u00fan el tipo de boda que quiera cada pareja.<\/span><\/p>\n<p style=\"text-align: justify;\"><span style=\"font-weight: 400;\">Gracias a este servicio, <\/span><b>organizar una boda elopement<\/b><span style=\"font-weight: 400;\"> se convierte en un proceso f\u00e1cil, organizado y sin estr\u00e9s, con la tranquilidad de tener un equipo que se encarga de todo.<\/span><\/p>\n<h2 style=\"text-align: justify;\"><strong>Qu\u00e9 incluye este dep\u00f3sito para organizar una boda elopement:<\/strong><\/h2>\n<ul style=\"text-align: justify;\">\n<li><span style=\"font-weight: 400;\">\u00a0Asesoramiento inicial<\/span><\/li>\n<li><span style=\"font-weight: 400;\">Dise\u00f1o y planteamiento de la boda elopement<\/span><span style=\"font-weight: 400;\"><br \/>\n<\/span><\/li>\n<li><span style=\"font-weight: 400;\">B\u00fasqueda de localizaci\u00f3n<\/span><span style=\"font-weight: 400;\"><br \/>\n<\/span><\/li>\n<li><span style=\"font-weight: 400;\">Propuesta y contacto con proveedores<\/span><span style=\"font-weight: 400;\"><br \/>\n<\/span><\/li>\n<li><span style=\"font-weight: 400;\">Planificaci\u00f3n y coordinaci\u00f3n de la boda<\/span><span style=\"font-weight: 400;\"><br \/>\n<\/span><\/li>\n<li><span style=\"font-weight: 400;\">Gesti\u00f3n y organizaci\u00f3n previa del evento<\/span><\/li>\n<\/ul>\n<p style=\"text-align: justify;\"><span style=\"font-weight: 400;\">Precio del dep\u00f3sito: 500\u20ac<\/span><\/p>\n<h2 style=\"text-align: justify;\"><b>Importante<\/b><\/h2>\n<p style=\"text-align: justify;\"><span style=\"font-weight: 400;\">Este dep\u00f3sito corresponde al servicio profesional para <\/span><b>organizar una boda elopement<\/b><span style=\"font-weight: 400;\"> y no incluye decoraci\u00f3n, alquiler de espacios, fot\u00f3grafo, vide\u00f3grafo, m\u00fasica, transporte u otros servicios adicionales.<\/span><\/p>\n<p style=\"text-align: justify;\"><span style=\"font-weight: 400;\">Todos los servicios se presupuestar\u00e1n de forma personalizada seg\u00fan las necesidades de cada pareja.<\/span><\/p>\n<h2 style=\"text-align: justify;\"><b>Condiciones de pago<\/b><\/h2>\n<p style=\"text-align: justify;\"><span style=\"font-weight: 400;\">El dep\u00f3sito para <\/span><b>organizar una boda elopement<\/b><span style=\"font-weight: 400;\"> se abonar\u00e1 al inicio del servicio para poder comenzar con la planificaci\u00f3n, b\u00fasqueda de proveedores y organizaci\u00f3n del evento. Este importe no es reembolsable, ya que corresponde al trabajo de planificaci\u00f3n y gesti\u00f3n<\/span><\/p>\n<p><\/p>","protected":false},"excerpt":{"rendered":"<p style=\"text-align: justify;\">Servicio profesional para organizar una boda elopement. Incluye planificaci\u00f3n, b\u00fasqueda de localizaci\u00f3n y coordinaci\u00f3n. <strong>Dep\u00f3sito inicial 500\u20ac.<\/strong><\/p>\n<p>&nbsp;<\/p>\n","protected":false},"featured_media":41623,"comment_status":"open","ping_status":"closed","template":"","meta":{"_mo_disable_npp":""},"product_brand":[],"product_cat":[3004],"product_tag":[],"class_list":{"0":"post-41622","1":"product","2":"type-product","3":"status-publish","4":"has-post-thumbnail","6":"product_cat-elopement-packages-in-europe","8":"first","9":"instock","10":"taxable","11":"shipping-taxable","12":"purchasable","13":"product-type-simple"},"_links":{"self":[{"href":"https:\/\/perfectvenue.eu\/es\/wp-json\/wp\/v2\/product\/41622","targetHints":{"allow":["GET"]}}],"collection":[{"href":"https:\/\/perfectvenue.eu\/es\/wp-json\/wp\/v2\/product"}],"about":[{"href":"https:\/\/perfectvenue.eu\/es\/wp-json\/wp\/v2\/types\/product"}],"replies":[{"embeddable":true,"href":"https:\/\/perfectvenue.eu\/es\/wp-json\/wp\/v2\/comments?post=41622"}],"wp:featuredmedia":[{"embeddable":true,"href":"https:\/\/perfectvenue.eu\/es\/wp-json\/wp\/v2\/media\/41623"}],"wp:attachment":[{"href":"https:\/\/perfectvenue.eu\/es\/wp-json\/wp\/v2\/media?parent=41622"}],"wp:term":[{"taxonomy":"product_brand","embeddable":true,"href":"https:\/\/perfectvenue.eu\/es\/wp-json\/wp\/v2\/product_brand?post=41622"},{"taxonomy":"product_cat","embeddable":true,"href":"https:\/\/perfectvenue.eu\/es\/wp-json\/wp\/v2\/product_cat?post=41622"},{"taxonomy":"product_tag","embeddable":true,"href":"https:\/\/perfectvenue.eu\/es\/wp-json\/wp\/v2\/product_tag?post=41622"}],"curies":[{"name":"wp","href":"https:\/\/api.w.org\/{rel}","templated":true}]}}