{"id":41630,"date":"2026-03-26T14:29:21","date_gmt":"2026-03-26T13:29:21","guid":{"rendered":"https:\/\/perfectvenue.eu\/es\/?post_type=product&#038;p=41630"},"modified":"2026-03-26T14:31:54","modified_gmt":"2026-03-26T13:31:54","slug":"curso-exclusivo-wedding-planner-formate-aprende-organizar-bodas-reales","status":"publish","type":"product","link":"https:\/\/perfectvenue.eu\/es\/product\/curso-exclusivo-de-wedding-planner-formate-y-aprende-a-organizar-bodas-reales\/","title":{"rendered":"Curso exclusivo de Wedding Planner: f\u00f3rmate y aprende a organizar bodas reales"},"content":{"rendered":"<p><\/p>\n<p style=\"text-align: justify;\"><span style=\"font-weight: 400;\">El <\/span><b>curso exclusivo de Wedding Planner<\/b><span style=\"font-weight: 400;\"> est\u00e1 pensado para todas aquellas personas que quieren aprender a organizar bodas de manera profesional y entender c\u00f3mo funciona realmente el sector desde dentro. Esta formaci\u00f3n est\u00e1 dise\u00f1ada para que, al terminar, sepas c\u00f3mo planificar, dise\u00f1ar y coordinar una boda real paso a paso.<\/span><\/p>\n<p style=\"text-align: justify;\"><span style=\"font-weight: 400;\">A lo largo de este <\/span><b>curso exclusivo de Wedding Planner<\/b><span style=\"font-weight: 400;\">, aprender\u00e1s no solo la parte te\u00f3rica, sino tambi\u00e9n la parte pr\u00e1ctica y estrat\u00e9gica del trabajo de un Wedding Planner. Desde la primera reuni\u00f3n con los novios hasta la coordinaci\u00f3n completa del d\u00eda de la boda, conocer\u00e1s todo el proceso real de trabajo.<\/span><\/p>\n<p style=\"text-align: justify;\"><span style=\"font-weight: 400;\">Este <\/span><b>curso exclusivo de Wedding Planner<\/b><span style=\"font-weight: 400;\"> tiene una duraci\u00f3n de 3 meses y se puede realizar en modalidad online o en modalidad presencial en Madrid, donde podr\u00e1s vivir la experiencia real de una boda y entender c\u00f3mo se organiza un evento desde dentro.<\/span><\/p>\n<p style=\"text-align: justify;\"><span style=\"font-weight: 400;\">El objetivo de este <\/span><b>curso exclusivo de Wedding Planner<\/b><span style=\"font-weight: 400;\"> es que al finalizar la formaci\u00f3n tengas los conocimientos, las herramientas y la seguridad para empezar a trabajar en el sector de las bodas.<\/span><\/p>\n<h2 style=\"text-align: justify;\"><b>Qu\u00e9 aprender\u00e1s en el curso exclusivo de Wedding Planner:<\/b><\/h2>\n<ul style=\"text-align: justify;\">\n<li style=\"font-weight: 400;\" aria-level=\"1\"><span style=\"font-weight: 400;\">C\u00f3mo organizar una boda paso a paso<\/span><\/li>\n<li style=\"font-weight: 400;\" aria-level=\"1\"><span style=\"font-weight: 400;\">C\u00f3mo tratar con clientes<\/span><\/li>\n<li style=\"font-weight: 400;\" aria-level=\"1\"><span style=\"font-weight: 400;\">C\u00f3mo crear presupuestos y gestionar proveedores<\/span><\/li>\n<li style=\"font-weight: 400;\" aria-level=\"1\"><span style=\"font-weight: 400;\">C\u00f3mo dise\u00f1ar una boda desde cero<\/span><\/li>\n<li style=\"font-weight: 400;\" aria-level=\"1\"><span style=\"font-weight: 400;\">C\u00f3mo coordinar el d\u00eda de la boda<\/span><\/li>\n<li style=\"font-weight: 400;\" aria-level=\"1\"><span style=\"font-weight: 400;\">C\u00f3mo resolver imprevistos durante el evento<\/span><\/li>\n<li style=\"font-weight: 400;\" aria-level=\"1\"><span style=\"font-weight: 400;\">C\u00f3mo trabajar como Wedding Planner<\/span><\/li>\n<li style=\"font-weight: 400;\" aria-level=\"1\"><span style=\"font-weight: 400;\">C\u00f3mo empezar tu propio negocio de bodas<\/span><\/li>\n<\/ul>\n<h2 style=\"text-align: justify;\"><b>Qu\u00e9 incluye el curso exclusivo de Wedding Planner:<\/b><\/h2>\n<ul style=\"text-align: justify;\">\n<li style=\"font-weight: 400;\" aria-level=\"1\"><span style=\"font-weight: 400;\">Formaci\u00f3n Wedding Planner online<\/span><\/li>\n<li style=\"font-weight: 400;\" aria-level=\"1\"><span style=\"font-weight: 400;\">Posibilidad de formaci\u00f3n presencial en Madrid<\/span><\/li>\n<li style=\"font-weight: 400;\" aria-level=\"1\"><span style=\"font-weight: 400;\">Formaci\u00f3n sobre planificaci\u00f3n y organizaci\u00f3n de bodas<\/span><\/li>\n<li style=\"font-weight: 400;\" aria-level=\"1\"><span style=\"font-weight: 400;\">Coordinaci\u00f3n y gesti\u00f3n de proveedores<\/span><\/li>\n<li style=\"font-weight: 400;\" aria-level=\"1\"><span style=\"font-weight: 400;\">Metodolog\u00eda de trabajo de Wedding Planner<\/span><\/li>\n<li style=\"font-weight: 400;\" aria-level=\"1\"><span style=\"font-weight: 400;\">Asesoramiento profesional<\/span><\/li>\n<li style=\"font-weight: 400;\" aria-level=\"1\"><span style=\"font-weight: 400;\">3 meses de formaci\u00f3n<\/span><\/li>\n<\/ul>\n<h2 style=\"text-align: justify;\"><b>Metodolog\u00eda del curso:<\/b><\/h2>\n<p style=\"text-align: justify;\"><span style=\"font-weight: 400;\">El <\/span><b>curso exclusivo de Wedding Planner<\/b><span style=\"font-weight: 400;\"> se divide en dos modalidades:<\/span><\/p>\n<p style=\"text-align: justify;\"><span style=\"font-weight: 400;\">La modalidad online, donde aprender\u00e1s toda la parte te\u00f3rica, organizaci\u00f3n, planificaci\u00f3n, gesti\u00f3n de clientes y proveedores y funcionamiento del sector.<\/span><\/p>\n<p style=\"text-align: justify;\"><span style=\"font-weight: 400;\">Y la modalidad presencial en Madrid, donde podr\u00e1s ver y vivir c\u00f3mo se organiza una boda real, c\u00f3mo se coordina el evento y c\u00f3mo trabaja un Wedding Planner el d\u00eda de la boda.<\/span><\/p>\n<p style=\"text-align: justify;\"><span style=\"font-weight: 400;\">De esta manera, el <\/span><b>curso exclusivo de Wedding Planner<\/b><span style=\"font-weight: 400;\"> combina teor\u00eda y pr\u00e1ctica para que la formaci\u00f3n sea completa.<\/span><\/p>\n<h2 style=\"text-align: justify;\"><b>Precios del curso exclusivo de Wedding Planner<\/b><\/h2>\n<p style=\"text-align: justify;\"><span style=\"font-weight: 400;\">Curso Wedding Planner online: 2.500\u20ac<\/span><span style=\"font-weight: 400;\"><br \/>\n<\/span><span style=\"font-weight: 400;\">Curso Wedding Planner presencial en Madrid: 3.500\u20ac<\/span><\/p>\n<p style=\"text-align: justify;\"><span style=\"font-weight: 400;\">Para reservar tu plaza en el <\/span><b>curso exclusivo de Wedding Planner<\/b><span style=\"font-weight: 400;\">, es necesario realizar un dep\u00f3sito de 500\u20ac.<\/span><\/p>\n<h2 style=\"text-align: justify;\"><b>M\u00e9todo de pago<\/b><\/h2>\n<p style=\"text-align: justify;\"><span style=\"font-weight: 400;\">Para reservar la plaza en el <\/span><b>curso exclusivo de Wedding Planner<\/b><span style=\"font-weight: 400;\"> se deber\u00e1 abonar un dep\u00f3sito de 500\u20ac. El importe restante se podr\u00e1 abonar en diferentes plazos hasta el inicio del curso.<\/span><\/p>\n<h2 style=\"text-align: justify;\"><b>Duraci\u00f3n del curso<\/b><\/h2>\n<p style=\"text-align: justify;\"><span style=\"font-weight: 400;\">La duraci\u00f3n del <\/span><b>curso exclusivo de Wedding Planner<\/b><span style=\"font-weight: 400;\"> es de 3 meses.<\/span><\/p>\n<p><\/p>","protected":false},"excerpt":{"rendered":"<p style=\"text-align: justify;\"><strong>Curso exclusivo de Wedding Planner: f\u00f3rmate y aprende a organizar bodas reales<\/strong><\/p>\n","protected":false},"featured_media":41633,"comment_status":"open","ping_status":"closed","template":"","meta":{"_mo_disable_npp":""},"product_brand":[],"product_cat":[3006],"product_tag":[],"class_list":{"0":"post-41630","1":"product","2":"type-product","3":"status-publish","4":"has-post-thumbnail","6":"product_cat-perfect-plans-in-europe","8":"first","9":"instock","10":"taxable","11":"shipping-taxable","12":"purchasable","13":"product-type-simple"},"_links":{"self":[{"href":"https:\/\/perfectvenue.eu\/es\/wp-json\/wp\/v2\/product\/41630","targetHints":{"allow":["GET"]}}],"collection":[{"href":"https:\/\/perfectvenue.eu\/es\/wp-json\/wp\/v2\/product"}],"about":[{"href":"https:\/\/perfectvenue.eu\/es\/wp-json\/wp\/v2\/types\/product"}],"replies":[{"embeddable":true,"href":"https:\/\/perfectvenue.eu\/es\/wp-json\/wp\/v2\/comments?post=41630"}],"wp:featuredmedia":[{"embeddable":true,"href":"https:\/\/perfectvenue.eu\/es\/wp-json\/wp\/v2\/media\/41633"}],"wp:attachment":[{"href":"https:\/\/perfectvenue.eu\/es\/wp-json\/wp\/v2\/media?parent=41630"}],"wp:term":[{"taxonomy":"product_brand","embeddable":true,"href":"https:\/\/perfectvenue.eu\/es\/wp-json\/wp\/v2\/product_brand?post=41630"},{"taxonomy":"product_cat","embeddable":true,"href":"https:\/\/perfectvenue.eu\/es\/wp-json\/wp\/v2\/product_cat?post=41630"},{"taxonomy":"product_tag","embeddable":true,"href":"https:\/\/perfectvenue.eu\/es\/wp-json\/wp\/v2\/product_tag?post=41630"}],"curies":[{"name":"wp","href":"https:\/\/api.w.org\/{rel}","templated":true}]}}