{"id":11137,"date":"2017-04-18T08:16:34","date_gmt":"2017-04-18T05:16:34","guid":{"rendered":"https:\/\/perfectvenue.eu\/?page_id=11137"},"modified":"2025-09-09T16:03:18","modified_gmt":"2025-09-09T15:03:18","slug":"about-us","status":"publish","type":"page","link":"https:\/\/perfectvenue.eu\/fr\/qui-sommes-nous\/","title":{"rendered":"Qui sommes-nous ?"},"content":{"rendered":"<p><\/p>\n<p style=\"text-align: justify;\" data-start=\"123\" data-end=\"592\">Perfect Venue est le marketplace de r\u00e9f\u00e9rence pour les destinations de mariage les plus exclusives en Europe. Nous sommes sp\u00e9cialis\u00e9s dans la s\u00e9lection rigoureuse de lieux prestigieux pour des couples exigeants \u00e0 la recherche d\u2019un cadre exceptionnel pour leur c\u00e9l\u00e9bration. Des ch\u00e2teaux majestueux et palais historiques aux domaines priv\u00e9s et villas en bord de mer, chaque lieu de notre plateforme est choisi pour son \u00e9l\u00e9gance, son h\u00e9ritage et sa qualit\u00e9 incomparable.<\/p>\n<p style=\"text-align: justify;\" data-start=\"594\" data-end=\"944\">Fort de notre expertise dans les mariages de destination et multiculturels, nous accompagnons une client\u00e8le internationale qui valorise la sophistication, la discr\u00e9tion et un service irr\u00e9prochable. Notre mission est de mettre en relation les couples avec des lieux extraordinaires qui surpassent toutes les attentes et incarnent le luxe intemporel.<\/p>\n<p style=\"text-align: justify;\" data-start=\"946\" data-end=\"1143\">Chez Perfect Venue, nous savons qu\u2019un mariage est bien plus qu\u2019un \u00e9v\u00e9nement : c\u2019est un h\u00e9ritage. Nous veillons donc \u00e0 ce qu\u2019il se d\u00e9roule dans un cadre aussi remarquable que l\u2019occasion elle-m\u00eame.<\/p>\n<p><\/p>","protected":false},"excerpt":{"rendered":"<p>Perfect Venue est le marketplace de r\u00e9f\u00e9rence pour les destinations de mariage les plus exclusives en Europe. Nous sommes sp\u00e9cialis\u00e9s dans la s\u00e9lection rigoureuse de lieux prestigieux pour des couples exigeants \u00e0 la recherche d\u2019un cadre exceptionnel pour leur c\u00e9l\u00e9bration. Des ch\u00e2teaux majestueux et palais historiques aux domaines priv\u00e9s et villas en bord de mer, [&hellip;]<\/p>\n","protected":false},"author":1,"featured_media":0,"parent":0,"menu_order":0,"comment_status":"closed","ping_status":"closed","template":"","meta":{"_mo_disable_npp":"","footnotes":""},"class_list":["post-11137","page","type-page","status-publish","hentry"],"_links":{"self":[{"href":"https:\/\/perfectvenue.eu\/fr\/wp-json\/wp\/v2\/pages\/11137","targetHints":{"allow":["GET"]}}],"collection":[{"href":"https:\/\/perfectvenue.eu\/fr\/wp-json\/wp\/v2\/pages"}],"about":[{"href":"https:\/\/perfectvenue.eu\/fr\/wp-json\/wp\/v2\/types\/page"}],"author":[{"embeddable":true,"href":"https:\/\/perfectvenue.eu\/fr\/wp-json\/wp\/v2\/users\/1"}],"replies":[{"embeddable":true,"href":"https:\/\/perfectvenue.eu\/fr\/wp-json\/wp\/v2\/comments?post=11137"}],"version-history":[{"count":0,"href":"https:\/\/perfectvenue.eu\/fr\/wp-json\/wp\/v2\/pages\/11137\/revisions"}],"wp:attachment":[{"href":"https:\/\/perfectvenue.eu\/fr\/wp-json\/wp\/v2\/media?parent=11137"}],"curies":[{"name":"wp","href":"https:\/\/api.w.org\/{rel}","templated":true}]}}