{"id":14291,"date":"2017-07-19T08:36:32","date_gmt":"2017-07-19T07:36:32","guid":{"rendered":"https:\/\/perfectvenue.eu\/?page_id=14291"},"modified":"2020-05-20T09:54:37","modified_gmt":"2020-05-20T08:54:37","slug":"submissions","status":"publish","type":"page","link":"https:\/\/perfectvenue.eu\/fr\/submissions\/","title":{"rendered":"Soumettez vos blogs de mariage"},"content":{"rendered":"<p><\/p>\n<p style=\"text-align: justify;\">Tout d\u2019abord, nous tenons \u00e0 vous remercier pour votre int\u00e9r\u00eat \u00e0 <strong>soumettre votre blog de mariage<\/strong> ! Nous aimons mettre en valeur les mariages romantiques dans des <strong>endroits exclusifs<\/strong>, et ce serait un plaisir de pr\u00e9senter votre <strong>blog de mariage<\/strong> sur notre plateforme !<\/p>\n<p style=\"text-align: justify;\">Cela \u00e9tant dit, nous ne pouvons pas accepter toutes les pr\u00e9sentations malheureusement, peu importe ce que nous voulons. Laissez-nous vous dire ce que nous recherchons, pour vous aider \u00e0 nous soumettre un blog de mariage qui se distingue vraiment!<\/p>\n<h2 style=\"text-align: justify;\">Des mariages \u00e0 destinations exclusives<\/h2>\n<p style=\"text-align: justify;\">Chez <strong>Perfect Venue<\/strong>, nous mettons en valeur des <strong>mariages \u00e0 destinations<\/strong> <strong>uniques<\/strong> qui ont lieu dans des endroits \u00e0 couper le souffle <strong>partout en Europe<\/strong>. Nous sommes \u00e0 la recherche de mariages qui se d\u00e9roulent dans des <strong>lieux europ\u00e9ens exclusifs<\/strong> qui offrent une exp\u00e9rience unique, comme <strong>un ch\u00e2teau, une cave, une maison de campagne, un h\u00f4tel de luxe, une plage<\/strong>\u2026<\/p>\n<p style=\"text-align: justify;\">Notre objectif est <strong>d\u2019inspirer nos lecteurs<\/strong> et de leur montrer \u00e0 quel point un <strong>mariage \u00e0 destination<\/strong> peut \u00eatre sp\u00e9cial, et donc nous <strong>privil\u00e9gions de vrais mariages et elopements<\/strong>, car il est facile de capturer le plaisir et la romance d\u2019un <strong>mariage europ\u00e9en<\/strong>. Cela dit, nous acceptons toujours les s\u00e9ances photos tr\u00e8s stylis\u00e9es, m\u00eame si elles ne sont pas une priorit\u00e9 pour le moment.<\/p>\n<p style=\"text-align: justify;\">Nous voulons <strong>c\u00e9l\u00e9brer l&rsquo;amour sous toutes ses formes<\/strong>, et nous nous effor\u00e7ons donc toujours de fournir <strong>une plate-forme diversifi\u00e9e et tr\u00e8s ouverte<\/strong> dans laquelle les mariages de toutes formes sont pr\u00e9sent\u00e9s, <strong>quelle que soit la race, le sexe, la religion ou la sexualit\u00e9.<\/strong> Tant que le mariage est une c\u00e9l\u00e9bration joyeuse, unique et romantique<strong> en Europe<\/strong>, nous en tomberons s\u00fbrement amoureux !<\/p>\n<p style=\"text-align: justify;\">L\u2019\u00e9v\u00e9nement n\u2019a pas besoin d\u2019un gros budget. Il est important de se rappeler que les mariages les plus uniques et sophistiqu\u00e9s peuvent avoir lieu avec un <strong>budget de n\u2019importe quelle taille<\/strong>, car <strong>tout ce dont vous avez vraiment besoin est de l\u2019imagination<\/strong> ! En fait, nous adoptons des <strong>d\u00e9corations DIY uniques et des touches personnalis\u00e9es<\/strong>, parfaites pour un petit budget.<\/p>\n<p style=\"text-align: justify;\">Un \u00e9l\u00e9ment tr\u00e8s important du mariage doit \u00eatre <strong>l\u2019originalit\u00e9.<\/strong> La <strong>personnalit\u00e9<\/strong> du couple doit transpara\u00eetre dans le lieu tout au long de l&rsquo;\u00e9v\u00e9nement. Nous recherchons les mani\u00e8res les plus originales et passionnantes de <strong>refl\u00e9ter le style personnel du couple, les passions et la nature de leur relation<\/strong> tout au long de leur journ\u00e9e sp\u00e9ciale, avec le lieu, les d\u00e9corations, les fleurs, les tenues\u2026 Les possibilit\u00e9s sont infinies !<\/p>\n<p style=\"text-align: justify;\">Voici d\u2019autres \u00e9l\u00e9ments que nous recherchons :<\/p>\n<ul style=\"text-align: justify;\">\n<li>Des mariages \u00e0 th\u00e8me<\/li>\n<li>Des couleurs uniques ou tendance<\/li>\n<li>Des mariages \u00e0 plus petite \u00e9chelle \u2013 de 20 \u00e0 200 invit\u00e9s<\/li>\n<li>Des d\u00e9corations uniques<\/li>\n<li>Des robes et costumes de mariage tendance<\/li>\n<\/ul>\n<h2 style=\"text-align: justify;\">Que dois-je inclure dans une\u00a0soumission?<\/h2>\n<p style=\"text-align: justify;\">Tout d\u2019abord, pour toute <strong>soumission de blog de mariage<\/strong>, nous avons besoin de plusieurs <strong>photographies<\/strong> pour que nous en choisissions par la suite. Nous demandons \u00e0 votre photographe de s\u2019assurer que nous avons <strong>les bonnes exigences en mati\u00e8re de droits d\u2019auteur<\/strong> pour partager leurs photos de votre journ\u00e9e sp\u00e9ciale, et aussi leur demander de soumettre chaque photo avec la <strong>bonne dimension et les sp\u00e9cifications<\/strong>. Nous insistons \u00e9galement pour que vous nous fournissiez une <strong>liste des fournisseurs <\/strong>qui ont contribu\u00e9 \u00e0 donner vie \u00e0 votre mariage de r\u00eave, avec <strong>leurs comptes sur les r\u00e9seaux sociaux et l\u2019URL de leur site Web<\/strong>.<\/p>\n<p style=\"text-align: justify;\">Nous aimerions \u00e9galement que vous \u00e9criviez <strong>quelques paragraphes dans lesquels vous d\u00e9crivez votre touche personnelle <\/strong>dans la d\u00e9coration de votre mariage, les fa\u00e7ons dont votre personnalit\u00e9 brille \u00e0 travers, et tous les DIY que vous avez pr\u00e9sent\u00e9s. Nous voulons que <strong>vous nous disiez essentiellement pourquoi votre mariage se d\u00e9marque des autres<\/strong> !<\/p>\n<h2 style=\"text-align: justify;\">Des photographies \u00e0 couper le souffle<\/h2>\n<p style=\"text-align: justify;\">Pour nous aider \u00e0 vraiment mettre en valeur votre journ\u00e9e sp\u00e9ciale, il est essentiel que vous envoyez beaucoup d\u2019images parfaites qui <strong>pr\u00e9sentent tous les petits d\u00e9tails, du bouquet de la mari\u00e9e jusqu\u2019au g\u00e2teau de mariage. N\u2019oubliez pas d\u2019inclure des photos des d\u00e9corations romantiques de la c\u00e9r\u00e9monie, des plans rapproch\u00e9s des d\u00e9tails dans les tenues du mari\u00e9 et de la mari\u00e9e, les d\u00e9corations de la table de banquet avec les napperons et la vaisselle, les compositions florales uniques, les invitations de mariage<\/strong>\u2026 Tout ce qui montre les touches uniques et personnelles que vous avez incorpor\u00e9es dans votre jour de mariage, et qui met \u00e9galement en valeur le travail incroyable de vos fournisseurs!<\/p>\n<p style=\"text-align: justify;\">Nous aimerions \u00e9galement voir <strong>des photos romantiques et spectaculaires du couple<\/strong> tout au long de l\u2019\u00e9v\u00e9nement, des pr\u00e9paratifs du matin jusqu\u2019\u00e0 la fin de la nuit, \u00e0 la fois s\u00e9par\u00e9ment et ensemble, seuls ou entour\u00e9s de leurs invit\u00e9s. Nous ne vous conseillons toutefois pas de nous envoyer des photos formelles de votre famille et de vos amis, des photos des invit\u00e9s dansant \u00e0 la r\u00e9ception, des photos du d\u00eener de r\u00e9p\u00e9tition ou des \u00e9v\u00e9nements avant le mariage.<\/p>\n<p style=\"text-align: justify;\">En termes de sp\u00e9cifications, nous privil\u00e9gions :<\/p>\n<ul style=\"text-align: justify;\">\n<li>Des images de la plus haute qualit\u00e9, lumineuses et nettes, avec une mise au point et beaucoup de lumi\u00e8re naturelle<\/li>\n<li>Une collection de 50 \u00e0 100 images<\/li>\n<li>Pas de filigrane<\/li>\n<li>Pas de filtres, sauf l\u2019\u00e9dition en noir et blanc occasionnelle<\/li>\n<li>Les images ne doivent pas d\u00e9passer 850px de large<\/li>\n<\/ul>\n<p style=\"text-align: justify;\">Nous appr\u00e9cions un certain nombre de plateformes diff\u00e9rentes pour partager vos images, bien que nous demandions que si la plateforme exige que vous partagiez des dossiers, vous vous devez vous assurez de <strong>nous envoyer le lien direct vers le dossier, en vous assurant que le mot \u00ab home \u00bb ne figure pas dans l\u2019URL<\/strong>. Autrement, nous ne pourrons pas y avoir acc\u00e8s. Si un <strong>mot de passe<\/strong> est n\u00e9cessaire pour acc\u00e9der \u00e0 vos photos, veuillez vous assurer de l\u2019indiquer clairement dans votre <strong>blog de mariage<\/strong>. Nous pr\u00e9f\u00e9rons utiliser des plateformes plus rapides et faciles d\u2019acc\u00e8s, comme <strong>Wetransfer<\/strong>.<\/p>\n<h2 style=\"text-align: justify;\">Comment envoyer mon blog de mariage?<\/h2>\n<p style=\"text-align: justify;\">Le moyen le plus simple de nous soumettre votre blog de mariage serait <strong>d&rsquo;envoyer un email \u00e0 info@perfectvenue.es <\/strong>avec <strong>un lien vers votre collection de photos, une liste des fournisseurs avec leurs coordonn\u00e9es et quelques paragraphes d\u00e9crivant votre grand jour.<\/strong><\/p>\n<h2 style=\"text-align: justify;\">Contenu original<\/h2>\n<p style=\"text-align: justify;\">Id\u00e9alement, nous pr\u00e9f\u00e9rerions \u00e9viter d&rsquo;accepter <strong>une soumission de blog de mariage<\/strong> qui a d\u00e9j\u00e0 \u00e9t\u00e9 pr\u00e9sent\u00e9e sur une autre plateforme de blog de mariage, car nous faisons de notre mieux pour fournir <strong>une inspiration nouvelle et originale<\/strong> \u00e0 nos lecteurs.<\/p>\n<p style=\"text-align: justify;\">Une fois que nous avons publi\u00e9 votre blog, <strong>nous nous r\u00e9servons les droits exclusifs sur votre contenu<\/strong>, et <strong>vous ne pouvez donc pas partager ce blog sur d&rsquo;autres plateformes de blogs de mariage<\/strong>. Nous sommes toutefois heureux de vous permettre de publier votre blog de mariage sur votre propre plateforme de blog.<\/p>\n<h2 style=\"text-align: justify;\">Avertissement<\/h2>\n<p style=\"text-align: justify;\">Il est essentiel que <strong>vous vous assuriez que le couple et les vendeurs figurant dans vos photos soient heureux de faire partie de votre soumission<\/strong>, et vous devez vous rappeler que lorsque vous nous soumettez du mat\u00e9riel, <strong>vous assumez la propri\u00e9t\u00e9 de son \u0153uvre prot\u00e9g\u00e9e par les droits d\u2019auteur<\/strong>.<\/p>\n<h2 style=\"text-align: justify;\">Quand aurez-vous de nos nouvelles ?<\/h2>\n<p style=\"text-align: justify;\">Comme nous l\u2019avons d\u00e9j\u00e0 mentionn\u00e9, nous aimons bien s\u00fbr lire toutes les soumissions de blog de mariage que nous recevons, cependant, <strong>nous pouvons accepter seulement les articles de blog qui correspondent \u00e0 notre programme actuel pour notre plate-forme<\/strong>.<\/p>\n<p style=\"text-align: justify;\">Il nous faut g\u00e9n\u00e9ralement entre <strong>1 et 30 jours ouvrables pour r\u00e9pondre \u00e0 une soumission<\/strong>, car nous en recevons tellement et nous voulons nous assurer que nous accordons \u00e0 chaque soumission la m\u00eame attention. Par cons\u00e9quent, si apr\u00e8s 30 jours nous n&rsquo;avons pas r\u00e9pondu, <strong>n&rsquo;h\u00e9sitez pas \u00e0 nous envoyer un email et nous vous r\u00e9pondrons dans les plus brefs d\u00e9lais<\/strong>.<\/p>\n<p style=\"text-align: justify;\">Nous souhaitons publier votre soumission le plus vite possible, mais pr\u00e9parez-vous \u00e0 <strong>attendre au moins 4 semaines<\/strong>, car nous avons de nombreux articles \u00e0 publier et nous voulons nous assurer que chaque article soit parfaitement pr\u00e9sent\u00e9.<\/p>\n<p style=\"text-align: justify;\">N&rsquo;oubliez pas que <strong>toute soumission sans photographie, information sur le vendeur ou texte ne sera en aucun cas prise en compte<\/strong>.<\/p>\n<h2 style=\"text-align: justify;\">Jetez un coup d\u2019\u0153il \u00e0 nos comptes sur les r\u00e9seaux sociaux<\/h2>\n<p style=\"text-align: justify;\">Il est tr\u00e8s probable que nous fassions la promotion de votre article de blog sur nos plateformes Facebook et Instagram, <strong>en<\/strong> <strong>veillant \u00e0 ce que nous accordions du cr\u00e9dit \u00e0 tous vos fournisseurs<\/strong> et en utilisant une photo de votre collection qui refl\u00e8te vraiment l&rsquo;esprit de votre \u00e9v\u00e9nement.<\/p>\n<p style=\"text-align: justify;\">Si nous partageons votre article de blog sur nos r\u00e9seaux sociaux, nous serions ravis que <strong>vous partagiez nos articles et que vous nous aidiez \u00e0 faire conna\u00eetre nos articles<\/strong> !<\/p>\n<p style=\"text-align: justify;\"><strong>Retrouvez-nous sous le pseudo @wedding-inspiration-for-you sur Instagram et @PerfectVenue sur Facebook et Instagram !<\/strong><\/p>\n<p style=\"text-align: justify;\"><strong>\u00a0<\/strong><\/p>\n<p style=\"text-align: justify;\">Nous esp\u00e9rons que nous vous avons donn\u00e9 toutes les informations dont vous avez besoin pour nous <strong>soumettre votre blog de mariage<\/strong>. Si vous avez d\u2019autres questions, n\u2019h\u00e9sitez pas \u00e0 nous contacter sur\u00a0: info@perfectvenue.es.<\/p>\n<p style=\"text-align: justify;\">Chez <strong>Perfect Venue<\/strong>, nous attendons avec impatience vos <strong>blogs de mariage<\/strong>\u00a0! Cela nous fait toujours plaisir de les lire, et nous sommes d\u00e9j\u00e0 impatients de tomber en amoureux avec votre <strong>mariage \u00e0 destination exclusive<\/strong> !<\/p>\n<p><\/p>","protected":false},"excerpt":{"rendered":"<p>Tout d\u2019abord, nous tenons \u00e0 vous remercier pour votre int\u00e9r\u00eat \u00e0 soumettre votre blog de mariage ! Nous aimons mettre en valeur les mariages romantiques dans des endroits exclusifs, et ce serait un plaisir de pr\u00e9senter votre blog de mariage sur notre plateforme ! Cela \u00e9tant dit, nous ne pouvons pas accepter toutes les pr\u00e9sentations [&hellip;]<\/p>\n","protected":false},"author":1,"featured_media":0,"parent":0,"menu_order":0,"comment_status":"closed","ping_status":"closed","template":"","meta":{"_mo_disable_npp":"","footnotes":""},"class_list":["post-14291","page","type-page","status-publish","hentry"],"_links":{"self":[{"href":"https:\/\/perfectvenue.eu\/fr\/wp-json\/wp\/v2\/pages\/14291","targetHints":{"allow":["GET"]}}],"collection":[{"href":"https:\/\/perfectvenue.eu\/fr\/wp-json\/wp\/v2\/pages"}],"about":[{"href":"https:\/\/perfectvenue.eu\/fr\/wp-json\/wp\/v2\/types\/page"}],"author":[{"embeddable":true,"href":"https:\/\/perfectvenue.eu\/fr\/wp-json\/wp\/v2\/users\/1"}],"replies":[{"embeddable":true,"href":"https:\/\/perfectvenue.eu\/fr\/wp-json\/wp\/v2\/comments?post=14291"}],"version-history":[{"count":0,"href":"https:\/\/perfectvenue.eu\/fr\/wp-json\/wp\/v2\/pages\/14291\/revisions"}],"wp:attachment":[{"href":"https:\/\/perfectvenue.eu\/fr\/wp-json\/wp\/v2\/media?parent=14291"}],"curies":[{"name":"wp","href":"https:\/\/api.w.org\/{rel}","templated":true}]}}