{"id":33367,"date":"2026-02-23T12:15:03","date_gmt":"2026-02-23T11:15:03","guid":{"rendered":"https:\/\/perfectvenue.eu\/?post_type=product&#038;p=33367"},"modified":"2026-02-23T10:26:22","modified_gmt":"2026-02-23T09:26:22","slug":"french-alps-winter-proposal","status":"publish","type":"product","link":"https:\/\/perfectvenue.eu\/fr\/product\/proposition-hivernale-des-alpes-francaises-lamour-dans-la-serenite-enneigee\/","title":{"rendered":"Proposition hivernale des Alpes fran\u00e7aises\u00a0: l&rsquo;amour dans la s\u00e9r\u00e9nit\u00e9 enneig\u00e9e"},"content":{"rendered":"<p><\/p>\n<p style=\"text-align: justify;\">M\u00eame si l&rsquo;\u00e9t\u00e9 a son charme, il y a quelque chose de vraiment magique \u00e0 faire une demande en mariage dans le pays des merveilles enneig\u00e9es des Alpes fran\u00e7aises. Si vous et votre partenaire \u00eates des passionn\u00e9s de neige, enchant\u00e9s par la beaut\u00e9 des pistes enneig\u00e9es et des paysages \u00e0 couper le souffle, pourquoi ne pas embarquer pour une escapade de r\u00eave dans les Alpes fran\u00e7aises ?<\/p>\n<p style=\"text-align: justify;\">Imaginez une proposition sur fond de grandeur alpine, au milieu de descentes palpitantes sur les pistes. Imaginez-vous agenouill\u00e9 dans la neige, respirant l\u2019air pur de l\u2019hiver et d\u00e9clarant votre amour. Ou, apr\u00e8s une journ\u00e9e de ski exaltante, imaginez un moment de romance douillette dans votre chalet priv\u00e9, blotti pr\u00e8s du feu, en sirotant du vin chaud et en regardant les flocons de neige danser dehors.<\/p>\n<p style=\"text-align: justify;\">C&rsquo;est le genre de proposition qui compl\u00e8te parfaitement la grandeur des Alpes fran\u00e7aises, une exp\u00e9rience qui restera grav\u00e9e \u00e0 jamais dans vos c\u0153urs. Dans notre entreprise, nous sommes sp\u00e9cialis\u00e9s dans la cr\u00e9ation de moments de beaut\u00e9 naturelle et de romance sereine, tissant votre histoire d&rsquo;amour dans la tapisserie enneig\u00e9e des Alpes.<\/p>\n<p style=\"text-align: justify;\">Laissez-nous vous guider vers une proposition alpine inoubliable. Contactez-nous d\u00e8s aujourd&rsquo;hui et cr\u00e9ons un pays des merveilles hivernales o\u00f9 convergent l&rsquo;amour, la neige et les montagnes. Votre proposition dans les Alpes fran\u00e7aises vous attend, o\u00f9 la passion pour la neige devient une passion pour l&rsquo;amour.<\/p>\n<p><\/p>","protected":false},"excerpt":{"rendered":"<p style=\"text-align: justify;\">Votre demande en mariage dans les Alpes fran\u00e7aises vous attend, l\u00e0 o\u00f9 la passion pour la neige devient une passion pour l&rsquo;amour. <strong>Prix \u200b\u200bsur demande. R\u00e9servez \u00e0 l&rsquo;avance.<\/strong><\/p>\n","protected":false},"featured_media":41115,"comment_status":"open","ping_status":"closed","template":"","meta":{"_mo_disable_npp":""},"product_brand":[],"product_cat":[3003],"product_tag":[3290,3288,3289,3394],"class_list":{"0":"post-33367","1":"product","2":"type-product","3":"status-publish","4":"has-post-thumbnail","6":"product_cat-marriage-proposal-packages-in-europe","7":"product_tag-pedida-de-mano-invernal","8":"product_tag-pedida-de-mano-invernal-en-los-alpes-franceses","9":"product_tag-pedida-de-mano-invernal-en-los-alpes-franceses-amor-en-la-nieve","10":"product_tag-proposal-french-alps","12":"first","13":"instock","14":"taxable","15":"shipping-taxable","16":"product-type-simple"},"_links":{"self":[{"href":"https:\/\/perfectvenue.eu\/fr\/wp-json\/wp\/v2\/product\/33367","targetHints":{"allow":["GET"]}}],"collection":[{"href":"https:\/\/perfectvenue.eu\/fr\/wp-json\/wp\/v2\/product"}],"about":[{"href":"https:\/\/perfectvenue.eu\/fr\/wp-json\/wp\/v2\/types\/product"}],"replies":[{"embeddable":true,"href":"https:\/\/perfectvenue.eu\/fr\/wp-json\/wp\/v2\/comments?post=33367"}],"wp:featuredmedia":[{"embeddable":true,"href":"https:\/\/perfectvenue.eu\/fr\/wp-json\/wp\/v2\/media\/41115"}],"wp:attachment":[{"href":"https:\/\/perfectvenue.eu\/fr\/wp-json\/wp\/v2\/media?parent=33367"}],"wp:term":[{"taxonomy":"product_brand","embeddable":true,"href":"https:\/\/perfectvenue.eu\/fr\/wp-json\/wp\/v2\/product_brand?post=33367"},{"taxonomy":"product_cat","embeddable":true,"href":"https:\/\/perfectvenue.eu\/fr\/wp-json\/wp\/v2\/product_cat?post=33367"},{"taxonomy":"product_tag","embeddable":true,"href":"https:\/\/perfectvenue.eu\/fr\/wp-json\/wp\/v2\/product_tag?post=33367"}],"curies":[{"name":"wp","href":"https:\/\/api.w.org\/{rel}","templated":true}]}}