{"id":35592,"date":"2024-11-15T14:59:03","date_gmt":"2024-11-15T13:59:03","guid":{"rendered":"https:\/\/perfectvenue.eu\/?post_type=product&#038;p=35592"},"modified":"2025-07-02T14:58:55","modified_gmt":"2025-07-02T13:58:55","slug":"proposal-in-a-vineyard-in-france","status":"publish","type":"product","link":"https:\/\/perfectvenue.eu\/fr\/product\/proposal-in-a-vineyard-in-france\/","title":{"rendered":"Proposition dans un vignoble en France"},"content":{"rendered":"<p><\/p>\n<p style=\"text-align: justify;\">Le cadre id\u00e9al pour une proposition dans un vignoble en France. Ce lieu idyllique offre une atmosph\u00e8re romantique et exclusive, id\u00e9ale pour un moment aussi sp\u00e9cial que les fian\u00e7ailles. Avec un magnifique bouquet de fleurs \u00e0 votre disposition, vous pourrez surprendre votre partenaire avec un geste plein d&rsquo;amour et de d\u00e9vouement lors de votre demande en mariage dans un vignoble de r\u00eave en France.<\/p>\n<p style=\"text-align: justify;\">En arrivant dans les vignes, vous serez accueilli par un chemin de p\u00e9tales de roses qui vous m\u00e8nera \u00e0 une charmante d\u00e9coration qui comprend des lettres au sol qui disent : \u00ab Veux-tu m&rsquo;\u00e9pouser ? Ce d\u00e9tail soigneusement pr\u00e9par\u00e9 ajoutera une touche de magie et de sophistication au moment, cr\u00e9ant une atmosph\u00e8re romantique qui restera \u00e0 jamais dans vos c\u0153urs.<\/p>\n<p style=\"text-align: justify;\">Un photographe professionnel se chargera d&rsquo;immortaliser chaque instant de votre proposition dans un vignoble en France, capturant la surprise et la joie sur le visage de votre partenaire. Du premier regard sur le d\u00e9cor jusqu&rsquo;au moment excitant o\u00f9 vous entendez le \u00ab oui \u00bb tant attendu, chaque \u00e9motion sera captur\u00e9e dans de belles images que vous raconterez avec tendresse pendant des ann\u00e9es. Comme le bon vin, l\u2019amour se bonifie avec l\u2019\u00e2ge !<\/p>\n<p style=\"text-align: justify;\">Nous nous occupons de toute l&rsquo;organisation et de la planification afin que vous puissiez vous concentrer sur ce moment unique avec votre partenaire. Faites de votre proposition un souvenir inoubliable dans l&rsquo;un des endroits les plus romantiques et pittoresques de France, un vignoble qui rendra ce moment vraiment exceptionnel.<\/p>\n<h3 style=\"text-align: justify;\">Ce que comprend votre proposition dans un vignoble en France:<\/h3>\n<ul style=\"text-align: justify;\">\n<li>Photographe<\/li>\n<li>Bouquet de fleurs<\/li>\n<li>P\u00e9tales de roses et lettres Will You Marry Me<\/li>\n<li>Organisation et planification de la demande en mariage<\/li>\n<\/ul>\n<p style=\"text-align: justify;\"><strong>Prix: sur demande<\/strong><\/p>\n<h3 style=\"text-align: justify;\">Vous pouvez ajouter\u00a0:<\/h3>\n<ul style=\"text-align: justify;\">\n<li>Vid\u00e9o (v\u00e9rifier le prix)<\/li>\n<li>Musique live (v\u00e9rifier le prix)<\/li>\n<li>Transport (v\u00e9rifier le prix)<\/li>\n<li>Configurez-le comme vous le souhaitez\u00a0!<\/li>\n<\/ul>\n<h3 style=\"text-align: justify;\">Facilit\u00e9 de paiement<\/h3>\n<p style=\"text-align: justify;\">Ouais! Et il n\u2019est pas n\u00e9cessaire de payer la totalit\u00e9 du montant de la demande en mariage dans un vignoble en France. Il faut simplement r\u00e9server \u00e0 l&rsquo;avance et donner le reste le jour de l&rsquo;\u00e9v\u00e9nement.<\/p>\n<p style=\"text-align: justify;\">Du r\u00e9confort pour vous !<\/p>\n<p style=\"text-align: justify;\">*Les frais ne sont pas remboursables si l&rsquo;\u00e9v\u00e9nement est annul\u00e9 pour quelque raison que ce soit.<\/p>\n<p><\/p>","protected":false},"excerpt":{"rendered":"<p style=\"text-align: justify;\">Un charmant vignoble en France est le cadre id\u00e9al pour une proposition inoubliable, avec des p\u00e9tales de roses, des d\u00e9corations et un photographe professionnel. <strong>Prix sur demande. Il est n\u00e9cessaire de formaliser la r\u00e9servation avec une avance.<\/strong><\/p>\n","protected":false},"featured_media":36129,"comment_status":"open","ping_status":"closed","template":"","meta":{"_mo_disable_npp":""},"product_brand":[],"product_cat":[3003],"product_tag":[3287,3285,3286],"class_list":{"0":"post-35592","1":"product","2":"type-product","3":"status-publish","4":"has-post-thumbnail","6":"product_cat-marriage-proposal-packages-in-europe","7":"product_tag-pedida-de-mano-elegante-en-un-vinedo-en-francia","8":"product_tag-pedida-de-mano-en-un-vinedo-en-francia","9":"product_tag-pedida-de-mano-en-un-vinedo-en-francia-2026","11":"first","12":"instock","13":"taxable","14":"shipping-taxable","15":"product-type-simple"},"_links":{"self":[{"href":"https:\/\/perfectvenue.eu\/fr\/wp-json\/wp\/v2\/product\/35592","targetHints":{"allow":["GET"]}}],"collection":[{"href":"https:\/\/perfectvenue.eu\/fr\/wp-json\/wp\/v2\/product"}],"about":[{"href":"https:\/\/perfectvenue.eu\/fr\/wp-json\/wp\/v2\/types\/product"}],"replies":[{"embeddable":true,"href":"https:\/\/perfectvenue.eu\/fr\/wp-json\/wp\/v2\/comments?post=35592"}],"wp:featuredmedia":[{"embeddable":true,"href":"https:\/\/perfectvenue.eu\/fr\/wp-json\/wp\/v2\/media\/36129"}],"wp:attachment":[{"href":"https:\/\/perfectvenue.eu\/fr\/wp-json\/wp\/v2\/media?parent=35592"}],"wp:term":[{"taxonomy":"product_brand","embeddable":true,"href":"https:\/\/perfectvenue.eu\/fr\/wp-json\/wp\/v2\/product_brand?post=35592"},{"taxonomy":"product_cat","embeddable":true,"href":"https:\/\/perfectvenue.eu\/fr\/wp-json\/wp\/v2\/product_cat?post=35592"},{"taxonomy":"product_tag","embeddable":true,"href":"https:\/\/perfectvenue.eu\/fr\/wp-json\/wp\/v2\/product_tag?post=35592"}],"curies":[{"name":"wp","href":"https:\/\/api.w.org\/{rel}","templated":true}]}}