{"id":35593,"date":"2026-02-17T14:40:43","date_gmt":"2026-02-17T13:40:43","guid":{"rendered":"https:\/\/perfectvenue.eu\/?post_type=product&#038;p=35593"},"modified":"2026-03-30T04:24:40","modified_gmt":"2026-03-30T03:24:40","slug":"elopement-in-a-vineyard-in-france","status":"publish","type":"product","link":"https:\/\/perfectvenue.eu\/fr\/product\/forfait-mariage-en-fuite-dans-un-vignoble-en-france\/","title":{"rendered":"Forfait mariage en fuite dans un vignoble en France"},"content":{"rendered":"<p><\/p>\n<p style=\"text-align: justify;\">Ce forfait mariage en fuite dans un vignoble en France vous invite \u00e0 c\u00e9l\u00e9brer une c\u00e9r\u00e9monie intime entour\u00e9e par la beaut\u00e9 et le charme de la campagne fran\u00e7aise. Les vignobles, avec leurs paysages idylliques, offrent une atmosph\u00e8re romantique et exclusive, devenant le cadre id\u00e9al pour un mariage en fuite qui refl\u00e8te votre amour.<\/p>\n<p style=\"text-align: justify;\">Avec ce forfait, vous profiterez d&rsquo;une c\u00e9r\u00e9monie priv\u00e9e d\u00e9cor\u00e9e avec go\u00fbt pour rehausser la beaut\u00e9 de votre environnement. Un ma\u00eetre de c\u00e9r\u00e9monie officialisera votre mariage dans une atmosph\u00e8re intimiste et particuli\u00e8re, veillant \u00e0 ce que chaque d\u00e9tail soit parfait.<\/p>\n<p style=\"text-align: justify;\">Un photographe professionnel sera \u00e0 vos c\u00f4t\u00e9s pendant 3 heures, capturant chaque instant marquant de cette journ\u00e9e si particuli\u00e8re : des instants pr\u00e9c\u00e9dant l&rsquo;\u00e9change des v\u0153ux et les \u00e9motions partag\u00e9es apr\u00e8s la c\u00e9r\u00e9monie. Nous nous occupons de l&rsquo;organisation compl\u00e8te et de la coordination de la journ\u00e9e afin que vous puissiez vous concentrer uniquement sur ce moment unique.<\/p>\n<p style=\"text-align: justify;\">De plus, vous pouvez personnaliser votre mariage en fugue dans un vignoble en France en ajoutant des extras tels qu&rsquo;un service vid\u00e9o, pour revivre chaque instant, un musicien live qui apporte une touche magique avec de la musique live, ou un transport pour atteindre confortablement cette destination spectaculaire sans soucis. logistique.<\/p>\n<p style=\"text-align: justify;\">Organisez un mariage comme celui dont vous avez toujours r\u00eav\u00e9 et faites de cette journ\u00e9e un souvenir inoubliable !<\/p>\n<h3 style=\"text-align: justify;\">Ce que comprend votre mariage en fuite dans un vignoble en France\u00a0:<\/h3>\n<ul style=\"text-align: justify;\">\n<li>Photographe pendant 3 heures<\/li>\n<li>D\u00e9coration de c\u00e9r\u00e9monie<\/li>\n<li>Ma\u00eetre de c\u00e9r\u00e9monie<\/li>\n<li>Organisation et coordination de la journ\u00e9e<\/li>\n<\/ul>\n<p style=\"text-align: justify;\"><strong>Prix: sur demande<\/strong><\/p>\n<h3 style=\"text-align: justify;\">Vous pouvez ajouter\u00a0:<\/h3>\n<ul style=\"text-align: justify;\">\n<li>Vid\u00e9o (v\u00e9rifier le prix)<\/li>\n<li>Musicien live (v\u00e9rifier le prix)<\/li>\n<li>Transport (v\u00e9rifier le prix)<\/li>\n<li>Configurez-le comme vous le souhaitez\u00a0!<\/li>\n<\/ul>\n<h3 style=\"text-align: justify;\">Facilit\u00e9 de paiement<\/h3>\n<p style=\"text-align: justify;\">Ouais! Et il n\u2019est pas n\u00e9cessaire de payer le montant total du forfait mariage en fuite dans certains vignobles en France. Il faut simplement r\u00e9server \u00e0 l&rsquo;avance et donner le reste le jour de l&rsquo;\u00e9v\u00e9nement.<\/p>\n<p style=\"text-align: justify;\">Du r\u00e9confort pour vous !<\/p>\n<p style=\"text-align: justify;\">*Les frais ne sont pas remboursables si l&rsquo;\u00e9v\u00e9nement est annul\u00e9 pour quelque raison que ce soit.<\/p>\n<p><\/p>","protected":false},"excerpt":{"rendered":"<p style=\"text-align: justify;\">C\u00e9l\u00e9brez un mariage en fuite dans certains vignobles de France avec une c\u00e9r\u00e9monie intime, une d\u00e9coration soign\u00e9e, un photographe et une organisation compl\u00e8te dans un environnement unique. <strong>Prix \u200bsur demande. Il est n\u00e9cessaire de formaliser la r\u00e9servation avec une avance.<\/strong><\/p>\n","protected":false},"featured_media":41127,"comment_status":"open","ping_status":"closed","template":"","meta":{"_mo_disable_npp":""},"product_brand":[],"product_cat":[3004],"product_tag":[3666,3667,3668],"class_list":{"0":"post-35593","1":"product","2":"type-product","3":"status-publish","4":"has-post-thumbnail","6":"product_cat-elopement-packages-in-europe","7":"product_tag-boda-elopement-en-unos-vinedos-en-francia","8":"product_tag-boda-elopement-en-unos-vinedos-en-francia-2026","9":"product_tag-boda-elopement-en-unos-vinedos-en-francia-elegante","11":"first","12":"instock","13":"taxable","14":"shipping-taxable","15":"product-type-simple"},"_links":{"self":[{"href":"https:\/\/perfectvenue.eu\/fr\/wp-json\/wp\/v2\/product\/35593","targetHints":{"allow":["GET"]}}],"collection":[{"href":"https:\/\/perfectvenue.eu\/fr\/wp-json\/wp\/v2\/product"}],"about":[{"href":"https:\/\/perfectvenue.eu\/fr\/wp-json\/wp\/v2\/types\/product"}],"replies":[{"embeddable":true,"href":"https:\/\/perfectvenue.eu\/fr\/wp-json\/wp\/v2\/comments?post=35593"}],"wp:featuredmedia":[{"embeddable":true,"href":"https:\/\/perfectvenue.eu\/fr\/wp-json\/wp\/v2\/media\/41127"}],"wp:attachment":[{"href":"https:\/\/perfectvenue.eu\/fr\/wp-json\/wp\/v2\/media?parent=35593"}],"wp:term":[{"taxonomy":"product_brand","embeddable":true,"href":"https:\/\/perfectvenue.eu\/fr\/wp-json\/wp\/v2\/product_brand?post=35593"},{"taxonomy":"product_cat","embeddable":true,"href":"https:\/\/perfectvenue.eu\/fr\/wp-json\/wp\/v2\/product_cat?post=35593"},{"taxonomy":"product_tag","embeddable":true,"href":"https:\/\/perfectvenue.eu\/fr\/wp-json\/wp\/v2\/product_tag?post=35593"}],"curies":[{"name":"wp","href":"https:\/\/api.w.org\/{rel}","templated":true}]}}