{"id":35599,"date":"2024-10-24T12:57:34","date_gmt":"2024-10-24T11:57:34","guid":{"rendered":"https:\/\/perfectvenue.eu\/?post_type=product&#038;p=35599"},"modified":"2026-03-30T04:31:05","modified_gmt":"2026-03-30T03:31:05","slug":"photoshoot-with-a-floating-dress-in-venice-a-perfect-plan-for-a-true-goddess","status":"publish","type":"product","link":"https:\/\/perfectvenue.eu\/fr\/product\/photoshoot-with-a-floating-dress-in-venice-a-perfect-plan-for-a-true-goddess\/","title":{"rendered":"S\u00e9ance photo avec une robe flottante \u00e0 Venise : un plan parfait pour une vraie d\u00e9esse"},"content":{"rendered":"<p><\/p>\n<p style=\"text-align: justify;\">Faire une s\u00e9ance photo avec une robe flottante \u00e0 Venise est une exp\u00e9rience unique qui vous fera vous sentir comme une d\u00e9esse antique dans un si bel endroit. Cette exp\u00e9rience est parfaite pour ceux qui voyagent seuls, les couples, les Instagrammers, pour une proposition, les mamans, les mannequins ou les s\u00e9ances photo de mode. Quelle que soit la raison de votre s\u00e9ance, vous serez sans aucun doute une v\u00e9ritable d\u00e9esse.<\/p>\n<p style=\"text-align: justify;\">Dans cet article, nous vous expliquons tout ce que comprend ce Plan Parfait pour que vous puissiez r\u00e9aliser une s\u00e9ance photo unique dans un environnement de r\u00eave et montrer vos images sur les r\u00e9seaux sociaux. Continuez \u00e0 lire pour en savoir plus !<\/p>\n<h3 style=\"text-align: justify;\">Une ville de r\u00eave pour votre s\u00e9ance photo avec des robes flottantes<\/h3>\n<p style=\"text-align: justify;\">Venise est une ville de r\u00eave pour une s\u00e9ance photo avec des robes flottantes, car elle offre des espaces incroyables et une atmosph\u00e8re romantique. Lors de votre s\u00e9ance photo en robe flottante \u00e0 Venise, vous pourrez capturer la magie des canaux, des ponts embl\u00e9matiques et des rues pav\u00e9es. Les reflets dans l&rsquo;eau, la lumi\u00e8re du soleil qui brille sur les fa\u00e7ades historiques et les couchers de soleil romantiques cr\u00e9eront le cadre id\u00e9al.<\/p>\n<p style=\"text-align: justify;\">Imaginez poser dans des lieux embl\u00e9matiques comme la place Saint-Marc, le pont du Rialto ou \u00e0 c\u00f4t\u00e9 des gondoles du Grand Canal. Chaque recoin de cette ville vous fera sentir comme une v\u00e9ritable d\u00e9esse dans un environnement de r\u00eave.<\/p>\n<p style=\"text-align: justify;\">Si vous souhaitez que votre s\u00e9ance photo avec robes flottantes ait lieu dans une autre ville, il vous suffit de nous contacter et nous vous fournirons une liste des meilleurs endroits pour ce type de s\u00e9ance photo.<\/p>\n<p style=\"text-align: justify;\">Votre aventure photographique vous attend !<\/p>\n<h3 style=\"text-align: justify;\">Une robe volante spectaculaire incluse dans votre plan<\/h3>\n<p style=\"text-align: justify;\">C&rsquo;est l&rsquo;essentiel et vous pouvez choisir la couleur que vous aimez. La robe volante est faite de satin ultra l\u00e9ger et brillant qui capte naturellement le vent et fait grande impression sur l&rsquo;appareil photo.<\/p>\n<p style=\"text-align: justify;\">Dans les tons bordeaux, p\u00eache, bleu ciel, vert menthe&#8230; nous trouvons pour vous la robe que vous aimez le plus, qui convient le mieux \u00e0 votre silhouette, dans la couleur et avec le d\u00e9collet\u00e9 et l&rsquo;ouverture que vous souhaitez, vous aurez un look incroyable !<\/p>\n<p style=\"text-align: justify;\">Gardez \u00e0 l\u2019esprit que les mod\u00e8les sont con\u00e7us pour s\u2019adapter parfaitement \u00e0 n\u2019importe quelle silhouette. Alors \u00e9tudiez le catalogue, choisissez votre robe \u00e9l\u00e9gante et nous sommes pr\u00eats pour une brillante s\u00e9ance!<\/p>\n<h3 style=\"text-align: justify;\">Un photographe professionnel \u00e0 votre enti\u00e8re disposition<\/h3>\n<p style=\"text-align: justify;\">Pour votre s\u00e9ance photo en robe flottante \u00e0 Venise, vous aurez le meilleur photographe pour vous pendant une heure enti\u00e8re, et nous avons le meilleur, oui, vous avez bien lu. Lors d\u2019une s\u00e9ance photo aussi spectaculaire que celle-ci, il est extr\u00eamement important d\u2019avoir de vrais professionnels.<\/p>\n<p style=\"text-align: justify;\">Le meilleur, c&rsquo;est que chez Perfect Venue, nous travaillons uniquement avec les meilleurs professionnels de l&rsquo;appareil photo, afin que vous ayez les photos dont vous r\u00eavez le jour de votre s\u00e9ance photo avec des robes flottantes.<\/p>\n<h3 style=\"text-align: justify;\">Retouche photo incluse dans votre s\u00e9ance photo<\/h3>\n<p style=\"text-align: justify;\">Oui, apr\u00e8s l&rsquo;exp\u00e9rience, le photographe commencera \u00e0 retoucher vos photos pour vous les livrer enti\u00e8rement retouch\u00e9es afin que le r\u00e9sultat soit encore plus spectaculaire.<\/p>\n<p style=\"text-align: justify;\">Avec l&rsquo;\u00e9dition, nous pourrons am\u00e9liorer l&rsquo;image, en ajustant des \u00e9l\u00e9ments tels que la lumi\u00e8re, le contraste, les couleurs et d&rsquo;autres ajustements qui favoriseront votre image. L&rsquo;\u00e9dition joue un r\u00f4le important pour l&rsquo;am\u00e9liorer et mettre fin au processus.<\/p>\n<h3 style=\"text-align: justify;\">Extras pour votre s\u00e9ance photo en robe flottante \u00e0 Venise<\/h3>\n<p style=\"text-align: justify;\">Si vous le souhaitez, nous pouvons \u00e9galement ajouter un vid\u00e9aste pour filmer les meilleurs moments et l&rsquo;envol\u00e9e de votre robe. Nous travaillons aussi avec les meilleurs !<\/p>\n<p style=\"text-align: justify;\">De plus, nous connaissons les meilleurs coiffeurs et maquilleurs de chaque ville pour vous laisser radieuse avant la s\u00e9ance photo.<\/p>\n<p style=\"text-align: justify;\">Et si vous le souhaitez, nous proposons \u00e9galement un service de transport pour vous emmener \u00e0 chaque lieu de s\u00e9ance photo.<\/p>\n<p style=\"text-align: justify;\">Pour que vous ayez un pack complet, pour ne rien manquer !<\/p>\n<h3 style=\"text-align: justify;\">Tarifs \u00e0 consulter<\/h3>\n<p style=\"text-align: justify;\">Le prix d&rsquo;une s\u00e9ance photo avec des robes flottantes d\u00e9pendra toujours de diff\u00e9rents facteurs comme par exemple la localisation de l&rsquo;espace, la date \u00e0 laquelle il sera pr\u00e9par\u00e9 et les \u00e9l\u00e9ments dont vous aurez exactement besoin : transport, vid\u00e9aste, d\u00e9coration. , maquillage et coiffure\u2026<\/p>\n<p style=\"text-align: justify;\">La meilleure chose \u00e0 faire est donc de nous contacter afin que nous puissions vous proposer un prix fixe.<\/p>\n<p style=\"text-align: justify;\">Chez Perfect Venue, nous avons votre Plan Parfait, donc si vous souhaitez vivre l&rsquo;exp\u00e9rience d&rsquo;une s\u00e9ance photo avec des robes flottantes, nous organisons tout pour vous.<\/p>\n<p style=\"text-align: justify;\">Il vous suffit de r\u00e9server en un seul clic, puis d&rsquo;en profiter.<\/p>\n<p style=\"text-align: justify;\">Nous vous attendons !<\/p>\n<p style=\"text-align: justify;\">*Le paiement n&rsquo;est pas rembours\u00e9 si l&rsquo;\u00e9v\u00e9nement est annul\u00e9.<\/p>\n<p><\/p>","protected":false},"excerpt":{"rendered":"<p style=\"text-align: justify;\">Nous vous expliquons \u00e0 quoi ressemble le Plan Parfait pour une s\u00e9ance photo avec une robe flottante \u00e0 Venise afin que vous gardiez un souvenir incroyable. <strong>Prix sur demande. Vous devez r\u00e9server \u00e0 l&rsquo;avance.<\/strong><\/p>\n","protected":false},"featured_media":35609,"comment_status":"open","ping_status":"closed","template":"","meta":{"_mo_disable_npp":""},"product_brand":[],"product_cat":[3006],"product_tag":[],"class_list":{"0":"post-35599","1":"product","2":"type-product","3":"status-publish","4":"has-post-thumbnail","6":"product_cat-perfect-plans-in-europe","8":"first","9":"instock","10":"taxable","11":"shipping-taxable","12":"product-type-simple"},"_links":{"self":[{"href":"https:\/\/perfectvenue.eu\/fr\/wp-json\/wp\/v2\/product\/35599","targetHints":{"allow":["GET"]}}],"collection":[{"href":"https:\/\/perfectvenue.eu\/fr\/wp-json\/wp\/v2\/product"}],"about":[{"href":"https:\/\/perfectvenue.eu\/fr\/wp-json\/wp\/v2\/types\/product"}],"replies":[{"embeddable":true,"href":"https:\/\/perfectvenue.eu\/fr\/wp-json\/wp\/v2\/comments?post=35599"}],"wp:featuredmedia":[{"embeddable":true,"href":"https:\/\/perfectvenue.eu\/fr\/wp-json\/wp\/v2\/media\/35609"}],"wp:attachment":[{"href":"https:\/\/perfectvenue.eu\/fr\/wp-json\/wp\/v2\/media?parent=35599"}],"wp:term":[{"taxonomy":"product_brand","embeddable":true,"href":"https:\/\/perfectvenue.eu\/fr\/wp-json\/wp\/v2\/product_brand?post=35599"},{"taxonomy":"product_cat","embeddable":true,"href":"https:\/\/perfectvenue.eu\/fr\/wp-json\/wp\/v2\/product_cat?post=35599"},{"taxonomy":"product_tag","embeddable":true,"href":"https:\/\/perfectvenue.eu\/fr\/wp-json\/wp\/v2\/product_tag?post=35599"}],"curies":[{"name":"wp","href":"https:\/\/api.w.org\/{rel}","templated":true}]}}