{"id":35873,"date":"2026-02-17T15:00:29","date_gmt":"2026-02-17T14:00:29","guid":{"rendered":"https:\/\/perfectvenue.eu\/?post_type=product&#038;p=35873"},"modified":"2026-03-30T04:23:54","modified_gmt":"2026-03-30T03:23:54","slug":"elopement-wedding-paris-tuileries-garden","status":"publish","type":"product","link":"https:\/\/perfectvenue.eu\/fr\/product\/mariage-en-fuite-a-paris-dans-le-jardin-des-tuileries\/","title":{"rendered":"Mariage en fuite \u00e0 Paris dans le jardin des Tuileries"},"content":{"rendered":"<p><\/p>\n<p style=\"text-align: justify;\">Ce forfait mariage en fuite \u00e0 Paris, dans le magnifique jardin des Tuileries, est l&rsquo;occasion id\u00e9ale de c\u00e9l\u00e9brer une c\u00e9r\u00e9monie intime dans la beaut\u00e9 de l&rsquo;un des parcs les plus embl\u00e9matiques de la ville. Avec ses all\u00e9es charmantes, ses fontaines apaisantes et ses vues incroyables sur le Louvre, ce lieu est le cadre id\u00e9al pour un mariage en fuite qui refl\u00e8te tout ce que vous ressentez l&rsquo;un pour l&rsquo;autre.<\/p>\n<p style=\"text-align: justify;\">Avec ce forfait, vous profiterez d&rsquo;une c\u00e9r\u00e9monie priv\u00e9e, \u00e9l\u00e9gamment d\u00e9cor\u00e9e pour mettre en valeur la beaut\u00e9 naturelle du jardin. Un ma\u00eetre de c\u00e9r\u00e9monie se chargera d&rsquo;officialiser votre mariage dans une ambiance chaleureuse et accueillante, en veillant \u00e0 ce que tout soit parfait.<\/p>\n<p style=\"text-align: justify;\">De plus, vous aurez un photographe professionnel qui sera avec vous pendant 3 heures, capturant chaque moment sp\u00e9cial de ce grand jour : des pr\u00e9paratifs \u00e0 l&rsquo;\u00e9change de v\u0153ux et aux \u00e9motions qui surgissent apr\u00e8s la c\u00e9r\u00e9monie. Nous nous occupons de tout organiser et coordonner pour que vous n&rsquo;ayez qu&rsquo;\u00e0 profiter de chaque instant.<\/p>\n<p style=\"text-align: justify;\">Et si vous souhaitez le rendre encore plus sp\u00e9cial, vous pouvez personnaliser votre mariage en fuite dans le jardin des Tuileries avec des extras comme un service vid\u00e9o pour revivre chaque d\u00e9tail, un musicien live pour donner une touche magique \u00e0 la c\u00e9r\u00e9monie, ou encore un transport pour vous rendre l\u00e0 sans soucis.<\/p>\n<p style=\"text-align: justify;\">Faites de votre mariage fugitif \u00e0 Paris au Jardin des Tuileries une journ\u00e9e inoubliable !<\/p>\n<h3 style=\"text-align: justify;\">Ce que comprend votre mariage fugitif \u00e0 Paris dans le jardin des Tuileries :<\/h3>\n<ul style=\"text-align: justify;\">\n<li>Photographe pendant 3 heures<\/li>\n<li>D\u00e9coration de c\u00e9r\u00e9monie<\/li>\n<li>Ma\u00eetre de c\u00e9r\u00e9monie<\/li>\n<li>Organisation et coordination de la journ\u00e9e<\/li>\n<\/ul>\n<p style=\"text-align: justify;\"><strong>Prix: sur demande<\/strong><\/p>\n<h3 style=\"text-align: justify;\">Vous pouvez ajouter\u00a0:<\/h3>\n<ul style=\"text-align: justify;\">\n<li>Vid\u00e9o (v\u00e9rifier le prix)<\/li>\n<li>Musicien live (v\u00e9rifier le prix)<\/li>\n<li>Transport (v\u00e9rifier le prix)<\/li>\n<li>Configurez-le comme vous le souhaitez\u00a0!<\/li>\n<\/ul>\n<h3 style=\"text-align: justify;\">Facilit\u00e9 de paiement<\/h3>\n<p style=\"text-align: justify;\">Ouais! Et il n&rsquo;est pas n\u00e9cessaire de payer l&rsquo;int\u00e9gralit\u00e9 du forfait mariage en fuite \u00e0 Paris dans le jardin des Tuileries. Il faut simplement r\u00e9server \u00e0 l&rsquo;avance et donner le reste le jour de l&rsquo;\u00e9v\u00e9nement.<\/p>\n<p style=\"text-align: justify;\">Du r\u00e9confort pour vous !<\/p>\n<p style=\"text-align: justify;\">*Les frais ne sont pas remboursables si l&rsquo;\u00e9v\u00e9nement est annul\u00e9 pour quelque raison que ce soit.<\/p>\n<p><\/p>","protected":false},"excerpt":{"rendered":"<p style=\"text-align: justify;\">C\u00e9l\u00e9brez votre mariage \u00e0 Paris dans le jardin des Tuileries, l&rsquo;un des parcs les plus embl\u00e9matiques de la ville avec des fontaines, des all\u00e9es et des vues de r\u00eave.<strong> Prix \u200bsur demande. Il est n\u00e9cessaire de formaliser la r\u00e9servation avec une avance.<\/strong><\/p>\n","protected":false},"featured_media":41129,"comment_status":"open","ping_status":"closed","template":"","meta":{"_mo_disable_npp":""},"product_brand":[],"product_cat":[3004],"product_tag":[3361,3669,3670],"class_list":{"0":"post-35873","1":"product","2":"type-product","3":"status-publish","4":"has-post-thumbnail","6":"product_cat-elopement-packages-in-europe","7":"product_tag-boda-elopement-en-paris","8":"product_tag-boda-elopement-en-paris-en-el-jardin-de-las-tullerias","9":"product_tag-boda-elopement-en-paris-en-el-jardin-de-las-tullerias-elegante","11":"first","12":"instock","13":"taxable","14":"shipping-taxable","15":"product-type-simple"},"_links":{"self":[{"href":"https:\/\/perfectvenue.eu\/fr\/wp-json\/wp\/v2\/product\/35873","targetHints":{"allow":["GET"]}}],"collection":[{"href":"https:\/\/perfectvenue.eu\/fr\/wp-json\/wp\/v2\/product"}],"about":[{"href":"https:\/\/perfectvenue.eu\/fr\/wp-json\/wp\/v2\/types\/product"}],"replies":[{"embeddable":true,"href":"https:\/\/perfectvenue.eu\/fr\/wp-json\/wp\/v2\/comments?post=35873"}],"wp:featuredmedia":[{"embeddable":true,"href":"https:\/\/perfectvenue.eu\/fr\/wp-json\/wp\/v2\/media\/41129"}],"wp:attachment":[{"href":"https:\/\/perfectvenue.eu\/fr\/wp-json\/wp\/v2\/media?parent=35873"}],"wp:term":[{"taxonomy":"product_brand","embeddable":true,"href":"https:\/\/perfectvenue.eu\/fr\/wp-json\/wp\/v2\/product_brand?post=35873"},{"taxonomy":"product_cat","embeddable":true,"href":"https:\/\/perfectvenue.eu\/fr\/wp-json\/wp\/v2\/product_cat?post=35873"},{"taxonomy":"product_tag","embeddable":true,"href":"https:\/\/perfectvenue.eu\/fr\/wp-json\/wp\/v2\/product_tag?post=35873"}],"curies":[{"name":"wp","href":"https:\/\/api.w.org\/{rel}","templated":true}]}}