{"id":35905,"date":"2026-02-18T12:24:27","date_gmt":"2026-02-18T11:24:27","guid":{"rendered":"https:\/\/perfectvenue.eu\/?post_type=product&#038;p=35905"},"modified":"2026-02-18T12:23:49","modified_gmt":"2026-02-18T11:23:49","slug":"proposal-in-paris","status":"publish","type":"product","link":"https:\/\/perfectvenue.eu\/fr\/product\/proposition-a-paris-avec-de-grandes-lettres-marry-me-et-la-tour-eiffel-en-arriere-plan\/","title":{"rendered":"Proposition \u00e0 Paris avec de grandes lettres Marry Me et la Tour Eiffel en arri\u00e8re-plan"},"content":{"rendered":"<p><\/p>\n<p style=\"text-align: justify;\">Le forfait de demande en mariage \u00e0 Paris avec de grandes lettres \u00abMarry Me\u00bb est une exp\u00e9rience unique pour ceux qui souhaitent faire une demande en mariage m\u00e9morable dans un lieu public et embl\u00e9matique. Avec l&#8217;embl\u00e9matique Tour Eiffel en toile de fond, cet espace soigneusement d\u00e9cor\u00e9 capte l&rsquo;attention de tous et garantit que chaque d\u00e9tail soit sp\u00e9cial. C&rsquo;est le cadre id\u00e9al pour surprendre votre partenaire et rendre ce grand moment inoubliable.<\/p>\n<p style=\"text-align: justify;\">Dans un lieu exclusif, un tapis menant aux grandes lettres \u00ab Marry Me \u00bb marque le chemin vers un espace d\u00e9cor\u00e9 de p\u00e9tales de roses et de bougies, cr\u00e9ant une atmosph\u00e8re romantique et magique. Chaque \u00e9tape vers le lieu de la proposition est con\u00e7ue pour que vous ayez tous les deux l\u2019impression d\u2019\u00eatre dans un monde de r\u00eave. Avec la lueur des bougies et la majest\u00e9 de Paris en toile de fond, le d\u00e9cor est tout simplement spectaculaire.<\/p>\n<p style=\"text-align: justify;\">Lorsque le moment id\u00e9al arrive, vous pouvez vous agenouiller devant les grandes lettres \u00ab Marry Me \u00bb et faire la demande en mariage avec la Tour Eiffel \u00e0 l&rsquo;horizon, dans une atmosph\u00e8re pleine d&rsquo;amour et d&rsquo;\u00e9motion. Ce moment est id\u00e9al pour les amoureux cherchant \u00e0 allier grandeur et \u00e9l\u00e9gance parisienne dans leurs fian\u00e7ailles, cr\u00e9ant ainsi un souvenir inoubliable pour tous.<\/p>\n<p style=\"text-align: justify;\">Si vous le souhaitez, vous pouvez ajouter des services tels que de la musique live ou un toast au champagne pour c\u00e9l\u00e9brer le \u00ab oui \u00bb avec une touche suppl\u00e9mentaire de luxe et de style. Faites de vos fian\u00e7ailles \u00e0 Paris un souvenir unique et privil\u00e9gi\u00e9 !<\/p>\n<h3 style=\"text-align: justify;\">Ce que comprend votre proposition \u00e0 Paris avec les grandes lettres Marry Me et la Tour Eiffel en arri\u00e8re-plan\u00a0:<\/h3>\n<ul style=\"text-align: justify;\">\n<li>Photographe<\/li>\n<li>Paroles \u00c9pouse-moi<\/li>\n<li>D\u00e9coration avec p\u00e9tales de roses et bougies<\/li>\n<li>Bouquet de fleurs<\/li>\n<li>Planification de demande en mariage<\/li>\n<\/ul>\n<p style=\"text-align: justify;\"><strong>Prix: sur demande<\/strong><\/p>\n<h3 style=\"text-align: justify;\">Vous pouvez ajouter\u00a0:<\/h3>\n<ul style=\"text-align: justify;\">\n<li>Vid\u00e9o<\/li>\n<li>Musique live (guitare ou violon)<\/li>\n<li>Transport<\/li>\n<li>Champagne ou cava<\/li>\n<li>Configurez-le comme vous le souhaitez\u00a0!<\/li>\n<\/ul>\n<h3 style=\"text-align: justify;\">Facilit\u00e9 de paiement pour demande en mariage \u00e0 Paris avec de grandes lettres \u00abMarry Me\u00bb<\/h3>\n<p style=\"text-align: justify;\">Ouais! Et il n&rsquo;est pas n\u00e9cessaire de payer int\u00e9gralement le montant de la proposition \u00e0 Paris avec les grosses lettres Marry Me et la Tour Eiffel en arri\u00e8re-plan. Il faut simplement r\u00e9server \u00e0 l&rsquo;avance et donner le reste le jour de l&rsquo;\u00e9v\u00e9nement.<\/p>\n<p style=\"text-align: justify;\">Du r\u00e9confort pour vous !<\/p>\n<p style=\"text-align: justify;\">*Les frais ne sont pas remboursables si l&rsquo;\u00e9v\u00e9nement est annul\u00e9 pour quelque raison que ce soit.<\/p>\n<p><\/p>","protected":false},"excerpt":{"rendered":"<p style=\"text-align: justify;\">Une demande en mariage \u00e0 Paris avec de grandes lettres \u00ab Marry Me \u00bb, d\u00e9cor\u00e9e de p\u00e9tales, de bougies et d&rsquo;un tapis rouge vers la Tour Eiffel, cr\u00e9e un moment unique et inoubliable.<strong> Prix \u200b\u200bsur demande. Il est n\u00e9cessaire de formaliser la r\u00e9servation avec une avance.<\/strong><\/p>\n","protected":false},"featured_media":41163,"comment_status":"open","ping_status":"closed","template":"","meta":{"_mo_disable_npp":""},"product_brand":[],"product_cat":[3003],"product_tag":[3041,3034],"class_list":{"0":"post-35905","1":"product","2":"type-product","3":"status-publish","4":"has-post-thumbnail","6":"product_cat-marriage-proposal-packages-in-europe","7":"product_tag-marriage-proposal-in-europe","8":"product_tag-marriage-proposal-in-france","10":"first","11":"instock","12":"taxable","13":"shipping-taxable","14":"product-type-simple"},"_links":{"self":[{"href":"https:\/\/perfectvenue.eu\/fr\/wp-json\/wp\/v2\/product\/35905","targetHints":{"allow":["GET"]}}],"collection":[{"href":"https:\/\/perfectvenue.eu\/fr\/wp-json\/wp\/v2\/product"}],"about":[{"href":"https:\/\/perfectvenue.eu\/fr\/wp-json\/wp\/v2\/types\/product"}],"replies":[{"embeddable":true,"href":"https:\/\/perfectvenue.eu\/fr\/wp-json\/wp\/v2\/comments?post=35905"}],"wp:featuredmedia":[{"embeddable":true,"href":"https:\/\/perfectvenue.eu\/fr\/wp-json\/wp\/v2\/media\/41163"}],"wp:attachment":[{"href":"https:\/\/perfectvenue.eu\/fr\/wp-json\/wp\/v2\/media?parent=35905"}],"wp:term":[{"taxonomy":"product_brand","embeddable":true,"href":"https:\/\/perfectvenue.eu\/fr\/wp-json\/wp\/v2\/product_brand?post=35905"},{"taxonomy":"product_cat","embeddable":true,"href":"https:\/\/perfectvenue.eu\/fr\/wp-json\/wp\/v2\/product_cat?post=35905"},{"taxonomy":"product_tag","embeddable":true,"href":"https:\/\/perfectvenue.eu\/fr\/wp-json\/wp\/v2\/product_tag?post=35905"}],"curies":[{"name":"wp","href":"https:\/\/api.w.org\/{rel}","templated":true}]}}