{"id":35920,"date":"2026-02-20T10:23:57","date_gmt":"2026-02-20T09:23:57","guid":{"rendered":"https:\/\/perfectvenue.eu\/?post_type=product&#038;p=35920"},"modified":"2026-02-20T10:24:06","modified_gmt":"2026-02-20T09:24:06","slug":"proposal-in-paris-aboard-a-yacht","status":"publish","type":"product","link":"https:\/\/perfectvenue.eu\/fr\/product\/proposition-a-paris-pour-une-promenade-en-yacht-sur-la-seine\/","title":{"rendered":"Proposition \u00e0 Paris pour une promenade en yacht sur la Seine"},"content":{"rendered":"<p><\/p>\n<p style=\"text-align: justify;\">Une proposition \u00e0 Paris \u00e0 bord d&rsquo;un yacht sur la Seine\u00a0est une exp\u00e9rience magique qu&rsquo;aucun amoureux de la ville ne peut manquer, et avec l&rsquo;illumination du Pont des Arts, de la Cath\u00e9drale Notre Dame et de l&#8217;embl\u00e9matique Tour Eiffel, en gros, il n&rsquo;y a rien de mieux. que ce forfait pour un moment si sp\u00e9cial.<\/p>\n<p style=\"text-align: justify;\">A bord d&rsquo;un \u00e9l\u00e9gant yacht qui berce doucement, l&rsquo;ambiance devient chaleureuse et romantique gr\u00e2ce \u00e0 la douce lumi\u00e8re des bougies. Le bouquet de fleurs fra\u00eeches et les coupes de champagne lui donneront une touche particuli\u00e8re. Chaque d\u00e9tail est pens\u00e9 pour rendre ce moment inoubliable et unique !<\/p>\n<p style=\"text-align: justify;\">Le moment venu, vous pourrez vous agenouiller, avec la Tour Eiffel en toile de fond. Pensez \u00e0 l&rsquo;associer au spectacle de lumi\u00e8re \u00e9blouissant de la tour, cr\u00e9ant ainsi une atmosph\u00e8re magique qui laissera votre partenaire \u00e0 bout de souffle. Cette proposition allie tradition, \u00e9l\u00e9gance et charme parisien inimitable, transformant ce moment en un souvenir inoubliable.<\/p>\n<p style=\"text-align: justify;\">Si vous le souhaitez, vous pouvez personnaliser votre exp\u00e9rience avec des options suppl\u00e9mentaires telles que la vid\u00e9o du moment, la musique live avec guitare ou violon, le transport et un pique-nique exclusif avec cava, champagne et fruits frais. Faites de votre demande en mariage un souvenir inoubliable en naviguant sur la Seine dans l&rsquo;un des d\u00e9cors les plus romantiques au monde.<\/p>\n<p style=\"text-align: justify;\">L&rsquo;amour se f\u00eate \u00e0 Paris!<\/p>\n<h3 style=\"text-align: justify;\">Ce que comprend votre proposition \u00e0 Paris \u00e0 bord d&rsquo;un yacht sur la Seine:<\/h3>\n<ul style=\"text-align: justify;\">\n<li>Photographe<\/li>\n<li>Location de bateau<\/li>\n<li>Bouquet de fleurs<\/li>\n<li>D\u00e9coration de base<\/li>\n<li>Planification de demande en mariage<\/li>\n<\/ul>\n<p style=\"text-align: justify;\"><strong>Prix: sur demande<\/strong><\/p>\n<h3 style=\"text-align: justify;\">Vous pouvez ajouter:<\/h3>\n<ul style=\"text-align: justify;\">\n<li>Vid\u00e9o<\/li>\n<li>Musique live (guitare ou violon)<\/li>\n<li>Transport.<\/li>\n<li>Pique-nique : cava, champagne, fruits, etc.<\/li>\n<li>Configurez-le comme vous le souhaitez\u00a0!<\/li>\n<\/ul>\n<h3 style=\"text-align: justify;\">Facilit\u00e9 de paiement<\/h3>\n<p style=\"text-align: justify;\">Ouais! Et il n&rsquo;est pas n\u00e9cessaire de payer le montant total de la proposition \u00e0 Paris pour une promenade en yacht sur la Seine. Il faut simplement r\u00e9server \u00e0 l&rsquo;avance et donner le reste le jour de l&rsquo;\u00e9v\u00e9nement.<\/p>\n<p style=\"text-align: justify;\">Du r\u00e9confort pour vous !<\/p>\n<p style=\"text-align: justify;\">*Les frais ne sont pas remboursables si l&rsquo;\u00e9v\u00e9nement est annul\u00e9 pour quelque raison que ce soit.<\/p>\n<p><\/p>","protected":false},"excerpt":{"rendered":"<p style=\"text-align: justify;\">Une proposition \u00e0 Paris \u00e0 bord d&rsquo;un yacht sur la Seine, avec la Tour Eiffel en arri\u00e8re-plan et des d\u00e9tails romantiques comme des fleurs et du champagne, est le forfait qu&rsquo;il vous faut. <strong>Prix \u200b\u200bsur demande. Il est n\u00e9cessaire de formaliser la r\u00e9servation avec une avance.<\/strong><\/p>\n","protected":false},"featured_media":41169,"comment_status":"open","ping_status":"closed","template":"","meta":{"_mo_disable_npp":""},"product_brand":[],"product_cat":[3003],"product_tag":[3041,3034],"class_list":{"0":"post-35920","1":"product","2":"type-product","3":"status-publish","4":"has-post-thumbnail","6":"product_cat-marriage-proposal-packages-in-europe","7":"product_tag-marriage-proposal-in-europe","8":"product_tag-marriage-proposal-in-france","10":"first","11":"instock","12":"taxable","13":"shipping-taxable","14":"product-type-simple"},"_links":{"self":[{"href":"https:\/\/perfectvenue.eu\/fr\/wp-json\/wp\/v2\/product\/35920","targetHints":{"allow":["GET"]}}],"collection":[{"href":"https:\/\/perfectvenue.eu\/fr\/wp-json\/wp\/v2\/product"}],"about":[{"href":"https:\/\/perfectvenue.eu\/fr\/wp-json\/wp\/v2\/types\/product"}],"replies":[{"embeddable":true,"href":"https:\/\/perfectvenue.eu\/fr\/wp-json\/wp\/v2\/comments?post=35920"}],"wp:featuredmedia":[{"embeddable":true,"href":"https:\/\/perfectvenue.eu\/fr\/wp-json\/wp\/v2\/media\/41169"}],"wp:attachment":[{"href":"https:\/\/perfectvenue.eu\/fr\/wp-json\/wp\/v2\/media?parent=35920"}],"wp:term":[{"taxonomy":"product_brand","embeddable":true,"href":"https:\/\/perfectvenue.eu\/fr\/wp-json\/wp\/v2\/product_brand?post=35920"},{"taxonomy":"product_cat","embeddable":true,"href":"https:\/\/perfectvenue.eu\/fr\/wp-json\/wp\/v2\/product_cat?post=35920"},{"taxonomy":"product_tag","embeddable":true,"href":"https:\/\/perfectvenue.eu\/fr\/wp-json\/wp\/v2\/product_tag?post=35920"}],"curies":[{"name":"wp","href":"https:\/\/api.w.org\/{rel}","templated":true}]}}