{"id":37728,"date":"2026-03-06T11:35:33","date_gmt":"2026-03-06T10:35:33","guid":{"rendered":"https:\/\/perfectvenue.eu\/?post_type=product&#038;p=37728"},"modified":"2026-03-06T16:41:17","modified_gmt":"2026-03-06T15:41:17","slug":"marriage-proposal-in-paris-bleriot","status":"publish","type":"product","link":"https:\/\/perfectvenue.eu\/fr\/product\/demande-en-mariage-a-paris-sur-la-terrasse-bleriot-au-dernier-etage-dun-immeuble\/","title":{"rendered":"Demande en mariage \u00e0 Paris sur la terrasse Bl\u00e9riot, au dernier \u00e9tage d&rsquo;un immeuble"},"content":{"rendered":"<p><\/p>\n<p style=\"text-align: justify;\">Faites de votre demande en mariage \u00e0 Paris un moment v\u00e9ritablement unique. Apr\u00e8s une balade romantique le long de la Seine, vous vous dirigerez vers un endroit secret : une terrasse priv\u00e9e parfaitement d\u00e9cor\u00e9e et pr\u00eate \u00e0 accueillir votre histoire d&rsquo;amour.<\/p>\n<p style=\"text-align: justify;\">Des lumi\u00e8res tamis\u00e9es, des p\u00e9tales de roses fra\u00eeches, une enseigne au n\u00e9on avec un message romantique, des fleurs ornant chaque coin et des coupes de champagne pr\u00eates pour un toast. Tout est con\u00e7u pour que votre demande en mariage\u00a0soit digne d&rsquo;un film. De plus, une douce musique de fond vous accompagnera pendant que vous poserez la grande question.<\/p>\n<p style=\"text-align: justify;\">Il n&rsquo;y a pas de foule, pas de pr\u00e9cipitation, juste la ligne d&rsquo;horizon parisienne et l&rsquo;amour comme stars de vos fian\u00e7ailles \u00e0 Paris.<\/p>\n<h3 style=\"text-align: justify;\">Ce que comprend votre demande en mariage \u00e0 Paris \u00e0 la Terrasse Bl\u00e9riot :<\/h3>\n<p style=\"text-align: justify;\">Location privative de la terrasse pour 1 heure.<\/p>\n<p style=\"text-align: justify;\">D\u00e9coration romantique :<\/p>\n<ul style=\"text-align: justify;\">\n<li>Bougies.<\/li>\n<li>6 motifs floraux artificiels.<\/li>\n<li>2 supports transparents.<\/li>\n<li>P\u00e9tales de rose naturels.<\/li>\n<li>Enseigne au n\u00e9on.<\/li>\n<li>6 soliflores avec rose.<\/li>\n<li>Guirlandes lumineuses.<\/li>\n<\/ul>\n<p style=\"text-align: justify;\">2 coupes de champagne.<\/p>\n<p style=\"text-align: justify;\">Musique d&rsquo;ambiance via des haut-parleurs.<\/p>\n<p style=\"text-align: justify;\"><strong>Prix: sur demande<\/strong><\/p>\n<h3 style=\"text-align: justify;\">Vous pouvez ajouter\u00a0:<\/h3>\n<ul style=\"text-align: justify;\">\n<li style=\"font-weight: 400;\" aria-level=\"1\">Vid\u00e9o (v\u00e9rifier le prix)<\/li>\n<li style=\"font-weight: 400;\" aria-level=\"1\">Violon (v\u00e9rifier le prix)<\/li>\n<li style=\"font-weight: 400;\" aria-level=\"1\">Transport (v\u00e9rifier le prix)<\/li>\n<li style=\"font-weight: 400;\" aria-level=\"1\">D\u00e9coration avec des p\u00e9tales de rose<\/li>\n<li style=\"font-weight: 400;\" aria-level=\"1\">D\u00e9coration haut de gamme<\/li>\n<li style=\"font-weight: 400;\" aria-level=\"1\">Configurez-le comme vous le souhaitez !<\/li>\n<\/ul>\n<h3 style=\"text-align: justify;\">Facilit\u00e9 de paiement<\/h3>\n<p style=\"text-align: justify;\">Ouais! Et il n&rsquo;est pas n\u00e9cessaire de payer le montant total de la demande en fian\u00e7ailles \u00e0 Paris sur la terrasse Bl\u00e9riot. Il vous suffit de r\u00e9server avec un acompte de 300 \u20ac, le solde \u00e9tant d\u00fb le jour de l&rsquo;\u00e9v\u00e9nement.<\/p>\n<p style=\"text-align: justify;\">La commodit\u00e9 pour vous !<\/p>\n<p style=\"text-align: justify;\">*Les frais ne sont pas remboursables si l&rsquo;\u00e9v\u00e9nement est annul\u00e9 pour quelque raison que ce soit.<\/p>\n<p><\/p>","protected":false},"excerpt":{"rendered":"<p style=\"text-align: justify;\">Surprenez votre partenaire avec une demande en mariage inoubliable \u00e0 Paris, l&rsquo;une des villes les plus romantiques du monde. Promenez-vous au coucher du soleil sur les quais de Seine, suivi d&rsquo;une demande en mariage \u00e0 la Terrasse Bl\u00e9riot, situ\u00e9e au dernier \u00e9tage. <strong>Prix sur demande. Pour r\u00e9server, un acompte est demand\u00e9.<\/strong><\/p>\n","protected":false},"featured_media":41290,"comment_status":"open","ping_status":"closed","template":"","meta":{"_mo_disable_npp":""},"product_brand":[],"product_cat":[2756],"product_tag":[],"class_list":{"0":"post-37728","1":"product","2":"type-product","3":"status-publish","4":"has-post-thumbnail","6":"product_cat-marriage-proposal-packages-in-france","8":"first","9":"instock","10":"taxable","11":"shipping-taxable","12":"product-type-simple"},"_links":{"self":[{"href":"https:\/\/perfectvenue.eu\/fr\/wp-json\/wp\/v2\/product\/37728","targetHints":{"allow":["GET"]}}],"collection":[{"href":"https:\/\/perfectvenue.eu\/fr\/wp-json\/wp\/v2\/product"}],"about":[{"href":"https:\/\/perfectvenue.eu\/fr\/wp-json\/wp\/v2\/types\/product"}],"replies":[{"embeddable":true,"href":"https:\/\/perfectvenue.eu\/fr\/wp-json\/wp\/v2\/comments?post=37728"}],"wp:featuredmedia":[{"embeddable":true,"href":"https:\/\/perfectvenue.eu\/fr\/wp-json\/wp\/v2\/media\/41290"}],"wp:attachment":[{"href":"https:\/\/perfectvenue.eu\/fr\/wp-json\/wp\/v2\/media?parent=37728"}],"wp:term":[{"taxonomy":"product_brand","embeddable":true,"href":"https:\/\/perfectvenue.eu\/fr\/wp-json\/wp\/v2\/product_brand?post=37728"},{"taxonomy":"product_cat","embeddable":true,"href":"https:\/\/perfectvenue.eu\/fr\/wp-json\/wp\/v2\/product_cat?post=37728"},{"taxonomy":"product_tag","embeddable":true,"href":"https:\/\/perfectvenue.eu\/fr\/wp-json\/wp\/v2\/product_tag?post=37728"}],"curies":[{"name":"wp","href":"https:\/\/api.w.org\/{rel}","templated":true}]}}