{"id":37814,"date":"2025-06-08T14:13:00","date_gmt":"2025-06-08T13:13:00","guid":{"rendered":"https:\/\/perfectvenue.eu\/?post_type=product&#038;p=37814"},"modified":"2025-09-09T16:20:56","modified_gmt":"2025-09-09T15:20:56","slug":"marriage-proposal-at-lake-como-villa","status":"publish","type":"product","link":"https:\/\/perfectvenue.eu\/fr\/product\/demande-en-mariage-au-lac-de-come-en-pleine-nature-a-la-villa-carlotta\/","title":{"rendered":"Demande en mariage au lac de C\u00f4me en pleine nature \u00e0 la Villa Carlotta"},"content":{"rendered":"<p><\/p>\n<p style=\"text-align: justify;\">Imaginez votre demande en mariage au lac de C\u00f4me, entour\u00e9e de fleurs exotiques, de sculptures centenaires et du bleu serein du lac. La demande en mariage \u00e0 la Villa Carlotta est une exp\u00e9rience exclusive alliant nature, art et histoire dans un cadre digne d&rsquo;un conte de f\u00e9es.<\/p>\n<p style=\"text-align: justify;\">Situ\u00e9e directement sur les rives du lac, la Villa Carlotta abrite un jardin botanique de renomm\u00e9e internationale et un mus\u00e9e qui pr\u00e9serve l&rsquo;atmosph\u00e8re aristocratique du XIXe si\u00e8cle. Bien que les d\u00e9corations et expositions personnalis\u00e9es soient interdites, la beaut\u00e9 naturelle du lieu rend tout ajout superflu. L&rsquo;\u00e9l\u00e9gance du lieu \u00e0 elle seule rend ce moment magique et authentique.<\/p>\n<p style=\"text-align: justify;\">La disponibilit\u00e9 pour la demande en mariage est limit\u00e9e entre 10h30 et 12h00, garantissant une atmosph\u00e8re plus intime et ma\u00eetris\u00e9e. La s\u00e9ance photo professionnelle, incluse dans la demande, dure 1h30 et peut \u00eatre r\u00e9alis\u00e9e pendant les heures d&rsquo;ouverture (10h00 \u00e0 18h00). Ce cr\u00e9neau horaire vous permet de trouver la lumi\u00e8re id\u00e9ale et de choisir des coins embl\u00e9matiques du jardin pour immortaliser chaque instant.<\/p>\n<p style=\"text-align: justify;\">Contrairement \u00e0 d&rsquo;autres destinations, cette proposition sur le lac de C\u00f4me inclut la location priv\u00e9e d&rsquo;une partie du jardin (mais pas de la villa enti\u00e8re), offrant ainsi une plus grande intimit\u00e9 sans perdre le charme du cadre historique.<\/p>\n<h3 style=\"text-align: justify;\">Ce que comprend votre demande en mariage au lac de C\u00f4me en pleine nature<\/h3>\n<ul style=\"text-align: justify;\">\n<li aria-level=\"1\">Privatisation d&rsquo;une partie du jardin (et non de la villa enti\u00e8re)<\/li>\n<li aria-level=\"1\">Photographe professionnel<\/li>\n<li aria-level=\"1\">Organisation personnalis\u00e9e de votre demande en mariage<\/li>\n<li aria-level=\"1\">Accompagnement tout au long de l&rsquo;exp\u00e9rience<\/li>\n<li aria-level=\"1\">S\u00e9ance photo d&rsquo;une heure et demie pendant les heures d&rsquo;ouverture (10h00-18h00)<\/li>\n<\/ul>\n<p style=\"text-align: justify;\"><strong>Prix: sur demande<\/strong><\/p>\n<p style=\"text-align: justify;\"><strong>Temps suppl\u00e9mentaire optionnel (8h30-10h00 ou 19h00-20h30)\u00a0<\/strong><\/p>\n<h3 style=\"text-align: justify;\">Vous pouvez ajouter :<\/h3>\n<ul style=\"text-align: justify;\">\n<li style=\"font-weight: 400;\" aria-level=\"1\">Vid\u00e9o professionnelle<\/li>\n<li style=\"font-weight: 400;\" aria-level=\"1\">Musique live (guitare ou violon)<\/li>\n<li style=\"font-weight: 400;\" aria-level=\"1\">Transport priv\u00e9<\/li>\n<li style=\"font-weight: 400;\" aria-level=\"1\">Toast au champagne ou au cava<\/li>\n<\/ul>\n<p style=\"text-align: justify;\">Configurez-le comme vous le souhaitez !<\/p>\n<h3 style=\"text-align: justify;\">Facilit\u00e9 de paiement<\/h3>\n<p style=\"text-align: justify;\">Il n&rsquo;est pas n\u00e9cessaire de r\u00e9gler la totalit\u00e9 du montant de votre demande en mariage au lac de C\u00f4me au moment de la r\u00e9servation. Un acompte garantit votre date et le solde peut \u00eatre r\u00e9gl\u00e9 le jour J.<\/p>\n<p style=\"text-align: justify;\">S\u00e9r\u00e9nit\u00e9 et flexibilit\u00e9 garanties.<\/p>\n<p style=\"text-align: justify;\">* Remarque importante\u00a0: Les frais ne sont pas remboursables en cas d&rsquo;annulation de l&rsquo;\u00e9v\u00e9nement, quelle qu&rsquo;en soit la raison.<\/p>\n<p><\/p>","protected":false},"excerpt":{"rendered":"<p style=\"text-align: justify;\">Une demande en mariage romantique au milieu de jardins botaniques, de sculptures et de vues sur le lac, dans l&rsquo;un des lieux les plus embl\u00e9matiques de C\u00f4me. <strong>Prix sur demande. R\u00e9servation obligatoire.<\/strong><\/p>\n","protected":false},"featured_media":37817,"comment_status":"open","ping_status":"closed","template":"","meta":{"_mo_disable_npp":""},"product_brand":[],"product_cat":[732],"product_tag":[3291,3292,3342],"class_list":{"0":"post-37814","1":"product","2":"type-product","3":"status-publish","4":"has-post-thumbnail","6":"product_cat-uncategorized","7":"product_tag-pedida-de-mano-en-el-lago-di-como","8":"product_tag-pedida-de-mano-en-el-lago-di-como-2026","9":"product_tag-pedida-de-mano-en-el-lago-di-como-romantica","11":"first","12":"instock","13":"taxable","14":"shipping-taxable","15":"product-type-simple"},"_links":{"self":[{"href":"https:\/\/perfectvenue.eu\/fr\/wp-json\/wp\/v2\/product\/37814","targetHints":{"allow":["GET"]}}],"collection":[{"href":"https:\/\/perfectvenue.eu\/fr\/wp-json\/wp\/v2\/product"}],"about":[{"href":"https:\/\/perfectvenue.eu\/fr\/wp-json\/wp\/v2\/types\/product"}],"replies":[{"embeddable":true,"href":"https:\/\/perfectvenue.eu\/fr\/wp-json\/wp\/v2\/comments?post=37814"}],"wp:featuredmedia":[{"embeddable":true,"href":"https:\/\/perfectvenue.eu\/fr\/wp-json\/wp\/v2\/media\/37817"}],"wp:attachment":[{"href":"https:\/\/perfectvenue.eu\/fr\/wp-json\/wp\/v2\/media?parent=37814"}],"wp:term":[{"taxonomy":"product_brand","embeddable":true,"href":"https:\/\/perfectvenue.eu\/fr\/wp-json\/wp\/v2\/product_brand?post=37814"},{"taxonomy":"product_cat","embeddable":true,"href":"https:\/\/perfectvenue.eu\/fr\/wp-json\/wp\/v2\/product_cat?post=37814"},{"taxonomy":"product_tag","embeddable":true,"href":"https:\/\/perfectvenue.eu\/fr\/wp-json\/wp\/v2\/product_tag?post=37814"}],"curies":[{"name":"wp","href":"https:\/\/api.w.org\/{rel}","templated":true}]}}