{"id":37833,"date":"2025-06-30T10:39:17","date_gmt":"2025-06-30T09:39:17","guid":{"rendered":"https:\/\/perfectvenue.eu\/?post_type=product&#038;p=37833"},"modified":"2026-01-19T15:15:23","modified_gmt":"2026-01-19T14:15:23","slug":"marriage-proposal-at-lake-como-boat","status":"publish","type":"product","link":"https:\/\/perfectvenue.eu\/fr\/product\/demande-en-mariage-sur-le-lac-de-come-avec-promenade-en-bateau-et-prosecco-a-la-villa-la-cassinella\/","title":{"rendered":"Demande en mariage sur le lac de C\u00f4me avec promenade en bateau et prosecco \u00e0 la Villa La Cassinella"},"content":{"rendered":"<p><\/p>\n<p style=\"text-align: justify;\">Imaginez arriver en bateau dans une villa du XIXe si\u00e8cle nich\u00e9e au c\u0153ur de jardins luxuriants, avec une vue imprenable sur le lac de C\u00f4me. La Villa La Cassinella, situ\u00e9e sur une p\u00e9ninsule priv\u00e9e et accessible uniquement par voie d&rsquo;eau, incarne le summum de l&rsquo;exclusivit\u00e9 et du romantisme. C&rsquo;est l&rsquo;endroit id\u00e9al pour une inoubliable demande en mariage sur le lac de C\u00f4me.<\/p>\n<p style=\"text-align: justify;\">D&rsquo;une dur\u00e9e totale de 4 heures (entre 9h et 18h), cette exp\u00e9rience est con\u00e7ue pour les couples en qu\u00eate d&rsquo;intimit\u00e9 absolue, de luxe discret et d&rsquo;une atmosph\u00e8re f\u00e9erique. Du premier instant, avec la promenade en bateau depuis Campo di Lenno, jusqu&rsquo;au toast au prosecco face au lac, chaque d\u00e9tail est pens\u00e9 pour faire de ce moment un souvenir inoubliable.<\/p>\n<p style=\"text-align: justify;\">Outre ce cadre incomparable, vous pouvez choisir parmi plusieurs options de d\u00e9coration pour personnaliser l&rsquo;exp\u00e9rience selon votre style et votre vision\u00a0:<\/p>\n<ul style=\"text-align: justify;\">\n<li style=\"font-weight: 400;\" aria-level=\"1\">Option 1 \u2013 Bougies et p\u00e9tales de rose\u00a0: Une ambiance romantique et minimaliste avec une touche chaleureuse.<br \/>\nPrix: sur demande.<\/li>\n<li aria-level=\"1\">Option 2 \u2013 D\u00e9coration florale naturelle\u00a0: Composition avec verdure et fleurs fra\u00eeches, petit bouquet, p\u00e9tales de rose au sol, montage et d\u00e9montage inclus.<br \/>\nPrix: sur demande.<\/li>\n<li aria-level=\"1\">Option 3 \u2013 Structure florale fa\u00e7on autel\u00a0: Une composition plus \u00e9labor\u00e9e avec structure d\u00e9corative et compositions florales, id\u00e9ale pour un d\u00e9cor de cin\u00e9ma.<br \/>\nPrix: sur demande.<\/li>\n<\/ul>\n<p style=\"text-align: justify;\">Cette exp\u00e9rience allie charme historique, beaut\u00e9 naturelle et intimit\u00e9 absolue dans l&rsquo;un des coins les plus magiques du lac de C\u00f4me.<\/p>\n<h3 style=\"text-align: justify;\">Ce que comprend votre demande en mariage sur le lac de C\u00f4me avec promenade en bateau<\/h3>\n<ul style=\"text-align: justify;\">\n<li aria-level=\"1\">Location d&rsquo;un espace priv\u00e9 pour 4 heures<\/li>\n<li aria-level=\"1\">Transfert en bateau depuis et vers Campo di Lenno<\/li>\n<li aria-level=\"1\">Bouteille de Prosecco et ap\u00e9ritifs pour le toast<\/li>\n<li aria-level=\"1\">Photographe professionnel<\/li>\n<li aria-level=\"1\">Organisation personnalis\u00e9e de votre demande en mariage<\/li>\n<li aria-level=\"1\">Accompagnement tout au long de l&rsquo;\u00e9v\u00e9nement<\/li>\n<\/ul>\n<p style=\"text-align: justify;\"><strong>Prix: sur demande<\/strong><\/p>\n<h3 style=\"text-align: justify;\">Vous pouvez ajouter:<\/h3>\n<ul style=\"text-align: justify;\">\n<li style=\"font-weight: 400;\" aria-level=\"1\">Vid\u00e9o professionnelle<\/li>\n<li style=\"font-weight: 400;\" aria-level=\"1\">Musique live (guitare ou violon)<\/li>\n<li style=\"font-weight: 400;\" aria-level=\"1\">Transport terrestre suppl\u00e9mentaire<\/li>\n<li style=\"font-weight: 400;\" aria-level=\"1\">Tonneau au champagne ou au cava<\/li>\n<li style=\"font-weight: 400;\" aria-level=\"1\">D\u00e9coration personnalis\u00e9e:<\/li>\n<\/ul>\n<ul style=\"text-align: justify;\">\n<li style=\"list-style-type: none;\">\n<ul>\n<li style=\"font-weight: 400;\" aria-level=\"2\">Bogues et p\u00e9tales de rose: sur demande<\/li>\n<li style=\"font-weight: 400;\" aria-level=\"2\">Composition florale compl\u00e8te: sur demande<\/li>\n<li aria-level=\"2\">Composition florale style autel: sur demande<\/li>\n<\/ul>\n<\/li>\n<\/ul>\n<p style=\"text-align: justify;\">Configurez-le comme vous le souhaitez !<\/p>\n<h3 style=\"text-align: justify;\">Facilit\u00e9 de paiement<\/h3>\n<p style=\"text-align: justify;\">Vous n&rsquo;avez pas besoin de payer la totalit\u00e9 du montant lors de la r\u00e9servation de votre f\u00eate de fian\u00e7ailles au lac de C\u00f4me. Vous pouvez r\u00e9server votre date avec un acompte et r\u00e9gler le solde le jour J.<\/p>\n<p style=\"text-align: justify;\">Flexibilit\u00e9 et commodit\u00e9 pour une journ\u00e9e parfaite.<\/p>\n<p style=\"text-align: justify;\">*Remarque\u00a0: les frais ne sont pas remboursables en cas d&rsquo;annulation de l&rsquo;\u00e9v\u00e9nement, quelle qu&rsquo;en soit la raison.<\/p>\n<p><\/p>","protected":false},"excerpt":{"rendered":"<p style=\"text-align: justify;\">Une demande en mariage intime et luxueuse dans une villa historique, accessible uniquement par voie maritime. <strong>Prix sur demande. R\u00e9servation obligatoire.<\/strong><\/p>\n","protected":false},"featured_media":37838,"comment_status":"open","ping_status":"closed","template":"","meta":{"_mo_disable_npp":""},"product_brand":[],"product_cat":[3003],"product_tag":[3398,3391,3397],"class_list":{"0":"post-37833","1":"product","2":"type-product","3":"status-publish","4":"has-post-thumbnail","6":"product_cat-marriage-proposal-packages-in-europe","7":"product_tag-lago-como-pedida-d-emano","8":"product_tag-lake-como-proposal","9":"product_tag-3397","11":"first","12":"instock","13":"taxable","14":"shipping-taxable","15":"product-type-simple"},"_links":{"self":[{"href":"https:\/\/perfectvenue.eu\/fr\/wp-json\/wp\/v2\/product\/37833","targetHints":{"allow":["GET"]}}],"collection":[{"href":"https:\/\/perfectvenue.eu\/fr\/wp-json\/wp\/v2\/product"}],"about":[{"href":"https:\/\/perfectvenue.eu\/fr\/wp-json\/wp\/v2\/types\/product"}],"replies":[{"embeddable":true,"href":"https:\/\/perfectvenue.eu\/fr\/wp-json\/wp\/v2\/comments?post=37833"}],"wp:featuredmedia":[{"embeddable":true,"href":"https:\/\/perfectvenue.eu\/fr\/wp-json\/wp\/v2\/media\/37838"}],"wp:attachment":[{"href":"https:\/\/perfectvenue.eu\/fr\/wp-json\/wp\/v2\/media?parent=37833"}],"wp:term":[{"taxonomy":"product_brand","embeddable":true,"href":"https:\/\/perfectvenue.eu\/fr\/wp-json\/wp\/v2\/product_brand?post=37833"},{"taxonomy":"product_cat","embeddable":true,"href":"https:\/\/perfectvenue.eu\/fr\/wp-json\/wp\/v2\/product_cat?post=37833"},{"taxonomy":"product_tag","embeddable":true,"href":"https:\/\/perfectvenue.eu\/fr\/wp-json\/wp\/v2\/product_tag?post=37833"}],"curies":[{"name":"wp","href":"https:\/\/api.w.org\/{rel}","templated":true}]}}