{"id":37839,"date":"2026-03-09T10:00:32","date_gmt":"2026-03-09T09:00:32","guid":{"rendered":"https:\/\/perfectvenue.eu\/?post_type=product&#038;p=37839"},"modified":"2026-03-30T04:28:07","modified_gmt":"2026-03-30T03:28:07","slug":"marriage-proposal-in-paris-night","status":"publish","type":"product","link":"https:\/\/perfectvenue.eu\/fr\/product\/demande-en-mariage-sur-le-lac-de-come-avec-une-soiree-romantique-a-la-villa-vittoria\/","title":{"rendered":"Demande en mariage sur le lac de C\u00f4me avec une soir\u00e9e romantique \u00e0 la Villa Vittoria"},"content":{"rendered":"<p><\/p>\n<p style=\"text-align: justify;\">Vivez une magique demande en mariage sur le lac de C\u00f4me dans l&rsquo;une des villas les plus romantiques du lac : la Villa Vittoria. Ce lieu exclusif, avec vue directe sur le lac et architecture charmante, offre le cadre id\u00e9al pour un moment intime et charg\u00e9 d&rsquo;\u00e9motions.<\/p>\n<p style=\"text-align: justify;\">L&rsquo;exp\u00e9rience comprend la location priv\u00e9e du lieu pour une nuit, garantissant une intimit\u00e9 totale pour vous et votre partenaire. D\u00eener sp\u00e9cial, toast au coucher du soleil ou demande en mariage sous les \u00e9toiles, c&rsquo;est vous qui d\u00e9cidez comment vivre ce moment unique.<\/p>\n<p style=\"text-align: justify;\">Contrairement \u00e0 d&rsquo;autres lieux, la d\u00e9coration est autoris\u00e9e, vous laissant la libert\u00e9 de cr\u00e9er une atmosph\u00e8re personnalis\u00e9e avec des fleurs, des bougies, des p\u00e9tales de rose ou le d\u00e9cor romantique de votre choix. Tout peut \u00eatre adapt\u00e9 \u00e0 votre style, du plus simple et \u00e9l\u00e9gant au plus \u00e9labor\u00e9.<\/p>\n<p style=\"text-align: justify;\">Gr\u00e2ce \u00e0 une planification minutieuse et \u00e0 l&rsquo;assistance d&rsquo;un photographe professionnel, chaque instant de votre demande en mariage sur le lac de C\u00f4me sera immortalis\u00e9 \u00e0 jamais.<\/p>\n<h3 style=\"text-align: justify;\">Ce que comprend votre demande en mariage sur le lac de C\u00f4me avec une nuit romantique<\/h3>\n<ul style=\"text-align: justify;\">\n<li aria-level=\"1\">Location d&rsquo;un lieu priv\u00e9 pour une nuit<\/li>\n<li aria-level=\"1\">Photographe professionnel<\/li>\n<li aria-level=\"1\">Organisation personnalis\u00e9e de votre demande en mariage<\/li>\n<li aria-level=\"1\">Accompagnement tout au long de l&rsquo;exp\u00e9rience<\/li>\n<\/ul>\n<p style=\"text-align: justify;\"><strong>Prix: sur demande<\/strong><\/p>\n<h3 style=\"text-align: justify;\">Vous pouvez ajouter :<\/h3>\n<ul style=\"text-align: justify;\">\n<li style=\"font-weight: 400;\" aria-level=\"1\">Vid\u00e9o professionnelle<\/li>\n<li style=\"font-weight: 400;\" aria-level=\"1\">Musique live (guitare ou violon)<\/li>\n<li style=\"font-weight: 400;\" aria-level=\"1\">Transport priv\u00e9<\/li>\n<li style=\"font-weight: 400;\" aria-level=\"1\">Tonne au champagne ou au cava<\/li>\n<li style=\"font-weight: 400;\" aria-level=\"1\">D\u00e9coration personnalis\u00e9e<\/li>\n<\/ul>\n<p style=\"text-align: justify;\">Configurez-le comme vous le souhaitez !<\/p>\n<h3 style=\"text-align: justify;\">Facilit\u00e9 de paiement<\/h3>\n<p style=\"text-align: justify;\">Vous pouvez r\u00e9server la date \u00e0 l&rsquo;avance et r\u00e9gler le solde le jour m\u00eame de votre mariage au lac de C\u00f4me. Inutile de payer la totalit\u00e9 en une seule fois.<\/p>\n<p style=\"text-align: justify;\">Flexibilit\u00e9 et tranquillit\u00e9 d&rsquo;esprit pour vous.<\/p>\n<p style=\"text-align: justify;\">*Remarque importante\u00a0: Les frais ne sont pas remboursables en cas d&rsquo;annulation de l&rsquo;\u00e9v\u00e9nement, quelle qu&rsquo;en soit la raison.<\/p>\n<p><\/p>","protected":false},"excerpt":{"rendered":"<p style=\"text-align: justify;\">Un \u00ab\u00a0oui\u00a0\u00bb inoubliable au bord du lac, avec une nuit priv\u00e9e dans une charmante villa et une vue imprenable. <strong>Prix sur demande.<\/strong> <strong>R\u00e9servation obligatoire.<\/strong><\/p>\n","protected":false},"featured_media":41274,"comment_status":"open","ping_status":"closed","template":"","meta":{"_mo_disable_npp":""},"product_brand":[],"product_cat":[3003],"product_tag":[3391,3392],"class_list":{"0":"post-37839","1":"product","2":"type-product","3":"status-publish","4":"has-post-thumbnail","6":"product_cat-marriage-proposal-packages-in-europe","7":"product_tag-lake-como-proposal","8":"product_tag-pedida-de-mano-lago-como","10":"first","11":"instock","12":"taxable","13":"shipping-taxable","14":"product-type-simple"},"_links":{"self":[{"href":"https:\/\/perfectvenue.eu\/fr\/wp-json\/wp\/v2\/product\/37839","targetHints":{"allow":["GET"]}}],"collection":[{"href":"https:\/\/perfectvenue.eu\/fr\/wp-json\/wp\/v2\/product"}],"about":[{"href":"https:\/\/perfectvenue.eu\/fr\/wp-json\/wp\/v2\/types\/product"}],"replies":[{"embeddable":true,"href":"https:\/\/perfectvenue.eu\/fr\/wp-json\/wp\/v2\/comments?post=37839"}],"wp:featuredmedia":[{"embeddable":true,"href":"https:\/\/perfectvenue.eu\/fr\/wp-json\/wp\/v2\/media\/41274"}],"wp:attachment":[{"href":"https:\/\/perfectvenue.eu\/fr\/wp-json\/wp\/v2\/media?parent=37839"}],"wp:term":[{"taxonomy":"product_brand","embeddable":true,"href":"https:\/\/perfectvenue.eu\/fr\/wp-json\/wp\/v2\/product_brand?post=37839"},{"taxonomy":"product_cat","embeddable":true,"href":"https:\/\/perfectvenue.eu\/fr\/wp-json\/wp\/v2\/product_cat?post=37839"},{"taxonomy":"product_tag","embeddable":true,"href":"https:\/\/perfectvenue.eu\/fr\/wp-json\/wp\/v2\/product_tag?post=37839"}],"curies":[{"name":"wp","href":"https:\/\/api.w.org\/{rel}","templated":true}]}}