{"id":37891,"date":"2025-09-08T14:10:46","date_gmt":"2025-09-08T13:10:46","guid":{"rendered":"https:\/\/perfectvenue.eu\/?post_type=product&#038;p=37891"},"modified":"2025-09-12T07:01:57","modified_gmt":"2025-09-12T06:01:57","slug":"marriage-proposal-at-lake-como-decoration","status":"publish","type":"product","link":"https:\/\/perfectvenue.eu\/fr\/product\/proposition-sur-le-lac-de-come-avec-decoration-personnalisee-a-la-villa-geno\/","title":{"rendered":"Proposition sur le lac de C\u00f4me avec d\u00e9coration personnalis\u00e9e \u00e0 la Villa Geno"},"content":{"rendered":"<p><\/p>\n<p style=\"text-align: justify;\">Avec une vue imprenable sur le lac de C\u00f4me et situ\u00e9e \u00e0 c\u00f4t\u00e9 de la c\u00e9l\u00e8bre fontaine de C\u00f4me, la Villa Geno est l&rsquo;un des lieux les plus \u00e9l\u00e9gants et abordables pour une romantique et priv\u00e9e proposition\u00a0 sur le lac de C\u00f4me. Sa terrasse au bord de l&rsquo;eau, son jardin soign\u00e9 et sa proximit\u00e9 avec le centre-ville en font l&rsquo;endroit id\u00e9al pour un \u00ab oui \u00bb inoubliable.<\/p>\n<p style=\"text-align: justify;\">L&rsquo;exp\u00e9rience comprend la privatisation du lieu pendant deux heures, id\u00e9ale pour profiter d&rsquo;un moment intime et soigneusement planifi\u00e9, avec suffisamment de temps pour capturer l&rsquo;\u00e9motion du moment.<\/p>\n<p style=\"text-align: justify;\">L&rsquo;un des grands atouts de cette demande en mariage est la possibilit\u00e9 d&rsquo;y ajouter des d\u00e9corations, vous permettant ainsi de transformer l&rsquo;espace selon votre style et votre vision. D&rsquo;une simple d\u00e9coration avec bougies et p\u00e9tales \u00e0 une composition florale plus \u00e9labor\u00e9e, chaque d\u00e9tail est personnalisable.<\/p>\n<p style=\"text-align: justify;\">De plus, vous serez accompagn\u00e9 par un photographe professionnel qui immortalisera chaque instant avec sensibilit\u00e9 et discr\u00e9tion, et par une \u00e9quipe qui vous aidera \u00e0 coordonner chaque \u00e9tape de votre demande en mariage sur le lac de C\u00f4me.<\/p>\n<h3 style=\"text-align: justify;\">Ce que comprend votre proposition sur le lac de C\u00f4me avec d\u00e9coration personnalis\u00e9e<\/h3>\n<ul style=\"text-align: justify;\">\n<li aria-level=\"1\">Location d&rsquo;un lieu priv\u00e9 pour 2 heures<\/li>\n<li aria-level=\"1\">Photographe professionnel<\/li>\n<li aria-level=\"1\">Organisation personnalis\u00e9e de votre demande en mariage<\/li>\n<\/ul>\n<p style=\"text-align: justify;\"><b>Prix: sur demande<\/b><\/p>\n<h3 style=\"text-align: justify;\">Vous pouvez ajouter :<\/h3>\n<ul style=\"text-align: justify;\">\n<li style=\"font-weight: 400;\" aria-level=\"1\"><span style=\"color: inherit; font-family: inherit; font-size: inherit;\">Vid\u00e9o professionnelle<br \/>\n<\/span><\/li>\n<li aria-level=\"1\"><span style=\"color: inherit; font-family: inherit; font-size: inherit;\">Musique live (guitare ou violon)<br \/>\n<\/span><\/li>\n<li aria-level=\"1\"><span style=\"color: inherit; font-family: inherit; font-size: inherit;\">Transport priv\u00e9<br \/>\n<\/span><\/li>\n<li aria-level=\"1\"><span style=\"color: inherit; font-family: inherit; font-size: inherit;\">Tonne au champagne ou au cava<br \/>\n<\/span><\/li>\n<li aria-level=\"1\"><span style=\"color: inherit; font-family: inherit; font-size: inherit;\">D\u00e9coration personnalis\u00e9e<\/span><\/li>\n<\/ul>\n<p style=\"text-align: justify;\">Configurez-le comme vous le souhaitez !<\/p>\n<h3 style=\"text-align: justify;\">Facilit\u00e9 de paiement<\/h3>\n<p style=\"text-align: justify;\">Aucun acompte n&rsquo;est requis. Vous pouvez r\u00e9server votre f\u00eate de fian\u00e7ailles au lac de C\u00f4me avec un acompte et r\u00e9gler le solde le jour de l&rsquo;\u00e9v\u00e9nement.<\/p>\n<p style=\"text-align: justify;\">Une exp\u00e9rience con\u00e7ue pour vous, avec une flexibilit\u00e9 maximale.<\/p>\n<p style=\"text-align: justify;\">* Remarque importante\u00a0: Les frais ne sont pas remboursables en cas d&rsquo;annulation de l&rsquo;\u00e9v\u00e9nement, quelle qu&rsquo;en soit la raison.<\/p>\n<p><\/p>","protected":false},"excerpt":{"rendered":"<p style=\"text-align: justify;\">Un moment inoubliable devant l&#8217;embl\u00e9matique fontaine de C\u00f4me, avec une exp\u00e9rience intime et sur mesure.<strong> Prix sur demande. R\u00e9servation obligatoire.<\/strong><\/p>\n","protected":false},"featured_media":37893,"comment_status":"open","ping_status":"closed","template":"","meta":{"_mo_disable_npp":""},"product_brand":[],"product_cat":[3003],"product_tag":[3291,3292,3342,3395,3396],"class_list":{"0":"post-37891","1":"product","2":"type-product","3":"status-publish","4":"has-post-thumbnail","6":"product_cat-marriage-proposal-packages-in-europe","7":"product_tag-pedida-de-mano-en-el-lago-di-como","8":"product_tag-pedida-de-mano-en-el-lago-di-como-2026","9":"product_tag-pedida-de-mano-en-el-lago-di-como-romantica","10":"product_tag-proposal-lake-como","11":"product_tag-proposal-villa-geno","13":"first","14":"instock","15":"taxable","16":"shipping-taxable","17":"product-type-simple"},"_links":{"self":[{"href":"https:\/\/perfectvenue.eu\/fr\/wp-json\/wp\/v2\/product\/37891","targetHints":{"allow":["GET"]}}],"collection":[{"href":"https:\/\/perfectvenue.eu\/fr\/wp-json\/wp\/v2\/product"}],"about":[{"href":"https:\/\/perfectvenue.eu\/fr\/wp-json\/wp\/v2\/types\/product"}],"replies":[{"embeddable":true,"href":"https:\/\/perfectvenue.eu\/fr\/wp-json\/wp\/v2\/comments?post=37891"}],"wp:featuredmedia":[{"embeddable":true,"href":"https:\/\/perfectvenue.eu\/fr\/wp-json\/wp\/v2\/media\/37893"}],"wp:attachment":[{"href":"https:\/\/perfectvenue.eu\/fr\/wp-json\/wp\/v2\/media?parent=37891"}],"wp:term":[{"taxonomy":"product_brand","embeddable":true,"href":"https:\/\/perfectvenue.eu\/fr\/wp-json\/wp\/v2\/product_brand?post=37891"},{"taxonomy":"product_cat","embeddable":true,"href":"https:\/\/perfectvenue.eu\/fr\/wp-json\/wp\/v2\/product_cat?post=37891"},{"taxonomy":"product_tag","embeddable":true,"href":"https:\/\/perfectvenue.eu\/fr\/wp-json\/wp\/v2\/product_tag?post=37891"}],"curies":[{"name":"wp","href":"https:\/\/api.w.org\/{rel}","templated":true}]}}