{"id":37919,"date":"2025-06-05T12:05:08","date_gmt":"2025-06-05T11:05:08","guid":{"rendered":"https:\/\/perfectvenue.eu\/?post_type=product&#038;p=37919"},"modified":"2026-03-30T04:27:22","modified_gmt":"2026-03-30T03:27:22","slug":"flying-dress-photoshoot-on-lake-como","status":"publish","type":"product","link":"https:\/\/perfectvenue.eu\/fr\/product\/seance-photo-avec-une-robe-flottante-sur-le-lac-de-come-un-plan-parfait-pour-un-vrai-mannequin\/","title":{"rendered":"S\u00e9ance photo avec une robe flottante sur le lac de C\u00f4me : un plan parfait pour un vrai mannequin"},"content":{"rendered":"<p><\/p>\n<p style=\"text-align: justify;\">Une s\u00e9ance photo avec une robe flottante sur le lac de C\u00f4me est une exp\u00e9rience unique qui vous fera sentir comme une d\u00e9esse antique dans un lieu aussi magnifique.<strong> Cette exp\u00e9rience est id\u00e9ale pour les voyageurs solo, les couples, les Instagrammeurs, pour une demande en mariage, des photos de maternit\u00e9, des mannequins ou des s\u00e9ances de mode.<\/strong> Quelle que soit la raison de votre s\u00e9ance, vous serez sans aucun doute une v\u00e9ritable d\u00e9esse.<\/p>\n<p style=\"text-align: justify;\">Dans cet article, nous vous expliquons tout ce qui est inclus dans ce forfait id\u00e9al pour une s\u00e9ance photo unique dans un cadre de r\u00eave et pour partager vos images sur les r\u00e9seaux sociaux. Lisez la suite pour en savoir plus\u00a0!<\/p>\n<h3 style=\"text-align: justify;\" align=\"justify\">Une ville de r\u00eave pour votre shooting photo avec des robes fluides<\/h3>\n<p style=\"text-align: justify;\">C\u00f4me est la ville id\u00e9ale pour une s\u00e9ance photo en robe flottante, offrant des lieux incroyables et une atmosph\u00e8re typiquement italienne. Lors de votre s\u00e9ance photo en robe flottante sur le lac de C\u00f4me, vous pourrez immortaliser la magie de villes c\u00e9l\u00e8bres comme Lecco, Varenna ou Bellagio, avec leurs rues et villas magnifiques, ainsi que l&#8217;embl\u00e9matique lac de C\u00f4me. Les reflets dans l&rsquo;eau, la lumi\u00e8re du soleil sur les fa\u00e7ades historiques et les couchers de soleil romantiques cr\u00e9eront un d\u00e9cor parfait.<\/p>\n<p style=\"text-align: justify;\"><strong>Imaginez poser dans des lieux embl\u00e9matiques comme le lac de C\u00f4me, Lecco ou la Villa Carlotta<\/strong>. Chaque recoin de cette ville vous fera sentir comme une d\u00e9esse dans un d\u00e9cor de r\u00eave.<\/p>\n<p style=\"text-align: justify;\">Si vous souhaitez que votre s\u00e9ance photo en robe flottante ait lieu dans une autre ville, contactez-nous et nous vous fournirons une liste des meilleurs endroits pour ce type de s\u00e9ance photo. Votre aventure photographique vous attend\u00a0!<\/p>\n<h3 style=\"text-align: justify;\" align=\"justify\">Une robe volante spectaculaire incluse dans votre forfait<\/h3>\n<p style=\"text-align: justify;\">C&rsquo;est le plus important, et vous pouvez choisir la couleur qui vous pla\u00eet. Cette robe fluide est confectionn\u00e9e en <strong>satin ultra-l\u00e9ger et brillant qui flotte naturellement au vent<\/strong> et fait sensation devant la cam\u00e9ra.<\/p>\n<p style=\"text-align: justify;\"><strong>Dans des tons de bordeaux, p\u00eache, bleu ciel, vert menthe\u2026 nous trouverons la robe qui vous pla\u00eet le plus, celle qui met le mieux en valeur votre silhouette, dans la couleur, le d\u00e9collet\u00e9 et la fente que vous souhaitez\u00a0: vous serez sublime\u00a0!<\/strong><\/p>\n<p style=\"text-align: justify;\">N&rsquo;oubliez pas que<strong> nos mod\u00e8les sont con\u00e7us pour s&rsquo;adapter parfaitement \u00e0 toutes les silhouettes.<\/strong> Alors, consultez le catalogue, choisissez votre robe \u00e9l\u00e9gante et nous sommes pr\u00eates pour une s\u00e9ance photo \u00e9clatante\u00a0!<\/p>\n<h3 style=\"text-align: justify;\" align=\"justify\">Un photographe professionnel \u00e0 votre disposition<\/h3>\n<p style=\"text-align: justify;\">Pour votre s\u00e9ance photo en robe flottante sur le lac de C\u00f4me, vous b\u00e9n\u00e9ficierez d&rsquo;un photographe exceptionnel pendant une heure. Et nous, vous avez bien lu\u00a0! <strong>Pour une s\u00e9ance photo aussi spectaculaire, il est primordial de faire appel \u00e0 de vrais professionnels.<\/strong><\/p>\n<p style=\"text-align: justify;\">Le plus beau, c&rsquo;est que chez Perfect Venue, nous travaillons uniquement avec <strong>les meilleurs photographes professionnels<\/strong>, afin que vous puissiez obtenir les photos dont vous r\u00eavez le jour J.<\/p>\n<h3 style=\"text-align: justify;\" align=\"justify\">Retouche photo incluse dans votre s\u00e9ance photo<\/h3>\n<p style=\"text-align: justify;\">Oui, apr\u00e8s l&rsquo;exp\u00e9rience, le photographe retouchera vos photos pour vous les livrer enti\u00e8rement retouch\u00e9es, <strong>rendant le r\u00e9sultat encore plus spectaculaire.<\/strong><\/p>\n<p style=\"text-align: justify;\">La retouche consiste \u00e0 am\u00e9liorer l&rsquo;image en ajustant des \u00e9l\u00e9ments tels que l&rsquo;\u00e9clairage, le contraste, les couleurs et d&rsquo;autres param\u00e8tres qui la sublimeront. <strong>La retouche joue un r\u00f4le important<\/strong> dans l&rsquo;am\u00e9lioration et la finalisation du processus.<\/p>\n<h3 style=\"text-align: justify;\" align=\"justify\">Extras pour votre s\u00e9ance photo avec une robe flottante sur le lac de C\u00f4me<\/h3>\n<p style=\"text-align: justify;\">Si vous le souhaitez, nous pouvons \u00e9galement faire appel \u00e0 un <strong>vid\u00e9aste<\/strong> pour filmer les meilleurs moments et le d\u00e9roulement de votre robe. Nous travaillons avec les meilleurs\u00a0!<\/p>\n<p style=\"text-align: justify;\">Nous connaissons \u00e9galement les <strong>meilleurs coiffeurs et maquilleurs<\/strong> de chaque ville pour vous laisser rayonnante avant la s\u00e9ance photo.<\/p>\n<p style=\"text-align: justify;\">Et si vous le souhaitez, nous proposons \u00e9galement le <strong>transport<\/strong> pour vous emmener sur chaque lieu de s\u00e9ance photo.<\/p>\n<p style=\"text-align: justify;\">Vous b\u00e9n\u00e9ficiez ainsi d&rsquo;une formule compl\u00e8te pour ne rien manquer\u00a0!<\/p>\n<h3 style=\"text-align: justify;\">Tarifs sur demande<\/h3>\n<p style=\"text-align: justify;\"><strong>Le prix d&rsquo;une s\u00e9ance photo avec des robes fluides d\u00e9pend de plusieurs facteurs,<\/strong> tels que le lieu, la date et le mat\u00e9riel n\u00e9cessaire\u00a0: transport, vid\u00e9ographie, d\u00e9coration, maquillage et coiffure.<\/p>\n<p style=\"text-align: justify;\">N&rsquo;h\u00e9sitez pas \u00e0 nous<strong> contacter pour obtenir un devis fixe.<\/strong><\/p>\n<p style=\"text-align: justify;\">Chez Perfect Venue, nous avons la formule id\u00e9ale. <strong>Si vous souhaitez vivre une s\u00e9ance photo avec des robes fluides, nous organisons tout pour vous.<\/strong><\/p>\n<p style=\"text-align: justify;\">R\u00e9servez en un clic, d\u00e9tendez-vous et profitez.<\/p>\n<p style=\"text-align: justify;\">Nous vous attendons\u00a0!<\/p>\n<p style=\"text-align: justify;\"><strong>*Le paiement n&rsquo;est pas remboursable en cas d&rsquo;annulation de l&rsquo;\u00e9v\u00e9nement.<\/strong><\/p>\n<p><\/p>","protected":false},"excerpt":{"rendered":"<p style=\"text-align: justify;\">Nous vous proposons le plan id\u00e9al pour une s\u00e9ance photo en robe flottante sur le lac de C\u00f4me, afin que vous puissiez cr\u00e9er un souvenir inoubliable. <strong>Prix sur demande. R\u00e9servation obligatoire.<\/strong><\/p>\n","protected":false},"featured_media":37920,"comment_status":"open","ping_status":"closed","template":"","meta":{"_mo_disable_npp":""},"product_brand":[],"product_cat":[3006],"product_tag":[3352,3353,3354],"class_list":{"0":"post-37919","1":"product","2":"type-product","3":"status-publish","4":"has-post-thumbnail","6":"product_cat-perfect-plans-in-europe","7":"product_tag-vestido-flotante-en-el-lago-di-como","8":"product_tag-vestido-flotante-en-el-lago-di-como-2026","9":"product_tag-vestido-flotante-en-el-lago-di-como-chic","11":"first","12":"instock","13":"taxable","14":"shipping-taxable","15":"product-type-simple"},"_links":{"self":[{"href":"https:\/\/perfectvenue.eu\/fr\/wp-json\/wp\/v2\/product\/37919","targetHints":{"allow":["GET"]}}],"collection":[{"href":"https:\/\/perfectvenue.eu\/fr\/wp-json\/wp\/v2\/product"}],"about":[{"href":"https:\/\/perfectvenue.eu\/fr\/wp-json\/wp\/v2\/types\/product"}],"replies":[{"embeddable":true,"href":"https:\/\/perfectvenue.eu\/fr\/wp-json\/wp\/v2\/comments?post=37919"}],"wp:featuredmedia":[{"embeddable":true,"href":"https:\/\/perfectvenue.eu\/fr\/wp-json\/wp\/v2\/media\/37920"}],"wp:attachment":[{"href":"https:\/\/perfectvenue.eu\/fr\/wp-json\/wp\/v2\/media?parent=37919"}],"wp:term":[{"taxonomy":"product_brand","embeddable":true,"href":"https:\/\/perfectvenue.eu\/fr\/wp-json\/wp\/v2\/product_brand?post=37919"},{"taxonomy":"product_cat","embeddable":true,"href":"https:\/\/perfectvenue.eu\/fr\/wp-json\/wp\/v2\/product_cat?post=37919"},{"taxonomy":"product_tag","embeddable":true,"href":"https:\/\/perfectvenue.eu\/fr\/wp-json\/wp\/v2\/product_tag?post=37919"}],"curies":[{"name":"wp","href":"https:\/\/api.w.org\/{rel}","templated":true}]}}