{"id":38058,"date":"2025-06-08T13:58:38","date_gmt":"2025-06-08T12:58:38","guid":{"rendered":"https:\/\/perfectvenue.eu\/?post_type=product&#038;p=38058"},"modified":"2025-09-10T10:00:06","modified_gmt":"2025-09-10T09:00:06","slug":"marriage-proposal-at-lake-como-scene","status":"publish","type":"product","link":"https:\/\/perfectvenue.eu\/fr\/product\/demande-en-mariage-sur-le-lac-de-come-dans-le-cadre-emblematique-de-la-villa-balbianello\/","title":{"rendered":"Demande en mariage sur le lac de C\u00f4me dans le cadre embl\u00e9matique de la Villa Balbianello"},"content":{"rendered":"<p><\/p>\n<p style=\"text-align: justify;\">Choisie comme d\u00e9cor pour des films comme Star Wars et Casino Royale, la Villa del Balbianello est l&rsquo;un des lieux les plus embl\u00e9matiques et spectaculaires du lac de C\u00f4me. Situ\u00e9e sur une presqu&rsquo;\u00eele \u00e0 Lenno, entour\u00e9e de jardins, de sculptures et d&rsquo;une vue imprenable sur l&rsquo;eau, elle offre un cadre incomparable pour une inoubliable demande en mariage sur le lac de C\u00f4me.<\/p>\n<p style=\"text-align: justify;\">Plusieurs options de location sont disponibles, selon le niveau d&rsquo;intimit\u00e9 et d&rsquo;exp\u00e9rience souhait\u00e9\u00a0:<\/p>\n<ul style=\"text-align: justify;\">\n<li style=\"font-weight: 400;\" aria-level=\"1\">Sans privatisation. Acc\u00e8s entre 10h et 18h, partage de l&rsquo;espace avec les touristes. Id\u00e9al pour des demandes spontan\u00e9es et discr\u00e8tes.<\/li>\n<li style=\"font-weight: 400;\" aria-level=\"1\">Coin Jardin Priv\u00e9. Table pour deux personnes avec une bouteille de Prosecco incluse, dans un espace r\u00e9serv\u00e9 du jardin (10h-18h).<\/li>\n<li style=\"font-weight: 400;\" aria-level=\"1\">S\u00e9ance Priv\u00e9e en soir\u00e9e. Villa et jardins \u00e0 votre disposition exclusive pendant 2 heures \u00e0 partir de 18h. Maximum 10 personnes (couple + fournisseurs\/invit\u00e9s).<\/li>\n<li style=\"font-weight: 400;\" aria-level=\"1\">Visite guid\u00e9e de l&rsquo;int\u00e9rieur (sans photos)<\/li>\n<\/ul>\n<p style=\"text-align: justify;\">Les photographes ext\u00e9rieurs sont autoris\u00e9s. La d\u00e9coration, la musique live et autres \u00e9l\u00e9ments sp\u00e9ciaux n\u00e9cessitent une autorisation pr\u00e9alable et un budget suppl\u00e9mentaire, mais peuvent \u00eatre organis\u00e9s pour personnaliser la proposition selon vos envies.<\/p>\n<p style=\"text-align: justify;\">La proposition sur le lac de C\u00f4me comprend une planification compl\u00e8te, la gestion du lieu et un photographe professionnel qui immortalisera chaque instant avec discr\u00e9tion et style.<\/p>\n<h3 style=\"text-align: justify;\">Ce que comprend votre demande en mariage sur le lac de C\u00f4me \u00e0 la c\u00e9l\u00e8bre Villa Balbianello<\/h3>\n<ul style=\"text-align: justify;\">\n<li aria-level=\"1\">Location de salle (selon l&rsquo;option choisie)<\/li>\n<li aria-level=\"1\">Organisation personnalis\u00e9e de votre demande en mariage<\/li>\n<li><span style=\"color: inherit; font-family: inherit; font-size: inherit;\">Photographe professionnel<\/span><\/li>\n<\/ul>\n<p style=\"text-align: justify;\"><strong>Prix: sur demande<\/strong><\/p>\n<h3 style=\"text-align: justify;\">Vous pouvez ajouter :<\/h3>\n<ul style=\"text-align: justify;\">\n<li style=\"font-weight: 400;\" aria-level=\"1\"><span style=\"color: inherit; font-family: inherit; font-size: inherit;\">Vid\u00e9o professionnelle<br \/>\n<\/span><\/li>\n<li style=\"font-weight: 400;\" aria-level=\"1\"><span style=\"color: inherit; font-family: inherit; font-size: inherit;\">Musique live (guitare ou violon)<br \/>\n<\/span><\/li>\n<li aria-level=\"1\"><span style=\"color: inherit; font-family: inherit; font-size: inherit;\">Transport priv\u00e9 en bateau ou en voiture<\/span><\/li>\n<li style=\"font-weight: 400;\" aria-level=\"1\"><span style=\"color: inherit; font-family: inherit; font-size: inherit;\">Tonne au champagne ou au cava<br \/>\n<\/span><\/li>\n<li style=\"font-weight: 400;\" aria-level=\"1\"><span style=\"color: inherit; font-family: inherit; font-size: inherit;\">D\u00e9coration personnalis\u00e9e (sous r\u00e9serve d&rsquo;approbation)<\/span><\/li>\n<\/ul>\n<p style=\"text-align: justify;\">Configurez-le comme vous le souhaitez !<\/p>\n<h3 style=\"text-align: justify;\">Facilit\u00e9 de paiement<\/h3>\n<p style=\"text-align: justify;\">Vous pouvez r\u00e9server votre f\u00eate de fian\u00e7ailles au lac de C\u00f4me avec un acompte et r\u00e9gler le solde le jour de l&rsquo;\u00e9v\u00e9nement.<\/p>\n<p style=\"text-align: justify;\">Flexibilit\u00e9 et acc\u00e8s \u00e0 l&rsquo;un des lieux les plus embl\u00e9matiques au monde.<\/p>\n<p style=\"text-align: justify;\">*Remarque\u00a0: les frais ne sont pas remboursables en cas d&rsquo;annulation de l&rsquo;\u00e9v\u00e9nement, quelle qu&rsquo;en soit la raison.<br \/>\nLes d\u00e9corations et les suppl\u00e9ments sont soumis \u00e0 l&rsquo;approbation de la direction de la villa.<\/p>\n<p><\/p>","protected":false},"excerpt":{"rendered":"<p style=\"text-align: justify;\">Un lieu l\u00e9gendaire pour une demande en mariage unique. Histoire, cin\u00e9ma et romance se m\u00ealent dans l&rsquo;un des lieux les plus c\u00e9l\u00e8bres au monde. <strong>Prix sur demande. R\u00e9servation obligatoire.<\/strong><\/p>\n","protected":false},"featured_media":38062,"comment_status":"open","ping_status":"closed","template":"","meta":{"_mo_disable_npp":""},"product_brand":[],"product_cat":[3003],"product_tag":[3291,3292,3342],"class_list":{"0":"post-38058","1":"product","2":"type-product","3":"status-publish","4":"has-post-thumbnail","6":"product_cat-marriage-proposal-packages-in-europe","7":"product_tag-pedida-de-mano-en-el-lago-di-como","8":"product_tag-pedida-de-mano-en-el-lago-di-como-2026","9":"product_tag-pedida-de-mano-en-el-lago-di-como-romantica","11":"first","12":"instock","13":"taxable","14":"shipping-taxable","15":"product-type-simple"},"_links":{"self":[{"href":"https:\/\/perfectvenue.eu\/fr\/wp-json\/wp\/v2\/product\/38058","targetHints":{"allow":["GET"]}}],"collection":[{"href":"https:\/\/perfectvenue.eu\/fr\/wp-json\/wp\/v2\/product"}],"about":[{"href":"https:\/\/perfectvenue.eu\/fr\/wp-json\/wp\/v2\/types\/product"}],"replies":[{"embeddable":true,"href":"https:\/\/perfectvenue.eu\/fr\/wp-json\/wp\/v2\/comments?post=38058"}],"wp:featuredmedia":[{"embeddable":true,"href":"https:\/\/perfectvenue.eu\/fr\/wp-json\/wp\/v2\/media\/38062"}],"wp:attachment":[{"href":"https:\/\/perfectvenue.eu\/fr\/wp-json\/wp\/v2\/media?parent=38058"}],"wp:term":[{"taxonomy":"product_brand","embeddable":true,"href":"https:\/\/perfectvenue.eu\/fr\/wp-json\/wp\/v2\/product_brand?post=38058"},{"taxonomy":"product_cat","embeddable":true,"href":"https:\/\/perfectvenue.eu\/fr\/wp-json\/wp\/v2\/product_cat?post=38058"},{"taxonomy":"product_tag","embeddable":true,"href":"https:\/\/perfectvenue.eu\/fr\/wp-json\/wp\/v2\/product_tag?post=38058"}],"curies":[{"name":"wp","href":"https:\/\/api.w.org\/{rel}","templated":true}]}}