{"id":38205,"date":"2025-06-30T09:39:43","date_gmt":"2025-06-30T08:39:43","guid":{"rendered":"https:\/\/perfectvenue.eu\/?post_type=product&#038;p=38205"},"modified":"2025-09-09T14:51:10","modified_gmt":"2025-09-09T13:51:10","slug":"marriage-proposal-in-lisbon-picnic","status":"publish","type":"product","link":"https:\/\/perfectvenue.eu\/fr\/product\/demande-en-mariage-a-lisbonne-avec-pique-nique-dans-un-cadre-romantique-et-naturel\/","title":{"rendered":"Demande en mariage \u00e0 Lisbonne avec pique-nique dans un cadre romantique et naturel"},"content":{"rendered":"<p><\/p>\n<p style=\"text-align: justify;\">Si vous r\u00eavez d&rsquo;un moment intime, entour\u00e9 de charme et de beaut\u00e9 en pleine nature, cette demande en mariage \u00e0 Lisbonne avec pique-nique est l&rsquo;option id\u00e9ale pour surprendre votre partenaire. Lisbonne, avec sa lumi\u00e8re dor\u00e9e, ses paysages charg\u00e9s d&rsquo;histoire et ses recoins secrets, devient le cadre id\u00e9al pour une demande en mariage magique, chaleureuse et pleine d&rsquo;\u00e9motion. Cette exp\u00e9rience est con\u00e7ue pour les couples en qu\u00eate d&rsquo;originalit\u00e9\u00a0: un moment sp\u00e9cial, soigneusement pr\u00e9par\u00e9 avec tous les d\u00e9tails n\u00e9cessaires pour cr\u00e9er un souvenir inoubliable.<\/p>\n<p style=\"text-align: justify;\">Imaginez une table de pique-nique d\u00e9cor\u00e9e de p\u00e9tales de roses, des coussins moelleux et un message clair et \u00e9mouvant\u00a0: VEUX-TU M&rsquo;\u00c9POUSER\u00a0? Le tout accompagn\u00e9 d&rsquo;un menu soigneusement \u00e9labor\u00e9, compos\u00e9 de fromages, de fruits secs et de fruits frais comme des bananes, des fraises et du raisin, et d&rsquo;un toast au cava pour c\u00e9l\u00e9brer le \u00ab\u00a0oui\u00a0\u00bb. De plus, un photographe professionnel sera pr\u00e9sent pour immortaliser chaque instant de la demande en mariage \u00e0 Lisbonne, de l&rsquo;arriv\u00e9e au moment le plus fort, sans rien perdre de l&rsquo;\u00e9motion.<\/p>\n<p style=\"text-align: justify;\">Le cadre peut varier selon la saison et vos pr\u00e9f\u00e9rences\u00a0: jardins surplombant le Tage, parcs cach\u00e9s du centre historique ou points de vue pour contempler le coucher de soleil sur les toits de la ville. Nous nous occupons de tout pour que vous puissiez profiter pleinement de votre demande en mariage \u00e0 Lisbonne, sans souci.<\/p>\n<h3 style=\"text-align: justify;\">Ce que comprend votre demande en mariage \u00e0 Lisbonne avec pique-nique<\/h3>\n<ul style=\"text-align: justify;\">\n<li aria-level=\"1\">Photographe professionnel<\/li>\n<li aria-level=\"1\">Bouquet de fleurs<\/li>\n<li aria-level=\"1\">D\u00e9coration de p\u00e9tales de rose avec inscription \u00ab VEUX-TU M&rsquo;\u00c9POUSER ? \u00bb<\/li>\n<li aria-level=\"1\">Menu pique-nique (choix de fromages, fruits secs et fruits\u00a0: bananes, fraises, raisins), cava<\/li>\n<li aria-level=\"1\">Table de pique-nique et coussins<\/li>\n<li aria-level=\"1\">Organisation compl\u00e8te de la demande en mariage<\/li>\n<\/ul>\n<p style=\"text-align: justify;\"><b>Prix: sur demande<\/b><\/p>\n<h3 style=\"text-align: justify;\">Vous pouvez ajouter :<\/h3>\n<ul style=\"text-align: justify;\">\n<li style=\"font-weight: 400;\" aria-level=\"1\"><span style=\"color: inherit; font-family: inherit; font-size: inherit;\">Vid\u00e9o professionnelle<br \/>\n<\/span><\/li>\n<li style=\"font-weight: 400;\" aria-level=\"1\"><span style=\"color: inherit; font-family: inherit; font-size: inherit;\">Musique live (guitare ou violon)<br \/>\n<\/span><\/li>\n<li style=\"font-weight: 400;\" aria-level=\"1\"><span style=\"color: inherit; font-family: inherit; font-size: inherit;\">Transport priv\u00e9<br \/>\n<\/span><\/li>\n<li style=\"font-weight: 400;\" aria-level=\"1\"><span style=\"color: inherit; font-family: inherit; font-size: inherit;\">Bouquet de fleurs suppl\u00e9mentaire<\/span><\/li>\n<\/ul>\n<p style=\"text-align: justify;\">Configurez-le comme vous le souhaitez !<\/p>\n<h3 style=\"text-align: justify;\">Facilit\u00e9 de paiement<\/h3>\n<p style=\"text-align: justify;\">Vous n&rsquo;\u00eates pas oblig\u00e9 de payer la totalit\u00e9 du montant lors de la r\u00e9servation. Vous pouvez r\u00e9server votre date avec un acompte et r\u00e9gler le solde le jour de la demande. Ce mariage \u00e0 Lisbonne est flexible, personnalisable et sans tracas, con\u00e7u pour s&rsquo;adapter \u00e0 votre vision et \u00e0 votre style.<\/p>\n<p style=\"text-align: justify;\">Faites de votre mariage \u00e0 Lisbonne avec un pique-nique une exp\u00e9rience inoubliable.<\/p>\n<p style=\"text-align: justify;\">Remarque\u00a0: les frais ne sont pas remboursables en cas d&rsquo;annulation de l&rsquo;\u00e9v\u00e9nement, quelle qu&rsquo;en soit la raison.<\/p>\n<p><\/p>","protected":false},"excerpt":{"rendered":"<p style=\"text-align: justify;\">Ces fian\u00e7ailles lisbo\u00e8tes avec pique-nique allient la chaleur d&rsquo;un moment en plein air \u00e0 l&rsquo;\u00e9l\u00e9gance d&rsquo;une planification soign\u00e9e. Parfait pour ceux qui r\u00eavent d&rsquo;un \u00ab\u00a0oui\u00a0\u00bb inoubliable. <strong>Prix sur demande. R\u00e9servation obligatoire.<\/strong><\/p>\n","protected":false},"featured_media":38210,"comment_status":"open","ping_status":"closed","template":"","meta":{"_mo_disable_npp":""},"product_brand":[],"product_cat":[3003],"product_tag":[3346,3347,3348],"class_list":{"0":"post-38205","1":"product","2":"type-product","3":"status-publish","4":"has-post-thumbnail","6":"product_cat-marriage-proposal-packages-in-europe","7":"product_tag-pedida-de-mano-en-lisboa","8":"product_tag-pedida-de-mano-en-lisboa-2026","9":"product_tag-pedida-de-mano-en-lisboa-romantica","11":"first","12":"instock","13":"taxable","14":"shipping-taxable","15":"product-type-simple"},"_links":{"self":[{"href":"https:\/\/perfectvenue.eu\/fr\/wp-json\/wp\/v2\/product\/38205","targetHints":{"allow":["GET"]}}],"collection":[{"href":"https:\/\/perfectvenue.eu\/fr\/wp-json\/wp\/v2\/product"}],"about":[{"href":"https:\/\/perfectvenue.eu\/fr\/wp-json\/wp\/v2\/types\/product"}],"replies":[{"embeddable":true,"href":"https:\/\/perfectvenue.eu\/fr\/wp-json\/wp\/v2\/comments?post=38205"}],"wp:featuredmedia":[{"embeddable":true,"href":"https:\/\/perfectvenue.eu\/fr\/wp-json\/wp\/v2\/media\/38210"}],"wp:attachment":[{"href":"https:\/\/perfectvenue.eu\/fr\/wp-json\/wp\/v2\/media?parent=38205"}],"wp:term":[{"taxonomy":"product_brand","embeddable":true,"href":"https:\/\/perfectvenue.eu\/fr\/wp-json\/wp\/v2\/product_brand?post=38205"},{"taxonomy":"product_cat","embeddable":true,"href":"https:\/\/perfectvenue.eu\/fr\/wp-json\/wp\/v2\/product_cat?post=38205"},{"taxonomy":"product_tag","embeddable":true,"href":"https:\/\/perfectvenue.eu\/fr\/wp-json\/wp\/v2\/product_tag?post=38205"}],"curies":[{"name":"wp","href":"https:\/\/api.w.org\/{rel}","templated":true}]}}