{"id":38211,"date":"2025-06-30T09:35:53","date_gmt":"2025-06-30T08:35:53","guid":{"rendered":"https:\/\/perfectvenue.eu\/?post_type=product&#038;p=38211"},"modified":"2025-09-09T16:13:08","modified_gmt":"2025-09-09T15:13:08","slug":"marriage-proposal-in-lisbon-petals","status":"publish","type":"product","link":"https:\/\/perfectvenue.eu\/fr\/product\/demande-en-mariage-a-lisbonne-avec-decoration-de-petales-de-rose-dans-un-cadre-romantique-et-memorable\/","title":{"rendered":"Demande en mariage \u00e0 Lisbonne avec d\u00e9coration de p\u00e9tales de rose dans un cadre romantique et m\u00e9morable"},"content":{"rendered":"<p><\/p>\n<p style=\"text-align: justify;\">Cette demande en mariage \u00e0 Lisbonne est con\u00e7ue pour cr\u00e9er un moment magique, empreint de romantisme et d&rsquo;\u00e9l\u00e9gance. Le d\u00e9cor, compos\u00e9 d&rsquo;un c\u0153ur de p\u00e9tales de rose et de grandes lettres formant la phrase \u00ab\u00a0MARRY ME\u00a0\u00bb, cr\u00e9e un espace visuellement saisissant et \u00e9motionnellement puissant, rendant ce moment absolument inoubliable.<\/p>\n<p style=\"text-align: justify;\">Si vous souhaitez immortaliser chaque instant, un photographe professionnel immortalisera l&rsquo;instant o\u00f9 vous poserez votre grande question. Mais ce n&rsquo;est pas tout\u00a0: apr\u00e8s la demande en mariage, vous poursuivrez avec une s\u00e9ance photo de fian\u00e7ailles dans les environs. Que ce soit dans les rues pav\u00e9es du centre historique, dans un jardin surplombant le Tage ou \u00e0 l&rsquo;un des plus beaux points de vue de la ville, la s\u00e9ance offrira des souvenirs uniques dans l&rsquo;une des villes les plus photog\u00e9niques d&rsquo;Europe.<\/p>\n<p style=\"text-align: justify;\">Cette demande en mariage \u00e0 Lisbonne est id\u00e9ale pour les couples en qu\u00eate d&rsquo;un moment sp\u00e9cial et intime, qui accordent autant d&rsquo;importance \u00e0 l&rsquo;esth\u00e9tique qu&rsquo;\u00e0 l&rsquo;\u00e9motion.<\/p>\n<h3 style=\"text-align: justify;\">Ce qui est inclus dans votre demande en mariage \u00e0 Lisbonne avec d\u00e9coration de p\u00e9tales de rose :<\/h3>\n<ul style=\"text-align: justify;\">\n<li aria-level=\"1\">Photographe professionnel<\/li>\n<li aria-level=\"1\">Bouquet de fleurs<\/li>\n<li aria-level=\"1\">D\u00e9coration de p\u00e9tales de rose avec inscription \u00ab\u00a0MARRY ME\u00a0\u00bb<\/li>\n<li aria-level=\"1\">Organisation compl\u00e8te de la demande en mariage<\/li>\n<\/ul>\n<p style=\"text-align: justify;\"><b style=\"color: inherit; font-family: inherit; font-size: inherit;\">Prix: sur demande<\/b><\/p>\n<h3 style=\"text-align: justify;\">Vous pouvez ajouter :<\/h3>\n<ul style=\"text-align: justify;\">\n<li style=\"font-weight: 400;\" aria-level=\"1\">Vid\u00e9o professionnelle<\/li>\n<li style=\"font-weight: 400;\" aria-level=\"1\">Musique live (guitare ou violon)<\/li>\n<li style=\"font-weight: 400;\" aria-level=\"1\">Transport priv\u00e9<\/li>\n<li style=\"font-weight: 400;\" aria-level=\"1\">Bouquet de fleurs suppl\u00e9mentaire<\/li>\n<\/ul>\n<p style=\"text-align: justify;\">Configurez-le comme vous le souhaitez !<\/p>\n<h3 style=\"text-align: justify;\">Facilit\u00e9 de paiement<\/h3>\n<p style=\"text-align: justify;\">Cette c\u00e9r\u00e9monie de fian\u00e7ailles \u00e0 Lisbonne est enti\u00e8rement personnalisable et s&rsquo;adapte \u00e0 vos envies, votre style et votre budget. Dites-nous simplement comment vous imaginez ce moment, et nous nous occupons du reste. R\u00e9servez en toute simplicit\u00e9, avec un paiement facile et une attention personnalis\u00e9e.<\/p>\n<p style=\"text-align: justify;\">D\u00e9couvrez une c\u00e9r\u00e9monie de fian\u00e7ailles \u00e0 Lisbonne avec une d\u00e9coration de p\u00e9tales de roses aussi unique que votre histoire d&rsquo;amour.<\/p>\n<p style=\"text-align: justify;\">Attention\u00a0: les frais ne sont pas remboursables en cas d&rsquo;annulation, quelle qu&rsquo;en soit la raison.<\/p>\n<p><\/p>","protected":false},"excerpt":{"rendered":"<p style=\"text-align: justify;\">Une demande en mariage \u00e0 Lisbonne, d\u00e9cor\u00e9e de p\u00e9tales de roses, est parfaite pour ceux qui r\u00eavent d&rsquo;un moment charg\u00e9 d&rsquo;\u00e9motion, de beaut\u00e9 et de sens. Lisbonne, avec ses paysages enchanteurs, est le cadre id\u00e9al.<strong> Prix sur demande. Vous pouvez r\u00e9server avec un acompte et r\u00e9gler le solde le jour de l&rsquo;\u00e9v\u00e9nement.<\/strong><\/p>\n","protected":false},"featured_media":38216,"comment_status":"open","ping_status":"closed","template":"","meta":{"_mo_disable_npp":""},"product_brand":[],"product_cat":[3003],"product_tag":[3346,3347,3349],"class_list":{"0":"post-38211","1":"product","2":"type-product","3":"status-publish","4":"has-post-thumbnail","6":"product_cat-marriage-proposal-packages-in-europe","7":"product_tag-pedida-de-mano-en-lisboa","8":"product_tag-pedida-de-mano-en-lisboa-2026","9":"product_tag-pedida-de-mano-en-lisboa-con-petalos-de-rosa","11":"first","12":"instock","13":"taxable","14":"shipping-taxable","15":"product-type-simple"},"_links":{"self":[{"href":"https:\/\/perfectvenue.eu\/fr\/wp-json\/wp\/v2\/product\/38211","targetHints":{"allow":["GET"]}}],"collection":[{"href":"https:\/\/perfectvenue.eu\/fr\/wp-json\/wp\/v2\/product"}],"about":[{"href":"https:\/\/perfectvenue.eu\/fr\/wp-json\/wp\/v2\/types\/product"}],"replies":[{"embeddable":true,"href":"https:\/\/perfectvenue.eu\/fr\/wp-json\/wp\/v2\/comments?post=38211"}],"wp:featuredmedia":[{"embeddable":true,"href":"https:\/\/perfectvenue.eu\/fr\/wp-json\/wp\/v2\/media\/38216"}],"wp:attachment":[{"href":"https:\/\/perfectvenue.eu\/fr\/wp-json\/wp\/v2\/media?parent=38211"}],"wp:term":[{"taxonomy":"product_brand","embeddable":true,"href":"https:\/\/perfectvenue.eu\/fr\/wp-json\/wp\/v2\/product_brand?post=38211"},{"taxonomy":"product_cat","embeddable":true,"href":"https:\/\/perfectvenue.eu\/fr\/wp-json\/wp\/v2\/product_cat?post=38211"},{"taxonomy":"product_tag","embeddable":true,"href":"https:\/\/perfectvenue.eu\/fr\/wp-json\/wp\/v2\/product_tag?post=38211"}],"curies":[{"name":"wp","href":"https:\/\/api.w.org\/{rel}","templated":true}]}}