{"id":38217,"date":"2025-06-30T09:31:11","date_gmt":"2025-06-30T08:31:11","guid":{"rendered":"https:\/\/perfectvenue.eu\/?post_type=product&#038;p=38217"},"modified":"2025-09-09T16:15:22","modified_gmt":"2025-09-09T15:15:22","slug":"marriage-proposal-in-lisbon-hotel","status":"publish","type":"product","link":"https:\/\/perfectvenue.eu\/fr\/product\/demande-en-mariage-a-lisbonne-dans-une-chambre-dhotel-privee-avec-de-grandes-lettres-marry-me\/","title":{"rendered":"Demande en mariage \u00e0 Lisbonne dans une chambre d&rsquo;h\u00f4tel priv\u00e9e avec de grandes lettres MARRY ME"},"content":{"rendered":"<p><\/p>\n<p style=\"text-align: justify;\">Si vous cherchez une fa\u00e7on originale de poser votre grande demande, cette demande en mariage \u00e0 Lisbonne vous offre tout le n\u00e9cessaire pour un moment de r\u00eave. Le cadre sera une chambre d&rsquo;h\u00f4tel priv\u00e9e d\u00e9cor\u00e9e exclusivement pour vous, avec de grandes lettres \u00ab\u00a0MARRY ME\u00a0\u00bb cr\u00e9ant un effet visuel romantique et cin\u00e9matographique.<\/p>\n<p style=\"text-align: justify;\">En plus des lettres principales, vous pouvez personnaliser l&rsquo;espace avec les initiales de vos noms, cr\u00e9ant ainsi une atmosph\u00e8re unique. Un photographe professionnel immortalisera l&rsquo;instant pr\u00e9cis de la demande en mariage et effectuera une br\u00e8ve s\u00e9ance photo dans le m\u00eame espace, pour des souvenirs inoubliables.<\/p>\n<p style=\"text-align: justify;\">Cette exp\u00e9rience est con\u00e7ue pour ceux qui appr\u00e9cient l&rsquo;intimit\u00e9, le confort et l&rsquo;intimit\u00e9. Vous ne d\u00e9pendrez plus de la m\u00e9t\u00e9o ni des espaces publics\u00a0: tout se d\u00e9roule dans un lieu chaleureux, d\u00e9cor\u00e9 et pr\u00e9par\u00e9 sp\u00e9cialement pour vous. Chaque d\u00e9tail de cette demande en mariage \u00e0 Lisbonne est soigneusement planifi\u00e9 pour que vous n&rsquo;ayez plus qu&rsquo;\u00e0 vous soucier de profiter du moment.<\/p>\n<h3 style=\"text-align: justify;\">Ce que votre demande en mariage \u00e0 Lisbonne comprend dans une chambre d&rsquo;h\u00f4tel priv\u00e9e avec de grandes lettres MARRY ME<\/h3>\n<ul style=\"text-align: justify;\">\n<li aria-level=\"1\">Location d&rsquo;espace priv\u00e9 dans un h\u00f4tel<\/li>\n<li aria-level=\"1\">Photographe professionnel<\/li>\n<li aria-level=\"1\">Bouquet de fleurs<\/li>\n<li aria-level=\"1\">Grandes lettres d\u00e9coratives (initiales du nom)<\/li>\n<li aria-level=\"1\">Composition personnalis\u00e9e pour la demande en mariage<\/li>\n<\/ul>\n<p style=\"text-align: justify;\"><b style=\"color: inherit; font-family: inherit; font-size: inherit;\">Prix: \u200b\u200bsur demande<\/b><\/p>\n<h3 style=\"text-align: justify;\">Vous pouvez ajouter :<\/h3>\n<ul style=\"text-align: justify;\">\n<li style=\"font-weight: 400;\" aria-level=\"1\">Vid\u00e9o professionnelle<\/li>\n<li style=\"font-weight: 400;\" aria-level=\"1\">Bouquet suppl\u00e9mentaire<\/li>\n<li style=\"font-weight: 400;\" aria-level=\"1\">D\u00eener romantique pour deux dans le m\u00eame salon priv\u00e9<\/li>\n<li style=\"font-weight: 400;\" aria-level=\"1\">Musique live (guitare ou violon)<\/li>\n<li style=\"font-weight: 400;\" aria-level=\"1\">Transport priv\u00e9<\/li>\n<\/ul>\n<p style=\"text-align: justify;\">Configurez-le comme vous le souhaitez !<\/p>\n<h3 style=\"text-align: justify;\">Facilit\u00e9 de paiement<\/h3>\n<p style=\"text-align: justify;\">Cette demande en mariage \u00e0 Lisbonne est enti\u00e8rement personnalisable et s&rsquo;adapte \u00e0 votre style, vos go\u00fbts et votre budget. Une demande en mariage intime et flexible, con\u00e7ue pour que tout soit parfait.<\/p>\n<p style=\"text-align: justify;\">Faites de votre demande en mariage \u00e0 Lisbonne, dans une chambre d&rsquo;h\u00f4tel priv\u00e9e, avec l&rsquo;inscription \u00ab\u00a0MARRY ME\u00a0\u00bb en grand, un moment aussi unique que votre histoire d&rsquo;amour.<\/p>\n<p style=\"text-align: justify;\">Attention\u00a0: les frais ne sont pas remboursables en cas d&rsquo;annulation de l&rsquo;\u00e9v\u00e9nement, quelle qu&rsquo;en soit la raison.<\/p>\n<p><\/p>","protected":false},"excerpt":{"rendered":"<p style=\"text-align: justify;\">Surprenez votre partenaire avec une demande en mariage \u00e0 Lisbonne, dans une chambre d&rsquo;h\u00f4tel priv\u00e9e orn\u00e9e de l&rsquo;inscription \u00ab\u00a0MARRY ME\u00a0\u00bb en gras, con\u00e7ue pour ceux qui recherchent un moment intime, \u00e9l\u00e9gant et inoubliable. <strong>Prix \u200b\u200bsur demande. R\u00e9servez avec un acompte et r\u00e9glez le solde le jour de l&rsquo;\u00e9v\u00e9nement.<\/strong><\/p>\n","protected":false},"featured_media":38222,"comment_status":"open","ping_status":"closed","template":"","meta":{"_mo_disable_npp":""},"product_brand":[],"product_cat":[3003],"product_tag":[3346,3347,3348],"class_list":{"0":"post-38217","1":"product","2":"type-product","3":"status-publish","4":"has-post-thumbnail","6":"product_cat-marriage-proposal-packages-in-europe","7":"product_tag-pedida-de-mano-en-lisboa","8":"product_tag-pedida-de-mano-en-lisboa-2026","9":"product_tag-pedida-de-mano-en-lisboa-romantica","11":"first","12":"instock","13":"taxable","14":"shipping-taxable","15":"product-type-simple"},"_links":{"self":[{"href":"https:\/\/perfectvenue.eu\/fr\/wp-json\/wp\/v2\/product\/38217","targetHints":{"allow":["GET"]}}],"collection":[{"href":"https:\/\/perfectvenue.eu\/fr\/wp-json\/wp\/v2\/product"}],"about":[{"href":"https:\/\/perfectvenue.eu\/fr\/wp-json\/wp\/v2\/types\/product"}],"replies":[{"embeddable":true,"href":"https:\/\/perfectvenue.eu\/fr\/wp-json\/wp\/v2\/comments?post=38217"}],"wp:featuredmedia":[{"embeddable":true,"href":"https:\/\/perfectvenue.eu\/fr\/wp-json\/wp\/v2\/media\/38222"}],"wp:attachment":[{"href":"https:\/\/perfectvenue.eu\/fr\/wp-json\/wp\/v2\/media?parent=38217"}],"wp:term":[{"taxonomy":"product_brand","embeddable":true,"href":"https:\/\/perfectvenue.eu\/fr\/wp-json\/wp\/v2\/product_brand?post=38217"},{"taxonomy":"product_cat","embeddable":true,"href":"https:\/\/perfectvenue.eu\/fr\/wp-json\/wp\/v2\/product_cat?post=38217"},{"taxonomy":"product_tag","embeddable":true,"href":"https:\/\/perfectvenue.eu\/fr\/wp-json\/wp\/v2\/product_tag?post=38217"}],"curies":[{"name":"wp","href":"https:\/\/api.w.org\/{rel}","templated":true}]}}