{"id":38225,"date":"2025-06-30T09:18:09","date_gmt":"2025-06-30T08:18:09","guid":{"rendered":"https:\/\/perfectvenue.eu\/?post_type=product&#038;p=38225"},"modified":"2025-09-09T16:18:56","modified_gmt":"2025-09-09T15:18:56","slug":"marriage-proposal-in-lisbon-views","status":"publish","type":"product","link":"https:\/\/perfectvenue.eu\/fr\/product\/demande-en-mariage-a-lisbonne-sur-un-toit-prive-avec-des-vues-uniques\/","title":{"rendered":"Demande en mariage \u00e0 Lisbonne sur un toit priv\u00e9 avec des vues uniques"},"content":{"rendered":"<p><\/p>\n<p style=\"text-align: justify;\">Cette demande en mariage \u00e0 Lisbonne est con\u00e7ue pour ceux qui recherchent un moment priv\u00e9 et \u00e9pur\u00e9, o\u00f9 l&rsquo;\u00e9motion du moment et un cadre soign\u00e9 sont les ma\u00eetres mots. Le toit-terrasse est lou\u00e9 exclusivement pour vous, garantissant intimit\u00e9 et tranquillit\u00e9.<\/p>\n<p style=\"text-align: justify;\">Veuillez noter qu&rsquo;en raison du r\u00e8glement int\u00e9rieur, le jardin n&rsquo;est pas disponible pour les mariages, c\u00e9r\u00e9monies ou f\u00eates. Les grandes d\u00e9corations, les lettres g\u00e9antes et l&rsquo;utilisation de drones sont \u00e9galement interdites. Cependant, une d\u00e9coration simple et \u00e9l\u00e9gante est propos\u00e9e, parfaite pour pr\u00e9server une atmosph\u00e8re romantique sans alt\u00e9rer le style original du lieu.<\/p>\n<p style=\"text-align: justify;\">Un photographe professionnel sera pr\u00e9sent pour immortaliser l&rsquo;instant pr\u00e9cis o\u00f9 vous poserez votre question, et r\u00e9alisera une br\u00e8ve s\u00e9ance sur le toit-terrasse, profitant de la lumi\u00e8re naturelle et de la vue sur la ville. Avoir un photographe professionnel sp\u00e9cialis\u00e9 dans les fian\u00e7ailles est essentiel pour capturer les meilleurs moments des fian\u00e7ailles, afin que vous puissiez en profiter toute votre vie. Chaque \u00e9l\u00e9ment de cette c\u00e9r\u00e9monie de fian\u00e7ailles \u00e0 Lisbonne a \u00e9t\u00e9 con\u00e7u pour offrir une exp\u00e9rience \u00e9motionnelle, simple et riche en \u00e9motions.<\/p>\n<h3 style=\"text-align: justify;\">Ce que comprend votre demande en mariage \u00e0 Lisbonne sur un toit priv\u00e9 :<\/h3>\n<ul style=\"text-align: justify;\">\n<li aria-level=\"1\">Location d&rsquo;un lieu priv\u00e9<\/li>\n<li aria-level=\"1\">Photographe professionnel<\/li>\n<li aria-level=\"1\">D\u00e9coration de base incluse<\/li>\n<li aria-level=\"1\">Organisation compl\u00e8te de la demande en mariage<\/li>\n<\/ul>\n<p style=\"text-align: justify;\"><b>Prix: sur demande<\/b><\/p>\n<h3 style=\"text-align: justify;\">Vous pouvez ajouter :<\/h3>\n<ul style=\"text-align: justify;\">\n<li style=\"font-weight: 400;\" aria-level=\"1\"><span style=\"color: inherit; font-family: inherit; font-size: inherit;\">Vid\u00e9o professionnelle<br \/>\n<\/span><\/li>\n<li style=\"font-weight: 400;\" aria-level=\"1\"><span style=\"color: inherit; font-family: inherit; font-size: inherit;\">Bouquet suppl\u00e9mentaire<br \/>\n<\/span><\/li>\n<li style=\"font-weight: 400;\" aria-level=\"1\"><span style=\"color: inherit; font-family: inherit; font-size: inherit;\">D\u00eener romantique pour deux dans un salon priv\u00e9<br \/>\n<\/span><\/li>\n<li style=\"font-weight: 400;\" aria-level=\"1\"><span style=\"color: inherit; font-family: inherit; font-size: inherit;\">Musique live (guitare ou violon)<br \/>\n<\/span><\/li>\n<li style=\"font-weight: 400;\" aria-level=\"1\"><span style=\"color: inherit; font-family: inherit; font-size: inherit;\">Transport priv\u00e9<\/span><\/li>\n<\/ul>\n<p style=\"text-align: justify;\">Configurez-le comme vous le souhaitez !<\/p>\n<h3 style=\"text-align: justify;\">Facilit\u00e9 de paiement<\/h3>\n<p style=\"text-align: justify;\">Cette demande en mariage \u00e0 Lisbonne est id\u00e9ale pour ceux qui recherchent une exp\u00e9rience intime, avec des vues spectaculaires et sans complications. Nous adaptons chaque d\u00e9tail \u00e0 votre style et \u00e0 vos besoins pour que le moment soit exactement comme vous l&rsquo;aviez imagin\u00e9.<\/p>\n<p style=\"text-align: justify;\">Faites de votre demande en mariage \u00e0 Lisbonne, sur un toit priv\u00e9, un souvenir inoubliable.<\/p>\n<p style=\"text-align: justify;\">Remarque\u00a0: les frais ne sont pas remboursables en cas d&rsquo;annulation, quelle qu&rsquo;en soit la raison.<\/p>\n<p><\/p>","protected":false},"excerpt":{"rendered":"<p style=\"text-align: justify;\">D\u00e9couvrez une fa\u00e7on intime et sp\u00e9ciale de surprendre votre partenaire avec une demande en mariage \u00e0 Lisbonne, sur un toit priv\u00e9, avec une vue panoramique qui capture l&rsquo;essence romantique de la ville. <strong>Prix sur demande. Vous pouvez r\u00e9server avec un acompte et r\u00e9gler le solde le jour de l&rsquo;\u00e9v\u00e9nement.<\/strong><\/p>\n","protected":false},"featured_media":38228,"comment_status":"open","ping_status":"closed","template":"","meta":{"_mo_disable_npp":""},"product_brand":[],"product_cat":[3003],"product_tag":[3346,3347,3351,3400],"class_list":{"0":"post-38225","1":"product","2":"type-product","3":"status-publish","4":"has-post-thumbnail","6":"product_cat-marriage-proposal-packages-in-europe","7":"product_tag-pedida-de-mano-en-lisboa","8":"product_tag-pedida-de-mano-en-lisboa-2026","9":"product_tag-pedida-de-mano-en-lisboa-azotea","10":"product_tag-3400","12":"first","13":"instock","14":"taxable","15":"shipping-taxable","16":"product-type-simple"},"_links":{"self":[{"href":"https:\/\/perfectvenue.eu\/fr\/wp-json\/wp\/v2\/product\/38225","targetHints":{"allow":["GET"]}}],"collection":[{"href":"https:\/\/perfectvenue.eu\/fr\/wp-json\/wp\/v2\/product"}],"about":[{"href":"https:\/\/perfectvenue.eu\/fr\/wp-json\/wp\/v2\/types\/product"}],"replies":[{"embeddable":true,"href":"https:\/\/perfectvenue.eu\/fr\/wp-json\/wp\/v2\/comments?post=38225"}],"wp:featuredmedia":[{"embeddable":true,"href":"https:\/\/perfectvenue.eu\/fr\/wp-json\/wp\/v2\/media\/38228"}],"wp:attachment":[{"href":"https:\/\/perfectvenue.eu\/fr\/wp-json\/wp\/v2\/media?parent=38225"}],"wp:term":[{"taxonomy":"product_brand","embeddable":true,"href":"https:\/\/perfectvenue.eu\/fr\/wp-json\/wp\/v2\/product_brand?post=38225"},{"taxonomy":"product_cat","embeddable":true,"href":"https:\/\/perfectvenue.eu\/fr\/wp-json\/wp\/v2\/product_cat?post=38225"},{"taxonomy":"product_tag","embeddable":true,"href":"https:\/\/perfectvenue.eu\/fr\/wp-json\/wp\/v2\/product_tag?post=38225"}],"curies":[{"name":"wp","href":"https:\/\/api.w.org\/{rel}","templated":true}]}}