{"id":38231,"date":"2025-06-30T09:27:18","date_gmt":"2025-06-30T08:27:18","guid":{"rendered":"https:\/\/perfectvenue.eu\/?post_type=product&#038;p=38231"},"modified":"2025-09-09T16:16:59","modified_gmt":"2025-09-09T15:16:59","slug":"marriage-proposal-in-lisbon-decoration","status":"publish","type":"product","link":"https:\/\/perfectvenue.eu\/fr\/product\/demande-en-mariage-a-lisbonne-dans-une-chambre-dhotel-decoree-de-petales-et-de-lettres-marry-me\/","title":{"rendered":"Demande en mariage \u00e0 Lisbonne dans une chambre d&rsquo;h\u00f4tel d\u00e9cor\u00e9e de p\u00e9tales et de lettres MARRY ME"},"content":{"rendered":"<p><\/p>\n<p style=\"text-align: justify;\">Cette demande en mariage \u00e0 Lisbonne se d\u00e9roule dans la tranquillit\u00e9 d&rsquo;une chambre d&rsquo;h\u00f4tel sp\u00e9cialement pr\u00e9par\u00e9e pour vous. La d\u00e9coration, orn\u00e9e des mots \u00ab MARRY ME \u00bb et d&rsquo;un c\u0153ur en p\u00e9tales de rose, cr\u00e9e une atmosph\u00e8re romantique et chaleureuse, parfaite pour la grande demande. Tout est pr\u00e9par\u00e9 avec soin et discr\u00e9tion, soign\u00e9 dans les moindres d\u00e9tails, pour une atmosph\u00e8re magique d\u00e8s le premier instant. Surprenez votre partenaire avec l&rsquo;\u00e9l\u00e9gance d&rsquo;un h\u00f4tel, une d\u00e9coration romantique et une organisation impeccable, pour que vous puissiez simplement vivre et profiter de ce moment m\u00e9morable et accueillir avec enthousiasme le \u00ab\u00a0oui\u00a0\u00bb le plus attendu.<\/p>\n<p style=\"text-align: justify;\">Un photographe professionnel immortalisera l&rsquo;instant pr\u00e9cis de la demande en mariage, ainsi que les minutes qui suivent, pour des souvenirs inoubliables de ce moment privil\u00e9gi\u00e9. Avoir un photographe professionnel sp\u00e9cialis\u00e9 dans les fian\u00e7ailles est essentiel pour capturer les meilleurs moments des fian\u00e7ailles, afin que vous puissiez en profiter toute votre vie. La chambre devient ainsi un refuge intime pour vivre l&rsquo;un des jours les plus importants de votre vie \u00e0 deux.<\/p>\n<p style=\"text-align: justify;\">Cette demande en mariage \u00e0 Lisbonne est id\u00e9ale pour ceux qui appr\u00e9cient le confort d&rsquo;un cadre priv\u00e9 sans pour autant renoncer au romantisme et \u00e0 la beaut\u00e9 d&rsquo;une demande en mariage bien organis\u00e9e.<\/p>\n<h3 style=\"text-align: justify;\">Ce que comprend votre demande en mariage \u00e0 Lisbonne dans une chambre d&rsquo;h\u00f4tel<\/h3>\n<ul style=\"text-align: justify;\">\n<li aria-level=\"1\">D\u00e9coration avec inscription \u00ab\u00a0MARRY ME\u00a0\u00bb et p\u00e9tales de rose<\/li>\n<li aria-level=\"1\">Photographe professionnel<\/li>\n<li aria-level=\"1\">Organisation compl\u00e8te de la demande en mariage<\/li>\n<\/ul>\n<p style=\"text-align: justify;\"><b>Prix: \u200b\u200bsur demande<\/b><\/p>\n<h3 style=\"text-align: justify;\">Vous pouvez ajouter :<\/h3>\n<ul style=\"text-align: justify;\">\n<li style=\"font-weight: 400;\" aria-level=\"1\"><span style=\"color: inherit; font-family: inherit; font-size: inherit;\">Vid\u00e9o professionnelle<br \/>\n<\/span><\/li>\n<li style=\"font-weight: 400;\" aria-level=\"1\"><span style=\"color: inherit; font-family: inherit; font-size: inherit;\">Bouquet de fleurs suppl\u00e9mentaire<br \/>\n<\/span><\/li>\n<li style=\"font-weight: 400;\" aria-level=\"1\"><span style=\"color: inherit; font-family: inherit; font-size: inherit;\">Musique live (guitare ou violon)<br \/>\n<\/span><\/li>\n<li style=\"font-weight: 400;\" aria-level=\"1\"><span style=\"color: inherit; font-family: inherit; font-size: inherit;\">Transport priv\u00e9<\/span><\/li>\n<\/ul>\n<p style=\"text-align: justify;\">Configurez-le comme vous le souhaitez !<\/p>\n<h3 style=\"text-align: justify;\">Facilit\u00e9 de paiement<\/h3>\n<p style=\"text-align: justify;\">Avec ces fian\u00e7ailles \u00e0 Lisbonne, tout est pr\u00eat pour vous faire vivre un moment magique, intime et inoubliable. Nous concevons chaque d\u00e9tail selon vos envies pour que tout se d\u00e9roule parfaitement.<\/p>\n<p style=\"text-align: justify;\">Faites de vos fian\u00e7ailles \u00e0 Lisbonne dans une chambre d&rsquo;h\u00f4tel un souvenir inoubliable.<\/p>\n<p style=\"text-align: justify;\">Remarque importante\u00a0: les frais ne sont pas remboursables en cas d&rsquo;annulation de l&rsquo;\u00e9v\u00e9nement, quelle qu&rsquo;en soit la raison.<\/p>\n<p><\/p>","protected":false},"excerpt":{"rendered":"<p style=\"text-align: justify;\">Si vous recherchez une demande en mariage intime, romantique et attentionn\u00e9e, cette c\u00e9r\u00e9monie de fian\u00e7ailles \u00e0 Lisbonne dans une chambre d&rsquo;h\u00f4tel est l&rsquo;option id\u00e9ale. Id\u00e9ale pour ceux qui recherchent un cadre priv\u00e9 et \u00e9l\u00e9gant. <strong>Prix \u200b\u200bsur demande. R\u00e9servez avec un acompte et r\u00e9glez le solde le jour de l&rsquo;\u00e9v\u00e9nement.<\/strong><\/p>\n","protected":false},"featured_media":38235,"comment_status":"open","ping_status":"closed","template":"","meta":{"_mo_disable_npp":""},"product_brand":[],"product_cat":[3003],"product_tag":[3346,3347,3350,3400],"class_list":{"0":"post-38231","1":"product","2":"type-product","3":"status-publish","4":"has-post-thumbnail","6":"product_cat-marriage-proposal-packages-in-europe","7":"product_tag-pedida-de-mano-en-lisboa","8":"product_tag-pedida-de-mano-en-lisboa-2026","9":"product_tag-pedida-de-mano-en-lisboa-habitacion-de-hotel-decorada","10":"product_tag-3400","12":"first","13":"instock","14":"taxable","15":"shipping-taxable","16":"product-type-simple"},"_links":{"self":[{"href":"https:\/\/perfectvenue.eu\/fr\/wp-json\/wp\/v2\/product\/38231","targetHints":{"allow":["GET"]}}],"collection":[{"href":"https:\/\/perfectvenue.eu\/fr\/wp-json\/wp\/v2\/product"}],"about":[{"href":"https:\/\/perfectvenue.eu\/fr\/wp-json\/wp\/v2\/types\/product"}],"replies":[{"embeddable":true,"href":"https:\/\/perfectvenue.eu\/fr\/wp-json\/wp\/v2\/comments?post=38231"}],"wp:featuredmedia":[{"embeddable":true,"href":"https:\/\/perfectvenue.eu\/fr\/wp-json\/wp\/v2\/media\/38235"}],"wp:attachment":[{"href":"https:\/\/perfectvenue.eu\/fr\/wp-json\/wp\/v2\/media?parent=38231"}],"wp:term":[{"taxonomy":"product_brand","embeddable":true,"href":"https:\/\/perfectvenue.eu\/fr\/wp-json\/wp\/v2\/product_brand?post=38231"},{"taxonomy":"product_cat","embeddable":true,"href":"https:\/\/perfectvenue.eu\/fr\/wp-json\/wp\/v2\/product_cat?post=38231"},{"taxonomy":"product_tag","embeddable":true,"href":"https:\/\/perfectvenue.eu\/fr\/wp-json\/wp\/v2\/product_tag?post=38231"}],"curies":[{"name":"wp","href":"https:\/\/api.w.org\/{rel}","templated":true}]}}