{"id":38927,"date":"2026-02-20T10:14:40","date_gmt":"2026-02-20T09:14:40","guid":{"rendered":"https:\/\/perfectvenue.eu\/?post_type=product&#038;p=38927"},"modified":"2026-02-20T10:23:04","modified_gmt":"2026-02-20T09:23:04","slug":"marriage-proposal-dubai-yacht","status":"publish","type":"product","link":"https:\/\/perfectvenue.eu\/fr\/product\/demande-en-mariage-a-dubai-sur-un-yacht-un-reve-luxueux\/","title":{"rendered":"Demande en mariage \u00e0 Duba\u00ef sur un yacht : un r\u00eave luxueux !"},"content":{"rendered":"<p><\/p>\n<p style=\"text-align: justify;\">Duba\u00ef vous attire, mais vous ne savez pas comment faire votre demande\u00a0? Quoi de mieux qu&rsquo;une demande en mariage \u00e0 Duba\u00ef sur un yacht\u00a0? C&rsquo;est une alternative qui allie glamour et luxe \u00e0 parts \u00e9gales. De plus, vous pouvez r\u00e9server \u00e0 des horaires fixes, voire toute la journ\u00e9e\u00a0!<\/p>\n<p style=\"text-align: justify;\">C&rsquo;est une exp\u00e9rience unique, o\u00f9 intimit\u00e9, romantisme et \u00e9l\u00e9gance se marient en parfaite harmonie pour cr\u00e9er une atmosph\u00e8re intime et sophistiqu\u00e9e. Des lumi\u00e8res \u00e9clatantes de la ville aux eaux cristallines du golfe Persique. Que demander de plus\u00a0?<\/p>\n<p style=\"text-align: justify;\">Vous pouvez \u00e9galement compter sur un photographe professionnel, un bouquet de fleurs, du champagne, des bougies, des photos, ou tout ce qui vous passe par la t\u00eate\u00a0! C&rsquo;est un moment unique \u00e0 immortaliser de la meilleure des mani\u00e8res. De plus, en faisant votre demande en mariage \u00e0 Duba\u00ef sur un yacht, vous pourrez profiter du temps libre pour admirer la skyline de la ville, ses gratte-ciel embl\u00e9matiques et l&rsquo;impressionnante silhouette du Burj Khalifa illumin\u00e9e la nuit.<\/p>\n<p style=\"text-align: justify;\">Le simple fait d&rsquo;\u00eatre accompagn\u00e9 par la musique, la brise marine, le doux balancement du yacht et la vue panoramique sur la ville rend chaque instant pr\u00e9cieux. C&rsquo;est pourquoi ce cadre exclusif sera le point de d\u00e9part id\u00e9al pour votre histoire d&rsquo;amour.<\/p>\n<p style=\"text-align: justify;\">N&rsquo;h\u00e9sitez plus et faites votre demande en mariage \u00e0 Duba\u00ef sur un yacht\u00a0!<\/p>\n<h3 style=\"text-align: justify;\">Ce que comprend votre demande en mariage \u00e0 Duba\u00ef sur un yacht :<\/h3>\n<ul style=\"text-align: justify;\">\n<li style=\"font-weight: 400;\" aria-level=\"1\">Photographe<\/li>\n<li style=\"font-weight: 400;\" aria-level=\"1\">Location de yacht<\/li>\n<li style=\"font-weight: 400;\" aria-level=\"1\">D\u00e9coration de base<\/li>\n<li style=\"font-weight: 400;\" aria-level=\"1\">Organisation de la demande en mariage<\/li>\n<\/ul>\n<p style=\"text-align: justify;\"><strong>Prix : sur demande<\/strong><\/p>\n<h3 style=\"text-align: justify;\">Vous pouvez ajouter :<\/h3>\n<ul style=\"text-align: justify;\">\n<li style=\"font-weight: 400;\" aria-level=\"1\">Vid\u00e9o<\/li>\n<li style=\"font-weight: 400;\" aria-level=\"1\">Bouquet de fleurs<\/li>\n<li style=\"font-weight: 400;\" aria-level=\"1\">D\u00eener pour deux<\/li>\n<li style=\"font-weight: 400;\" aria-level=\"1\">Musique live (guitare ou violon)<\/li>\n<li style=\"font-weight: 400;\" aria-level=\"1\">Transport<\/li>\n<li style=\"font-weight: 400;\" aria-level=\"1\">D\u00e9coration sur mesure<\/li>\n<li style=\"font-weight: 400;\" aria-level=\"1\">Configurez-le comme vous le souhaitez\u00a0!<\/li>\n<\/ul>\n<h3 style=\"text-align: justify;\">Facilit\u00e9 de paiement<\/h3>\n<p style=\"text-align: justify;\">Vous n&rsquo;avez pas besoin de payer la totalit\u00e9 du montant de votre demande en mariage sur un yacht \u00e0 Duba\u00ef. Il vous suffit de verser un acompte et de r\u00e9gler le solde le jour de l&rsquo;\u00e9v\u00e9nement.<\/p>\n<p style=\"text-align: justify;\">Pas d&rsquo;inqui\u00e9tude, vivez votre nouvelle vie avec style\u00a0!<\/p>\n<p style=\"text-align: justify;\">*Les frais ne sont pas remboursables en cas d&rsquo;annulation de l&rsquo;\u00e9v\u00e9nement, quelle qu&rsquo;en soit la raison.<\/p>\n<p><\/p>","protected":false},"excerpt":{"rendered":"<p style=\"text-align: justify;\">Ce forfait demande en mariage \u00e0 Duba\u00ef sur un yacht offre un cadre romantique et luxueux, cr\u00e9ant une exp\u00e9rience unique pour d\u00e9clarer votre amour. <strong>Tarifs sur demande. R\u00e9servation obligatoire.<\/strong><\/p>\n","protected":false},"featured_media":41178,"comment_status":"open","ping_status":"closed","template":"","meta":{"_mo_disable_npp":""},"product_brand":[],"product_cat":[3003],"product_tag":[],"class_list":{"0":"post-38927","1":"product","2":"type-product","3":"status-publish","4":"has-post-thumbnail","6":"product_cat-marriage-proposal-packages-in-europe","8":"first","9":"instock","10":"taxable","11":"shipping-taxable","12":"product-type-simple"},"_links":{"self":[{"href":"https:\/\/perfectvenue.eu\/fr\/wp-json\/wp\/v2\/product\/38927","targetHints":{"allow":["GET"]}}],"collection":[{"href":"https:\/\/perfectvenue.eu\/fr\/wp-json\/wp\/v2\/product"}],"about":[{"href":"https:\/\/perfectvenue.eu\/fr\/wp-json\/wp\/v2\/types\/product"}],"replies":[{"embeddable":true,"href":"https:\/\/perfectvenue.eu\/fr\/wp-json\/wp\/v2\/comments?post=38927"}],"wp:featuredmedia":[{"embeddable":true,"href":"https:\/\/perfectvenue.eu\/fr\/wp-json\/wp\/v2\/media\/41178"}],"wp:attachment":[{"href":"https:\/\/perfectvenue.eu\/fr\/wp-json\/wp\/v2\/media?parent=38927"}],"wp:term":[{"taxonomy":"product_brand","embeddable":true,"href":"https:\/\/perfectvenue.eu\/fr\/wp-json\/wp\/v2\/product_brand?post=38927"},{"taxonomy":"product_cat","embeddable":true,"href":"https:\/\/perfectvenue.eu\/fr\/wp-json\/wp\/v2\/product_cat?post=38927"},{"taxonomy":"product_tag","embeddable":true,"href":"https:\/\/perfectvenue.eu\/fr\/wp-json\/wp\/v2\/product_tag?post=38927"}],"curies":[{"name":"wp","href":"https:\/\/api.w.org\/{rel}","templated":true}]}}